{"id":953,"date":"2021-11-26T16:38:35","date_gmt":"2021-11-26T19:38:35","guid":{"rendered":"https:\/\/sites.usp.br\/scx\/?page_id=953"},"modified":"2024-06-25T19:49:19","modified_gmt":"2024-06-25T22:49:19","slug":"docentes-credenciados","status":"publish","type":"page","link":"https:\/\/sites.usp.br\/scx\/en\/docentes-credenciados\/","title":{"rendered":"Faculty of Complex Systems"},"content":{"rendered":"<p><strong>Name<\/strong>: Alexandre Ferreira Ramos<\/p>\n<p><strong>E-mail<\/strong>: alex.ramos@usp.br<\/p>\n<p>&nbsp;<\/p>\n<p><strong>Lattes<\/strong>: <a href=\"http:\/\/lattes.cnpq.br\/1216871665198656\">http:\/\/lattes.cnpq.br\/1216871665198656<\/a><\/p>\n<p>&nbsp;<\/p>\n<hr \/>\n<p><a href=\"http:\/\/sites.usp.br\/scx\/wp-content\/uploads\/sites\/262\/2017\/06\/AnaAmelia.jpg\"><img loading=\"lazy\" decoding=\"async\" class=\"alignleft size-thumbnail wp-image-544\" src=\"http:\/\/sites.usp.br\/scx\/wp-content\/uploads\/sites\/262\/2017\/06\/AnaAmelia-150x150.jpg\" alt=\"\" width=\"150\" height=\"150\" srcset=\"https:\/\/sites.usp.br\/scx\/wp-content\/uploads\/sites\/262\/2017\/06\/AnaAmelia-150x150.jpg 150w, https:\/\/sites.usp.br\/scx\/wp-content\/uploads\/sites\/262\/2017\/06\/AnaAmelia-45x45.jpg 45w\" sizes=\"auto, (max-width: 150px) 100vw, 150px\" \/><\/a><\/p>\n<p><strong>Name:<\/strong> Ana Am\u00e9lia Benedito Silva<\/p>\n<p><strong>E-mail<\/strong>: aamelia@usp.br<\/p>\n<p>&nbsp;<\/p>\n<p><strong>Lattes<\/strong>: <a href=\"http:\/\/lattes.cnpq.br\/0827495526048435\">http:\/\/lattes.cnpq.br\/0827495526048435<\/a><\/p>\n<p>&nbsp;<\/p>\n<hr \/>\n<p>&nbsp;<\/p>\n<p><strong><a href=\"http:\/\/sites.usp.br\/scx\/wp-content\/uploads\/sites\/262\/2019\/02\/camilo.jpg\"><img loading=\"lazy\" decoding=\"async\" class=\"alignleft wp-image-789 size-thumbnail\" src=\"http:\/\/sites.usp.br\/scx\/wp-content\/uploads\/sites\/262\/2019\/02\/camilo-150x150.jpg\" alt=\"\" width=\"150\" height=\"150\" srcset=\"https:\/\/sites.usp.br\/scx\/wp-content\/uploads\/sites\/262\/2019\/02\/camilo-150x150.jpg 150w, https:\/\/sites.usp.br\/scx\/wp-content\/uploads\/sites\/262\/2019\/02\/camilo-45x45.jpg 45w, https:\/\/sites.usp.br\/scx\/wp-content\/uploads\/sites\/262\/2019\/02\/camilo-200x200.jpg 200w, https:\/\/sites.usp.br\/scx\/wp-content\/uploads\/sites\/262\/2019\/02\/camilo.jpg 240w\" sizes=\"auto, (max-width: 150px) 100vw, 150px\" \/><\/a><\/strong><\/p>\n<p><strong>Name<\/strong>: Camilo Rodrigues Neto<\/p>\n<p><strong>E-mail<\/strong>: camiloneto@usp.br<\/p>\n<p>&nbsp;<\/p>\n<p><strong>Lattes<\/strong>: <a href=\"http:\/\/lattes.cnpq.br\/8618151183586924\">http:\/\/lattes.cnpq.br\/8618151183586924<\/a><\/p>\n<p><strong>ORCID<\/strong>: <a href=\"http:\/\/orcid.org\/0000-0001-6783-6695\">http:\/\/orcid.org\/0000-0001-6783-6695<\/a><\/p>\n<p><b>ResearcherID<\/b>: <a href=\"http:\/\/www.researcherid.com\/rid\/C-9126-2011\">http:\/\/www.researcherid.com\/rid\/C-9126-2011<\/a><\/p>\n<p>&nbsp;<\/p>\n<hr \/>\n<p>&nbsp;<\/p>\n<p><a href=\"\/\/sites.usp.br\/scx\/wp-content\/uploads\/sites\/262\/2017\/06\/Carla-foto_.jpg\"><img loading=\"lazy\" decoding=\"async\" class=\"size-thumbnail wp-image-434 alignleft\" src=\"\/\/sites.usp.br\/scx\/wp-content\/uploads\/sites\/262\/2017\/06\/Carla-foto_-150x150.jpg\" alt=\"\" width=\"150\" height=\"150\" srcset=\"https:\/\/sites.usp.br\/scx\/wp-content\/uploads\/sites\/262\/2017\/06\/Carla-foto_-150x150.jpg 150w, https:\/\/sites.usp.br\/scx\/wp-content\/uploads\/sites\/262\/2017\/06\/Carla-foto_-45x45.jpg 45w, https:\/\/sites.usp.br\/scx\/wp-content\/uploads\/sites\/262\/2017\/06\/Carla-foto_-200x200.jpg 200w\" sizes=\"auto, (max-width: 150px) 100vw, 150px\" \/><\/a><\/p>\n<p><strong>Name<\/strong>: Carla Morsello<\/p>\n<p><strong>E-mail<\/strong>: morsello@usp.br<\/p>\n<p>&nbsp;<\/p>\n<p><strong>Lattes<\/strong>: <a href=\"http:\/\/lattes.cnpq.br\/4710295079878737\">http:\/\/lattes.cnpq.br\/4710295079878737<\/a><\/p>\n<p>&nbsp;<\/p>\n<hr \/>\n<p>&nbsp;<\/p>\n<p><a href=\"\/\/sites.usp.br\/scx\/wp-content\/uploads\/sites\/262\/2017\/06\/person-1.png\"><img loading=\"lazy\" decoding=\"async\" class=\"size-full wp-image-414 alignleft\" src=\"\/\/sites.usp.br\/scx\/wp-content\/uploads\/sites\/262\/2017\/06\/person-1.png\" alt=\"\" width=\"150\" height=\"150\" srcset=\"https:\/\/sites.usp.br\/scx\/wp-content\/uploads\/sites\/262\/2017\/06\/person-1.png 150w, https:\/\/sites.usp.br\/scx\/wp-content\/uploads\/sites\/262\/2017\/06\/person-1-45x45.png 45w\" sizes=\"auto, (max-width: 150px) 100vw, 150px\" \/><\/a><\/p>\n<p><strong>Name<\/strong>: Carlos Molina Mendes<\/p>\n<p><strong>E-mail<\/strong>: cmolina@usp.br<\/p>\n<p>&nbsp;<\/p>\n<p><strong>Lattes<\/strong>: <a href=\"http:\/\/lattes.cnpq.br\/6318242014807642\">http:\/\/lattes.cnpq.br\/6318242014807642<\/a><\/p>\n<p>&nbsp;<\/p>\n<p>&nbsp;<\/p>\n<hr \/>\n<p>&nbsp;<\/p>\n<p><a href=\"\/\/sites.usp.br\/scx\/wp-content\/uploads\/sites\/262\/2017\/06\/person-1.png\"><img loading=\"lazy\" decoding=\"async\" class=\"size-full wp-image-414 alignleft\" src=\"\/\/sites.usp.br\/scx\/wp-content\/uploads\/sites\/262\/2017\/06\/person-1.png\" alt=\"\" width=\"150\" height=\"150\" srcset=\"https:\/\/sites.usp.br\/scx\/wp-content\/uploads\/sites\/262\/2017\/06\/person-1.png 150w, https:\/\/sites.usp.br\/scx\/wp-content\/uploads\/sites\/262\/2017\/06\/person-1-45x45.png 45w\" sizes=\"auto, (max-width: 150px) 100vw, 150px\" \/><\/a><\/p>\n<p><strong>Name<\/strong>: Cristina Adams<\/p>\n<p><strong>E-mail<\/strong>: cadams@usp.br<\/p>\n<p>&nbsp;<\/p>\n<p><strong>Lattes<\/strong>: <a href=\"http:\/\/lattes.cnpq.br\/7325616838190292\">http:\/\/lattes.cnpq.br\/7325616838190292<\/a><\/p>\n<p><strong>Site<\/strong>: <a href=\"https:\/\/www.researchgate.net\/profile\/Cristina_Adams\">https:\/\/www.researchgate.net\/profile\/Cristina_Adams<\/a><\/p>\n<p>&nbsp;<\/p>\n<hr \/>\n<p>&nbsp;<\/p>\n<p><a href=\"\/\/sites.usp.br\/scx\/wp-content\/uploads\/sites\/262\/2017\/06\/EstebanFernandez.png\"><img loading=\"lazy\" decoding=\"async\" class=\"size-thumbnail wp-image-439 alignleft\" src=\"\/\/sites.usp.br\/scx\/wp-content\/uploads\/sites\/262\/2017\/06\/EstebanFernandez-150x150.png\" alt=\"\" width=\"150\" height=\"150\" srcset=\"https:\/\/sites.usp.br\/scx\/wp-content\/uploads\/sites\/262\/2017\/06\/EstebanFernandez-150x150.png 150w, https:\/\/sites.usp.br\/scx\/wp-content\/uploads\/sites\/262\/2017\/06\/EstebanFernandez-45x45.png 45w, https:\/\/sites.usp.br\/scx\/wp-content\/uploads\/sites\/262\/2017\/06\/EstebanFernandez-200x200.png 200w\" sizes=\"auto, (max-width: 150px) 100vw, 150px\" \/><\/a><\/p>\n<p><strong>Name<\/strong>: Esteban Fernandez Tuesta<\/p>\n<p><strong>E-mail<\/strong>: tuesta@usp.br<\/p>\n<p>&nbsp;<\/p>\n<p><strong>Lattes<\/strong>: <a href=\"http:\/\/lattes.cnpq.br\/1068554491963326\">http:\/\/lattes.cnpq.br\/1068554491963326<\/a><\/p>\n<p>&nbsp;<\/p>\n<p>&nbsp;<\/p>\n<hr \/>\n<p>&nbsp;<\/p>\n<p><a href=\"\/\/sites.usp.br\/scx\/wp-content\/uploads\/sites\/262\/2017\/06\/IMG-20170808-WA0006.jpg\"><img loading=\"lazy\" decoding=\"async\" class=\"size-thumbnail wp-image-429 alignleft\" src=\"\/\/sites.usp.br\/scx\/wp-content\/uploads\/sites\/262\/2017\/06\/IMG-20170808-WA0006-150x150.jpg\" alt=\"\" width=\"150\" height=\"150\" srcset=\"https:\/\/sites.usp.br\/scx\/wp-content\/uploads\/sites\/262\/2017\/06\/IMG-20170808-WA0006-150x150.jpg 150w, https:\/\/sites.usp.br\/scx\/wp-content\/uploads\/sites\/262\/2017\/06\/IMG-20170808-WA0006-45x45.jpg 45w, https:\/\/sites.usp.br\/scx\/wp-content\/uploads\/sites\/262\/2017\/06\/IMG-20170808-WA0006-200x200.jpg 200w\" sizes=\"auto, (max-width: 150px) 100vw, 150px\" \/><\/a><\/p>\n<p><strong>Name<\/strong>: Fernando Fagundes Ferreira<\/p>\n<p><strong>E-mail<\/strong>: ferfff@usp.br<\/p>\n<p>&nbsp;<\/p>\n<p><strong>Lattes<\/strong>: <a href=\"http:\/\/buscatextual.cnpq.br\/buscatextual\/visualizacv.do?id=K4791979D2\">http:\/\/buscatextual.cnpq.br\/buscatextual\/visualizacv.do?id=K4791979D2<\/a><\/p>\n<p>&nbsp;<\/p>\n<hr \/>\n<p>&nbsp;<\/p>\n<p><a href=\"\/\/sites.usp.br\/scx\/wp-content\/uploads\/sites\/262\/2017\/06\/Foto_2017.jpg\"><img loading=\"lazy\" decoding=\"async\" class=\"alignleft wp-image-407 size-thumbnail\" src=\"\/\/sites.usp.br\/scx\/wp-content\/uploads\/sites\/262\/2017\/06\/Foto_2017-150x150.jpg\" alt=\"\" width=\"150\" height=\"150\" srcset=\"https:\/\/sites.usp.br\/scx\/wp-content\/uploads\/sites\/262\/2017\/06\/Foto_2017-150x150.jpg 150w, https:\/\/sites.usp.br\/scx\/wp-content\/uploads\/sites\/262\/2017\/06\/Foto_2017-45x45.jpg 45w, https:\/\/sites.usp.br\/scx\/wp-content\/uploads\/sites\/262\/2017\/06\/Foto_2017-200x200.jpg 200w\" sizes=\"auto, (max-width: 150px) 100vw, 150px\" \/><\/a><\/p>\n<p><strong>Name<\/strong>: Fl\u00e1via Mori Sarti<\/p>\n<p><strong>E-mail<\/strong>: flamori@usp.br<\/p>\n<p>&nbsp;<\/p>\n<p><strong>Lattes<\/strong>: <a href=\"http:\/\/lattes.cnpq.br\/4889413058276292\">http:\/\/lattes.cnpq.br\/4889413058276292<\/a><\/p>\n<p><strong>Site<\/strong>: <a href=\"http:\/\/each.uspnet.usp.br\/flamori\/\">http:\/\/each.uspnet.usp.br\/flamori\/<\/a><\/p>\n<p>&nbsp;<\/p>\n<p>&nbsp;<\/p>\n<p>&nbsp;<\/p>\n<hr \/>\n<p>&nbsp;<\/p>\n<p><a href=\"\/\/sites.usp.br\/scx\/wp-content\/uploads\/sites\/262\/2017\/06\/person-1.png\"><img loading=\"lazy\" decoding=\"async\" class=\"size-full wp-image-414 alignleft\" src=\"\/\/sites.usp.br\/scx\/wp-content\/uploads\/sites\/262\/2017\/06\/person-1.png\" alt=\"\" width=\"150\" height=\"150\" srcset=\"https:\/\/sites.usp.br\/scx\/wp-content\/uploads\/sites\/262\/2017\/06\/person-1.png 150w, https:\/\/sites.usp.br\/scx\/wp-content\/uploads\/sites\/262\/2017\/06\/person-1-45x45.png 45w\" sizes=\"auto, (max-width: 150px) 100vw, 150px\" \/><\/a><\/p>\n<p><strong>Name<\/strong>: Jos\u00e9 de Jes\u00fas P\u00e9rez-Alc\u00e1zar<\/p>\n<p><strong>E-mail<\/strong>: jperez@usp.br<\/p>\n<p>&nbsp;<\/p>\n<p><strong>Lattes<\/strong>: <a href=\"http:\/\/lattes.cnpq.br\/2201580020088062\">http:\/\/lattes.cnpq.br\/2201580020088062<\/a><\/p>\n<p>&nbsp;<\/p>\n<p>&nbsp;<\/p>\n<hr \/>\n<p>&nbsp;<\/p>\n<p><a href=\"http:\/\/sites.usp.br\/scx\/wp-content\/uploads\/sites\/262\/2017\/06\/JRGMendonca_05_2018.jpeg\"><img loading=\"lazy\" decoding=\"async\" class=\"alignleft wp-image-761 size-thumbnail\" src=\"http:\/\/sites.usp.br\/scx\/wp-content\/uploads\/sites\/262\/2017\/06\/JRGMendonca_05_2018-150x150.jpeg\" alt=\"J. R. G. Mendon\u00e7a\" width=\"150\" height=\"150\" \/><\/a><\/p>\n<p><strong>Name<\/strong>: Jos\u00e9 Ricardo G. Mendon\u00e7a<\/p>\n<p><strong>E-mail<\/strong>: jricardo@usp.br<\/p>\n<p>&nbsp;<\/p>\n<p><strong>Lattes<\/strong>: <a href=\"http:\/\/lattes.cnpq.br\/8792749813872106\">http:\/\/lattes.cnpq.br\/8792749813872106<\/a><\/p>\n<p>&nbsp;<\/p>\n<div class=\"gmail_default\"><\/div>\n<p>&nbsp;<\/p>\n<hr \/>\n<p><a href=\"http:\/\/sites.usp.br\/scx\/wp-content\/uploads\/sites\/262\/2017\/06\/foto_mario_pedr.jpg\"><img loading=\"lazy\" decoding=\"async\" class=\"alignleft size-thumbnail wp-image-769\" src=\"http:\/\/sites.usp.br\/scx\/wp-content\/uploads\/sites\/262\/2017\/06\/foto_mario_pedr-150x150.jpg\" alt=\"\" width=\"150\" height=\"150\" srcset=\"https:\/\/sites.usp.br\/scx\/wp-content\/uploads\/sites\/262\/2017\/06\/foto_mario_pedr-150x150.jpg 150w, https:\/\/sites.usp.br\/scx\/wp-content\/uploads\/sites\/262\/2017\/06\/foto_mario_pedr-45x45.jpg 45w, https:\/\/sites.usp.br\/scx\/wp-content\/uploads\/sites\/262\/2017\/06\/foto_mario_pedr-200x200.jpg 200w\" sizes=\"auto, (max-width: 150px) 100vw, 150px\" \/><\/a><\/p>\n<p><strong>Name<\/strong>: Mario Pedrazzoli<\/p>\n<p><strong>E-mail<\/strong>: <a href=\"mailto:pedrazzo@usp.br\">pedrazzo@usp.br<\/a><\/p>\n<p>&nbsp;<\/p>\n<p><strong>Scholar Google:<\/strong> <a href=\"https:\/\/bit.ly\/2zhNzrG\">https:\/\/bit.ly\/2zhNzrG<\/a><\/p>\n<p><strong>Lattes:<\/strong> <a href=\"http:\/\/lattes.cnpq.br\/1423676413208650\">http:\/\/lattes.cnpq.br\/1423676413208650<\/a><\/p>\n<p>&nbsp;<\/p>\n<hr \/>\n<p>&nbsp;<\/p>\n<p><a href=\"\/\/sites.usp.br\/scx\/wp-content\/uploads\/sites\/262\/2017\/06\/fotoMarcelo_v3.jpg\"><img loading=\"lazy\" decoding=\"async\" class=\"size-thumbnail wp-image-424 alignleft\" src=\"\/\/sites.usp.br\/scx\/wp-content\/uploads\/sites\/262\/2017\/06\/fotoMarcelo_v3-150x150.jpg\" alt=\"\" width=\"150\" height=\"150\" srcset=\"https:\/\/sites.usp.br\/scx\/wp-content\/uploads\/sites\/262\/2017\/06\/fotoMarcelo_v3-150x150.jpg 150w, https:\/\/sites.usp.br\/scx\/wp-content\/uploads\/sites\/262\/2017\/06\/fotoMarcelo_v3-45x45.jpg 45w, https:\/\/sites.usp.br\/scx\/wp-content\/uploads\/sites\/262\/2017\/06\/fotoMarcelo_v3-200x200.jpg 200w\" sizes=\"auto, (max-width: 150px) 100vw, 150px\" \/><\/a><\/p>\n<p><strong>Name<\/strong>: Marcelo de Souza Lauretto<\/p>\n<p><strong>E-mail<\/strong>: marcelolauretto@usp.br<\/p>\n<p><strong>Lattes<\/strong>: <a href=\"http:\/\/lattes.cnpq.br\/2488734578237992\">http:\/\/lattes.cnpq.br\/2488734578237992<\/a><\/p>\n<p>&nbsp;<\/p>\n<p>&nbsp;<\/p>\n<hr \/>\n<p><strong><a href=\"http:\/\/sites.usp.br\/scx\/wp-content\/uploads\/sites\/262\/2017\/06\/scx_photo.png\"><img loading=\"lazy\" decoding=\"async\" class=\"alignleft size-thumbnail wp-image-551\" src=\"http:\/\/sites.usp.br\/scx\/wp-content\/uploads\/sites\/262\/2017\/06\/scx_photo-150x150.png\" alt=\"\" width=\"150\" height=\"150\" srcset=\"https:\/\/sites.usp.br\/scx\/wp-content\/uploads\/sites\/262\/2017\/06\/scx_photo-150x150.png 150w, https:\/\/sites.usp.br\/scx\/wp-content\/uploads\/sites\/262\/2017\/06\/scx_photo-45x45.png 45w, https:\/\/sites.usp.br\/scx\/wp-content\/uploads\/sites\/262\/2017\/06\/scx_photo-200x200.png 200w\" sizes=\"auto, (max-width: 150px) 100vw, 150px\" \/><\/a>Name<\/strong>: Masayuki Oka Hase<\/p>\n<p><strong>E-mail<\/strong>: mhase@usp.br<\/p>\n<p><strong>Lattes<\/strong>:\u00a0<a href=\"http:\/\/lattes.cnpq.br\/9979732565759430\">http:\/\/lattes.cnpq.br\/9979732565759430<\/a><\/p>\n<p>&nbsp;<\/p>\n<p>&nbsp;<\/p>\n<hr \/>\n<p>&nbsp;<\/p>\n<p><a href=\"\/\/sites.usp.br\/scx\/wp-content\/uploads\/sites\/262\/2017\/06\/Paulo_Sinisgalli.jpg\"><img loading=\"lazy\" decoding=\"async\" class=\"size-thumbnail wp-image-421 alignleft\" src=\"\/\/sites.usp.br\/scx\/wp-content\/uploads\/sites\/262\/2017\/06\/Paulo_Sinisgalli-150x150.jpg\" alt=\"\" width=\"150\" height=\"150\" srcset=\"https:\/\/sites.usp.br\/scx\/wp-content\/uploads\/sites\/262\/2017\/06\/Paulo_Sinisgalli-150x150.jpg 150w, https:\/\/sites.usp.br\/scx\/wp-content\/uploads\/sites\/262\/2017\/06\/Paulo_Sinisgalli-45x45.jpg 45w, https:\/\/sites.usp.br\/scx\/wp-content\/uploads\/sites\/262\/2017\/06\/Paulo_Sinisgalli-200x200.jpg 200w\" sizes=\"auto, (max-width: 150px) 100vw, 150px\" \/><\/a><\/p>\n<p><strong>Name<\/strong>: Paulo Antonio de Almeida Sinisgalli<\/p>\n<p><strong>E-mail<\/strong>: psinisgalli@usp.br<\/p>\n<p>&nbsp;<\/p>\n<p><strong>Lattes<\/strong>: <a href=\"http:\/\/lattes.cnpq.br\/1758254967187398\">http:\/\/lattes.cnpq.br\/1758254967187398<\/a><\/p>\n<p>&nbsp;<\/p>\n<hr \/>\n<p>&nbsp;<\/p>\n<p><strong><a href=\"http:\/\/sites.usp.br\/scx\/wp-content\/uploads\/sites\/262\/2017\/06\/Silvio_Miyazaki.jpg\"><img loading=\"lazy\" decoding=\"async\" class=\"alignleft size-thumbnail wp-image-541\" src=\"http:\/\/sites.usp.br\/scx\/wp-content\/uploads\/sites\/262\/2017\/06\/Silvio_Miyazaki-150x150.jpg\" alt=\"\" width=\"150\" height=\"150\" srcset=\"https:\/\/sites.usp.br\/scx\/wp-content\/uploads\/sites\/262\/2017\/06\/Silvio_Miyazaki-150x150.jpg 150w, https:\/\/sites.usp.br\/scx\/wp-content\/uploads\/sites\/262\/2017\/06\/Silvio_Miyazaki-300x300.jpg 300w, https:\/\/sites.usp.br\/scx\/wp-content\/uploads\/sites\/262\/2017\/06\/Silvio_Miyazaki-45x45.jpg 45w, https:\/\/sites.usp.br\/scx\/wp-content\/uploads\/sites\/262\/2017\/06\/Silvio_Miyazaki-200x200.jpg 200w, https:\/\/sites.usp.br\/scx\/wp-content\/uploads\/sites\/262\/2017\/06\/Silvio_Miyazaki-400x401.jpg 400w, https:\/\/sites.usp.br\/scx\/wp-content\/uploads\/sites\/262\/2017\/06\/Silvio_Miyazaki.jpg 517w\" sizes=\"auto, (max-width: 150px) 100vw, 150px\" \/><\/a>Name<\/strong>: Silvio Yoshiro Mizuguchi Miyazaki<\/p>\n<p><strong>E-mail<\/strong>: symiyazaki@usp.br<\/p>\n<p>&nbsp;<\/p>\n<p><strong>Lattes<\/strong>: <a href=\"http:\/\/lattes.cnpq.br\/0980158087171155\">http:\/\/lattes.cnpq.br\/0980158087171155<\/a><\/p>\n<p><strong>ORCID:<\/strong> <a href=\"https:\/\/orcid.org\/0000-0001-5098-9433\">https:\/\/orcid.org\/0000-0001-5098-9433<\/a><\/p>\n<p><strong>Site<\/strong>:\u00a0<a href=\"http:\/\/sites.usp.br\/symm\">http:\/\/sites.usp.br\/symm<\/a><\/p>\n<p>&nbsp;<\/p>","protected":false},"excerpt":{"rendered":"<p>Name: Alexandre Ferreira Ramos E-mail: alex.ramos@usp.br &nbsp; Lattes: http:\/\/lattes.cnpq.br\/1216871665198656 &nbsp; Name: Ana Am\u00e9lia Benedito Silva [&hellip;]<\/p>\n","protected":false},"author":459,"featured_media":0,"parent":0,"menu_order":0,"comment_status":"closed","ping_status":"closed","template":"","meta":{"footnotes":"","_links_to":"","_links_to_target":""},"class_list":["post-953","page","type-page","status-publish","hentry"],"_links":{"self":[{"href":"https:\/\/sites.usp.br\/scx\/en\/wp-json\/wp\/v2\/pages\/953","targetHints":{"allow":["GET"]}}],"collection":[{"href":"https:\/\/sites.usp.br\/scx\/en\/wp-json\/wp\/v2\/pages"}],"about":[{"href":"https:\/\/sites.usp.br\/scx\/en\/wp-json\/wp\/v2\/types\/page"}],"author":[{"embeddable":true,"href":"https:\/\/sites.usp.br\/scx\/en\/wp-json\/wp\/v2\/users\/459"}],"replies":[{"embeddable":true,"href":"https:\/\/sites.usp.br\/scx\/en\/wp-json\/wp\/v2\/comments?post=953"}],"version-history":[{"count":4,"href":"https:\/\/sites.usp.br\/scx\/en\/wp-json\/wp\/v2\/pages\/953\/revisions"}],"predecessor-version":[{"id":1140,"href":"https:\/\/sites.usp.br\/scx\/en\/wp-json\/wp\/v2\/pages\/953\/revisions\/1140"}],"wp:attachment":[{"href":"https:\/\/sites.usp.br\/scx\/en\/wp-json\/wp\/v2\/media?parent=953"}],"curies":[{"name":"wp","href":"https:\/\/api.w.org\/{rel}","templated":true}]}}