{"id":293,"date":"2017-06-30T12:05:58","date_gmt":"2017-06-30T15:05:58","guid":{"rendered":"http:\/\/sites.usp.br\/scx\/?page_id=293"},"modified":"2023-04-21T00:51:22","modified_gmt":"2023-04-21T03:51:22","slug":"apresentacao","status":"publish","type":"page","link":"https:\/\/sites.usp.br\/scx\/apresentacao\/","title":{"rendered":"Apresenta\u00e7\u00e3o"},"content":{"rendered":"<p>O mestrado em Modelagem de Sistemas Complexos (mestrado stricto sensu) \u00e9 um programa interdisciplinar e inovador que tem por objetivos formar profissionais capazes de empregar t\u00e9cnicas quantitativas e computacionais em problemas aplicados \u00e0 sa\u00fade, gest\u00e3o, pol\u00edtica p\u00fablica, ci\u00eancias sociais e ambientais e de reinterpretar estes problemas \u00e0 luz da ci\u00eancia da complexidade.<\/p>\n<p>O p\u00fablico-alvo do programa \u00e9 bastante diverso, composto por:<br \/>\na) Estudantes provenientes de \u00e1reas de gest\u00e3o e ci\u00eancias sociais aplicadas, biol\u00f3gicas, ambientais e da sa\u00fade, interessados em desenvolver projetos em modelagem quantitativa;<br \/>\nb) Estudantes provenientes de \u00e1reas quantitativas, como matem\u00e1tica, f\u00edsica, estat\u00edstica, computa\u00e7\u00e3o, engenharias etc, interessados em pesquisa te\u00f3rica e aplica\u00e7\u00f5es de modelagem em sistemas complexos e de ci\u00eancia de dados.<\/p>\n<p>A exemplo do que vem acontecendo em programas semelhantes na Europa (por exemplo, Erasmus Mundus Masters in Complex Systems Science e European Master Programme in System Dynamics), egressos do Mestrado em Sistemas Complexos podem seguir carreiras acad\u00eamicas em doutorados interdisciplinares ou ter atua\u00e7\u00e3o diferenciada como profissionais de mercado altamente inovadores.<\/p>\n<p>As principais \u00e1reas de pesquisa do programa s\u00e3o:<br \/>\n\u2013 Ci\u00eancia de Dados<br \/>\n\u2013 Fundamentos de Sistemas Complexos<br \/>\n\u2013 Redes Complexas<br \/>\n\u2013 Sistemas Complexos Aplicados a Ci\u00eancias Sociais, Biol\u00f3gicas, Ambientais e da Sa\u00fade<\/p>\n<h3 align=\"justify\"><strong>Ingresso:<br \/>\n<\/strong><\/h3>\n<p>Clique <a href=\"http:\/\/sites.usp.br\/scx\/admissao\">aqui<\/a> para informa\u00e7\u00f5es sobre o ingresso e as datas dos processos seletivos<\/p>\n<h3 align=\"justify\"><strong>Coordena\u00e7\u00e3o:<\/strong><\/h3>\n<p>Prof. Dr. Carlos Molina Mendes &#8211; Coordenador<\/p>\n<p>Profa. Dra. Ana Am\u00e9lia Benedito Silva &#8211; Coordenadora Adjunta<\/p>","protected":false},"excerpt":{"rendered":"<p>O mestrado em Modelagem de Sistemas Complexos (mestrado stricto sensu) \u00e9 um programa interdisciplinar e [&hellip;]<\/p>\n","protected":false},"author":459,"featured_media":0,"parent":0,"menu_order":0,"comment_status":"closed","ping_status":"closed","template":"","meta":{"footnotes":"","_links_to":"","_links_to_target":""},"class_list":["post-293","page","type-page","status-publish","hentry"],"_links":{"self":[{"href":"https:\/\/sites.usp.br\/scx\/wp-json\/wp\/v2\/pages\/293","targetHints":{"allow":["GET"]}}],"collection":[{"href":"https:\/\/sites.usp.br\/scx\/wp-json\/wp\/v2\/pages"}],"about":[{"href":"https:\/\/sites.usp.br\/scx\/wp-json\/wp\/v2\/types\/page"}],"author":[{"embeddable":true,"href":"https:\/\/sites.usp.br\/scx\/wp-json\/wp\/v2\/users\/459"}],"replies":[{"embeddable":true,"href":"https:\/\/sites.usp.br\/scx\/wp-json\/wp\/v2\/comments?post=293"}],"version-history":[{"count":5,"href":"https:\/\/sites.usp.br\/scx\/wp-json\/wp\/v2\/pages\/293\/revisions"}],"predecessor-version":[{"id":1135,"href":"https:\/\/sites.usp.br\/scx\/wp-json\/wp\/v2\/pages\/293\/revisions\/1135"}],"wp:attachment":[{"href":"https:\/\/sites.usp.br\/scx\/wp-json\/wp\/v2\/media?parent=293"}],"curies":[{"name":"wp","href":"https:\/\/api.w.org\/{rel}","templated":true}]}}