{"id":318,"date":"2017-06-30T12:27:00","date_gmt":"2017-06-30T15:27:00","guid":{"rendered":"http:\/\/sites.usp.br\/scx\/?page_id=318"},"modified":"2023-02-15T12:09:13","modified_gmt":"2023-02-15T15:09:13","slug":"faq","status":"publish","type":"page","link":"https:\/\/sites.usp.br\/scx\/faq\/","title":{"rendered":"FAQ"},"content":{"rendered":"<p><strong>1. O que s\u00e3o Sistemas Complexos?<\/strong><\/p>\n<p><strong>R<\/strong>: Sistemas Complexos s\u00e3o sistemas com muitos componentes (eventualmente heterog\u00eaneos) que interagem uns com os outros de maneira n\u00e3o trivial (intera\u00e7\u00e3o n\u00e3o linear frequentemente descrita por uma rede), de tal forma que o comportamento do conjunto desses componentes n\u00e3o \u00e9 simplesmente a soma das propriedades individuais (mas resultado do que se denomina emerg\u00eancia e auto-organiza\u00e7\u00e3o). Exemplos de sistemas complexos podem ser encontrados em toda parte, na Natureza e nas atividades humanas, nas ci\u00eancias exatas, biol\u00f3gicas e sociais.<\/p>\n<p><strong>2. Quais s\u00e3o os principais comportamentos identific\u00e1veis em Sistemas Complexos?<\/strong><\/p>\n<p>R. Leia em <a href=\"https:\/\/sites.usp.br\/scx\/comportamentos\/\">comportamentos<\/a><\/p>\n<p><strong>3. Qual \u00e9 dura\u00e7\u00e3o e quais os custos envolvidos para cursar o Mestrado em Sistemas Complexos?<\/strong><\/p>\n<p><strong>R<\/strong>:\u00a0O prazo m\u00e1ximo para conclus\u00e3o do mestrado \u00e9 de 30 meses. N\u00e3o h\u00e1 custos em Mestrados stricto sensu oferecidos pela Universidade de S\u00e3o Paulo. Estudantes selecionados podem receber bolsas oferecidas pelas ag\u00eancias p\u00fablicas CAPES, CNPq e FAPESP. Neste caso exige-se dedica\u00e7\u00e3o exclusiva ao programa. \u00c9 poss\u00edvel tamb\u00e9m se dedicar ao programa sem bolsa desde que sejam observados a necessidade para flexibilidade de hor\u00e1rios para atividades do programa e o prazo limite para conclus\u00e3o.<\/p>\n<p><strong>4. Qual o t\u00edtulo obtido ao final do curso e quais os requisitos para sua obten\u00e7\u00e3o?<\/strong><\/p>\n<p><strong>R<\/strong>: Os alunos egressos obter\u00e3o o t\u00edtulo de Mestre em Ci\u00eancias. Os pr\u00e9-requisitos para obten\u00e7\u00e3o do t\u00edtulo s\u00e3o cursar com sucesso o n\u00famero m\u00ednimo de cr\u00e9ditos e apresentar uma disserta\u00e7\u00e3o final a ser aprovada por uma banca julgadora. O n\u00famero m\u00ednimo de cr\u00e9ditos a ser obtido pelo aluno de mestrado \u00e9 100 (cem) cr\u00e9ditos, distribu\u00eddos da seguinte maneira: a. 50 (cinq\u00fcenta) cr\u00e9ditos em disciplinas; b. 50 (cinq\u00fcenta) cr\u00e9ditos pela disserta\u00e7\u00e3o. Cada disciplina requer 10 horas de dedica\u00e7\u00e3o semanal, 4 horas em sala de aula e 6 horas de estudo, equivalendo a 10 cr\u00e9ditos. Das 5 disciplinas necess\u00e1rias \u00e9 obrigat\u00f3ria a escolha de uma disciplina b\u00e1sica em cada \u00e1rea de pesquisa. Em um prazo m\u00e1ximo de 18 meses do in\u00edcio o estudante deve passar em um exame de qualifica\u00e7\u00e3o. A disserta\u00e7\u00e3o final deve ser apresentada em um prazo m\u00e1ximo de 30 meses. Para detalhes veja as <a href=\"http:\/\/leginf.usp.br\/?resolucao=resolucao-copgr-no-7829-de-03-de-outubro-de-2019\">normas do programa<\/a>.<\/p>\n<p><strong>5. Como \u00e9 o processo de sele\u00e7\u00e3o para ingresso?<\/strong><\/p>\n<p><strong>R<\/strong>: Ver <a href=\"https:\/\/sites.usp.br\/scx\/admissao\/\">Ingresso de Alunos Regulares<\/a>.<\/p>\n<p><strong>6. Quem s\u00e3o os orientadores e quais as linhas de pesquisa dispon\u00edveis?<\/strong><\/p>\n<p><strong>R<\/strong>: Ver <a href=\"https:\/\/sites.usp.br\/scx\/docentes-credenciados\/\">Orientadores<\/a>.<\/p>","protected":false},"excerpt":{"rendered":"<p>1. O que s\u00e3o Sistemas Complexos? R: Sistemas Complexos s\u00e3o sistemas com muitos componentes (eventualmente [&hellip;]<\/p>\n","protected":false},"author":459,"featured_media":0,"parent":0,"menu_order":0,"comment_status":"closed","ping_status":"closed","template":"","meta":{"footnotes":"","_links_to":"","_links_to_target":""},"class_list":["post-318","page","type-page","status-publish","hentry"],"_links":{"self":[{"href":"https:\/\/sites.usp.br\/scx\/wp-json\/wp\/v2\/pages\/318","targetHints":{"allow":["GET"]}}],"collection":[{"href":"https:\/\/sites.usp.br\/scx\/wp-json\/wp\/v2\/pages"}],"about":[{"href":"https:\/\/sites.usp.br\/scx\/wp-json\/wp\/v2\/types\/page"}],"author":[{"embeddable":true,"href":"https:\/\/sites.usp.br\/scx\/wp-json\/wp\/v2\/users\/459"}],"replies":[{"embeddable":true,"href":"https:\/\/sites.usp.br\/scx\/wp-json\/wp\/v2\/comments?post=318"}],"version-history":[{"count":4,"href":"https:\/\/sites.usp.br\/scx\/wp-json\/wp\/v2\/pages\/318\/revisions"}],"predecessor-version":[{"id":1117,"href":"https:\/\/sites.usp.br\/scx\/wp-json\/wp\/v2\/pages\/318\/revisions\/1117"}],"wp:attachment":[{"href":"https:\/\/sites.usp.br\/scx\/wp-json\/wp\/v2\/media?parent=318"}],"curies":[{"name":"wp","href":"https:\/\/api.w.org\/{rel}","templated":true}]}}