{"id":726,"date":"2018-10-28T21:48:33","date_gmt":"2018-10-29T00:48:33","guid":{"rendered":"http:\/\/sites.usp.br\/scx\/?page_id=726"},"modified":"2023-01-03T22:18:32","modified_gmt":"2023-01-04T01:18:32","slug":"disciplinas","status":"publish","type":"page","link":"https:\/\/sites.usp.br\/scx\/disciplinas\/","title":{"rendered":"Disciplinas"},"content":{"rendered":"<p>O programa possui, atualmente, as seguintes disciplinas oferecidas regularmente:<\/p>\n<ul>\n<li>SCX5000 M\u00e9todos Matem\u00e1ticos e de Computa\u00e7\u00e3o I<\/li>\n<li>SCX5001 M\u00e9todos Matem\u00e1ticos e de Computa\u00e7\u00e3o II<\/li>\n<li>SCX5002 Sistemas Complexos I<\/li>\n<li>SCX5003 Sistemas Complexos II<\/li>\n<li>SCX5004 Simula\u00e7\u00e3o de Sistemas Complexos I<\/li>\n<li>SCX5005 Simula\u00e7\u00e3o de Sistemas Complexos II<\/li>\n<li>SCX5010 Economia Aplicada a Sistemas Complexos<\/li>\n<li>SCX5011 Administra\u00e7\u00e3o Aplicada a Sistemas Complexos<\/li>\n<li>SCX5012 Fundamentos Ecol\u00f3gicos e Econ\u00f4micos para Pesquisa em Ecologia Humana e Conserva\u00e7\u00e3o Ambiental<\/li>\n<li>SCX5013 M\u00e9todos de Ci\u00eancias Sociais para Pesquisa em Ecologia Humana e Conserva\u00e7\u00e3o Ambiental<\/li>\n<li>SCX5014 Sistemas de Marketing<\/li>\n<li>SCX5015 T\u00f3picos Especiais em Economia Aplicada<\/li>\n<li>SCX5016 Aprimoramento Did\u00e1tico<\/li>\n<li>SCX5018 Sistemas de Com\u00e9rcio Internacional e Complexidade Econ\u00f4mica<\/li>\n<\/ul>\n<p>O\u00a0aluno\u00a0deve escolher, entre as disciplinas dispon\u00edveis, um subconjunto para cursar (usualmente\u00a05 disciplinas). Para maiores informa\u00e7\u00f5es, conhe\u00e7a o regulamento do programa, dispon\u00edvel na <a href=\"http:\/\/www5.each.usp.br\/mestrado-academico-em-modelagem-de-sistemas-complexos\/\">p\u00e1gina principal<\/a>.<\/p>\n<p>Para maiores descri\u00e7\u00f5es sobre cada disciplina, acesse o <a href=\"https:\/\/uspdigital.usp.br\/janus\/comum\/entrada.jsf\">sistema administrativo da P\u00f3s-Gradua\u00e7\u00e3o USP<\/a> e pesquise pelo c\u00f3digo ou nome da disciplina.<\/p>\n<p>O aluno pode, eventualmente, cursar disciplinas de\u00a0mestrado\/doutorado de outros programas da USP em substitui\u00e7\u00e3o \u00e0s disciplinas elencadas acima, desde que tenha autoriza\u00e7\u00e3o pr\u00e9via de seu orientador.<\/p>","protected":false},"excerpt":{"rendered":"<p>O programa possui, atualmente, as seguintes disciplinas oferecidas regularmente: SCX5000 M\u00e9todos Matem\u00e1ticos e de Computa\u00e7\u00e3o [&hellip;]<\/p>\n","protected":false},"author":459,"featured_media":0,"parent":0,"menu_order":0,"comment_status":"closed","ping_status":"closed","template":"","meta":{"footnotes":"","_links_to":"","_links_to_target":""},"class_list":["post-726","page","type-page","status-publish","hentry"],"_links":{"self":[{"href":"https:\/\/sites.usp.br\/scx\/wp-json\/wp\/v2\/pages\/726","targetHints":{"allow":["GET"]}}],"collection":[{"href":"https:\/\/sites.usp.br\/scx\/wp-json\/wp\/v2\/pages"}],"about":[{"href":"https:\/\/sites.usp.br\/scx\/wp-json\/wp\/v2\/types\/page"}],"author":[{"embeddable":true,"href":"https:\/\/sites.usp.br\/scx\/wp-json\/wp\/v2\/users\/459"}],"replies":[{"embeddable":true,"href":"https:\/\/sites.usp.br\/scx\/wp-json\/wp\/v2\/comments?post=726"}],"version-history":[{"count":4,"href":"https:\/\/sites.usp.br\/scx\/wp-json\/wp\/v2\/pages\/726\/revisions"}],"predecessor-version":[{"id":967,"href":"https:\/\/sites.usp.br\/scx\/wp-json\/wp\/v2\/pages\/726\/revisions\/967"}],"wp:attachment":[{"href":"https:\/\/sites.usp.br\/scx\/wp-json\/wp\/v2\/media?parent=726"}],"curies":[{"name":"wp","href":"https:\/\/api.w.org\/{rel}","templated":true}]}}