{"id":940,"date":"2021-11-26T15:57:14","date_gmt":"2021-11-26T18:57:14","guid":{"rendered":"https:\/\/sites.usp.br\/scx\/?page_id=940"},"modified":"2021-12-07T11:14:09","modified_gmt":"2021-12-07T14:14:09","slug":"i-workshop-em-modelagem-de-sistemas-complexos-da-each-usp","status":"publish","type":"page","link":"https:\/\/sites.usp.br\/scx\/eventos\/i-workshop-em-modelagem-de-sistemas-complexos-da-each-usp\/","title":{"rendered":"I Workshop em Modelagem de Sistemas Complexos da EACH\/USP"},"content":{"rendered":"<p><\/p>\n<hr \/>\n<h3>21 a 25 de outubro de 2019<\/h3>\n<p>O Programa de P\u00f3s-Gradua\u00e7\u00e3o em Modelagem de Sistemas Complexos (PPG-SCX) receber\u00e1, no per\u00edodo de 21 a 25 de outubro de 2019, o Prof. <a href=\"https:\/\/www.informatics.indiana.edu\/rocha\/\">Luis Rocha<\/a>, professor da <a href=\"https:\/\/www.sice.indiana.edu\">Universidade de Indiana, Bloomington<\/a> (IU), que coordena a <a href=\"http:\/\/cnets.indiana.edu\/phd\/\">Complex Networks and Systems Track of PhD in Informatics<\/a> e o <a href=\"https:\/\/cns-nrt.indiana.edu\">NSF-NRT Interdisciplinary Training in Complex Networks and Systems<\/a> naquela institui\u00e7\u00e3o.<\/p>\n<p>Motivados por esta visita, realizaremos o I Workshop em Modelagem de Sistemas da EACH\/USP, que ter\u00e1 entre seus principais objetivos:<\/p>\n<ol>\n<li>A realiza\u00e7\u00e3o de palestras e minicursos pelo Prof. Luis Rocha, para conhecermos a vis\u00e3o e os desenvolvimentos das pesquisas em Modelagem de Sistemas Complexos e Ci\u00eancia de Dados realizados pelos seus grupos de pesquisa;<\/li>\n<li>Conhecer as experi\u00eancias bem-sucedidas dos programas por ele dirigidos e identificar aquelas que possam ser implementadas no PPG-SCX no curto, m\u00e9dio e longo prazos;<\/li>\n<li>Discutir os desafios do programa a serem vencidos e nosso planejamento estrat\u00e9gico para os pr\u00f3ximos anos;<\/li>\n<li>Apresentar projetos de docentes e alunos do PPG-SCX e\/ou linhas de pesquisa da IU para a identifica\u00e7\u00e3o de potenciais colabora\u00e7\u00f5es de pesquisa;<\/li>\n<li>Discutir as possibilidades de interc\u00e2mbio de docentes e poss\u00edveis fontes de financiamento;<\/li>\n<li>Discutir as possibilidades de interc\u00e2mbio e cotutela de alunos.<\/li>\n<\/ol>\n<p>Embora o p\u00fablico-alvo principal seja o conjunto de docentes, alunos e egressos do PPG-SCX, convidamos tamb\u00e9m os docentes do Bacharelado em Sistemas de Informa\u00e7\u00e3o e alunos do Programa de P\u00f3s-Gradua\u00e7\u00e3o em Sistemas de Informa\u00e7\u00e3o da EACH a participarem das atividades do Workshop, inclusive com a apresenta\u00e7\u00e3o de trabalhos, para que tamb\u00e9m possam explorar potenciais colabora\u00e7\u00f5es acad\u00eamicas. Alunos do Bacharelado em Sistemas de Informa\u00e7\u00e3o tamb\u00e9m est\u00e3o convidados para assistir \u00e0s palestras, \u00e0s apresenta\u00e7\u00f5es orais e ao minicurso.<\/p>\n<h3>Inscri\u00e7\u00f5es:<\/h3>\n<ul>\n<li>A participa\u00e7\u00e3o no Workshop \u00e9 gratuita.<\/li>\n<li>Por favor, preencha a <a href=\"https:\/\/forms.gle\/9Dk1XiCY7RvyUb339\">ficha de inscri\u00e7\u00e3o<\/a>. Embora n\u00e3o obrigat\u00f3ria, a inscri\u00e7\u00e3o pr\u00e9via \u00e9 importante especialmente para:\n<ul>\n<li>Dimensionarmos a quantidade de pessoas em cada atividade;<\/li>\n<li>Prepararmos listas de presen\u00e7a para posterior elabora\u00e7\u00e3o de relat\u00f3rios<\/li>\n<\/ul>\n<\/li>\n<li>N\u00e3o h\u00e1 prazo para inscri\u00e7\u00e3o, e o preenchimento pode ser refeito a qualquer tempo.<\/li>\n<\/ul>\n<h3>Programa\u00e7\u00e3o:<\/h3>\n<ul>\n<li><a href=\"https:\/\/sites.usp.br\/scx\/wp-content\/uploads\/sites\/262\/2019\/10\/Programacao1oWorkshopPPGSCX.pdf\">Programa\u00e7\u00e3o do evento<\/a> (Atualiza\u00e7\u00e3o: 24\/10\/2019)<\/li>\n<li><a href=\"https:\/\/sites.usp.br\/scx\/wp-content\/uploads\/sites\/262\/2019\/10\/ResumosWorkshop.pdf\">Resumos das apresenta\u00e7\u00f5es<\/a> (Atualiza\u00e7\u00e3o: 24\/10\/2019)<\/li>\n<\/ul>\n<p><\/p>","protected":false},"excerpt":{"rendered":"<p>21 a 25 de outubro de 2019 O Programa de P\u00f3s-Gradua\u00e7\u00e3o em Modelagem de Sistemas [&hellip;]<\/p>\n","protected":false},"author":459,"featured_media":0,"parent":288,"menu_order":0,"comment_status":"closed","ping_status":"closed","template":"","meta":{"footnotes":"","_links_to":"","_links_to_target":""},"class_list":["post-940","page","type-page","status-publish","hentry"],"_links":{"self":[{"href":"https:\/\/sites.usp.br\/scx\/wp-json\/wp\/v2\/pages\/940","targetHints":{"allow":["GET"]}}],"collection":[{"href":"https:\/\/sites.usp.br\/scx\/wp-json\/wp\/v2\/pages"}],"about":[{"href":"https:\/\/sites.usp.br\/scx\/wp-json\/wp\/v2\/types\/page"}],"author":[{"embeddable":true,"href":"https:\/\/sites.usp.br\/scx\/wp-json\/wp\/v2\/users\/459"}],"replies":[{"embeddable":true,"href":"https:\/\/sites.usp.br\/scx\/wp-json\/wp\/v2\/comments?post=940"}],"version-history":[{"count":4,"href":"https:\/\/sites.usp.br\/scx\/wp-json\/wp\/v2\/pages\/940\/revisions"}],"predecessor-version":[{"id":980,"href":"https:\/\/sites.usp.br\/scx\/wp-json\/wp\/v2\/pages\/940\/revisions\/980"}],"up":[{"embeddable":true,"href":"https:\/\/sites.usp.br\/scx\/wp-json\/wp\/v2\/pages\/288"}],"wp:attachment":[{"href":"https:\/\/sites.usp.br\/scx\/wp-json\/wp\/v2\/media?parent=940"}],"curies":[{"name":"wp","href":"https:\/\/api.w.org\/{rel}","templated":true}]}}