{"id":985,"date":"2021-12-07T11:32:40","date_gmt":"2021-12-07T14:32:40","guid":{"rendered":"https:\/\/sites.usp.br\/scx\/?page_id=985"},"modified":"2023-04-21T00:01:05","modified_gmt":"2023-04-21T03:01:05","slug":"admissao","status":"publish","type":"page","link":"https:\/\/sites.usp.br\/scx\/admissao\/","title":{"rendered":"Ingresso"},"content":{"rendered":"<p><\/p>\n<h2>Alunos regulares:<\/h2>\n<p>As inscri\u00e7\u00f5es para ingresso no Mestrado Acad\u00eamico em Modelagem de Sistemas Complexos da EACH-USP (Campus Leste da USP) estar\u00e3o abertas em dois per\u00edodos:<\/p>\n<p>a) Para in\u00edcio no 1\u00ba semestre de 2023: de 1 de novembro de 2022 a 13 de janeiro de 2023;<\/p>\n<p>b) Para in\u00edcio no 2\u00ba semestre de 2023: de 3 de abril a 30 de junho de 2023.<\/p>\n<h2>Edital e formul\u00e1rios:<\/h2>\n<ul>\n<li><a href=\"http:\/\/www5.each.usp.br\/wp-content\/uploads\/2022\/11\/edital_ingressoSCX2023.pdf\">Edital de ingresso<\/a> (1o e 2o semestres\/2023)<\/li>\n<li><a href=\"https:\/\/sites.usp.br\/scx\/scx-fichainscricao1-2\/\">Ficha de inscri\u00e7\u00e3o<\/a><\/li>\n<li><a href=\"https:\/\/sites.usp.br\/scx\/carta-de-recomendacao-1\/\">Carta de recomenda\u00e7\u00e3o<\/a><\/li>\n<li>Para a elabora\u00e7\u00e3o de seu plano de pesquisa, \u00e9 altamente recomend\u00e1vel (embora n\u00e3o obrigat\u00f3rio) contatar algum orientador do programa, para ajud\u00e1-lo a definir seu tema da disserta\u00e7\u00e3o, recomendar a bibliografia e indicar diretrizes para elabora\u00e7\u00e3o do plano.<br \/>\nClique <a href=\"https:\/\/sites.usp.br\/scx\/pessoas\/docentes\/\">aqui<\/a> para ver a lista de orientadores do programa e suas \u00e1reas de pesquisa.<\/li>\n<li>Os resultados da sele\u00e7\u00e3o ser\u00e3o divulgados na <a href=\"http:\/\/www5.each.usp.br\/mestrado-academico-em-modelagem-de-sistemas-complexos\/\">p\u00e1gina principal do programa<\/a>.<\/li>\n<\/ul>\n<h2>Alunos especiais:<\/h2>\n<p>Antes de se matricular formalmente no programa, \u00e9 poss\u00edvel cursar disciplinas como aluno especial. Clique <a href=\"http:\/\/www5.each.usp.br\/processo-seletivo\/\">aqui<\/a> para maiores informa\u00e7\u00f5es.<\/p>","protected":false},"excerpt":{"rendered":"<p>Alunos regulares: As inscri\u00e7\u00f5es para ingresso no Mestrado Acad\u00eamico em Modelagem de Sistemas Complexos da [&hellip;]<\/p>\n","protected":false},"author":459,"featured_media":0,"parent":0,"menu_order":0,"comment_status":"closed","ping_status":"closed","template":"","meta":{"footnotes":"","_links_to":"","_links_to_target":""},"class_list":["post-985","page","type-page","status-publish","hentry"],"_links":{"self":[{"href":"https:\/\/sites.usp.br\/scx\/wp-json\/wp\/v2\/pages\/985","targetHints":{"allow":["GET"]}}],"collection":[{"href":"https:\/\/sites.usp.br\/scx\/wp-json\/wp\/v2\/pages"}],"about":[{"href":"https:\/\/sites.usp.br\/scx\/wp-json\/wp\/v2\/types\/page"}],"author":[{"embeddable":true,"href":"https:\/\/sites.usp.br\/scx\/wp-json\/wp\/v2\/users\/459"}],"replies":[{"embeddable":true,"href":"https:\/\/sites.usp.br\/scx\/wp-json\/wp\/v2\/comments?post=985"}],"version-history":[{"count":4,"href":"https:\/\/sites.usp.br\/scx\/wp-json\/wp\/v2\/pages\/985\/revisions"}],"predecessor-version":[{"id":1105,"href":"https:\/\/sites.usp.br\/scx\/wp-json\/wp\/v2\/pages\/985\/revisions\/1105"}],"wp:attachment":[{"href":"https:\/\/sites.usp.br\/scx\/wp-json\/wp\/v2\/media?parent=985"}],"curies":[{"name":"wp","href":"https:\/\/api.w.org\/{rel}","templated":true}]}}