{"id":1520,"date":"2022-10-20T10:14:50","date_gmt":"2022-10-20T12:14:50","guid":{"rendered":"https:\/\/sites.usp.br\/sefea\/?page_id=1520"},"modified":"2022-11-01T12:35:11","modified_gmt":"2022-11-01T14:35:11","slug":"iv-sefea-rp","status":"publish","type":"page","link":"https:\/\/sites.usp.br\/sefea\/iv-sefea-rp\/","title":{"rendered":"V SEFEA-RP"},"content":{"rendered":"<h1><a href=\"https:\/\/sites.usp.br\/sefea\/wp-content\/uploads\/sites\/573\/2021\/04\/SEFEA-\u00edcone-WhatsApp.png\"><img loading=\"lazy\" decoding=\"async\" class=\"size-full wp-image-1030 aligncenter\" src=\"https:\/\/sites.usp.br\/sefea\/wp-content\/uploads\/sites\/573\/2021\/04\/SEFEA-\u00edcone-WhatsApp.png\" alt=\"\" width=\"349\" height=\"341\" srcset=\"https:\/\/sites.usp.br\/sefea\/wp-content\/uploads\/sites\/573\/2021\/04\/SEFEA-\u00edcone-WhatsApp.png 349w, https:\/\/sites.usp.br\/sefea\/wp-content\/uploads\/sites\/573\/2021\/04\/SEFEA-\u00edcone-WhatsApp-300x293.png 300w, https:\/\/sites.usp.br\/sefea\/wp-content\/uploads\/sites\/573\/2021\/04\/SEFEA-\u00edcone-WhatsApp-45x45.png 45w\" sizes=\"auto, (max-width: 349px) 100vw, 349px\" \/><\/a>V SEFEA-RP<\/h1>\n<h4><a href=\"https:\/\/sites.usp.br\/sefea\/v\/palestrantes-v\">Palestrantes<\/a><\/h4>\n<h4><a href=\"https:\/\/sites.usp.br\/sefea\/v\/programacao-v\">Programa\u00e7\u00e3o<\/a><\/h4>\n<ul>\n<li><a href=\"https:\/\/sites.usp.br\/sefea\/v\/09-de-novembro-v\">09 de novembro<\/a><\/li>\n<li><a href=\"https:\/\/sites.usp.br\/sefea\/v\/10-de-novembro-v\">10 de novembro<\/a><\/li>\n<\/ul>\n<h4><a href=\"https:\/\/sites.usp.br\/sefea\/v\/inscricoes-v\">Inscri\u00e7\u00f5es<\/a><\/h4>\n<p>&nbsp;<\/p>\n<h3>CERIM\u00d4NIA DE ABERTURA<\/h3>\n<p>&nbsp;<\/p>\n<p>&nbsp;<\/p>\n<h3>Sobre a V SEFEA-RP<\/h3>\n<p><span style=\"font-weight: 400;\">A Semana Empresarial da Faculdade de Economia, Administra\u00e7\u00e3o e Contabilidade de Ribeir\u00e3o Preto (SEFEA-RP) \u00e9 um evento realizado anualmente e que j\u00e1 se encontra em sua quinta edi\u00e7\u00e3o.\u00a0<\/span><\/p>\n<p><span style=\"font-weight: 400;\">O objetivo da SEFEA-RP \u00e9 integrar os alunos de uma das melhores faculdades de neg\u00f3cios da Am\u00e9rica Latina aos grandes nomes do mundo empresarial, estimulando um desenvolvimento profissional s\u00f3lido capaz de impactar positivamente o ecossistema corporativo, por meio da abordagem de conte\u00fados que complementam aqueles j\u00e1 vistos em sala de aula.<\/span><\/p>\n<p><span style=\"font-weight: 400;\">No ano em que a FEA-RP\/USP comemora 30 anos, os palestrantes que participar\u00e3o da V SEFEA-RP ser\u00e3o em sua maioria egressos da faculdade que compartilhar\u00e3o suas experi\u00eancias ao longo de suas trajet\u00f3rias profissionais e falar\u00e3o sobre 6 diferentes temas:<\/span><\/p>\n<ul>\n<li style=\"font-weight: 400;\" aria-level=\"1\"><span style=\"font-weight: 400;\">Modelos de <em>machine learning<\/em> e <em>business intelligence<\/em>;\u00a0<\/span><\/li>\n<li style=\"font-weight: 400;\" aria-level=\"1\"><span style=\"font-weight: 400;\">Processos de sele\u00e7\u00e3o e recrutamento;<\/span><\/li>\n<li style=\"font-weight: 400;\" aria-level=\"1\"><span style=\"font-weight: 400;\">Empresas do setor financeiro e mercado de capitais;<\/span><\/li>\n<li style=\"font-weight: 400;\" aria-level=\"1\"><span style=\"font-weight: 400;\">Startup, inova\u00e7\u00e3o e novos neg\u00f3cios;<\/span><\/li>\n<li style=\"font-weight: 400;\" aria-level=\"1\"><span style=\"font-weight: 400;\">Atua\u00e7\u00e3o em consultorias econ\u00f4micas;<\/span><\/li>\n<li style=\"font-weight: 400;\" aria-level=\"1\"><span style=\"font-weight: 400;\">ESG nas organiza\u00e7\u00f5es.<\/span><\/li>\n<\/ul>\n<p>&nbsp;<\/p>\n<p><span style=\"font-weight: 400;\">O evento, coordenado neste ano pelo professor Cl\u00e1udio de Souza Miranda, e pela equipe do Escrit\u00f3rio de Rela\u00e7\u00f5es Empresariais, \u00e9 dirigido a todos os alunos de gradua\u00e7\u00e3o e p\u00f3s-gradua\u00e7\u00e3o da faculdade.<\/span><\/p>\n<p><span style=\"font-weight: 400;\">A V SEFEA-RP acontecer\u00e1 nos dias 9 e 10 de novembro, nas salas 1, 2 e 3 do Bloco B2 da unidade, das 17h \u00e0s 18h30, e todas as palestras ser\u00e3o disponibilizadas posteriormente na \u00edntegra no canal da FEA-RP no YouTube.\u00a0<\/span><\/p>\n<p><span style=\"font-weight: 400;\">A Cerim\u00f4nia de Abertura do evento acontecer\u00e1 \u00e0s 16h30 do dia 9 de novembro do Anfiteatro Prof. Dr. Ivo Torres no Bloco A da FEA-RP.<\/span><\/p>\n<p>&nbsp;<\/p>\n<h3><strong>Programa\u00e7\u00e3o e inscri\u00e7\u00f5es<\/strong><\/h3>\n<p><span style=\"font-weight: 400;\">A programa\u00e7\u00e3o completa est\u00e1 dispon\u00edvel no site da SEFEA-RP e as inscri\u00e7\u00f5es para as palestras ser\u00e3o realizadas pela plataforma Sympla e podem ser acessadas aqui: <\/span><a href=\"https:\/\/sites.usp.br\/sefea\/v\/inscricoes-v\/\"><span style=\"font-weight: 400;\">https:\/\/sites.usp.br\/sefea\/v\/inscricoes-v\/<\/span><\/a><span style=\"font-weight: 400;\">.<\/span><\/p>\n<p><span style=\"font-weight: 400;\">Tendo em vista que as 3 palestras dos dois dias de evento acontecer\u00e3o simultaneamente, cada aluno poder\u00e1 inscrever-se em apenas uma palestra por dia. Haver\u00e1 a emiss\u00e3o de certificados de participa\u00e7\u00e3o nas palestras da V SEFEA-RP, que poder\u00e3o, ocasionalmente, ser reconhecidos como Atividade Acad\u00eamica Complementar.<\/span><\/p>\n<p>&nbsp;<\/p>\n<p><span style=\"font-weight: 400;\">Embora neste ano a presen\u00e7a n\u00e3o seja obrigat\u00f3ria, contamos com a participa\u00e7\u00e3o de todos!<\/span><\/p>\n","protected":false},"excerpt":{"rendered":"<p>V SEFEA-RP Palestrantes Programa\u00e7\u00e3o 09 de novembro 10 de novembro Inscri\u00e7\u00f5es &nbsp; CERIM\u00d4NIA DE ABERTURA &nbsp; &nbsp; Sobre a V SEFEA-RP A Semana Empresarial da Faculdade de Economia, Administra\u00e7\u00e3o e Contabilidade de Ribeir\u00e3o Preto (SEFEA-RP) \u00e9 um evento realizado anualmente e que j\u00e1 se encontra em sua quinta edi\u00e7\u00e3o.\u00a0 O objetivo da SEFEA-RP \u00e9 integrar<a href=\"https:\/\/sites.usp.br\/sefea\/iv-sefea-rp\/\">[&#8230;]<\/a><\/p>\n","protected":false},"author":23308,"featured_media":0,"parent":0,"menu_order":0,"comment_status":"closed","ping_status":"closed","template":"","meta":{"_monsterinsights_skip_tracking":false,"_monsterinsights_sitenote_active":false,"_monsterinsights_sitenote_note":"","_monsterinsights_sitenote_category":0,"footnotes":"","_links_to":"","_links_to_target":""},"class_list":["post-1520","page","type-page","status-publish","hentry"],"_links":{"self":[{"href":"https:\/\/sites.usp.br\/sefea\/wp-json\/wp\/v2\/pages\/1520","targetHints":{"allow":["GET"]}}],"collection":[{"href":"https:\/\/sites.usp.br\/sefea\/wp-json\/wp\/v2\/pages"}],"about":[{"href":"https:\/\/sites.usp.br\/sefea\/wp-json\/wp\/v2\/types\/page"}],"author":[{"embeddable":true,"href":"https:\/\/sites.usp.br\/sefea\/wp-json\/wp\/v2\/users\/23308"}],"replies":[{"embeddable":true,"href":"https:\/\/sites.usp.br\/sefea\/wp-json\/wp\/v2\/comments?post=1520"}],"version-history":[{"count":4,"href":"https:\/\/sites.usp.br\/sefea\/wp-json\/wp\/v2\/pages\/1520\/revisions"}],"predecessor-version":[{"id":1700,"href":"https:\/\/sites.usp.br\/sefea\/wp-json\/wp\/v2\/pages\/1520\/revisions\/1700"}],"wp:attachment":[{"href":"https:\/\/sites.usp.br\/sefea\/wp-json\/wp\/v2\/media?parent=1520"}],"curies":[{"name":"wp","href":"https:\/\/api.w.org\/{rel}","templated":true}]}}