{"id":79,"date":"2014-02-24T16:51:20","date_gmt":"2014-02-24T18:51:20","guid":{"rendered":"http:\/\/sites.usp.br\/sefea\/?page_id=79"},"modified":"2022-10-20T11:33:01","modified_gmt":"2022-10-20T13:33:01","slug":"iv-sefea","status":"publish","type":"page","link":"https:\/\/sites.usp.br\/sefea\/iv-sefea\/","title":{"rendered":"IV SEFEA-RP"},"content":{"rendered":"<h1><a href=\"https:\/\/sites.usp.br\/sefea\/wp-content\/uploads\/sites\/573\/2021\/04\/SEFEA-\u00edcone-WhatsApp.png\"><img loading=\"lazy\" decoding=\"async\" class=\"size-full wp-image-1030 aligncenter\" src=\"https:\/\/sites.usp.br\/sefea\/wp-content\/uploads\/sites\/573\/2021\/04\/SEFEA-\u00edcone-WhatsApp.png\" alt=\"\" width=\"349\" height=\"341\" srcset=\"https:\/\/sites.usp.br\/sefea\/wp-content\/uploads\/sites\/573\/2021\/04\/SEFEA-\u00edcone-WhatsApp.png 349w, https:\/\/sites.usp.br\/sefea\/wp-content\/uploads\/sites\/573\/2021\/04\/SEFEA-\u00edcone-WhatsApp-300x293.png 300w, https:\/\/sites.usp.br\/sefea\/wp-content\/uploads\/sites\/573\/2021\/04\/SEFEA-\u00edcone-WhatsApp-45x45.png 45w\" sizes=\"auto, (max-width: 349px) 100vw, 349px\" \/><\/a>IV SEFEA-RP<\/h1>\n<h4><a href=\"https:\/\/sites.usp.br\/sefea\/iv\/palestrantes-iv\">Palestrantes<\/a><\/h4>\n<h4><a href=\"https:\/\/sites.usp.br\/sefea\/desafio-iv\">Desafio<\/a><\/h4>\n<h4><a href=\"https:\/\/sites.usp.br\/sefea\/iv\/programacao-iv\">Programa\u00e7\u00e3o<\/a><\/h4>\n<ul>\n<li><a href=\"https:\/\/sites.usp.br\/sefea\/iv\/10-de-novembro-iv\">10 de novembro<\/a><\/li>\n<li><a href=\"https:\/\/sites.usp.br\/sefea\/iv\/11-de-novembro-iv\">11 de novembro<\/a><\/li>\n<\/ul>\n<h4><a href=\"https:\/\/sites.usp.br\/sefea\/iv\/inscricoes\/\">Inscri\u00e7\u00f5es<\/a><\/h4>\n<p>&nbsp;<\/p>\n<p>&nbsp;<\/p>\n<h3>CERIM\u00d4NIA DE ABERTURA<br \/>\n<iframe loading=\"lazy\" title=\"YouTube video player\" src=\"https:\/\/www.youtube.com\/embed\/-ivVoYhlT8g\" width=\"560\" height=\"315\" frameborder=\"0\" allowfullscreen=\"allowfullscreen\"><\/iframe><\/h3>\n<p>&nbsp;<\/p>\n<p>&nbsp;<\/p>\n<h3>Sobre a IV SEFEA-RP<\/h3>\n<p>A Faculdade de Economia, Administra\u00e7\u00e3o e Contabilidade de Ribeir\u00e3o Preto (FEA-RP) da USP promove nos dias 10 e 11 de novembro a quarta edi\u00e7\u00e3o da Semana Empresarial da FEA-RP \u2013 IV SEFEA-RP. Todas as atividades ser\u00e3o on-line e podem ser acessadas aqui.<\/p>\n<p>&nbsp;<\/p>\n<p>O evento, coordenado pelo professor Ildeberto Aparecido Rodello e pela equipe do Escrit\u00f3rio de Rela\u00e7\u00f5es Empresariais, \u00e9 dirigido especialmente a todos os alunos de gradua\u00e7\u00e3o e p\u00f3s-gradua\u00e7\u00e3o da faculdade, mas ser\u00e1 aberto aos alunos da USP e ao p\u00fablico em geral.<\/p>\n<p>&nbsp;<\/p>\n<p>A abertura do evento acontecer\u00e1 no dia 10 \u00e0s 8h e ter\u00e1 atividades nos per\u00edodos da manh\u00e3, tarde e noite. Algumas empresas ir\u00e3o se apresentar e conversar sobre seus programas de est\u00e1gio, trainee, trabalho e outros assuntos relacionados.<\/p>\n<p>&nbsp;<\/p>\n<p>Durante os dois dias haver\u00e1 uma programa\u00e7\u00e3o diversa, com palestras, workshops, e um case, o Desafio Ploomes &#8211; , que premiar\u00e1 os grupos com as melhores solu\u00e7\u00f5es. O edital do case, com as regras de forma\u00e7\u00e3o de grupos, crit\u00e9rios de avalia\u00e7\u00e3o, e outras informa\u00e7\u00f5es est\u00e1 dispon\u00edvel aqui: <a href=\"http:\/\/e.usp.br\/j25\">http:\/\/e.usp.br\/j25<\/a><\/p>\n<p>&nbsp;<\/p>\n<h3><strong>Programa\u00e7\u00e3o e inscri\u00e7\u00f5es<\/strong><\/h3>\n<p>A programa\u00e7\u00e3o completa est\u00e1 no site da SEFEA-RP. As inscri\u00e7\u00f5es e a participa\u00e7\u00e3o nas atividades ser\u00e3o realizadas pela plataforma Doity e podem ser acessadas aqui: <a href=\"https:\/\/doity.com.br\/sefea-rp--semana-empresarial-da-fea-rp-2021\">https:\/\/doity.com.br\/sefea-rp&#8211;semana-empresarial-da-fea-rp-2021<\/a><\/p>\n<p>&nbsp;<\/p>\n<h3><strong>Sistema de frequ\u00eancia &#8211; informa\u00e7\u00f5es exclusivas para alunos FEA-RP<br \/>\n<\/strong><\/h3>\n<p>Para obter o certificado de participa\u00e7\u00e3o em cada evento \u00e9 necess\u00e1rio assistir pelo menos 70% do tempo total de cada apresenta\u00e7\u00e3o. Os certificados de participa\u00e7\u00e3o nas atividades da IV SEFEA-RP poder\u00e3o ser reconhecidos como AAC (Atividade Acad\u00eamica Complementar).<\/p>\n<p>&nbsp;<\/p>\n<p>As aulas no per\u00edodo da IV SEFEA-RP est\u00e3o suspensas (n\u00e3o canceladas). O acordo feito entre a organiza\u00e7\u00e3o do evento, a Comiss\u00e3o de Gradua\u00e7\u00e3o e a Diretoria \u00e9 que haver\u00e1 controle de presen\u00e7a nas atividades durante o evento, que posteriormente servir\u00e1 de base para a decis\u00e3o dos docentes acerca de aloca\u00e7\u00e3o de frequ\u00eancia em suas disciplinas.<\/p>\n<p>&nbsp;<\/p>\n<p>Para a obten\u00e7\u00e3o de 100% de frequ\u00eancia, ser\u00e1 necess\u00e1rio ter assistido ao m\u00ednimo de 6 (seis) horas de atividades, mas esperamos que os alunos aproveitem muito mais que isso!<\/p>\n<p>&nbsp;<\/p>\n<p>&nbsp;<\/p>\n<p>Sobre<\/p>\n<p>A SEFEA-RP \u00e9 a Semana Empresarial da Faculdade de Economia, Administra\u00e7\u00e3o e Contabilidade de Ribeir\u00e3o Preto. \u00c9 um evento com intuito de integrar os alunos de uma das melhores faculdades de neg\u00f3cios da Am\u00e9rica Latina aos grandes nomes do mundo empresarial, estimulando um desenvolvimento profissional s\u00f3lido capaz de impactar positivamente o ecossistema corporativo.<\/p>\n<p>&nbsp;<\/p>\n<p class=\"font_8\"><strong>Networking<\/strong><\/p>\n<p class=\"font_8\">ambiente para integra\u00e7\u00e3o entre alunos, empresas, professores e participantes do evento<\/p>\n<p>&nbsp;<\/p>\n<p class=\"font_8\"><strong>Palestras<\/strong><\/p>\n<p class=\"font_8\">palestras de empres\u00e1rios sobre o mercado de trabalho<\/p>\n<p>&nbsp;<\/p>\n<p class=\"font_8\"><strong>Workshops<\/strong><\/p>\n<p><strong>Apresenta\u00e7\u00e3o de empresas<\/strong><\/p>\n<p>&nbsp;<\/p>\n<p class=\"font_8\"><strong>Game &#8211; Desafio<\/strong><\/p>\n<p class=\"font_8\">resolu\u00e7\u00e3o de case durante uma competi\u00e7\u00e3o entre grupos de alunos<\/p>\n","protected":false},"excerpt":{"rendered":"<p>IV SEFEA-RP Palestrantes Desafio Programa\u00e7\u00e3o 10 de novembro 11 de novembro Inscri\u00e7\u00f5es &nbsp; &nbsp; CERIM\u00d4NIA DE ABERTURA &nbsp; &nbsp; Sobre a IV SEFEA-RP A Faculdade de Economia, Administra\u00e7\u00e3o e Contabilidade de Ribeir\u00e3o Preto (FEA-RP) da USP promove nos dias 10 e 11 de novembro a quarta edi\u00e7\u00e3o da Semana Empresarial da FEA-RP \u2013 IV SEFEA-RP.<a href=\"https:\/\/sites.usp.br\/sefea\/iv-sefea\/\">[&#8230;]<\/a><\/p>\n","protected":false},"author":1,"featured_media":0,"parent":0,"menu_order":0,"comment_status":"closed","ping_status":"closed","template":"template-fullwidth-no-title.php","meta":{"_monsterinsights_skip_tracking":false,"_monsterinsights_sitenote_active":false,"_monsterinsights_sitenote_note":"","_monsterinsights_sitenote_category":0,"footnotes":"","_links_to":"","_links_to_target":""},"class_list":["post-79","page","type-page","status-publish","hentry"],"_links":{"self":[{"href":"https:\/\/sites.usp.br\/sefea\/wp-json\/wp\/v2\/pages\/79","targetHints":{"allow":["GET"]}}],"collection":[{"href":"https:\/\/sites.usp.br\/sefea\/wp-json\/wp\/v2\/pages"}],"about":[{"href":"https:\/\/sites.usp.br\/sefea\/wp-json\/wp\/v2\/types\/page"}],"author":[{"embeddable":true,"href":"https:\/\/sites.usp.br\/sefea\/wp-json\/wp\/v2\/users\/1"}],"replies":[{"embeddable":true,"href":"https:\/\/sites.usp.br\/sefea\/wp-json\/wp\/v2\/comments?post=79"}],"version-history":[{"count":7,"href":"https:\/\/sites.usp.br\/sefea\/wp-json\/wp\/v2\/pages\/79\/revisions"}],"predecessor-version":[{"id":1563,"href":"https:\/\/sites.usp.br\/sefea\/wp-json\/wp\/v2\/pages\/79\/revisions\/1563"}],"wp:attachment":[{"href":"https:\/\/sites.usp.br\/sefea\/wp-json\/wp\/v2\/media?parent=79"}],"curies":[{"name":"wp","href":"https:\/\/api.w.org\/{rel}","templated":true}]}}