{"id":325,"date":"2023-11-07T13:31:21","date_gmt":"2023-11-07T15:31:21","guid":{"rendered":"https:\/\/sites.usp.br\/seghid\/?page_id=325"},"modified":"2024-07-06T00:40:55","modified_gmt":"2024-07-06T02:40:55","slug":"equipe","status":"publish","type":"page","link":"https:\/\/sites.usp.br\/seghid\/equipe\/","title":{"rendered":"Equipe"},"content":{"rendered":"<p><b>Equipe da Para\u00edba\u00a0<\/b><\/p>\n<p>&nbsp;<\/p>\n<p><b>Professores\/Pesquisadores envolvidos UFCG, UEPB, UFPB e IFPB<\/b><\/p>\n<table>\n<tbody>\n<tr>\n<td><b>MEMBRO<\/b><\/td>\n<td><b>INSTITUI\u00c7\u00c3O\u00a0<\/b><\/td>\n<td><b>LINK DO CV LATTES<\/b><\/td>\n<\/tr>\n<tr>\n<td><span style=\"font-weight: 400;\">Prof. Dr. Jos\u00e9 Irivaldo Alves Oliveira Silva &#8211; Universidade Federal de Campina Grande &#8211; Coordena\u00e7\u00e3o<\/span><\/td>\n<td><span style=\"font-weight: 400;\">UFCG<\/span><\/td>\n<td><a href=\"http:\/\/lattes.cnpq.br\/8980645523068866\"><b>\u00a0 \u00a0 \u00a0 http:\/\/lattes.cnpq.br\/8980645523068866<\/b><\/a><\/td>\n<\/tr>\n<tr>\n<td><span style=\"font-weight: 400;\">Prof. Dr. Hugo Morais de Alc\u00e2ntara<\/span><\/td>\n<td><span style=\"font-weight: 400;\">UFCG<\/span><\/td>\n<td><a href=\"http:\/\/lattes.cnpq.br\/8980645523068866\"><b>\u00a0 http:\/\/lattes.cnpq.br\/8980645523068866<\/b><\/a><\/td>\n<\/tr>\n<tr>\n<td><span style=\"font-weight: 400;\">Profa. Dra. \u00c2ngela Maria\u00a0<\/span><\/p>\n<p><span style=\"font-weight: 400;\">Cavalcanti Ramalho<\/span><\/td>\n<td><span style=\"font-weight: 400;\">UEPB<\/span><\/td>\n<td><a href=\"http:\/\/lattes.cnpq.br\/7449740069093028\"><b>http:\/\/lattes.cnpq.br\/7449740069093028<\/b><\/a><\/td>\n<\/tr>\n<tr>\n<td><span style=\"font-weight: 400;\">Prof. Dr. Allan Gustavo\u00a0<\/span><\/p>\n<p><span style=\"font-weight: 400;\">Freire da Silva<\/span><\/td>\n<td><span style=\"font-weight: 400;\">UFCG<\/span><\/td>\n<td><a href=\"http:\/\/lattes.cnpq.br\/0886300382020774\"><b> http:\/\/lattes.cnpq.br\/0886300382020774<\/b><\/a><\/td>\n<\/tr>\n<tr>\n<td><span style=\"font-weight: 400;\">Prof. Dr. Talden Farias\u00a0\u00a0<\/span><\/td>\n<td><span style=\"font-weight: 400;\">UFPB<\/span><\/td>\n<td><a href=\"http:\/\/lattes.cnpq.br\/4382739797562529\"><b>http:\/\/lattes.cnpq.br\/4382739797562529<\/b><\/a><\/td>\n<\/tr>\n<tr>\n<td><span style=\"font-weight: 400;\">Profa. Dra. Belinda Pereira da Cunha\u00a0<\/span><\/td>\n<td><span style=\"font-weight: 400;\">UFPB<\/span><\/td>\n<td><a href=\"http:\/\/lattes.cnpq.br\/0644239791863312\"><b>http:\/\/lattes.cnpq.br\/0644239791863312<\/b><\/a><\/td>\n<\/tr>\n<tr>\n<td><span style=\"font-weight: 400;\">Prof. Dr. Cidoval Morais de Sousa<\/span><\/td>\n<td><span style=\"font-weight: 400;\">UEPB<\/span><\/td>\n<td><a href=\"http:\/\/lattes.cnpq.br\/0573233540937425\"><b>http:\/\/lattes.cnpq.br\/0573233540937425<\/b><\/a><\/td>\n<\/tr>\n<tr>\n<td><span style=\"font-weight: 400;\">Prof. Dr. Salom\u00e3o\u00a0<\/span><\/p>\n<p><span style=\"font-weight: 400;\">de Sousa Medeiros<\/span><\/td>\n<td><span style=\"font-weight: 400;\">IFPB<\/span><\/td>\n<td><a href=\"http:\/\/lattes.cnpq.br\/9621251182899061\"><b>http:\/\/lattes.cnpq.br\/9621251182899061<\/b><\/a><\/td>\n<\/tr>\n<tr>\n<td><span style=\"font-weight: 400;\">Prof. Dr. Fernando Schramm<\/span><\/td>\n<td><span style=\"font-weight: 400;\">UFCG<\/span><\/td>\n<td><a href=\"http:\/\/lattes.cnpq.br\/3122316792974996\"><b>http:\/\/lattes.cnpq.br\/3122316792974996<\/b><\/a><\/td>\n<\/tr>\n<tr>\n<td><span style=\"font-weight: 400;\">Profa. Dra. Vanessa Schramm<\/span><\/td>\n<td><span style=\"font-weight: 400;\">UFCG<\/span><\/td>\n<td><a href=\"http:\/\/lattes.cnpq.br\/7505499644517781\"><b>http:\/\/lattes.cnpq.br\/7505499644517781<\/b><\/a><\/td>\n<\/tr>\n<tr>\n<td colspan=\"3\"><b>Alunos envolvidos na P\u00f3s-Gradua\u00e7\u00e3o<\/b><\/td>\n<\/tr>\n<tr>\n<td><span style=\"font-weight: 400;\">Marcelo Bruno Bedoni de Sousa\u00a0<\/span><\/td>\n<td><span style=\"font-weight: 400;\">UFPB<\/span><\/td>\n<td><a href=\"http:\/\/lattes.cnpq.br\/7313096053955008\"><b>http:\/\/lattes.cnpq.br\/7313096053955008<\/b><\/a><\/td>\n<\/tr>\n<tr>\n<td><span style=\"font-weight: 400;\">Jom\u00e1via Lacerda Correia<\/span><\/td>\n<td><span style=\"font-weight: 400;\">UFCG<\/span><\/td>\n<td><a href=\"http:\/\/lattes.cnpq.br\/1011676900526532\"><b>http:\/\/lattes.cnpq.br\/1011676900526532<\/b><\/a><\/td>\n<\/tr>\n<tr>\n<td><span style=\"font-weight: 400;\">Luciana Gomes Monteiro<\/span><\/td>\n<td><span style=\"font-weight: 400;\">UFCG<\/span><\/td>\n<td><a href=\"http:\/\/lattes.cnpq.br\/9075035997290025\"><b> http:\/\/lattes.cnpq.br\/9075035997290025<\/b><\/a><\/td>\n<\/tr>\n<tr>\n<td><span style=\"font-weight: 400;\">Leonardo Leite Nascimento<\/span><\/td>\n<td><span style=\"font-weight: 400;\">UFPB<\/span><\/td>\n<td><a href=\"http:\/\/lattes.cnpq.br\/4672401059888127\"><b>http:\/\/lattes.cnpq.br\/4672401059888127<\/b><\/a><\/td>\n<\/tr>\n<tr>\n<td><span style=\"font-weight: 400;\">Adriane Ferraz F\u00e9lix<\/span><\/td>\n<td><span style=\"font-weight: 400;\">UFCG<\/span><\/td>\n<td><a href=\"http:\/\/lattes.cnpq.br\/2575638633655576\"><b>http:\/\/lattes.cnpq.br\/2575638633655576<\/b><\/a><\/td>\n<\/tr>\n<tr>\n<td><span style=\"font-weight: 400;\">Andr\u00e9a Ferreira Leite<\/span><\/td>\n<td><span style=\"font-weight: 400;\">UEPB<\/span><\/td>\n<td><a href=\"http:\/\/lattes.cnpq.br\/9628009912343512\"><b>http:\/\/lattes.cnpq.br\/9628009912343512<\/b><\/a><\/td>\n<\/tr>\n<\/tbody>\n<\/table>\n<table style=\"height: 170px;\" width=\"917\">\n<tbody>\n<tr>\n<td>Yuri Batista Oliveira Gomes<\/td>\n<td>UEPB<\/td>\n<td><a href=\"http:\/\/lattes.cnpq.br\/0177331983831383\">http:\/\/lattes.cnpq.br\/0177331983831383<\/a><\/td>\n<\/tr>\n<tr>\n<td>Maria de Lourdes Saturnino Gomes<\/td>\n<td>UFCG<\/td>\n<td><a href=\"http:\/\/lattes.cnpq.br\/6975542958222228\">http:\/\/lattes.cnpq.br\/6975542958222228<\/a><\/td>\n<\/tr>\n<tr>\n<td>Gabriel Alves do Rosario<\/td>\n<td>UFCG<\/td>\n<td><a href=\"http:\/\/lattes.cnpq.br\/7357009360967538\">http:\/\/lattes.cnpq.br\/7357009360967538<\/a><\/td>\n<\/tr>\n<tr>\n<td>Claudiney Carlos Rodrigues<\/td>\n<td>UFCG<\/td>\n<td><a href=\"http:\/\/lattes.cnpq.br\/2743302391094647\">http:\/\/lattes.cnpq.br\/2743302391094647<\/a><\/td>\n<\/tr>\n<\/tbody>\n<\/table>\n<p>&nbsp;<\/p>\n<p><b>Equipe de S\u00e3o Paulo<\/b><\/p>\n<p>&nbsp;<\/p>\n<table style=\"height: 1156px;\" width=\"888\">\n<tbody>\n<tr>\n<td><b>MEMBRO<\/b><\/td>\n<td><b>INSTITUI\u00c7\u00c3O\u00a0<\/b><\/td>\n<td><b>LINK DO CV LATTES<\/b><\/td>\n<\/tr>\n<tr>\n<td><span style=\"font-weight: 400;\">Prof. Dr. Pedro\u00a0<\/span><\/p>\n<p><span style=\"font-weight: 400;\">Roberto Jacobi &#8211; Coordena\u00e7\u00e3o<\/span><\/td>\n<td><span style=\"font-weight: 400;\">Instituto de Energia e Ambiente &#8211; IEA &#8211; USP<\/span><\/td>\n<td><a href=\"http:\/\/lattes.cnpq.br\/6799067928413168\"><b>http:\/\/lattes.cnpq.br\/6799067928413168<\/b><\/a><\/td>\n<\/tr>\n<tr>\n<td><span style=\"font-weight: 400;\">Prof. Dr. Paulo de Almeida\u00a0<\/span><\/p>\n<p><span style=\"font-weight: 400;\">Sinisgalli<\/span><\/td>\n<td><span style=\"font-weight: 400;\">Instituto de Energia e Ambiente &#8211; IEA &#8211; USP<\/span><\/td>\n<td><a href=\"http:\/\/lattes.cnpq.br\/1758254967187398\"><b>http:\/\/lattes.cnpq.br\/1758254967187398<\/b><\/a><\/td>\n<\/tr>\n<tr>\n<td><span style=\"font-weight: 400;\">Prof. Dr. Pedro L. Cortes<\/span><\/td>\n<td><span style=\"font-weight: 400;\">Instituto de Energia e Ambiente &#8211; IEA &#8211; USP<\/span><\/td>\n<td><a href=\"http:\/\/lattes.cnpq.br\/0806369390396060\"><b>http:\/\/lattes.cnpq.br\/0806369390396060<\/b><\/a><\/td>\n<\/tr>\n<tr>\n<td><span style=\"font-weight: 400;\">Profa. Sandra Momm<\/span><\/td>\n<td><span style=\"font-weight: 400;\">UFABC<\/span><\/td>\n<td><a href=\"http:\/\/lattes.cnpq.br\/2553716340194286\"><b>http:\/\/lattes.cnpq.br\/2553716340194286<\/b><\/a><\/td>\n<\/tr>\n<tr>\n<td><span style=\"font-weight: 400;\">Profa.Vanessa Empinotti\u00a0<\/span><\/td>\n<td><span style=\"font-weight: 400;\">UFABC<\/span><\/td>\n<td><a href=\"http:\/\/lattes.cnpq.br\/6212045957387120\"><b>http:\/\/lattes.cnpq.br\/6212045957387120<\/b><\/a><\/td>\n<\/tr>\n<tr>\n<td><span style=\"font-weight: 400;\">Msc. Amauri Pollachi<\/span><\/td>\n<td><span style=\"font-weight: 400;\">UFABC<\/span><\/td>\n<td><a href=\"http:\/\/lattes.cnpq.br\/4756689271436611\"><b>http:\/\/lattes.cnpq.br\/4756689271436611<\/b><\/a><\/td>\n<\/tr>\n<tr>\n<td><span style=\"font-weight: 400;\">Dra. Estela Macedo Alves<\/span><\/td>\n<td><span style=\"font-weight: 400;\">Instituto de\u00a0<\/span><\/p>\n<p><span style=\"font-weight: 400;\">Estudos Avan\u00e7ados &#8211; IEA &#8211; USP<\/span><\/td>\n<td><a href=\"http:\/\/lattes.cnpq.br\/2535229918434041\"><b>http:\/\/lattes.cnpq.br\/2535229918434041<\/b><\/a><\/td>\n<\/tr>\n<tr>\n<td><span style=\"font-weight: 400;\">Dr. Osvaldo Aly<\/span><\/td>\n<td><span style=\"font-weight: 400;\">Centro de Estudos em\u00a0<\/span><\/p>\n<p><span style=\"font-weight: 400;\">\u00c1guas Subterr\u00e2neas &#8211; CEPAS-USP<\/span><\/td>\n<td><a href=\"http:\/\/lattes.cnpq.br\/9927342599524750\"><b>http:\/\/lattes.cnpq.br\/9927342599524750<\/b><\/a><\/td>\n<\/tr>\n<tr>\n<td><span style=\"font-weight: 400;\">Dra. Mariana Gutierres\u00a0<\/span><\/p>\n<p><span style=\"font-weight: 400;\">Arteiro da Paz<\/span><\/td>\n<td><span style=\"font-weight: 400;\">Instituto Nacional de Pesquisas Espaciais-\u00a0<\/span><\/p>\n<p><span style=\"font-weight: 400;\">INPE<\/span><\/td>\n<td><a href=\"http:\/\/lattes.cnpq.br\/2575399602376969\"><b>http:\/\/lattes.cnpq.br\/2575399602376969<\/b><\/a><\/td>\n<\/tr>\n<tr>\n<td><span style=\"font-weight: 400;\">Dra. Carolina Monteiro de\u00a0<\/span><\/p>\n<p><span style=\"font-weight: 400;\">Carvalho<\/span><\/td>\n<td><span style=\"font-weight: 400;\">Instituto de Energia e Ambiente &#8211; IEE &#8211; USP<\/span><\/td>\n<td><a href=\"http:\/\/lattes.cnpq.br\/0147998640990334\"><b>http:\/\/lattes.cnpq.br\/0147998640990334<\/b><\/a><\/td>\n<\/tr>\n<tr>\n<td><span style=\"font-weight: 400;\">Dr.Victor Kinjo<\/span><\/td>\n<td><span style=\"font-weight: 400;\">Instituto de\u00a0<\/span><\/p>\n<p><span style=\"font-weight: 400;\">Estudos Avan\u00e7ados\u00a0<\/span><\/p>\n<p><span style=\"font-weight: 400;\">&#8211; IEA &#8211; USP<\/span><\/td>\n<td><a href=\"http:\/\/lattes.cnpq.br\/4704019148951034\"><b>http:\/\/lattes.cnpq.br\/4704019148951034<\/b><\/a><\/td>\n<\/tr>\n<tr>\n<td><span style=\"font-weight: 400;\">Dr. Bruno Peregrina Puga<\/span><\/td>\n<td><span style=\"font-weight: 400;\">Universidade Vale do<\/span><\/p>\n<p><span style=\"font-weight: 400;\">Para\u00edba &#8211; Univap<\/span><\/td>\n<td><a href=\"http:\/\/lattes.cnpq.br\/3658728948997801\"><b>http:\/\/lattes.cnpq.br\/3658728948997801<\/b><\/a><\/td>\n<\/tr>\n<tr>\n<td><span style=\"font-weight: 400;\">Dra. Zenaida Lauda-Rodriguez<\/span><\/td>\n<td><span style=\"font-weight: 400;\">Instituto de Energia e Ambiente &#8211; IEE &#8211; USP<\/span><\/p>\n<p><span style=\"font-weight: 400;\">RESAMA<\/span><\/td>\n<td><a href=\"http:\/\/lattes.cnpq.br\/8141462531376597\"><b>http:\/\/lattes.cnpq.br\/8141462531376597<\/b><\/a><\/td>\n<\/tr>\n<tr>\n<td colspan=\"3\"><b>Alunos envolvidos na P\u00f3s-Gradua\u00e7\u00e3o<\/b><\/td>\n<\/tr>\n<tr>\n<td><span style=\"font-weight: 400;\">Bruno C\u00e9sar Nascimento Portes<\/span><\/td>\n<td><span style=\"font-weight: 400;\">USP<\/span><\/td>\n<td><a href=\"http:\/\/lattes.cnpq.br\/2925874925850682\"><b>http:\/\/lattes.cnpq.br\/2925874925850682<\/b><\/a><\/td>\n<\/tr>\n<tr>\n<td><span style=\"font-weight: 400;\">Rosa Mancini<\/span><\/td>\n<td><span style=\"font-weight: 400;\">USP<\/span><\/td>\n<td><a href=\"http:\/\/lattes.cnpq.br\/6112881558161278\"><b>http:\/\/lattes.cnpq.br\/6112881558161278<\/b><\/a><\/td>\n<\/tr>\n<tr>\n<td><span style=\"font-weight: 400;\">Marcos Tavares de Arruda<\/span><\/p>\n<p><span style=\"font-weight: 400;\">Filho<\/span><\/td>\n<td><span style=\"font-weight: 400;\">USP<\/span><\/td>\n<td><a href=\"http:\/\/lattes.cnpq.br\/0227181029404231\"><b>http:\/\/lattes.cnpq.br\/0227181029404231<\/b><\/a><\/td>\n<\/tr>\n<tr>\n<td colspan=\"3\"><b>Alunos envolvidos na Gradua\u00e7\u00e3o<\/b><\/td>\n<\/tr>\n<tr>\n<td><span style=\"font-weight: 400;\">Clariana Monteiro da Silva Peixoto<\/span><\/td>\n<td><span style=\"font-weight: 400;\">USP<\/span><\/td>\n<td><a href=\"http:\/\/lattes.cnpq.br\/2811435364038604\"><b>http:\/\/lattes.cnpq.br\/2811435364038604<\/b><\/a><\/td>\n<\/tr>\n<\/tbody>\n<\/table>\n","protected":false},"excerpt":{"rendered":"<p>Equipe da Para\u00edba\u00a0 &nbsp; Professores\/Pesquisadores envolvidos UFCG, UEPB, UFPB e IFPB MEMBRO INSTITUI\u00c7\u00c3O\u00a0 LINK DO CV LATTES Prof. Dr. Jos\u00e9 Irivaldo Alves Oliveira Silva &#8211; Universidade Federal de Campina Grande &#8211; Coordena\u00e7\u00e3o UFCG \u00a0 \u00a0 \u00a0 http:\/\/lattes.cnpq.br\/8980645523068866 Prof. Dr. Hugo Morais de Alc\u00e2ntara UFCG \u00a0 http:\/\/lattes.cnpq.br\/8980645523068866 Profa. Dra. \u00c2ngela Maria\u00a0 Cavalcanti Ramalho UEPB http:\/\/lattes.cnpq.br\/7449740069093028 Prof.<a href=\"https:\/\/sites.usp.br\/seghid\/equipe\/\">[&#8230;]<\/a><\/p>\n","protected":false},"author":23646,"featured_media":0,"parent":0,"menu_order":1,"comment_status":"closed","ping_status":"closed","template":"","meta":{"footnotes":"","_links_to":"","_links_to_target":""},"class_list":["post-325","page","type-page","status-publish","hentry"],"_links":{"self":[{"href":"https:\/\/sites.usp.br\/seghid\/wp-json\/wp\/v2\/pages\/325","targetHints":{"allow":["GET"]}}],"collection":[{"href":"https:\/\/sites.usp.br\/seghid\/wp-json\/wp\/v2\/pages"}],"about":[{"href":"https:\/\/sites.usp.br\/seghid\/wp-json\/wp\/v2\/types\/page"}],"author":[{"embeddable":true,"href":"https:\/\/sites.usp.br\/seghid\/wp-json\/wp\/v2\/users\/23646"}],"replies":[{"embeddable":true,"href":"https:\/\/sites.usp.br\/seghid\/wp-json\/wp\/v2\/comments?post=325"}],"version-history":[{"count":4,"href":"https:\/\/sites.usp.br\/seghid\/wp-json\/wp\/v2\/pages\/325\/revisions"}],"predecessor-version":[{"id":553,"href":"https:\/\/sites.usp.br\/seghid\/wp-json\/wp\/v2\/pages\/325\/revisions\/553"}],"wp:attachment":[{"href":"https:\/\/sites.usp.br\/seghid\/wp-json\/wp\/v2\/media?parent=325"}],"curies":[{"name":"wp","href":"https:\/\/api.w.org\/{rel}","templated":true}]}}