{"id":624,"date":"2024-09-15T18:34:58","date_gmt":"2024-09-15T20:34:58","guid":{"rendered":"https:\/\/sites.usp.br\/seghid\/?page_id=624"},"modified":"2024-09-15T18:53:21","modified_gmt":"2024-09-15T20:53:21","slug":"seminarios","status":"publish","type":"page","link":"https:\/\/sites.usp.br\/seghid\/seminarios\/","title":{"rendered":"Semin\u00e1rios"},"content":{"rendered":"<p>&nbsp;<\/p>\n<p><strong>SEMIN\u00c1RIO NACIONAL CIDADES INTELIGENTES, RECURSOS H\u00cdDRICOS E PLANEJAMENTO<\/strong><\/p>\n<p><iframe loading=\"lazy\" title=\"SEMIN\u00c1RIO NACIONAL CIDADES INTELIGENTES, GEST\u00c3O DE RECURSOS H\u00cdDRICOS E PLANEJAMENTO UEPB DIA 1 MANHA\" width=\"640\" height=\"360\" src=\"https:\/\/www.youtube.com\/embed\/GnONdlNsxW0?feature=oembed\" frameborder=\"0\" allow=\"accelerometer; autoplay; clipboard-write; encrypted-media; gyroscope; picture-in-picture; web-share\" referrerpolicy=\"strict-origin-when-cross-origin\" allowfullscreen><\/iframe><\/p>\n<p><iframe loading=\"lazy\" title=\"SEMIN\u00c1RIO NACIONAL CIDADES INTELIGENTES, GEST\u00c3O DE RECURSOS H\u00cdDRICOS E PLANEJAMENTO DIA 1 TARDE\" width=\"640\" height=\"360\" src=\"https:\/\/www.youtube.com\/embed\/3lEBfyZTJRY?start=1246&#038;feature=oembed\" frameborder=\"0\" allow=\"accelerometer; autoplay; clipboard-write; encrypted-media; gyroscope; picture-in-picture; web-share\" referrerpolicy=\"strict-origin-when-cross-origin\" allowfullscreen><\/iframe><\/p>\n<p><iframe loading=\"lazy\" title=\"SEMIN\u00c1RIO NACIONAL CIDADES INTELIGENTES, GEST\u00c3O DE RECURSOS H\u00cdDRICOS E PLANEJAMENTO  DIA 1 NOITE\" width=\"640\" height=\"360\" src=\"https:\/\/www.youtube.com\/embed\/uOgGM_IFu1U?feature=oembed\" frameborder=\"0\" allow=\"accelerometer; autoplay; clipboard-write; encrypted-media; gyroscope; picture-in-picture; web-share\" referrerpolicy=\"strict-origin-when-cross-origin\" allowfullscreen><\/iframe><\/p>\n<p><iframe loading=\"lazy\" title=\"SEMIN\u00c1RIO NACIONAL CIDADES INTELIGENTES, GEST\u00c3O DE RECURSOS H\u00cdDRICOS E PLANEJAMENTO DIA 2 SALA 1\" width=\"640\" height=\"360\" src=\"https:\/\/www.youtube.com\/embed\/2ig0_uV5bcY?start=4441&#038;feature=oembed\" frameborder=\"0\" allow=\"accelerometer; autoplay; clipboard-write; encrypted-media; gyroscope; picture-in-picture; web-share\" referrerpolicy=\"strict-origin-when-cross-origin\" allowfullscreen><\/iframe><\/p>\n<p><iframe loading=\"lazy\" title=\"SEMIN\u00c1RIO CIDADES INTELIGENTES, GEST\u00c3O DE RECURSOS H\u00cdDRICOS E PLANEJAMENTO\" width=\"640\" height=\"360\" src=\"https:\/\/www.youtube.com\/embed\/BL1-3-bvly4?start=395&#038;feature=oembed\" frameborder=\"0\" allow=\"accelerometer; autoplay; clipboard-write; encrypted-media; gyroscope; picture-in-picture; web-share\" referrerpolicy=\"strict-origin-when-cross-origin\" allowfullscreen><\/iframe><\/p>\n<p><iframe loading=\"lazy\" title=\"SEMIN\u00c1RIO CIDADES INTELIGENTES, GEST\u00c3O DE RECURSOS H\u00cdDRICOS E PLANEJAMENTO\" width=\"640\" height=\"360\" src=\"https:\/\/www.youtube.com\/embed\/OH8keXFRXL0?start=421&#038;feature=oembed\" frameborder=\"0\" allow=\"accelerometer; autoplay; clipboard-write; encrypted-media; gyroscope; picture-in-picture; web-share\" referrerpolicy=\"strict-origin-when-cross-origin\" allowfullscreen><\/iframe><\/p>\n<p><a href=\"https:\/\/sites.usp.br\/seghid\/wp-content\/uploads\/sites\/1361\/2024\/09\/PHOTO-2023-05-10-16-03-49-2.jpg\"><img loading=\"lazy\" decoding=\"async\" class=\"alignnone size-full wp-image-631\" src=\"https:\/\/sites.usp.br\/seghid\/wp-content\/uploads\/sites\/1361\/2024\/09\/PHOTO-2023-05-10-16-03-49-2.jpg\" alt=\"\" width=\"1280\" height=\"720\" srcset=\"https:\/\/sites.usp.br\/seghid\/wp-content\/uploads\/sites\/1361\/2024\/09\/PHOTO-2023-05-10-16-03-49-2.jpg 1280w, https:\/\/sites.usp.br\/seghid\/wp-content\/uploads\/sites\/1361\/2024\/09\/PHOTO-2023-05-10-16-03-49-2-300x169.jpg 300w, https:\/\/sites.usp.br\/seghid\/wp-content\/uploads\/sites\/1361\/2024\/09\/PHOTO-2023-05-10-16-03-49-2-1024x576.jpg 1024w, https:\/\/sites.usp.br\/seghid\/wp-content\/uploads\/sites\/1361\/2024\/09\/PHOTO-2023-05-10-16-03-49-2-768x432.jpg 768w, https:\/\/sites.usp.br\/seghid\/wp-content\/uploads\/sites\/1361\/2024\/09\/PHOTO-2023-05-10-16-03-49-2-310x174.jpg 310w, https:\/\/sites.usp.br\/seghid\/wp-content\/uploads\/sites\/1361\/2024\/09\/PHOTO-2023-05-10-16-03-49-2-400x225.jpg 400w\" sizes=\"auto, (max-width: 1280px) 100vw, 1280px\" \/><\/a> <a href=\"https:\/\/sites.usp.br\/seghid\/wp-content\/uploads\/sites\/1361\/2024\/09\/PHOTO-2023-05-10-16-03-52-2.jpg\"><img loading=\"lazy\" decoding=\"async\" class=\"alignnone size-full wp-image-632\" src=\"https:\/\/sites.usp.br\/seghid\/wp-content\/uploads\/sites\/1361\/2024\/09\/PHOTO-2023-05-10-16-03-52-2.jpg\" alt=\"\" width=\"1600\" height=\"1204\" srcset=\"https:\/\/sites.usp.br\/seghid\/wp-content\/uploads\/sites\/1361\/2024\/09\/PHOTO-2023-05-10-16-03-52-2.jpg 1600w, https:\/\/sites.usp.br\/seghid\/wp-content\/uploads\/sites\/1361\/2024\/09\/PHOTO-2023-05-10-16-03-52-2-300x226.jpg 300w, https:\/\/sites.usp.br\/seghid\/wp-content\/uploads\/sites\/1361\/2024\/09\/PHOTO-2023-05-10-16-03-52-2-1024x771.jpg 1024w, https:\/\/sites.usp.br\/seghid\/wp-content\/uploads\/sites\/1361\/2024\/09\/PHOTO-2023-05-10-16-03-52-2-768x578.jpg 768w, https:\/\/sites.usp.br\/seghid\/wp-content\/uploads\/sites\/1361\/2024\/09\/PHOTO-2023-05-10-16-03-52-2-1536x1156.jpg 1536w, https:\/\/sites.usp.br\/seghid\/wp-content\/uploads\/sites\/1361\/2024\/09\/PHOTO-2023-05-10-16-03-52-2-285x214.jpg 285w, https:\/\/sites.usp.br\/seghid\/wp-content\/uploads\/sites\/1361\/2024\/09\/PHOTO-2023-05-10-16-03-52-2-80x60.jpg 80w, https:\/\/sites.usp.br\/seghid\/wp-content\/uploads\/sites\/1361\/2024\/09\/PHOTO-2023-05-10-16-03-52-2-400x301.jpg 400w\" sizes=\"auto, (max-width: 1600px) 100vw, 1600px\" \/><\/a> <a href=\"https:\/\/sites.usp.br\/seghid\/wp-content\/uploads\/sites\/1361\/2024\/09\/PHOTO-2023-05-10-16-03-53.jpg\"><img loading=\"lazy\" decoding=\"async\" class=\"alignnone size-full wp-image-633\" src=\"https:\/\/sites.usp.br\/seghid\/wp-content\/uploads\/sites\/1361\/2024\/09\/PHOTO-2023-05-10-16-03-53.jpg\" alt=\"\" width=\"1600\" height=\"1200\" srcset=\"https:\/\/sites.usp.br\/seghid\/wp-content\/uploads\/sites\/1361\/2024\/09\/PHOTO-2023-05-10-16-03-53.jpg 1600w, https:\/\/sites.usp.br\/seghid\/wp-content\/uploads\/sites\/1361\/2024\/09\/PHOTO-2023-05-10-16-03-53-300x225.jpg 300w, https:\/\/sites.usp.br\/seghid\/wp-content\/uploads\/sites\/1361\/2024\/09\/PHOTO-2023-05-10-16-03-53-1024x768.jpg 1024w, https:\/\/sites.usp.br\/seghid\/wp-content\/uploads\/sites\/1361\/2024\/09\/PHOTO-2023-05-10-16-03-53-768x576.jpg 768w, https:\/\/sites.usp.br\/seghid\/wp-content\/uploads\/sites\/1361\/2024\/09\/PHOTO-2023-05-10-16-03-53-1536x1152.jpg 1536w, https:\/\/sites.usp.br\/seghid\/wp-content\/uploads\/sites\/1361\/2024\/09\/PHOTO-2023-05-10-16-03-53-285x214.jpg 285w, https:\/\/sites.usp.br\/seghid\/wp-content\/uploads\/sites\/1361\/2024\/09\/PHOTO-2023-05-10-16-03-53-80x60.jpg 80w, https:\/\/sites.usp.br\/seghid\/wp-content\/uploads\/sites\/1361\/2024\/09\/PHOTO-2023-05-10-16-03-53-400x300.jpg 400w\" sizes=\"auto, (max-width: 1600px) 100vw, 1600px\" \/><\/a><\/p>\n<div id=\"attachment_634\" style=\"width: 1334px\" class=\"wp-caption alignnone\"><a href=\"https:\/\/sites.usp.br\/seghid\/wp-content\/uploads\/sites\/1361\/2024\/09\/IMG_1274.jpg\"><img loading=\"lazy\" decoding=\"async\" aria-describedby=\"caption-attachment-634\" class=\"size-full wp-image-634\" src=\"https:\/\/sites.usp.br\/seghid\/wp-content\/uploads\/sites\/1361\/2024\/09\/IMG_1274.jpg\" alt=\"\" width=\"1324\" height=\"750\" srcset=\"https:\/\/sites.usp.br\/seghid\/wp-content\/uploads\/sites\/1361\/2024\/09\/IMG_1274.jpg 1324w, https:\/\/sites.usp.br\/seghid\/wp-content\/uploads\/sites\/1361\/2024\/09\/IMG_1274-300x170.jpg 300w, https:\/\/sites.usp.br\/seghid\/wp-content\/uploads\/sites\/1361\/2024\/09\/IMG_1274-1024x580.jpg 1024w, https:\/\/sites.usp.br\/seghid\/wp-content\/uploads\/sites\/1361\/2024\/09\/IMG_1274-768x435.jpg 768w, https:\/\/sites.usp.br\/seghid\/wp-content\/uploads\/sites\/1361\/2024\/09\/IMG_1274-400x227.jpg 400w\" sizes=\"auto, (max-width: 1324px) 100vw, 1324px\" \/><\/a><p id=\"caption-attachment-634\" class=\"wp-caption-text\">Screenshot<\/p><\/div>\n<p><strong>Semin\u00e1rio Mudan\u00e7as Clim\u00e1ticas, Adapta\u00e7\u00e3o justa e transforma\u00e7\u00e3o e Curso Internacional, com a presen\u00e7a da Pesquisadora Dra. Carla Gomes da Universidade de Lisboa<\/strong><\/p>\n<p><iframe loading=\"lazy\" title=\"PALESTRA CARLA GOMES\" width=\"640\" height=\"360\" src=\"https:\/\/www.youtube.com\/embed\/CZGo0Uh0hAc?feature=oembed\" frameborder=\"0\" allow=\"accelerometer; autoplay; clipboard-write; encrypted-media; gyroscope; picture-in-picture; web-share\" referrerpolicy=\"strict-origin-when-cross-origin\" allowfullscreen><\/iframe><\/p>\n<p><strong>SEMIN\u00c1RIO ENERGIAS RENOV\u00c1VEIS, MUDAN\u00c7AS CLIM\u00c1TICAS E DESENVOLVIMENTO<\/strong><\/p>\n<p><a href=\"https:\/\/sites.usp.br\/seghid\/wp-content\/uploads\/sites\/1361\/2024\/09\/f3abae9a-7e2b-470e-8518-bb710716c3de.jpg\"><img loading=\"lazy\" decoding=\"async\" class=\"alignnone size-full wp-image-640\" src=\"https:\/\/sites.usp.br\/seghid\/wp-content\/uploads\/sites\/1361\/2024\/09\/f3abae9a-7e2b-470e-8518-bb710716c3de.jpg\" alt=\"\" width=\"1599\" height=\"899\" srcset=\"https:\/\/sites.usp.br\/seghid\/wp-content\/uploads\/sites\/1361\/2024\/09\/f3abae9a-7e2b-470e-8518-bb710716c3de.jpg 1599w, https:\/\/sites.usp.br\/seghid\/wp-content\/uploads\/sites\/1361\/2024\/09\/f3abae9a-7e2b-470e-8518-bb710716c3de-300x169.jpg 300w, https:\/\/sites.usp.br\/seghid\/wp-content\/uploads\/sites\/1361\/2024\/09\/f3abae9a-7e2b-470e-8518-bb710716c3de-1024x576.jpg 1024w, https:\/\/sites.usp.br\/seghid\/wp-content\/uploads\/sites\/1361\/2024\/09\/f3abae9a-7e2b-470e-8518-bb710716c3de-768x432.jpg 768w, https:\/\/sites.usp.br\/seghid\/wp-content\/uploads\/sites\/1361\/2024\/09\/f3abae9a-7e2b-470e-8518-bb710716c3de-1536x864.jpg 1536w, https:\/\/sites.usp.br\/seghid\/wp-content\/uploads\/sites\/1361\/2024\/09\/f3abae9a-7e2b-470e-8518-bb710716c3de-310x174.jpg 310w, https:\/\/sites.usp.br\/seghid\/wp-content\/uploads\/sites\/1361\/2024\/09\/f3abae9a-7e2b-470e-8518-bb710716c3de-400x225.jpg 400w\" sizes=\"auto, (max-width: 1599px) 100vw, 1599px\" \/><\/a> <a href=\"https:\/\/sites.usp.br\/seghid\/wp-content\/uploads\/sites\/1361\/2024\/09\/PHOTO-2023-12-11-14-07-39-3.jpg\"><img loading=\"lazy\" decoding=\"async\" class=\"alignnone size-full wp-image-641\" src=\"https:\/\/sites.usp.br\/seghid\/wp-content\/uploads\/sites\/1361\/2024\/09\/PHOTO-2023-12-11-14-07-39-3.jpg\" alt=\"\" width=\"1600\" height=\"1200\" srcset=\"https:\/\/sites.usp.br\/seghid\/wp-content\/uploads\/sites\/1361\/2024\/09\/PHOTO-2023-12-11-14-07-39-3.jpg 1600w, https:\/\/sites.usp.br\/seghid\/wp-content\/uploads\/sites\/1361\/2024\/09\/PHOTO-2023-12-11-14-07-39-3-300x225.jpg 300w, https:\/\/sites.usp.br\/seghid\/wp-content\/uploads\/sites\/1361\/2024\/09\/PHOTO-2023-12-11-14-07-39-3-1024x768.jpg 1024w, https:\/\/sites.usp.br\/seghid\/wp-content\/uploads\/sites\/1361\/2024\/09\/PHOTO-2023-12-11-14-07-39-3-768x576.jpg 768w, https:\/\/sites.usp.br\/seghid\/wp-content\/uploads\/sites\/1361\/2024\/09\/PHOTO-2023-12-11-14-07-39-3-1536x1152.jpg 1536w, https:\/\/sites.usp.br\/seghid\/wp-content\/uploads\/sites\/1361\/2024\/09\/PHOTO-2023-12-11-14-07-39-3-285x214.jpg 285w, https:\/\/sites.usp.br\/seghid\/wp-content\/uploads\/sites\/1361\/2024\/09\/PHOTO-2023-12-11-14-07-39-3-80x60.jpg 80w, https:\/\/sites.usp.br\/seghid\/wp-content\/uploads\/sites\/1361\/2024\/09\/PHOTO-2023-12-11-14-07-39-3-400x300.jpg 400w\" sizes=\"auto, (max-width: 1600px) 100vw, 1600px\" \/><\/a> <a href=\"https:\/\/sites.usp.br\/seghid\/wp-content\/uploads\/sites\/1361\/2024\/09\/PHOTO-2023-12-11-14-07-40-4.jpg\"><img loading=\"lazy\" decoding=\"async\" class=\"alignnone size-full wp-image-642\" src=\"https:\/\/sites.usp.br\/seghid\/wp-content\/uploads\/sites\/1361\/2024\/09\/PHOTO-2023-12-11-14-07-40-4.jpg\" alt=\"\" width=\"1600\" height=\"1200\" srcset=\"https:\/\/sites.usp.br\/seghid\/wp-content\/uploads\/sites\/1361\/2024\/09\/PHOTO-2023-12-11-14-07-40-4.jpg 1600w, https:\/\/sites.usp.br\/seghid\/wp-content\/uploads\/sites\/1361\/2024\/09\/PHOTO-2023-12-11-14-07-40-4-300x225.jpg 300w, https:\/\/sites.usp.br\/seghid\/wp-content\/uploads\/sites\/1361\/2024\/09\/PHOTO-2023-12-11-14-07-40-4-1024x768.jpg 1024w, https:\/\/sites.usp.br\/seghid\/wp-content\/uploads\/sites\/1361\/2024\/09\/PHOTO-2023-12-11-14-07-40-4-768x576.jpg 768w, https:\/\/sites.usp.br\/seghid\/wp-content\/uploads\/sites\/1361\/2024\/09\/PHOTO-2023-12-11-14-07-40-4-1536x1152.jpg 1536w, https:\/\/sites.usp.br\/seghid\/wp-content\/uploads\/sites\/1361\/2024\/09\/PHOTO-2023-12-11-14-07-40-4-285x214.jpg 285w, https:\/\/sites.usp.br\/seghid\/wp-content\/uploads\/sites\/1361\/2024\/09\/PHOTO-2023-12-11-14-07-40-4-80x60.jpg 80w, https:\/\/sites.usp.br\/seghid\/wp-content\/uploads\/sites\/1361\/2024\/09\/PHOTO-2023-12-11-14-07-40-4-400x300.jpg 400w\" sizes=\"auto, (max-width: 1600px) 100vw, 1600px\" \/><\/a><\/p>\n","protected":false},"excerpt":{"rendered":"<p>&nbsp; SEMIN\u00c1RIO NACIONAL CIDADES INTELIGENTES, RECURSOS H\u00cdDRICOS E PLANEJAMENTO Semin\u00e1rio Mudan\u00e7as Clim\u00e1ticas, Adapta\u00e7\u00e3o justa e transforma\u00e7\u00e3o e Curso Internacional, com a presen\u00e7a da Pesquisadora Dra. Carla Gomes da Universidade de Lisboa SEMIN\u00c1RIO ENERGIAS RENOV\u00c1VEIS, MUDAN\u00c7AS CLIM\u00c1TICAS E DESENVOLVIMENTO<\/p>\n","protected":false},"author":23646,"featured_media":0,"parent":0,"menu_order":0,"comment_status":"closed","ping_status":"closed","template":"","meta":{"footnotes":"","_links_to":"","_links_to_target":""},"class_list":["post-624","page","type-page","status-publish","hentry"],"_links":{"self":[{"href":"https:\/\/sites.usp.br\/seghid\/wp-json\/wp\/v2\/pages\/624","targetHints":{"allow":["GET"]}}],"collection":[{"href":"https:\/\/sites.usp.br\/seghid\/wp-json\/wp\/v2\/pages"}],"about":[{"href":"https:\/\/sites.usp.br\/seghid\/wp-json\/wp\/v2\/types\/page"}],"author":[{"embeddable":true,"href":"https:\/\/sites.usp.br\/seghid\/wp-json\/wp\/v2\/users\/23646"}],"replies":[{"embeddable":true,"href":"https:\/\/sites.usp.br\/seghid\/wp-json\/wp\/v2\/comments?post=624"}],"version-history":[{"count":4,"href":"https:\/\/sites.usp.br\/seghid\/wp-json\/wp\/v2\/pages\/624\/revisions"}],"predecessor-version":[{"id":643,"href":"https:\/\/sites.usp.br\/seghid\/wp-json\/wp\/v2\/pages\/624\/revisions\/643"}],"wp:attachment":[{"href":"https:\/\/sites.usp.br\/seghid\/wp-json\/wp\/v2\/media?parent=624"}],"curies":[{"name":"wp","href":"https:\/\/api.w.org\/{rel}","templated":true}]}}