{"id":1150,"date":"2019-08-08T06:00:50","date_gmt":"2019-08-08T09:00:50","guid":{"rendered":"http:\/\/sites.usp.br\/sensormat\/?page_id=1150"},"modified":"2019-09-25T15:49:28","modified_gmt":"2019-09-25T18:49:28","slug":"sobre","status":"publish","type":"page","link":"https:\/\/sites.usp.br\/sensormat\/sobre\/","title":{"rendered":"Sobre"},"content":{"rendered":"\t\t<div data-elementor-type=\"wp-post\" data-elementor-id=\"1150\" class=\"elementor elementor-1150\" data-elementor-post-type=\"page\">\n\t\t\t\t\t\t<section class=\"elementor-section elementor-top-section elementor-element elementor-element-4cdad193 elementor-section-content-middle elementor-section-boxed elementor-section-height-default elementor-section-height-default\" data-id=\"4cdad193\" data-element_type=\"section\">\n\t\t\t\t\t\t<div class=\"elementor-container elementor-column-gap-no\">\n\t\t\t\t\t<div class=\"elementor-column elementor-col-100 elementor-top-column elementor-element elementor-element-6f9cbce7\" data-id=\"6f9cbce7\" data-element_type=\"column\">\n\t\t\t<div class=\"elementor-widget-wrap elementor-element-populated\">\n\t\t\t\t\t\t<div class=\"elementor-element elementor-element-c9cfa92 elementor-widget elementor-widget-image\" data-id=\"c9cfa92\" data-element_type=\"widget\" data-widget_type=\"image.default\">\n\t\t\t\t<div class=\"elementor-widget-container\">\n\t\t\t\t\t\t\t\t\t\t\t\t\t<img decoding=\"async\" src=\"https:\/\/sites.usp.br\/sensormat\/wp-content\/uploads\/sites\/148\/2019\/05\/MRB0989.jpg\" title=\"Grupo Sensormat &#8211; 2019\" alt=\"Grupo Sensormat - 2019\" loading=\"lazy\" \/>\t\t\t\t\t\t\t\t\t\t\t\t\t<\/div>\n\t\t\t\t<\/div>\n\t\t\t\t<div class=\"elementor-element elementor-element-5bae3a6 elementor-widget elementor-widget-heading\" data-id=\"5bae3a6\" data-element_type=\"widget\" data-widget_type=\"heading.default\">\n\t\t\t\t<div class=\"elementor-widget-container\">\n\t\t\t<h3 class=\"elementor-heading-title elementor-size-default\">Sobre n\u00f3s<\/h3>\t\t<\/div>\n\t\t\t\t<\/div>\n\t\t\t\t<div class=\"elementor-element elementor-element-e64ab98 elementor-widget elementor-widget-text-editor\" data-id=\"e64ab98\" data-element_type=\"widget\" data-widget_type=\"text-editor.default\">\n\t\t\t\t<div class=\"elementor-widget-container\">\n\t\t\t\t\t\t\t<p style=\"text-align: left;\">Com a filosofia voltada \u00e0 f\u00edsica dos materiais e dispositivos eletr\u00f4nicos aplicados \u00e0 Medicina e Biologia, o laborat\u00f3rio de pesquisa em Sensores e Materiais desenvolve estudos baseados em biossensores que detectam subst\u00e2ncias de interesse no diagn\u00f3stico m\u00e9dico, como por exemplo o cancer, a dengue, zika e etc.\u00a0<\/p>\t\t\t\t\t\t<\/div>\n\t\t\t\t<\/div>\n\t\t\t\t<section class=\"elementor-section elementor-inner-section elementor-element elementor-element-e0e4de4 elementor-section-boxed elementor-section-height-default elementor-section-height-default\" data-id=\"e0e4de4\" data-element_type=\"section\">\n\t\t\t\t\t\t<div class=\"elementor-container elementor-column-gap-default\">\n\t\t\t\t\t<div class=\"elementor-column elementor-col-100 elementor-inner-column elementor-element elementor-element-25d0adc\" data-id=\"25d0adc\" data-element_type=\"column\">\n\t\t\t<div class=\"elementor-widget-wrap elementor-element-populated\">\n\t\t\t\t\t\t<div class=\"elementor-element elementor-element-8f5ed69 elementor-widget elementor-widget-text-editor\" data-id=\"8f5ed69\" data-element_type=\"widget\" data-widget_type=\"text-editor.default\">\n\t\t\t\t<div class=\"elementor-widget-container\">\n\t\t\t\t\t\t\t<p style=\"text-align: left;\"><span style=\"font-weight: 400;\">\u00a0O grupo SENSORMAT &#8211; Sensores e Materiais do Departamento de F\u00edsica da Faculdade de Filosofia, Ci\u00eancias e Letras de Ribeir\u00e3o Preto (FFCLRP) da Universidade de S\u00e3o Paulo (USP) iniciou suas atividades em dezembro de 2000, com a contrata\u00e7\u00e3o do Prof. Dr. Marcelo Mulato.\u00a0 Realizam-se trabalhos com o desenvolvimento<\/span><span style=\"font-weight: 400;\"> de novos sensores, buscando dispositivos eletr\u00f4nicos de efeito capacitivo, impedim\u00e9tricos e transistores de efeito de campo para detec\u00e7\u00e3o de subst\u00e2ncias de interesse em diagn\u00f3stico m\u00e9dico, como por exemplo cancer, dengue, zika e etc. <\/span><\/p><p style=\"text-align: left;\"><span style=\"font-weight: 400;\">\u00a0Adicionalmente, h\u00e1 atividades de melhoria da qualidade do ensino de f\u00edsica para a gradua\u00e7\u00e3o. <\/span><span style=\"font-weight: 400;\">Atualmente, o grupo \u00e9 composto por um docente-orientador respons\u00e1vel, alunos de p\u00f3s-gradua\u00e7\u00e3o, inicia\u00e7\u00e3o cient\u00edfica e um t\u00e9cnico de laborat\u00f3rio. <\/span><\/p><p style=\"text-align: left;\"><span style=\"font-weight: 400;\">\u00a0Este grupo procura desenvolver fortes colabora\u00e7\u00f5es com outros centros nacionais e internacionais. Para mais informa\u00e7\u00f5es e oportunidades, entre em contato conosco e nos fa\u00e7a uma visita!\u00a0<\/span><\/p>\t\t\t\t\t\t<\/div>\n\t\t\t\t<\/div>\n\t\t\t\t\t<\/div>\n\t\t<\/div>\n\t\t\t\t\t<\/div>\n\t\t<\/section>\n\t\t\t\t<div class=\"elementor-element elementor-element-3250dd6 elementor-widget elementor-widget-toggle\" data-id=\"3250dd6\" data-element_type=\"widget\" data-widget_type=\"toggle.default\">\n\t\t\t\t<div class=\"elementor-widget-container\">\n\t\t\t\t\t<div class=\"elementor-toggle\">\n\t\t\t\t\t\t\t<div class=\"elementor-toggle-item\">\n\t\t\t\t\t<div id=\"elementor-tab-title-5271\" class=\"elementor-tab-title\" data-tab=\"1\" role=\"button\" aria-controls=\"elementor-tab-content-5271\" aria-expanded=\"false\">\n\t\t\t\t\t\t\t\t\t\t\t\t<span class=\"elementor-toggle-icon elementor-toggle-icon-left\" aria-hidden=\"true\">\n\t\t\t\t\t\t\t\t\t\t\t\t\t\t\t<i class=\"elementor-toggle-icon-closed fa fa-caret-right\"><\/i>\n\t\t\t\t\t\t\t\t<i class=\"elementor-toggle-icon-opened fa fa-caret-up\"><\/i>\n\t\t\t\t\t\t\t\t\t\t\t\t\t<\/span>\n\t\t\t\t\t\t\t\t\t\t\t\t<a class=\"elementor-toggle-title\" tabindex=\"0\">Biossensores e dispositivos eletr\u00f4nicos de efeito capacitivo e transistores de efeito de campo  para a detec\u00e7\u00e3o de bioqu\u00edmicos. <\/a>\n\t\t\t\t\t<\/div>\n\n\t\t\t\t\t<div id=\"elementor-tab-content-5271\" class=\"elementor-tab-content elementor-clearfix\" data-tab=\"1\" role=\"region\" aria-labelledby=\"elementor-tab-title-5271\"><p>[Publica\u00e7\u00f5es em breve]<\/p><\/div>\n\t\t\t\t<\/div>\n\t\t\t\t\t\t\t<div class=\"elementor-toggle-item\">\n\t\t\t\t\t<div id=\"elementor-tab-title-5272\" class=\"elementor-tab-title\" data-tab=\"2\" role=\"button\" aria-controls=\"elementor-tab-content-5272\" aria-expanded=\"false\">\n\t\t\t\t\t\t\t\t\t\t\t\t<span class=\"elementor-toggle-icon elementor-toggle-icon-left\" aria-hidden=\"true\">\n\t\t\t\t\t\t\t\t\t\t\t\t\t\t\t<i class=\"elementor-toggle-icon-closed fa fa-caret-right\"><\/i>\n\t\t\t\t\t\t\t\t<i class=\"elementor-toggle-icon-opened fa fa-caret-up\"><\/i>\n\t\t\t\t\t\t\t\t\t\t\t\t\t<\/span>\n\t\t\t\t\t\t\t\t\t\t\t\t<a class=\"elementor-toggle-title\" tabindex=\"0\">Desenvolvimento de materiais pedag\u00f3gico para uso no curso de F\u00edsica M\u00e9dica e disciplinas de F\u00edsica do curr\u00edculo do Ensino M\u00e9dio.<\/a>\n\t\t\t\t\t<\/div>\n\n\t\t\t\t\t<div id=\"elementor-tab-content-5272\" class=\"elementor-tab-content elementor-clearfix\" data-tab=\"2\" role=\"region\" aria-labelledby=\"elementor-tab-title-5272\"><p>[Publica\u00e7\u00f5es em breve]<\/p><\/div>\n\t\t\t\t<\/div>\n\t\t\t\t\t\t\t\t<\/div>\n\t\t\t\t<\/div>\n\t\t\t\t<\/div>\n\t\t\t\t<div class=\"elementor-element elementor-element-b0d5a3a elementor-arrows-position-outside elementor-widget elementor-widget-image-carousel\" data-id=\"b0d5a3a\" data-element_type=\"widget\" data-settings=\"{&quot;navigation&quot;:&quot;arrows&quot;,&quot;autoplay&quot;:&quot;yes&quot;,&quot;pause_on_hover&quot;:&quot;yes&quot;,&quot;pause_on_interaction&quot;:&quot;yes&quot;,&quot;autoplay_speed&quot;:5000,&quot;infinite&quot;:&quot;yes&quot;,&quot;speed&quot;:500}\" data-widget_type=\"image-carousel.default\">\n\t\t\t\t<div class=\"elementor-widget-container\">\n\t\t\t\t\t<div class=\"elementor-image-carousel-wrapper swiper\" dir=\"ltr\">\n\t\t\t<div class=\"elementor-image-carousel swiper-wrapper\" aria-live=\"off\">\n\t\t\t\t\t\t\t\t<div class=\"swiper-slide\" role=\"group\" aria-roledescription=\"slide\" aria-label=\"1 de 8\"><figure class=\"swiper-slide-inner\"><img decoding=\"async\" class=\"swiper-slide-image\" src=\"https:\/\/sites.usp.br\/sensormat\/wp-content\/uploads\/sites\/148\/2019\/05\/MRB0938-354x234.jpg\" alt=\"Fotos do laborat\u00f3rio - 2019\" \/><\/figure><\/div><div class=\"swiper-slide\" role=\"group\" aria-roledescription=\"slide\" aria-label=\"2 de 8\"><figure class=\"swiper-slide-inner\"><img decoding=\"async\" class=\"swiper-slide-image\" src=\"https:\/\/sites.usp.br\/sensormat\/wp-content\/uploads\/sites\/148\/2019\/05\/MRB0944-354x234.jpg\" alt=\"Fotos do laborat\u00f3rio - 2019\" \/><\/figure><\/div><div class=\"swiper-slide\" role=\"group\" aria-roledescription=\"slide\" aria-label=\"3 de 8\"><figure class=\"swiper-slide-inner\"><img decoding=\"async\" class=\"swiper-slide-image\" src=\"https:\/\/sites.usp.br\/sensormat\/wp-content\/uploads\/sites\/148\/2019\/05\/MRB0946-354x234.jpg\" alt=\"Fotos do laborat\u00f3rio - 2019\" \/><\/figure><\/div><div class=\"swiper-slide\" role=\"group\" aria-roledescription=\"slide\" aria-label=\"4 de 8\"><figure class=\"swiper-slide-inner\"><img decoding=\"async\" class=\"swiper-slide-image\" src=\"https:\/\/sites.usp.br\/sensormat\/wp-content\/uploads\/sites\/148\/2019\/05\/MRB0948-354x234.jpg\" alt=\"Fotos do laborat\u00f3rio - 2019\" \/><\/figure><\/div><div class=\"swiper-slide\" role=\"group\" aria-roledescription=\"slide\" aria-label=\"5 de 8\"><figure class=\"swiper-slide-inner\"><img decoding=\"async\" class=\"swiper-slide-image\" src=\"https:\/\/sites.usp.br\/sensormat\/wp-content\/uploads\/sites\/148\/2019\/05\/MRB0958-354x234.jpg\" alt=\"Fotos do laborat\u00f3rio - 2019\" \/><\/figure><\/div><div class=\"swiper-slide\" role=\"group\" aria-roledescription=\"slide\" aria-label=\"6 de 8\"><figure class=\"swiper-slide-inner\"><img decoding=\"async\" class=\"swiper-slide-image\" src=\"https:\/\/sites.usp.br\/sensormat\/wp-content\/uploads\/sites\/148\/2019\/05\/MRB0959-354x234.jpg\" alt=\"Fotos do laborat\u00f3rio - 2019\" \/><\/figure><\/div><div class=\"swiper-slide\" role=\"group\" aria-roledescription=\"slide\" aria-label=\"7 de 8\"><figure class=\"swiper-slide-inner\"><img decoding=\"async\" class=\"swiper-slide-image\" src=\"https:\/\/sites.usp.br\/sensormat\/wp-content\/uploads\/sites\/148\/2019\/05\/MRB0963-354x234.jpg\" alt=\"Fotos do laborat\u00f3rio - 2019\" \/><\/figure><\/div><div class=\"swiper-slide\" role=\"group\" aria-roledescription=\"slide\" aria-label=\"8 de 8\"><figure class=\"swiper-slide-inner\"><img decoding=\"async\" class=\"swiper-slide-image\" src=\"https:\/\/sites.usp.br\/sensormat\/wp-content\/uploads\/sites\/148\/2019\/05\/MRB0942-354x234.jpg\" alt=\"Fotos do laborat\u00f3rio - 2019\" \/><\/figure><\/div>\t\t\t<\/div>\n\t\t\t\t\t\t\t\t\t\t\t\t<div class=\"elementor-swiper-button elementor-swiper-button-prev\" role=\"button\" tabindex=\"0\">\n\t\t\t\t\t\t<i aria-hidden=\"true\" class=\"eicon-chevron-left\"><\/i>\t\t\t\t\t<\/div>\n\t\t\t\t\t<div class=\"elementor-swiper-button elementor-swiper-button-next\" role=\"button\" tabindex=\"0\">\n\t\t\t\t\t\t<i aria-hidden=\"true\" class=\"eicon-chevron-right\"><\/i>\t\t\t\t\t<\/div>\n\t\t\t\t\n\t\t\t\t\t\t\t\t\t<\/div>\n\t\t\t\t<\/div>\n\t\t\t\t<\/div>\n\t\t\t\t\t<\/div>\n\t\t<\/div>\n\t\t\t\t\t<\/div>\n\t\t<\/section>\n\t\t\t\t<section class=\"elementor-section elementor-top-section elementor-element elementor-element-76ddfd3 elementor-section-boxed elementor-section-height-default elementor-section-height-default\" data-id=\"76ddfd3\" data-element_type=\"section\">\n\t\t\t\t\t\t<div class=\"elementor-container elementor-column-gap-default\">\n\t\t\t\t\t<div class=\"elementor-column elementor-col-100 elementor-top-column elementor-element elementor-element-c8ec28a\" data-id=\"c8ec28a\" data-element_type=\"column\">\n\t\t\t<div class=\"elementor-widget-wrap elementor-element-populated\">\n\t\t\t\t\t\t<div class=\"elementor-element elementor-element-25d52b3 elementor-widget elementor-widget-heading\" data-id=\"25d52b3\" data-element_type=\"widget\" data-widget_type=\"heading.default\">\n\t\t\t\t<div class=\"elementor-widget-container\">\n\t\t\t<h2 class=\"elementor-heading-title elementor-size-default\">Ag\u00eancias financiadoras<\/h2>\t\t<\/div>\n\t\t\t\t<\/div>\n\t\t\t\t\t<\/div>\n\t\t<\/div>\n\t\t\t\t\t<\/div>\n\t\t<\/section>\n\t\t\t\t<section class=\"elementor-section elementor-top-section elementor-element elementor-element-073896b elementor-section-boxed elementor-section-height-default elementor-section-height-default\" data-id=\"073896b\" data-element_type=\"section\">\n\t\t\t\t\t\t<div class=\"elementor-container elementor-column-gap-default\">\n\t\t\t\t\t<div class=\"elementor-column elementor-col-33 elementor-top-column elementor-element elementor-element-a4dc7a3\" data-id=\"a4dc7a3\" data-element_type=\"column\">\n\t\t\t<div class=\"elementor-widget-wrap elementor-element-populated\">\n\t\t\t\t\t\t\t<\/div>\n\t\t<\/div>\n\t\t\t\t<div class=\"elementor-column elementor-col-33 elementor-top-column elementor-element elementor-element-a361c7a\" data-id=\"a361c7a\" data-element_type=\"column\">\n\t\t\t<div class=\"elementor-widget-wrap elementor-element-populated\">\n\t\t\t\t\t\t\t<\/div>\n\t\t<\/div>\n\t\t\t\t<div class=\"elementor-column elementor-col-33 elementor-top-column elementor-element elementor-element-fdaebdf\" data-id=\"fdaebdf\" data-element_type=\"column\">\n\t\t\t<div class=\"elementor-widget-wrap elementor-element-populated\">\n\t\t\t\t\t\t\t<\/div>\n\t\t<\/div>\n\t\t\t\t\t<\/div>\n\t\t<\/section>\n\t\t\t\t<\/div>\n\t\t","protected":false},"excerpt":{"rendered":"<p>Sobre n\u00f3s Com a filosofia voltada \u00e0 f\u00edsica dos materiais e dispositivos eletr\u00f4nicos aplicados \u00e0 Medicina e Biologia, o laborat\u00f3rio de pesquisa em Sensores e Materiais desenvolve estudos baseados em biossensores que detectam subst\u00e2ncias de interesse no diagn\u00f3stico m\u00e9dico, como por exemplo o cancer, a dengue, zika e etc.\u00a0 \u00a0O grupo SENSORMAT &#8211; Sensores e&hellip;<\/p>\n","protected":false},"author":255,"featured_media":0,"parent":0,"menu_order":0,"comment_status":"closed","ping_status":"closed","template":"","meta":{"footnotes":"","_links_to":"","_links_to_target":""},"class_list":["post-1150","page","type-page","status-publish","hentry","post"],"_links":{"self":[{"href":"https:\/\/sites.usp.br\/sensormat\/wp-json\/wp\/v2\/pages\/1150","targetHints":{"allow":["GET"]}}],"collection":[{"href":"https:\/\/sites.usp.br\/sensormat\/wp-json\/wp\/v2\/pages"}],"about":[{"href":"https:\/\/sites.usp.br\/sensormat\/wp-json\/wp\/v2\/types\/page"}],"author":[{"embeddable":true,"href":"https:\/\/sites.usp.br\/sensormat\/wp-json\/wp\/v2\/users\/255"}],"replies":[{"embeddable":true,"href":"https:\/\/sites.usp.br\/sensormat\/wp-json\/wp\/v2\/comments?post=1150"}],"version-history":[{"count":4,"href":"https:\/\/sites.usp.br\/sensormat\/wp-json\/wp\/v2\/pages\/1150\/revisions"}],"predecessor-version":[{"id":1286,"href":"https:\/\/sites.usp.br\/sensormat\/wp-json\/wp\/v2\/pages\/1150\/revisions\/1286"}],"wp:attachment":[{"href":"https:\/\/sites.usp.br\/sensormat\/wp-json\/wp\/v2\/media?parent=1150"}],"curies":[{"name":"wp","href":"https:\/\/api.w.org\/{rel}","templated":true}]}}