{"id":390,"date":"2024-09-19T13:20:55","date_gmt":"2024-09-19T16:20:55","guid":{"rendered":"https:\/\/sites.usp.br\/simas\/?page_id=390"},"modified":"2024-10-01T23:10:17","modified_gmt":"2024-10-02T02:10:17","slug":"sobre-o-simas","status":"publish","type":"page","link":"https:\/\/sites.usp.br\/simas\/es\/sobre-o-simas\/","title":{"rendered":"(Portugu\u00eas do Brasil) sobre o simas"},"content":{"rendered":"<p class=\"qtranxs-available-languages-message qtranxs-available-languages-message-es\">Disculpa, pero esta entrada est\u00e1 disponible s\u00f3lo en <a href=\"https:\/\/sites.usp.br\/simas\/pb\/wp-json\/wp\/v2\/pages\/390\" class=\"qtranxs-available-language-link qtranxs-available-language-link-pb\" title=\"Portugu\u00eas do Brasil\">Portugu\u00eas do Brasil<\/a>.<\/p>","protected":false},"excerpt":{"rendered":"<p>Disculpa, pero esta entrada est\u00e1 disponible s\u00f3lo en Portugu\u00eas do Brasil.<\/p>\n","protected":false},"author":23981,"featured_media":0,"parent":0,"menu_order":0,"comment_status":"closed","ping_status":"closed","template":"","meta":{"_acf_changed":false,"footnotes":"","_links_to":"","_links_to_target":""},"class_list":["post-390","page","type-page","status-publish","hentry"],"acf":[],"_links":{"self":[{"href":"https:\/\/sites.usp.br\/simas\/es\/wp-json\/wp\/v2\/pages\/390","targetHints":{"allow":["GET"]}}],"collection":[{"href":"https:\/\/sites.usp.br\/simas\/es\/wp-json\/wp\/v2\/pages"}],"about":[{"href":"https:\/\/sites.usp.br\/simas\/es\/wp-json\/wp\/v2\/types\/page"}],"author":[{"embeddable":true,"href":"https:\/\/sites.usp.br\/simas\/es\/wp-json\/wp\/v2\/users\/23981"}],"replies":[{"embeddable":true,"href":"https:\/\/sites.usp.br\/simas\/es\/wp-json\/wp\/v2\/comments?post=390"}],"version-history":[{"count":4,"href":"https:\/\/sites.usp.br\/simas\/es\/wp-json\/wp\/v2\/pages\/390\/revisions"}],"predecessor-version":[{"id":497,"href":"https:\/\/sites.usp.br\/simas\/es\/wp-json\/wp\/v2\/pages\/390\/revisions\/497"}],"wp:attachment":[{"href":"https:\/\/sites.usp.br\/simas\/es\/wp-json\/wp\/v2\/media?parent=390"}],"curies":[{"name":"wp","href":"https:\/\/api.w.org\/{rel}","templated":true}]}}