{"id":92,"date":"2021-04-27T11:34:38","date_gmt":"2021-04-27T14:34:38","guid":{"rendered":"https:\/\/sites.usp.br\/simas\/?page_id=92"},"modified":"2024-10-01T22:50:41","modified_gmt":"2024-10-02T01:50:41","slug":"contato","status":"publish","type":"page","link":"https:\/\/sites.usp.br\/simas\/es\/contato\/","title":{"rendered":"Contacto"},"content":{"rendered":"<p><\/p>\n<h5><\/h5>\n<p>El grupo trabaja para diseminar el conocimiento cient\u00edfico y pol\u00edtico sobre el abordaje te\u00f3rico-metodol\u00f3gico de la interseccionalidad en eventos sociales y cient\u00edficos. Las publicaciones originadas de las tesis y disertaciones as\u00ed como los proyectos de investigaci\u00f3n desarrollados por el grupo constituyen una marcada expresi\u00f3n de su vitalidad.<\/p>\n<p><strong>\u00c1rea predominante<\/strong>:\u00a0 Salud Colectiva y Ciencias Sociales<\/p>\n<p><strong>Instituci\u00f3n sede del grupo<\/strong>: Universidade de S\u00e3o Paulo \u2013 USP<\/p>\n<p><strong>Unidad:<\/strong> Faculdade de Medicina da Universidade de S\u00e3o Paulo (Facultad de Medicina de la Universidad de S\u00e3o Paulo)<\/p>\n<p><strong>Direcci\u00f3n:<\/strong> Avenida Doutor Arnaldo, 455 \u2013 Sala 2165<\/p>\n<p><strong>Barrio:<\/strong> Pacaembu \u2013 S\u00e3o Paulo\/SP<\/p>\n<p><strong>CEP:<\/strong> 01246903<\/p>\n<p><strong>Tel\u00e9fono:<\/strong> +55 (11) 3061-7086<\/p>\n<p><strong>E-mail:<\/strong> <a href=\"mailto:gep.simas@gmail.com\">gep.simas@gmail.com<\/a><\/p>\n<div id=\"gtx-trans\" style=\"position: absolute; left: 66px; top: -26px;\">\n<div class=\"gtx-trans-icon\"><\/div>\n<\/div>\n<p><\/p>","protected":false},"excerpt":{"rendered":"<p>El grupo trabaja para diseminar el conocimiento cient\u00edfico y pol\u00edtico sobre el abordaje te\u00f3rico-metodol\u00f3gico de la interseccionalidad en eventos sociales y cient\u00edficos. Las publicaciones originadas de las tesis y disertaciones as\u00ed como los proyectos de investigaci\u00f3n desarrollados por el grupo constituyen una marcada expresi\u00f3n de su vitalidad. \u00c1rea predominante:\u00a0 Salud Colectiva y Ciencias Sociales Instituci\u00f3n<a href=\"https:\/\/sites.usp.br\/simas\/es\/contato\/\">[&#8230;]<\/a><\/p>\n","protected":false},"author":22325,"featured_media":0,"parent":0,"menu_order":0,"comment_status":"closed","ping_status":"closed","template":"","meta":{"_acf_changed":false,"footnotes":"","_links_to":"","_links_to_target":""},"class_list":["post-92","page","type-page","status-publish","hentry"],"acf":[],"_links":{"self":[{"href":"https:\/\/sites.usp.br\/simas\/es\/wp-json\/wp\/v2\/pages\/92","targetHints":{"allow":["GET"]}}],"collection":[{"href":"https:\/\/sites.usp.br\/simas\/es\/wp-json\/wp\/v2\/pages"}],"about":[{"href":"https:\/\/sites.usp.br\/simas\/es\/wp-json\/wp\/v2\/types\/page"}],"author":[{"embeddable":true,"href":"https:\/\/sites.usp.br\/simas\/es\/wp-json\/wp\/v2\/users\/22325"}],"replies":[{"embeddable":true,"href":"https:\/\/sites.usp.br\/simas\/es\/wp-json\/wp\/v2\/comments?post=92"}],"version-history":[{"count":4,"href":"https:\/\/sites.usp.br\/simas\/es\/wp-json\/wp\/v2\/pages\/92\/revisions"}],"predecessor-version":[{"id":489,"href":"https:\/\/sites.usp.br\/simas\/es\/wp-json\/wp\/v2\/pages\/92\/revisions\/489"}],"wp:attachment":[{"href":"https:\/\/sites.usp.br\/simas\/es\/wp-json\/wp\/v2\/media?parent=92"}],"curies":[{"name":"wp","href":"https:\/\/api.w.org\/{rel}","templated":true}]}}