{"id":390,"date":"2024-09-19T13:20:55","date_gmt":"2024-09-19T16:20:55","guid":{"rendered":"https:\/\/sites.usp.br\/simas\/?page_id=390"},"modified":"2024-10-01T23:10:17","modified_gmt":"2024-10-02T02:10:17","slug":"sobre-o-simas","status":"publish","type":"page","link":"https:\/\/sites.usp.br\/simas\/sobre-o-simas\/","title":{"rendered":"sobre o simas"},"content":{"rendered":"<p><\/p>\n<p class=\"cvGsUA direction-ltr align-justify para-style-body\"><span class=\"OYPEnA font-feature-liga-off font-feature-clig-off font-feature-calt-off text-decoration-none text-strikethrough-none\" style=\"font-family: arial, helvetica, sans-serif;\">Nosso Grupo de Estudos e Pesquisas em Sa\u00fade, Interseccionalidade e Marcadores Sociais da Diferen\u00e7a (SIMAS), vinculado ao Departamento de Medicina Preventiva da Faculdade de Medicina de S\u00e3o Paulo, congrega desde 2018, professores, pesquisadores e alunes das \u00e1reas da Sa\u00fade e das Ci\u00eancias Sociais e Humanas.<\/span><\/p>\n<p class=\"cvGsUA direction-ltr align-justify para-style-body\"><span class=\"OYPEnA font-feature-liga-off font-feature-clig-off font-feature-calt-off text-decoration-none text-strikethrough-none\" style=\"font-family: arial, helvetica, sans-serif;\">Direcionamos nossa atua\u00e7\u00e3o para pesquisa, forma\u00e7\u00e3o de recursos humanos e atividades de dissemina\u00e7\u00e3o de conhecimento.<\/span><\/p>\n<p class=\"cvGsUA direction-ltr align-justify para-style-body\"><span class=\"OYPEnA font-feature-liga-off font-feature-clig-off font-feature-calt-off text-decoration-none text-strikethrough-none\" style=\"font-family: arial, helvetica, sans-serif;\">A interseccionalidade entre Classe, G\u00eanero, Ra\u00e7a, Gera\u00e7\u00e3o e Sexualidade, e outros diferentes marcadores, constitui o nosso quadro te\u00f3rico-metodol\u00f3gico.<\/span><\/p>\n<p class=\"cvGsUA direction-ltr align-justify para-style-body\"><span class=\"OYPEnA font-feature-liga-off font-feature-clig-off font-feature-calt-off text-decoration-none text-strikethrough-none\" style=\"font-family: arial, helvetica, sans-serif;\">Em nossas produ\u00e7\u00f5es, a interdisciplinaridade e a diversidade de metodologias fundamentam an\u00e1lises das experi\u00eancias em articula\u00e7\u00e3o com as estruturas e os processos de poder mais amplos na sociedade.<\/span><\/p>\n<p class=\"cvGsUA direction-ltr align-justify para-style-body\"><span class=\"OYPEnA font-feature-liga-off font-feature-clig-off font-feature-calt-off text-decoration-none text-strikethrough-none\" style=\"font-family: arial, helvetica, sans-serif;\">Nossos objetos de pesquisa e interven\u00e7\u00e3o s\u00e3o plurais e organizados em quatro linhas:<\/span><\/p>\n<ul>\n<li>\n<ul>\n<li><span class=\"OYPEnA font-feature-liga-off font-feature-clig-off font-feature-calt-off text-decoration-none text-strikethrough-none\" style=\"font-family: arial, helvetica, sans-serif;\">G\u00eanero, masculinidades e sa\u00fade;<\/span><\/li>\n<li><span class=\"OYPEnA font-feature-liga-off font-feature-clig-off font-feature-calt-off text-decoration-none text-strikethrough-none\" style=\"font-family: arial, helvetica, sans-serif;\">Hesita\u00e7\u00e3o vacinal e processos de sa\u00fade, doen\u00e7a e cuidado;<\/span><\/li>\n<li><span class=\"OYPEnA font-feature-liga-off font-feature-clig-off font-feature-calt-off text-decoration-none text-strikethrough-none\" style=\"font-family: arial, helvetica, sans-serif;\">Corpo, tecnologias, sexualidade e reprodu\u00e7\u00e3o;<\/span><\/li>\n<li><span class=\"OYPEnA font-feature-liga-off font-feature-clig-off font-feature-calt-off text-decoration-none text-strikethrough-none\" style=\"font-family: arial, helvetica, sans-serif;\">Preven\u00e7\u00e3o combinada ao HIV.<\/span><\/li>\n<\/ul>\n<\/li>\n<\/ul>\n<p class=\"cvGsUA direction-ltr align-justify para-style-body\"><span style=\"font-family: arial, helvetica, sans-serif;\"><span class=\"OYPEnA font-feature-liga-off font-feature-clig-off font-feature-calt-off text-decoration-none text-strikethrough-none\">Nosso grupo \u00e9 certificado no <\/span><a class=\"OYPEnA font-feature-liga-off font-feature-clig-off font-feature-calt-off text-decoration-underline text-strikethrough-none\" draggable=\"false\" href=\"http:\/\/dgp.cnpq.br\/dgp\/espelhogrupo\/372672\" target=\"_blank\" rel=\"noopener\">Diret\u00f3rio de Grupos de Pesquisa no Brasil (CNPq\/Lattes)<\/a><span class=\"OYPEnA font-feature-liga-off font-feature-clig-off font-feature-calt-off text-decoration-none text-strikethrough-none\"> desde o ano de 2019.<\/span><\/span><\/p>\n<p><\/p>","protected":false},"excerpt":{"rendered":"<p>Nosso Grupo de Estudos e Pesquisas em Sa\u00fade, Interseccionalidade e Marcadores Sociais da Diferen\u00e7a (SIMAS), vinculado ao Departamento de Medicina Preventiva da Faculdade de Medicina de S\u00e3o Paulo, congrega desde 2018, professores, pesquisadores e alunes das \u00e1reas da Sa\u00fade e das Ci\u00eancias Sociais e Humanas. Direcionamos nossa atua\u00e7\u00e3o para pesquisa, forma\u00e7\u00e3o de recursos humanos e<a href=\"https:\/\/sites.usp.br\/simas\/sobre-o-simas\/\">[&#8230;]<\/a><\/p>\n","protected":false},"author":23981,"featured_media":0,"parent":0,"menu_order":0,"comment_status":"closed","ping_status":"closed","template":"","meta":{"_acf_changed":false,"footnotes":"","_links_to":"","_links_to_target":""},"class_list":["post-390","page","type-page","status-publish","hentry"],"acf":[],"_links":{"self":[{"href":"https:\/\/sites.usp.br\/simas\/wp-json\/wp\/v2\/pages\/390","targetHints":{"allow":["GET"]}}],"collection":[{"href":"https:\/\/sites.usp.br\/simas\/wp-json\/wp\/v2\/pages"}],"about":[{"href":"https:\/\/sites.usp.br\/simas\/wp-json\/wp\/v2\/types\/page"}],"author":[{"embeddable":true,"href":"https:\/\/sites.usp.br\/simas\/wp-json\/wp\/v2\/users\/23981"}],"replies":[{"embeddable":true,"href":"https:\/\/sites.usp.br\/simas\/wp-json\/wp\/v2\/comments?post=390"}],"version-history":[{"count":4,"href":"https:\/\/sites.usp.br\/simas\/wp-json\/wp\/v2\/pages\/390\/revisions"}],"predecessor-version":[{"id":497,"href":"https:\/\/sites.usp.br\/simas\/wp-json\/wp\/v2\/pages\/390\/revisions\/497"}],"wp:attachment":[{"href":"https:\/\/sites.usp.br\/simas\/wp-json\/wp\/v2\/media?parent=390"}],"curies":[{"name":"wp","href":"https:\/\/api.w.org\/{rel}","templated":true}]}}