{"id":92,"date":"2021-04-27T11:34:38","date_gmt":"2021-04-27T14:34:38","guid":{"rendered":"https:\/\/sites.usp.br\/simas\/?page_id=92"},"modified":"2024-10-01T22:50:41","modified_gmt":"2024-10-02T01:50:41","slug":"contato","status":"publish","type":"page","link":"https:\/\/sites.usp.br\/simas\/contato\/","title":{"rendered":"contato"},"content":{"rendered":"<p><\/p>\n<h1><\/h1>\n<h1 style=\"text-align: center;\"><img fetchpriority=\"high\" decoding=\"async\" class=\"\" style=\"font-size: 1rem;\" src=\"https:\/\/www.fm.usp.br\/fmusp\/conteudo\/Upload\/capa2-kp6.png\" alt=\"FMUSP\" width=\"640\" height=\"184\" \/><\/h1>\n<h1><\/h1>\n<p style=\"text-align: center;\"><span style=\"font-size: 18pt;\"><strong>\ud83d\udccc <span style=\"font-family: georgia, palatino, serif;\">Faculdade de Medicina da Universidade de S\u00e3o Paulo<\/span><\/strong><\/span><\/p>\n<p style=\"text-align: center;\"><span style=\"font-family: georgia, palatino, serif; font-size: 14pt;\"><strong>Departamento de Medicina Preventiva<\/strong><\/span><\/p>\n<p style=\"text-align: center;\"><span style=\"font-family: georgia, palatino, serif; font-size: 12pt;\"><strong>Endere\u00e7o:<\/strong> Avenida Doutor Arnaldo, 455 &#8211; Sala 2165<\/span><\/p>\n<p style=\"text-align: center;\"><span style=\"font-family: georgia, palatino, serif; font-size: 12pt;\"><strong>Bairro:<\/strong> Pacaembu &#8211; S\u00e3o Paulo\/SP\u00a0 <strong>CEP:<\/strong> 01246903<\/span><\/p>\n<p style=\"text-align: center;\"><span style=\"font-family: georgia, palatino, serif; font-size: 12pt;\"><strong>Telefone:<\/strong> +55 (11) 3061-7086<\/span><\/p>\n<p style=\"text-align: center;\"><span style=\"font-family: georgia, palatino, serif; font-size: 12pt;\"><strong>E-mail:<\/strong> gep.simas @gmail.com<\/span><\/p>\n<div style=\"text-align: center;\"><\/div>\n<div><\/div>\n<div>\n<div class=\"control-group\"><div class=\"wpforms-container wpforms-container-full\" id=\"wpforms-322\"><form id=\"wpforms-form-322\" class=\"wpforms-validate wpforms-form wpforms-ajax-form\" data-formid=\"322\" method=\"post\" enctype=\"multipart\/form-data\" action=\"\/simas\/wp-json\/wp\/v2\/pages\/92\" data-token=\"084d82bd00be24a89ec7fdf681b56217\" data-token-time=\"1778122475\"><noscript class=\"wpforms-error-noscript\">Ative o JavaScript no seu navegador para preencher este formul\u00e1rio.<\/noscript><div class=\"wpforms-field-container\"><div id=\"wpforms-322-field_0-container\" class=\"wpforms-field wpforms-field-name\" data-field-id=\"0\"><label class=\"wpforms-field-label\">Nome <span class=\"wpforms-required-label\">*<\/span><\/label><div class=\"wpforms-field-row wpforms-field-medium\"><div class=\"wpforms-field-row-block wpforms-first wpforms-one-half\"><input type=\"text\" id=\"wpforms-322-field_0\" class=\"wpforms-field-name-first wpforms-field-required\" name=\"wpforms[fields][0][first]\" required><label for=\"wpforms-322-field_0\" class=\"wpforms-field-sublabel after\">Nome<\/label><\/div><div class=\"wpforms-field-row-block wpforms-one-half\"><input type=\"text\" id=\"wpforms-322-field_0-last\" class=\"wpforms-field-name-last wpforms-field-required\" name=\"wpforms[fields][0][last]\" required><label for=\"wpforms-322-field_0-last\" class=\"wpforms-field-sublabel after\">Sobrenome<\/label><\/div><\/div><\/div><div id=\"wpforms-322-field_1-container\" class=\"wpforms-field wpforms-field-email\" data-field-id=\"1\"><label class=\"wpforms-field-label\" for=\"wpforms-322-field_1\">E-mail <span class=\"wpforms-required-label\">*<\/span><\/label><input type=\"email\" id=\"wpforms-322-field_1\" class=\"wpforms-field-medium wpforms-field-required\" name=\"wpforms[fields][1]\" spellcheck=\"false\" required><\/div><div id=\"wpforms-322-field_2-container\" class=\"wpforms-field wpforms-field-textarea\" data-field-id=\"2\"><label class=\"wpforms-field-label\" for=\"wpforms-322-field_2\">Coment\u00e1rio ou Mensagem<\/label><textarea id=\"wpforms-322-field_2\" class=\"wpforms-field-medium\" name=\"wpforms[fields][2]\" ><\/textarea><\/div><\/div><!-- .wpforms-field-container --><div class=\"wpforms-submit-container\" ><input type=\"hidden\" name=\"wpforms[id]\" value=\"322\"><input type=\"hidden\" name=\"page_title\" value=\"\"><input type=\"hidden\" name=\"page_url\" value=\"https:\/\/sites.usp.br\/simas\/wp-json\/wp\/v2\/pages\/92\"><input type=\"hidden\" name=\"url_referer\" value=\"\"><button type=\"submit\" name=\"wpforms[submit]\" id=\"wpforms-submit-322\" class=\"wpforms-submit\" data-alt-text=\"Enviando\u2026\" data-submit-text=\"Enviar\" aria-live=\"assertive\" value=\"wpforms-submit\">Enviar<\/button><img decoding=\"async\" src=\"https:\/\/sites.usp.br\/simas\/wp-content\/plugins\/wpforms-lite\/assets\/images\/submit-spin.svg\" class=\"wpforms-submit-spinner\" style=\"display: none;\" width=\"26\" height=\"26\" alt=\"A Carregar\"><\/div><\/form><\/div>  <!-- .wpforms-container --><\/div>\n<\/div>\n<p><\/p>","protected":false},"excerpt":{"rendered":"<p>\ud83d\udccc Faculdade de Medicina da Universidade de S\u00e3o Paulo Departamento de Medicina Preventiva Endere\u00e7o: Avenida Doutor Arnaldo, 455 &#8211; Sala 2165 Bairro: Pacaembu &#8211; S\u00e3o Paulo\/SP\u00a0 CEP: 01246903 Telefone: +55 (11) 3061-7086 E-mail: gep.simas @gmail.com<\/p>\n","protected":false},"author":22325,"featured_media":0,"parent":0,"menu_order":0,"comment_status":"closed","ping_status":"closed","template":"","meta":{"_acf_changed":false,"footnotes":"","_links_to":"","_links_to_target":""},"class_list":["post-92","page","type-page","status-publish","hentry"],"acf":[],"_links":{"self":[{"href":"https:\/\/sites.usp.br\/simas\/wp-json\/wp\/v2\/pages\/92","targetHints":{"allow":["GET"]}}],"collection":[{"href":"https:\/\/sites.usp.br\/simas\/wp-json\/wp\/v2\/pages"}],"about":[{"href":"https:\/\/sites.usp.br\/simas\/wp-json\/wp\/v2\/types\/page"}],"author":[{"embeddable":true,"href":"https:\/\/sites.usp.br\/simas\/wp-json\/wp\/v2\/users\/22325"}],"replies":[{"embeddable":true,"href":"https:\/\/sites.usp.br\/simas\/wp-json\/wp\/v2\/comments?post=92"}],"version-history":[{"count":4,"href":"https:\/\/sites.usp.br\/simas\/wp-json\/wp\/v2\/pages\/92\/revisions"}],"predecessor-version":[{"id":489,"href":"https:\/\/sites.usp.br\/simas\/wp-json\/wp\/v2\/pages\/92\/revisions\/489"}],"wp:attachment":[{"href":"https:\/\/sites.usp.br\/simas\/wp-json\/wp\/v2\/media?parent=92"}],"curies":[{"name":"wp","href":"https:\/\/api.w.org\/{rel}","templated":true}]}}