{"id":1744,"date":"2024-07-25T21:41:15","date_gmt":"2024-07-26T00:41:15","guid":{"rendered":"https:\/\/sites.usp.br\/siriusbiotecnologiajr\/?page_id=1744"},"modified":"2024-07-25T21:52:56","modified_gmt":"2024-07-26T00:52:56","slug":"lebi","status":"publish","type":"page","link":"https:\/\/sites.usp.br\/siriusbiotecnologiajr\/lebi\/","title":{"rendered":"LEBI"},"content":{"rendered":"\t\t<div data-elementor-type=\"wp-page\" data-elementor-id=\"1744\" class=\"elementor elementor-1744\" data-elementor-post-type=\"page\">\n\t\t\t\t\t\t<section class=\"elementor-section elementor-top-section elementor-element elementor-element-dc7b20e elementor-section-boxed elementor-section-height-default elementor-section-height-default\" data-id=\"dc7b20e\" data-element_type=\"section\">\n\t\t\t\t\t\t<div class=\"elementor-container elementor-column-gap-default\">\n\t\t\t\t\t<div class=\"elementor-column elementor-col-100 elementor-top-column elementor-element elementor-element-ef14af5\" data-id=\"ef14af5\" data-element_type=\"column\">\n\t\t\t<div class=\"elementor-widget-wrap elementor-element-populated\">\n\t\t\t\t\t\t<div class=\"elementor-element elementor-element-ecf8d9a elementor-invisible elementor-widget elementor-widget-heading\" data-id=\"ecf8d9a\" data-element_type=\"widget\" data-settings=\"{&quot;_animation&quot;:&quot;fadeIn&quot;}\" data-widget_type=\"heading.default\">\n\t\t\t\t<div class=\"elementor-widget-container\">\n\t\t\t<h1 class=\"elementor-heading-title elementor-size-large\">Cases de sucesso: LEBI<\/h1>\t\t<\/div>\n\t\t\t\t<\/div>\n\t\t\t\t<div class=\"elementor-element elementor-element-1bd1497 elementor-invisible elementor-widget elementor-widget-image\" data-id=\"1bd1497\" data-element_type=\"widget\" data-settings=\"{&quot;_animation&quot;:&quot;fadeIn&quot;}\" data-widget_type=\"image.default\">\n\t\t\t\t<div class=\"elementor-widget-container\">\n\t\t\t\t\t\t\t\t\t\t\t\t\t<img fetchpriority=\"high\" decoding=\"async\" width=\"413\" height=\"418\" src=\"https:\/\/sites.usp.br\/siriusbiotecnologiajr\/wp-content\/uploads\/sites\/1020\/2024\/07\/image-removebg-preview.png\" class=\"attachment-large size-large wp-image-1749\" alt=\"\" srcset=\"https:\/\/sites.usp.br\/siriusbiotecnologiajr\/wp-content\/uploads\/sites\/1020\/2024\/07\/image-removebg-preview.png 413w, https:\/\/sites.usp.br\/siriusbiotecnologiajr\/wp-content\/uploads\/sites\/1020\/2024\/07\/image-removebg-preview-296x300.png 296w, https:\/\/sites.usp.br\/siriusbiotecnologiajr\/wp-content\/uploads\/sites\/1020\/2024\/07\/image-removebg-preview-45x45.png 45w\" sizes=\"(max-width: 413px) 100vw, 413px\" \/>\t\t\t\t\t\t\t\t\t\t\t\t\t<\/div>\n\t\t\t\t<\/div>\n\t\t\t\t\t<\/div>\n\t\t<\/div>\n\t\t\t\t\t<\/div>\n\t\t<\/section>\n\t\t\t\t<section class=\"elementor-section elementor-top-section elementor-element elementor-element-e5ea890 elementor-section-boxed elementor-section-height-default elementor-section-height-default\" data-id=\"e5ea890\" data-element_type=\"section\">\n\t\t\t\t\t\t<div class=\"elementor-container elementor-column-gap-default\">\n\t\t\t\t\t<div class=\"elementor-column elementor-col-100 elementor-top-column elementor-element elementor-element-50d82f6\" data-id=\"50d82f6\" data-element_type=\"column\">\n\t\t\t<div class=\"elementor-widget-wrap elementor-element-populated\">\n\t\t\t\t\t\t<div class=\"elementor-element elementor-element-e09c00a elementor-invisible elementor-widget elementor-widget-heading\" data-id=\"e09c00a\" data-element_type=\"widget\" data-settings=\"{&quot;_animation&quot;:&quot;fadeIn&quot;}\" data-widget_type=\"heading.default\">\n\t\t\t\t<div class=\"elementor-widget-container\">\n\t\t\t<h2 class=\"elementor-heading-title elementor-size-large\">Projeto realizado: Calibra\u00e7\u00e3o de Pipetas<\/h2>\t\t<\/div>\n\t\t\t\t<\/div>\n\t\t\t\t<div class=\"elementor-element elementor-element-7bae15b elementor-widget elementor-widget-spacer\" data-id=\"7bae15b\" data-element_type=\"widget\" data-widget_type=\"spacer.default\">\n\t\t\t\t<div class=\"elementor-widget-container\">\n\t\t\t\t\t<div class=\"elementor-spacer\">\n\t\t\t<div class=\"elementor-spacer-inner\"><\/div>\n\t\t<\/div>\n\t\t\t\t<\/div>\n\t\t\t\t<\/div>\n\t\t\t\t<section class=\"elementor-section elementor-inner-section elementor-element elementor-element-5571624 elementor-section-boxed elementor-section-height-default elementor-section-height-default\" data-id=\"5571624\" data-element_type=\"section\">\n\t\t\t\t\t\t<div class=\"elementor-container elementor-column-gap-default\">\n\t\t\t\t\t<div class=\"elementor-column elementor-col-50 elementor-inner-column elementor-element elementor-element-684818b\" data-id=\"684818b\" data-element_type=\"column\">\n\t\t\t<div class=\"elementor-widget-wrap elementor-element-populated\">\n\t\t\t\t\t\t<div class=\"elementor-element elementor-element-d81d0d0 elementor-invisible elementor-widget elementor-widget-image\" data-id=\"d81d0d0\" data-element_type=\"widget\" data-settings=\"{&quot;_animation&quot;:&quot;fadeInUp&quot;}\" data-widget_type=\"image.default\">\n\t\t\t\t<div class=\"elementor-widget-container\">\n\t\t\t\t\t\t\t\t\t\t\t\t\t<img decoding=\"async\" width=\"499\" height=\"483\" src=\"https:\/\/sites.usp.br\/siriusbiotecnologiajr\/wp-content\/uploads\/sites\/1020\/2024\/07\/image-2-e1721954418388.png\" class=\"attachment-large size-large wp-image-1750\" alt=\"\" srcset=\"https:\/\/sites.usp.br\/siriusbiotecnologiajr\/wp-content\/uploads\/sites\/1020\/2024\/07\/image-2-e1721954418388.png 499w, https:\/\/sites.usp.br\/siriusbiotecnologiajr\/wp-content\/uploads\/sites\/1020\/2024\/07\/image-2-e1721954418388-300x290.png 300w, https:\/\/sites.usp.br\/siriusbiotecnologiajr\/wp-content\/uploads\/sites\/1020\/2024\/07\/image-2-e1721954418388-45x45.png 45w\" sizes=\"(max-width: 499px) 100vw, 499px\" \/>\t\t\t\t\t\t\t\t\t\t\t\t\t<\/div>\n\t\t\t\t<\/div>\n\t\t\t\t\t<\/div>\n\t\t<\/div>\n\t\t\t\t<div class=\"elementor-column elementor-col-50 elementor-inner-column elementor-element elementor-element-889c99e\" data-id=\"889c99e\" data-element_type=\"column\">\n\t\t\t<div class=\"elementor-widget-wrap elementor-element-populated\">\n\t\t\t\t\t\t<div class=\"elementor-element elementor-element-bddf0db elementor-invisible elementor-widget elementor-widget-image\" data-id=\"bddf0db\" data-element_type=\"widget\" data-settings=\"{&quot;_animation&quot;:&quot;fadeInUp&quot;}\" data-widget_type=\"image.default\">\n\t\t\t\t<div class=\"elementor-widget-container\">\n\t\t\t\t\t\t\t\t\t\t\t\t\t<img decoding=\"async\" width=\"553\" height=\"480\" src=\"https:\/\/sites.usp.br\/siriusbiotecnologiajr\/wp-content\/uploads\/sites\/1020\/2024\/07\/image-3.png\" class=\"attachment-large size-large wp-image-1751\" alt=\"\" srcset=\"https:\/\/sites.usp.br\/siriusbiotecnologiajr\/wp-content\/uploads\/sites\/1020\/2024\/07\/image-3.png 553w, https:\/\/sites.usp.br\/siriusbiotecnologiajr\/wp-content\/uploads\/sites\/1020\/2024\/07\/image-3-300x260.png 300w\" sizes=\"(max-width: 553px) 100vw, 553px\" \/>\t\t\t\t\t\t\t\t\t\t\t\t\t<\/div>\n\t\t\t\t<\/div>\n\t\t\t\t\t<\/div>\n\t\t<\/div>\n\t\t\t\t\t<\/div>\n\t\t<\/section>\n\t\t\t\t<div class=\"elementor-element elementor-element-702efd0 elementor-widget elementor-widget-spacer\" data-id=\"702efd0\" data-element_type=\"widget\" data-widget_type=\"spacer.default\">\n\t\t\t\t<div class=\"elementor-widget-container\">\n\t\t\t\t\t<div class=\"elementor-spacer\">\n\t\t\t<div class=\"elementor-spacer-inner\"><\/div>\n\t\t<\/div>\n\t\t\t\t<\/div>\n\t\t\t\t<\/div>\n\t\t\t\t\t<\/div>\n\t\t<\/div>\n\t\t\t\t\t<\/div>\n\t\t<\/section>\n\t\t\t\t<section class=\"elementor-section elementor-top-section elementor-element elementor-element-4383cd8 elementor-section-boxed elementor-section-height-default elementor-section-height-default\" data-id=\"4383cd8\" data-element_type=\"section\">\n\t\t\t\t\t\t<div class=\"elementor-container elementor-column-gap-default\">\n\t\t\t\t\t<div class=\"elementor-column elementor-col-100 elementor-top-column elementor-element elementor-element-1eae84a animated-fast elementor-invisible\" data-id=\"1eae84a\" data-element_type=\"column\" data-settings=\"{&quot;animation&quot;:&quot;fadeInUp&quot;}\">\n\t\t\t<div class=\"elementor-widget-wrap elementor-element-populated\">\n\t\t\t\t\t\t<section class=\"elementor-section elementor-inner-section elementor-element elementor-element-615932e elementor-section-boxed elementor-section-height-default elementor-section-height-default\" data-id=\"615932e\" data-element_type=\"section\">\n\t\t\t\t\t\t<div class=\"elementor-container elementor-column-gap-default\">\n\t\t\t\t\t<div class=\"elementor-column elementor-col-33 elementor-inner-column elementor-element elementor-element-be6fd78\" data-id=\"be6fd78\" data-element_type=\"column\">\n\t\t\t<div class=\"elementor-widget-wrap elementor-element-populated\">\n\t\t\t\t\t\t<div class=\"elementor-element elementor-element-b3c686d elementor-view-default elementor-widget elementor-widget-icon\" data-id=\"b3c686d\" data-element_type=\"widget\" data-widget_type=\"icon.default\">\n\t\t\t\t<div class=\"elementor-widget-container\">\n\t\t\t\t\t<div class=\"elementor-icon-wrapper\">\n\t\t\t<div class=\"elementor-icon\">\n\t\t\t<i aria-hidden=\"true\" class=\"fas fa-shapes\"><\/i>\t\t\t<\/div>\n\t\t<\/div>\n\t\t\t\t<\/div>\n\t\t\t\t<\/div>\n\t\t\t\t<div class=\"elementor-element elementor-element-f4eafdf animated-fast elementor-invisible elementor-widget elementor-widget-heading\" data-id=\"f4eafdf\" data-element_type=\"widget\" data-settings=\"{&quot;_animation&quot;:&quot;fadeInUp&quot;}\" data-widget_type=\"heading.default\">\n\t\t\t\t<div class=\"elementor-widget-container\">\n\t\t\t<h2 class=\"elementor-heading-title elementor-size-large\">DESAFIOS<\/h2>\t\t<\/div>\n\t\t\t\t<\/div>\n\t\t\t\t<div class=\"elementor-element elementor-element-f845c17 elementor-widget elementor-widget-text-editor\" data-id=\"f845c17\" data-element_type=\"widget\" data-widget_type=\"text-editor.default\">\n\t\t\t\t<div class=\"elementor-widget-container\">\n\t\t\t\t\t\t\t<p>O Laborat\u00f3rio de Evolu\u00e7\u00e3o e Biologia Comparativa (LEBI) estuda a compreens\u00e3o dos processos e mecanismos relacionados com a evolu\u00e7\u00e3o de diversidade fenot\u00edpica nos organismos e muitos processos fisiol\u00f3gicos.<\/p><p>Nesse cen\u00e1rio, em muitos dos experimentos do laborat\u00f3rio a <strong><span style=\"text-decoration: underline;\">utiliza\u00e7\u00e3o das micropipetas<\/span><\/strong> \u00e9 essencial.<\/p>\t\t\t\t\t\t<\/div>\n\t\t\t\t<\/div>\n\t\t\t\t\t<\/div>\n\t\t<\/div>\n\t\t\t\t<div class=\"elementor-column elementor-col-33 elementor-inner-column elementor-element elementor-element-05f5081\" data-id=\"05f5081\" data-element_type=\"column\">\n\t\t\t<div class=\"elementor-widget-wrap elementor-element-populated\">\n\t\t\t\t\t\t<div class=\"elementor-element elementor-element-8ae590e elementor-view-default elementor-widget elementor-widget-icon\" data-id=\"8ae590e\" data-element_type=\"widget\" data-widget_type=\"icon.default\">\n\t\t\t\t<div class=\"elementor-widget-container\">\n\t\t\t\t\t<div class=\"elementor-icon-wrapper\">\n\t\t\t<div class=\"elementor-icon\">\n\t\t\t<i aria-hidden=\"true\" class=\"fas fa-lightbulb\"><\/i>\t\t\t<\/div>\n\t\t<\/div>\n\t\t\t\t<\/div>\n\t\t\t\t<\/div>\n\t\t\t\t<div class=\"elementor-element elementor-element-25c16d5 animated-fast elementor-invisible elementor-widget elementor-widget-heading\" data-id=\"25c16d5\" data-element_type=\"widget\" data-settings=\"{&quot;_animation&quot;:&quot;fadeInUp&quot;}\" data-widget_type=\"heading.default\">\n\t\t\t\t<div class=\"elementor-widget-container\">\n\t\t\t<h2 class=\"elementor-heading-title elementor-size-large\">SOLU\u00c7\u00d5ES <\/h2>\t\t<\/div>\n\t\t\t\t<\/div>\n\t\t\t\t<div class=\"elementor-element elementor-element-c3a49ad elementor-widget elementor-widget-text-editor\" data-id=\"c3a49ad\" data-element_type=\"widget\" data-widget_type=\"text-editor.default\">\n\t\t\t\t<div class=\"elementor-widget-container\">\n\t\t\t\t\t\t\t<p>Para identificar as pipetas que necessitavam de calibra\u00e7\u00e3o foram realizadas 4 visitas, de modo a capacitar os membros acerca da calibra\u00e7\u00e3o de pipetas e na calibra\u00e7\u00e3o em si.<\/p><p>Dessa forma foi elaborado um <span style=\"text-decoration: underline;\"><strong>projeto de calibra\u00e7\u00e3o de pipetas<\/strong><\/span>, visando a <span style=\"text-decoration: underline;\"><strong>precis\u00e3o<\/strong><\/span> e <span style=\"text-decoration: underline;\"><strong>confiabilidade<\/strong><\/span> da pipeta.<\/p>\t\t\t\t\t\t<\/div>\n\t\t\t\t<\/div>\n\t\t\t\t\t<\/div>\n\t\t<\/div>\n\t\t\t\t<div class=\"elementor-column elementor-col-33 elementor-inner-column elementor-element elementor-element-a09ef68\" data-id=\"a09ef68\" data-element_type=\"column\">\n\t\t\t<div class=\"elementor-widget-wrap elementor-element-populated\">\n\t\t\t\t\t\t<div class=\"elementor-element elementor-element-b9cab9b elementor-view-default elementor-widget elementor-widget-icon\" data-id=\"b9cab9b\" data-element_type=\"widget\" data-widget_type=\"icon.default\">\n\t\t\t\t<div class=\"elementor-widget-container\">\n\t\t\t\t\t<div class=\"elementor-icon-wrapper\">\n\t\t\t<div class=\"elementor-icon\">\n\t\t\t<i aria-hidden=\"true\" class=\"fas fa-medal\"><\/i>\t\t\t<\/div>\n\t\t<\/div>\n\t\t\t\t<\/div>\n\t\t\t\t<\/div>\n\t\t\t\t<div class=\"elementor-element elementor-element-ff13adc animated-fast elementor-invisible elementor-widget elementor-widget-heading\" data-id=\"ff13adc\" data-element_type=\"widget\" data-settings=\"{&quot;_animation&quot;:&quot;fadeInUp&quot;}\" data-widget_type=\"heading.default\">\n\t\t\t\t<div class=\"elementor-widget-container\">\n\t\t\t<h2 class=\"elementor-heading-title elementor-size-large\">RESULTADOS <\/h2>\t\t<\/div>\n\t\t\t\t<\/div>\n\t\t\t\t<div class=\"elementor-element elementor-element-236cccf elementor-widget__width-inherit elementor-widget elementor-widget-text-editor\" data-id=\"236cccf\" data-element_type=\"widget\" data-widget_type=\"text-editor.default\">\n\t\t\t\t<div class=\"elementor-widget-container\">\n\t\t\t\t\t\t\t<div>O resultado foi as <span style=\"text-decoration: underline;\"><strong>pipetas calibradas<\/strong><\/span> e <span style=\"text-decoration: underline;\"><strong>limpas interna e externamente<\/strong><\/span>. Por meio do NPS (Net Promoter Score) do cliente, se constatou que houve satisfa\u00e7\u00e3o quanto ao servi\u00e7o de calibra\u00e7\u00e3o, se destacando o <span style=\"text-decoration: underline;\"><strong>compromisso<\/strong><\/span> e <span style=\"text-decoration: underline;\"><strong>responsabilidade<\/strong> <\/span>da equipe da Sirius.<\/div>\t\t\t\t\t\t<\/div>\n\t\t\t\t<\/div>\n\t\t\t\t\t<\/div>\n\t\t<\/div>\n\t\t\t\t\t<\/div>\n\t\t<\/section>\n\t\t\t\t<div class=\"elementor-element elementor-element-1d88bda elementor-widget elementor-widget-spacer\" data-id=\"1d88bda\" data-element_type=\"widget\" data-widget_type=\"spacer.default\">\n\t\t\t\t<div class=\"elementor-widget-container\">\n\t\t\t\t\t<div class=\"elementor-spacer\">\n\t\t\t<div class=\"elementor-spacer-inner\"><\/div>\n\t\t<\/div>\n\t\t\t\t<\/div>\n\t\t\t\t<\/div>\n\t\t\t\t<div class=\"elementor-element elementor-element-d0b258b elementor-widget elementor-widget-spacer\" data-id=\"d0b258b\" data-element_type=\"widget\" data-widget_type=\"spacer.default\">\n\t\t\t\t<div class=\"elementor-widget-container\">\n\t\t\t\t\t<div class=\"elementor-spacer\">\n\t\t\t<div class=\"elementor-spacer-inner\"><\/div>\n\t\t<\/div>\n\t\t\t\t<\/div>\n\t\t\t\t<\/div>\n\t\t\t\t\t<\/div>\n\t\t<\/div>\n\t\t\t\t\t<\/div>\n\t\t<\/section>\n\t\t\t\t<\/div>\n\t\t","protected":false},"excerpt":{"rendered":"<p>Cases de sucesso: LEBI Projeto realizado: Calibra\u00e7\u00e3o de Pipetas DESAFIOS O Laborat\u00f3rio de Evolu\u00e7\u00e3o e Biologia Comparativa (LEBI) estuda a compreens\u00e3o dos processos e mecanismos relacionados com a evolu\u00e7\u00e3o de diversidade fenot\u00edpica nos organismos e muitos processos fisiol\u00f3gicos. Nesse cen\u00e1rio, em muitos dos experimentos do laborat\u00f3rio a utiliza\u00e7\u00e3o das micropipetas \u00e9 essencial. SOLU\u00c7\u00d5ES Para identificar [&hellip;]<\/p>\n","protected":false},"author":22771,"featured_media":0,"parent":0,"menu_order":0,"comment_status":"closed","ping_status":"closed","template":"elementor_canvas","meta":{"_monsterinsights_skip_tracking":false,"_monsterinsights_sitenote_active":false,"_monsterinsights_sitenote_note":"","_monsterinsights_sitenote_category":0,"ocean_post_layout":"","ocean_both_sidebars_style":"","ocean_both_sidebars_content_width":0,"ocean_both_sidebars_sidebars_width":0,"ocean_sidebar":"0","ocean_second_sidebar":"0","ocean_disable_margins":"enable","ocean_add_body_class":"","ocean_shortcode_before_top_bar":"","ocean_shortcode_after_top_bar":"","ocean_shortcode_before_header":"","ocean_shortcode_after_header":"","ocean_has_shortcode":"","ocean_shortcode_after_title":"","ocean_shortcode_before_footer_widgets":"","ocean_shortcode_after_footer_widgets":"","ocean_shortcode_before_footer_bottom":"","ocean_shortcode_after_footer_bottom":"","ocean_display_top_bar":"default","ocean_display_header":"default","ocean_header_style":"","ocean_center_header_left_menu":"0","ocean_custom_header_template":"0","ocean_custom_logo":0,"ocean_custom_retina_logo":0,"ocean_custom_logo_max_width":0,"ocean_custom_logo_tablet_max_width":0,"ocean_custom_logo_mobile_max_width":0,"ocean_custom_logo_max_height":0,"ocean_custom_logo_tablet_max_height":0,"ocean_custom_logo_mobile_max_height":0,"ocean_header_custom_menu":"0","ocean_menu_typo_font_family":"0","ocean_menu_typo_font_subset":"","ocean_menu_typo_font_size":0,"ocean_menu_typo_font_size_tablet":0,"ocean_menu_typo_font_size_mobile":0,"ocean_menu_typo_font_size_unit":"px","ocean_menu_typo_font_weight":"","ocean_menu_typo_font_weight_tablet":"","ocean_menu_typo_font_weight_mobile":"","ocean_menu_typo_transform":"","ocean_menu_typo_transform_tablet":"","ocean_menu_typo_transform_mobile":"","ocean_menu_typo_line_height":0,"ocean_menu_typo_line_height_tablet":0,"ocean_menu_typo_line_height_mobile":0,"ocean_menu_typo_line_height_unit":"","ocean_menu_typo_spacing":0,"ocean_menu_typo_spacing_tablet":0,"ocean_menu_typo_spacing_mobile":0,"ocean_menu_typo_spacing_unit":"","ocean_menu_link_color":"","ocean_menu_link_color_hover":"","ocean_menu_link_color_active":"","ocean_menu_link_background":"","ocean_menu_link_hover_background":"","ocean_menu_link_active_background":"","ocean_menu_social_links_bg":"","ocean_menu_social_hover_links_bg":"","ocean_menu_social_links_color":"","ocean_menu_social_hover_links_color":"","ocean_disable_title":"default","ocean_disable_heading":"default","ocean_post_title":"","ocean_post_subheading":"","ocean_post_title_style":"","ocean_post_title_background_color":"","ocean_post_title_background":0,"ocean_post_title_bg_image_position":"","ocean_post_title_bg_image_attachment":"","ocean_post_title_bg_image_repeat":"","ocean_post_title_bg_image_size":"","ocean_post_title_height":0,"ocean_post_title_bg_overlay":0.5,"ocean_post_title_bg_overlay_color":"","ocean_disable_breadcrumbs":"default","ocean_breadcrumbs_color":"","ocean_breadcrumbs_separator_color":"","ocean_breadcrumbs_links_color":"","ocean_breadcrumbs_links_hover_color":"","ocean_display_footer_widgets":"default","ocean_display_footer_bottom":"default","ocean_custom_footer_template":"0","footnotes":"","_links_to":"","_links_to_target":""},"class_list":["post-1744","page","type-page","status-publish","hentry","entry"],"_links":{"self":[{"href":"https:\/\/sites.usp.br\/siriusbiotecnologiajr\/wp-json\/wp\/v2\/pages\/1744","targetHints":{"allow":["GET"]}}],"collection":[{"href":"https:\/\/sites.usp.br\/siriusbiotecnologiajr\/wp-json\/wp\/v2\/pages"}],"about":[{"href":"https:\/\/sites.usp.br\/siriusbiotecnologiajr\/wp-json\/wp\/v2\/types\/page"}],"author":[{"embeddable":true,"href":"https:\/\/sites.usp.br\/siriusbiotecnologiajr\/wp-json\/wp\/v2\/users\/22771"}],"replies":[{"embeddable":true,"href":"https:\/\/sites.usp.br\/siriusbiotecnologiajr\/wp-json\/wp\/v2\/comments?post=1744"}],"version-history":[{"count":4,"href":"https:\/\/sites.usp.br\/siriusbiotecnologiajr\/wp-json\/wp\/v2\/pages\/1744\/revisions"}],"predecessor-version":[{"id":1762,"href":"https:\/\/sites.usp.br\/siriusbiotecnologiajr\/wp-json\/wp\/v2\/pages\/1744\/revisions\/1762"}],"wp:attachment":[{"href":"https:\/\/sites.usp.br\/siriusbiotecnologiajr\/wp-json\/wp\/v2\/media?parent=1744"}],"curies":[{"name":"wp","href":"https:\/\/api.w.org\/{rel}","templated":true}]}}