{"id":1265,"date":"2021-04-08T07:55:05","date_gmt":"2021-04-08T10:55:05","guid":{"rendered":"http:\/\/sites.usp.br\/sisfoton\/?page_id=1265"},"modified":"2023-04-28T16:37:02","modified_gmt":"2023-04-28T19:37:02","slug":"home-beta","status":"publish","type":"page","link":"https:\/\/sites.usp.br\/sisfoton\/","title":{"rendered":"SisF\u00f3ton-USP"},"content":{"rendered":"<p>SisF\u00f3ton-USP:\u00a0Laborat\u00f3rio de Apoio \u00e0 Inova\u00e7\u00e3o e ao Empreendedorismo em Tecnologias Fot\u00f4nicas tem como miss\u00e3o \u201cpromover a inova\u00e7\u00e3o e o avan\u00e7o s\u00f3cio-econ\u00f4mico-cultural atrav\u00e9s da pesquisa e o desenvolvimento de solu\u00e7\u00f5es em Fot\u00f4nica&#8221; bem como de incentivar ainda mais as pesquisas nas \u00e1reas de \u00d3ptica e Fot\u00f4nica, universalizando a infraestrutura existente na USP, ou seja, disponibilizando todos os equipamentos existentes para um maior n\u00famero de cientistas oriundos n\u00e3o s\u00f3 de institui\u00e7\u00f5es p\u00fablicas, como privadas, com destaque para as empresas que desenvolvem pesquisa e desenvolvimento nesta \u00e1rea do conhecimento.<\/p>\n<p>&nbsp;<\/p>\n<p><a href=\"https:\/\/sites.usp.br\/sisfoton\/wp-content\/uploads\/sites\/989\/2023\/04\/I-Primeiro-Encontro-de-Inovacao-e-Tecnologias-Aplicadas-a-Saude-Livro-de-Resumos.pdf\">Livro de Resumos &#8211; I Primeiro Encontro de Inova\u00e7\u00e3o e Tecnologias Aplicadas \u00e0 Sa\u00fade<\/a><\/p>\n<p>&nbsp;<\/p>\n<div style=\"max-width: 1733px;\">\n<div style=\"left: 0; width: 100%; height: 0; position: relative; padding-bottom: 56.25%;\"><iframe title=\"SISFOTON USP - Laborat\u00f3rio de Apoio \u00e0 Inova\u00e7\u00e3o e ao Empreendedorismo em Tecnologias Fot\u00f4nicas\" src=\"https:\/\/www.youtube.com\/embed\/FHe7s2Hv-K0?rel=0\" style=\"top: 0; left: 0; width: 100%; height: 100%; position: absolute; border: 0;\" allowfullscreen scrolling=\"no\" allow=\"accelerometer; clipboard-write; encrypted-media; gyroscope; picture-in-picture; web-share;\"><\/iframe><\/div>\n<\/div>\n<p>Divisor<\/p>\n","protected":false},"excerpt":{"rendered":"<p>SisF\u00f3ton-USP:\u00a0Laborat\u00f3rio de Apoio \u00e0 Inova\u00e7\u00e3o e ao Empreendedorismo em Tecnologias Fot\u00f4nicas tem como miss\u00e3o \u201cpromover a inova\u00e7\u00e3o e o avan\u00e7o s\u00f3cio-econ\u00f4mico-cultural atrav\u00e9s da pesquisa e o desenvolvimento de solu\u00e7\u00f5es em Fot\u00f4nica&#8221; bem como de incentivar ainda mais as pesquisas nas \u00e1reas de \u00d3ptica e Fot\u00f4nica, universalizando a infraestrutura existente na USP, ou seja, disponibilizando todos os equipamentos existentes para um maior n\u00famero de cientistas oriundos n\u00e3o s\u00f3 de institui\u00e7\u00f5es p\u00fablicas, como privadas, com destaque para as empresas que desenvolvem pesquisa e desenvolvimento nesta \u00e1rea do conhecimento. &nbsp; Livro de Resumos &#8211; I Primeiro Encontro de Inova\u00e7\u00e3o e Tecnologias Aplicadas \u00e0 Sa\u00fade &nbsp; Divisor<\/p>\n","protected":false},"author":22349,"featured_media":0,"parent":0,"menu_order":0,"comment_status":"closed","ping_status":"closed","template":"","meta":{"footnotes":"","_links_to":"","_links_to_target":""},"class_list":["post-1265","page","type-page","status-publish","hentry"],"_links":{"self":[{"href":"https:\/\/sites.usp.br\/sisfoton\/wp-json\/wp\/v2\/pages\/1265","targetHints":{"allow":["GET"]}}],"collection":[{"href":"https:\/\/sites.usp.br\/sisfoton\/wp-json\/wp\/v2\/pages"}],"about":[{"href":"https:\/\/sites.usp.br\/sisfoton\/wp-json\/wp\/v2\/types\/page"}],"author":[{"embeddable":true,"href":"https:\/\/sites.usp.br\/sisfoton\/wp-json\/wp\/v2\/users\/22349"}],"replies":[{"embeddable":true,"href":"https:\/\/sites.usp.br\/sisfoton\/wp-json\/wp\/v2\/comments?post=1265"}],"version-history":[{"count":4,"href":"https:\/\/sites.usp.br\/sisfoton\/wp-json\/wp\/v2\/pages\/1265\/revisions"}],"predecessor-version":[{"id":2009,"href":"https:\/\/sites.usp.br\/sisfoton\/wp-json\/wp\/v2\/pages\/1265\/revisions\/2009"}],"wp:attachment":[{"href":"https:\/\/sites.usp.br\/sisfoton\/wp-json\/wp\/v2\/media?parent=1265"}],"curies":[{"name":"wp","href":"https:\/\/api.w.org\/{rel}","templated":true}]}}