{"id":889,"date":"2020-04-30T20:59:30","date_gmt":"2020-04-30T23:59:30","guid":{"rendered":"https:\/\/sites.usp.br\/sisnano\/?page_id=889"},"modified":"2022-08-02T16:02:04","modified_gmt":"2022-08-02T19:02:04","slug":"coordenacao","status":"publish","type":"page","link":"https:\/\/sites.usp.br\/sisfoton\/coordenacao\/","title":{"rendered":"Coordena\u00e7\u00e3o"},"content":{"rendered":"\t\t<div data-elementor-type=\"wp-page\" data-elementor-id=\"889\" class=\"elementor elementor-889\" data-elementor-post-type=\"page\">\n\t\t\t\t\t\t<section class=\"elementor-section elementor-top-section elementor-element elementor-element-4009d28 elementor-section-content-middle elementor-section-boxed elementor-section-height-default elementor-section-height-default\" data-id=\"4009d28\" data-element_type=\"section\">\n\t\t\t\t\t\t<div class=\"elementor-container elementor-column-gap-default\">\n\t\t\t\t\t<div class=\"elementor-column elementor-col-50 elementor-top-column elementor-element elementor-element-49ee8a3\" data-id=\"49ee8a3\" data-element_type=\"column\">\n\t\t\t<div class=\"elementor-widget-wrap elementor-element-populated\">\n\t\t\t\t\t\t<div class=\"elementor-element elementor-element-0555c77 elementor-widget elementor-widget-image\" data-id=\"0555c77\" data-element_type=\"widget\" data-widget_type=\"image.default\">\n\t\t\t\t<div class=\"elementor-widget-container\">\n\t\t\t\t\t\t\t\t\t\t\t\t\t<img fetchpriority=\"high\" decoding=\"async\" width=\"275\" height=\"183\" src=\"https:\/\/sites.usp.br\/sisfoton\/wp-content\/uploads\/sites\/989\/2022\/05\/Vanderlei.jpg\" class=\"attachment-full size-full wp-image-1674\" alt=\"\" \/>\t\t\t\t\t\t\t\t\t\t\t\t\t<\/div>\n\t\t\t\t<\/div>\n\t\t\t\t\t<\/div>\n\t\t<\/div>\n\t\t\t\t<div class=\"elementor-column elementor-col-50 elementor-top-column elementor-element elementor-element-9526fb7\" data-id=\"9526fb7\" data-element_type=\"column\">\n\t\t\t<div class=\"elementor-widget-wrap elementor-element-populated\">\n\t\t\t\t\t\t<div class=\"elementor-element elementor-element-a97e6c5 elementor-widget elementor-widget-heading\" data-id=\"a97e6c5\" data-element_type=\"widget\" data-widget_type=\"heading.default\">\n\t\t\t\t<div class=\"elementor-widget-container\">\n\t\t\t<h2 class=\"elementor-heading-title elementor-size-default\">Coordena\u00e7\u00e3o<\/h2>\t\t<\/div>\n\t\t\t\t<\/div>\n\t\t\t\t<div class=\"elementor-element elementor-element-70d8829 elementor-widget elementor-widget-text-editor\" data-id=\"70d8829\" data-element_type=\"widget\" data-widget_type=\"text-editor.default\">\n\t\t\t\t<div class=\"elementor-widget-container\">\n\t\t\t\t\t\t\t<p><strong>Prof. Dr. Vanderlei Salvador Bagnato<\/strong><\/p><p>Curr\u00edculo Lattes:\u00a0 \u00a0<a href=\"http:\/\/lattes.cnpq.br\/4947860249518663\">http:\/\/lattes.cnpq.br\/4947860249518663<\/a><\/p><p>Afilia\u00e7\u00e3o: Intituto de F\u00edsica de S\u00e3o Carlos<br \/>Email: vander@ifsc.usp<\/p><p>Telefone: (16) 3373-9823<br \/>Endere\u00e7o: Av. Trabalhador S\u00e3ocarlense, 400. Centro. 13566590 &#8211; S\u00e3o Carlos, SP &#8211; Brasil<br \/><br \/><\/p>\t\t\t\t\t\t<\/div>\n\t\t\t\t<\/div>\n\t\t\t\t\t<\/div>\n\t\t<\/div>\n\t\t\t\t\t<\/div>\n\t\t<\/section>\n\t\t\t\t<section class=\"elementor-section elementor-top-section elementor-element elementor-element-c947ed6 elementor-section-content-middle elementor-section-boxed elementor-section-height-default elementor-section-height-default\" data-id=\"c947ed6\" data-element_type=\"section\">\n\t\t\t\t\t\t<div class=\"elementor-container elementor-column-gap-default\">\n\t\t\t\t\t<div class=\"elementor-column elementor-col-50 elementor-top-column elementor-element elementor-element-8a5b949\" data-id=\"8a5b949\" data-element_type=\"column\">\n\t\t\t<div class=\"elementor-widget-wrap elementor-element-populated\">\n\t\t\t\t\t\t<div class=\"elementor-element elementor-element-6bddb65 elementor-widget elementor-widget-image\" data-id=\"6bddb65\" data-element_type=\"widget\" data-widget_type=\"image.default\">\n\t\t\t\t<div class=\"elementor-widget-container\">\n\t\t\t\t\t\t\t\t\t\t\t\t\t<img decoding=\"async\" src=\"https:\/\/sites.usp.br\/sisfoton\/wp-content\/uploads\/sites\/989\/2022\/05\/Cleber.jpg\" title=\"Cleber\" alt=\"Cleber\" loading=\"lazy\" \/>\t\t\t\t\t\t\t\t\t\t\t\t\t<\/div>\n\t\t\t\t<\/div>\n\t\t\t\t\t<\/div>\n\t\t<\/div>\n\t\t\t\t<div class=\"elementor-column elementor-col-50 elementor-top-column elementor-element elementor-element-dc9a3e7\" data-id=\"dc9a3e7\" data-element_type=\"column\">\n\t\t\t<div class=\"elementor-widget-wrap elementor-element-populated\">\n\t\t\t\t\t\t<div class=\"elementor-element elementor-element-d9a476a elementor-widget elementor-widget-heading\" data-id=\"d9a476a\" data-element_type=\"widget\" data-widget_type=\"heading.default\">\n\t\t\t\t<div class=\"elementor-widget-container\">\n\t\t\t<h2 class=\"elementor-heading-title elementor-size-default\">Vice-Coordena\u00e7\u00e3o<\/h2>\t\t<\/div>\n\t\t\t\t<\/div>\n\t\t\t\t<div class=\"elementor-element elementor-element-52df39c elementor-widget elementor-widget-text-editor\" data-id=\"52df39c\" data-element_type=\"widget\" data-widget_type=\"text-editor.default\">\n\t\t\t\t<div class=\"elementor-widget-container\">\n\t\t\t\t\t\t\t<p><strong>Prof. Dr. Cleber Renato Mendon\u00e7a<\/strong><\/p><p>Curr\u00edculo Lattes:\u00a0 <a href=\"http:\/\/lattes.cnpq.br\/9208665857677299\">http:\/\/lattes.cnpq.br\/9208665857677299<\/a><\/p><p>Afilia\u00e7\u00e3o: Intituto de F\u00edsica de S\u00e3o Carlos<br \/>Email: crmendon@ifsc.usp<br \/>Telefone: (16) 33738077<\/p><p>Endere\u00e7o: Av. Trabalhador S\u00e3ocarlense, 400. Centro.13566590 &#8211; S\u00e3o Carlos, SP &#8211; Brasil\u00a0<\/p>\t\t\t\t\t\t<\/div>\n\t\t\t\t<\/div>\n\t\t\t\t\t<\/div>\n\t\t<\/div>\n\t\t\t\t\t<\/div>\n\t\t<\/section>\n\t\t\t\t<section class=\"elementor-section elementor-top-section elementor-element elementor-element-0bff676 elementor-section-boxed elementor-section-height-default elementor-section-height-default\" data-id=\"0bff676\" data-element_type=\"section\">\n\t\t\t\t\t\t<div class=\"elementor-container elementor-column-gap-default\">\n\t\t\t\t\t<div class=\"elementor-column elementor-col-100 elementor-top-column elementor-element elementor-element-5d34d52\" data-id=\"5d34d52\" data-element_type=\"column\">\n\t\t\t<div class=\"elementor-widget-wrap elementor-element-populated\">\n\t\t\t\t\t\t<div class=\"elementor-element elementor-element-fe07da0 elementor-widget elementor-widget-spacer\" data-id=\"fe07da0\" data-element_type=\"widget\" data-widget_type=\"spacer.default\">\n\t\t\t\t<div class=\"elementor-widget-container\">\n\t\t\t\t\t<div class=\"elementor-spacer\">\n\t\t\t<div class=\"elementor-spacer-inner\"><\/div>\n\t\t<\/div>\n\t\t\t\t<\/div>\n\t\t\t\t<\/div>\n\t\t\t\t\t<\/div>\n\t\t<\/div>\n\t\t\t\t\t<\/div>\n\t\t<\/section>\n\t\t\t\t<section class=\"elementor-section elementor-top-section elementor-element elementor-element-e4d64dd elementor-section-boxed elementor-section-height-default elementor-section-height-default\" data-id=\"e4d64dd\" data-element_type=\"section\">\n\t\t\t\t\t\t<div class=\"elementor-container elementor-column-gap-default\">\n\t\t\t\t\t<div class=\"elementor-column elementor-col-100 elementor-top-column elementor-element elementor-element-7005c35\" data-id=\"7005c35\" data-element_type=\"column\">\n\t\t\t<div class=\"elementor-widget-wrap elementor-element-populated\">\n\t\t\t\t\t\t<div class=\"elementor-element elementor-element-2a42357 elementor-widget-divider--view-line elementor-widget elementor-widget-divider\" data-id=\"2a42357\" data-element_type=\"widget\" data-widget_type=\"divider.default\">\n\t\t\t\t<div class=\"elementor-widget-container\">\n\t\t\t\t\t<div class=\"elementor-divider\">\n\t\t\t<span class=\"elementor-divider-separator\">\n\t\t\t\t\t\t<\/span>\n\t\t<\/div>\n\t\t\t\t<\/div>\n\t\t\t\t<\/div>\n\t\t\t\t\t<\/div>\n\t\t<\/div>\n\t\t\t\t\t<\/div>\n\t\t<\/section>\n\t\t\t\t<\/div>\n\t\t","protected":false},"excerpt":{"rendered":"<p>Coordena\u00e7\u00e3o Prof. Dr. Vanderlei Salvador Bagnato Curr\u00edculo Lattes:\u00a0 \u00a0http:\/\/lattes.cnpq.br\/4947860249518663 Afilia\u00e7\u00e3o: Intituto de F\u00edsica de S\u00e3o CarlosEmail: vander@ifsc.usp Telefone: (16) 3373-9823Endere\u00e7o: Av. Trabalhador S\u00e3ocarlense, 400. Centro. 13566590 &#8211; S\u00e3o Carlos, SP &#8211; Brasil Vice-Coordena\u00e7\u00e3o Prof. Dr. Cleber Renato Mendon\u00e7a Curr\u00edculo Lattes:\u00a0 http:\/\/lattes.cnpq.br\/9208665857677299 Afilia\u00e7\u00e3o: Intituto de F\u00edsica de S\u00e3o CarlosEmail: crmendon@ifsc.uspTelefone: (16) 33738077 Endere\u00e7o: Av. Trabalhador S\u00e3ocarlense, 400. Centro.13566590 &#8211; S\u00e3o Carlos, SP &#8211; Brasil\u00a0<\/p>\n","protected":false},"author":21835,"featured_media":1173,"parent":0,"menu_order":0,"comment_status":"closed","ping_status":"closed","template":"","meta":{"footnotes":"","_links_to":"","_links_to_target":""},"class_list":["post-889","page","type-page","status-publish","has-post-thumbnail","hentry"],"_links":{"self":[{"href":"https:\/\/sites.usp.br\/sisfoton\/wp-json\/wp\/v2\/pages\/889","targetHints":{"allow":["GET"]}}],"collection":[{"href":"https:\/\/sites.usp.br\/sisfoton\/wp-json\/wp\/v2\/pages"}],"about":[{"href":"https:\/\/sites.usp.br\/sisfoton\/wp-json\/wp\/v2\/types\/page"}],"author":[{"embeddable":true,"href":"https:\/\/sites.usp.br\/sisfoton\/wp-json\/wp\/v2\/users\/21835"}],"replies":[{"embeddable":true,"href":"https:\/\/sites.usp.br\/sisfoton\/wp-json\/wp\/v2\/comments?post=889"}],"version-history":[{"count":4,"href":"https:\/\/sites.usp.br\/sisfoton\/wp-json\/wp\/v2\/pages\/889\/revisions"}],"predecessor-version":[{"id":1895,"href":"https:\/\/sites.usp.br\/sisfoton\/wp-json\/wp\/v2\/pages\/889\/revisions\/1895"}],"wp:featuredmedia":[{"embeddable":true,"href":"https:\/\/sites.usp.br\/sisfoton\/wp-json\/wp\/v2\/media\/1173"}],"wp:attachment":[{"href":"https:\/\/sites.usp.br\/sisfoton\/wp-json\/wp\/v2\/media?parent=889"}],"curies":[{"name":"wp","href":"https:\/\/api.w.org\/{rel}","templated":true}]}}