{"id":2069,"date":"2021-09-23T08:51:14","date_gmt":"2021-09-23T11:51:14","guid":{"rendered":"https:\/\/sites.usp.br\/sisnano\/?page_id=2069"},"modified":"2021-09-23T09:44:44","modified_gmt":"2021-09-23T12:44:44","slug":"coordenadores","status":"publish","type":"page","link":"https:\/\/sites.usp.br\/sisnano\/coordenadores\/","title":{"rendered":"Coordenadores"},"content":{"rendered":"\t\t<div data-elementor-type=\"wp-page\" data-elementor-id=\"2069\" class=\"elementor elementor-2069\" data-elementor-post-type=\"page\">\n\t\t\t\t\t\t<section class=\"elementor-section elementor-top-section elementor-element elementor-element-7be7277 elementor-section-boxed elementor-section-height-default elementor-section-height-default\" data-id=\"7be7277\" data-element_type=\"section\">\n\t\t\t\t\t\t<div class=\"elementor-container elementor-column-gap-default\">\n\t\t\t\t\t<div class=\"elementor-column elementor-col-100 elementor-top-column elementor-element elementor-element-b7317db\" data-id=\"b7317db\" data-element_type=\"column\">\n\t\t\t<div class=\"elementor-widget-wrap elementor-element-populated\">\n\t\t\t\t\t\t<div class=\"elementor-element elementor-element-6820ef4 elementor-widget elementor-widget-heading\" data-id=\"6820ef4\" data-element_type=\"widget\" data-widget_type=\"heading.default\">\n\t\t\t\t<div class=\"elementor-widget-container\">\n\t\t\t<h2 class=\"elementor-heading-title elementor-size-default\">Coordena\u00e7\u00e3o Geral<\/h2>\t\t<\/div>\n\t\t\t\t<\/div>\n\t\t\t\t\t<\/div>\n\t\t<\/div>\n\t\t\t\t\t<\/div>\n\t\t<\/section>\n\t\t\t\t<section class=\"elementor-section elementor-top-section elementor-element elementor-element-51f15d1 elementor-section-boxed elementor-section-height-default elementor-section-height-default\" data-id=\"51f15d1\" data-element_type=\"section\">\n\t\t\t\t\t\t<div class=\"elementor-container elementor-column-gap-default\">\n\t\t\t\t\t<div class=\"elementor-column elementor-col-20 elementor-top-column elementor-element elementor-element-8845e55\" data-id=\"8845e55\" data-element_type=\"column\">\n\t\t\t<div class=\"elementor-widget-wrap\">\n\t\t\t\t\t\t\t<\/div>\n\t\t<\/div>\n\t\t\t\t<div class=\"elementor-column elementor-col-20 elementor-top-column elementor-element elementor-element-727b9c9\" data-id=\"727b9c9\" data-element_type=\"column\" data-settings=\"{&quot;background_background&quot;:&quot;classic&quot;}\">\n\t\t\t<div class=\"elementor-widget-wrap elementor-element-populated\">\n\t\t\t\t\t\t<div class=\"elementor-element elementor-element-1a1452e elementor-widget elementor-widget-image\" data-id=\"1a1452e\" data-element_type=\"widget\" data-widget_type=\"image.default\">\n\t\t\t\t<div class=\"elementor-widget-container\">\n\t\t\t\t\t\t\t\t\t\t\t\t\t<img decoding=\"async\" width=\"186\" height=\"220\" src=\"https:\/\/sites.usp.br\/sisnano\/wp-content\/uploads\/sites\/726\/2021\/09\/images-1.jpg\" class=\"attachment-large size-large wp-image-2070\" alt=\"\" \/>\t\t\t\t\t\t\t\t\t\t\t\t\t<\/div>\n\t\t\t\t<\/div>\n\t\t\t\t<div class=\"elementor-element elementor-element-209af83 elementor-widget elementor-widget-heading\" data-id=\"209af83\" data-element_type=\"widget\" data-widget_type=\"heading.default\">\n\t\t\t\t<div class=\"elementor-widget-container\">\n\t\t\t<h2 class=\"elementor-heading-title elementor-size-default\">Prof. Dr. Koiti Araki (coord.)<\/h2>\t\t<\/div>\n\t\t\t\t<\/div>\n\t\t\t\t\t<\/div>\n\t\t<\/div>\n\t\t\t\t<div class=\"elementor-column elementor-col-20 elementor-top-column elementor-element elementor-element-6b3f342\" data-id=\"6b3f342\" data-element_type=\"column\">\n\t\t\t<div class=\"elementor-widget-wrap\">\n\t\t\t\t\t\t\t<\/div>\n\t\t<\/div>\n\t\t\t\t<div class=\"elementor-column elementor-col-20 elementor-top-column elementor-element elementor-element-f71d401\" data-id=\"f71d401\" data-element_type=\"column\" data-settings=\"{&quot;background_background&quot;:&quot;classic&quot;}\">\n\t\t\t<div class=\"elementor-widget-wrap elementor-element-populated\">\n\t\t\t\t\t\t<div class=\"elementor-element elementor-element-c233977 elementor-widget elementor-widget-image\" data-id=\"c233977\" data-element_type=\"widget\" data-widget_type=\"image.default\">\n\t\t\t\t<div class=\"elementor-widget-container\">\n\t\t\t\t\t\t\t\t\t\t\t\t\t<img fetchpriority=\"high\" decoding=\"async\" width=\"300\" height=\"236\" src=\"https:\/\/sites.usp.br\/sisnano\/wp-content\/uploads\/sites\/726\/2021\/09\/Maria-Vitoria-Lopes-Badra-Bentley_Foto-Marcos-Santos_U0Y82042-300x236.jpg\" class=\"attachment-medium size-medium wp-image-2073\" alt=\"\" srcset=\"https:\/\/sites.usp.br\/sisnano\/wp-content\/uploads\/sites\/726\/2021\/09\/Maria-Vitoria-Lopes-Badra-Bentley_Foto-Marcos-Santos_U0Y82042-300x236.jpg 300w, https:\/\/sites.usp.br\/sisnano\/wp-content\/uploads\/sites\/726\/2021\/09\/Maria-Vitoria-Lopes-Badra-Bentley_Foto-Marcos-Santos_U0Y82042.jpg 310w\" sizes=\"(max-width: 300px) 100vw, 300px\" \/>\t\t\t\t\t\t\t\t\t\t\t\t\t<\/div>\n\t\t\t\t<\/div>\n\t\t\t\t<div class=\"elementor-element elementor-element-6755b30 elementor-widget elementor-widget-heading\" data-id=\"6755b30\" data-element_type=\"widget\" data-widget_type=\"heading.default\">\n\t\t\t\t<div class=\"elementor-widget-container\">\n\t\t\t<h2 class=\"elementor-heading-title elementor-size-default\">Profa. Dra. Maria Vit\u00f3ria Lopes Badra Bentley \n(vice-coord.)\n<\/h2>\t\t<\/div>\n\t\t\t\t<\/div>\n\t\t\t\t\t<\/div>\n\t\t<\/div>\n\t\t\t\t<div class=\"elementor-column elementor-col-20 elementor-top-column elementor-element elementor-element-5f58d8d\" data-id=\"5f58d8d\" data-element_type=\"column\">\n\t\t\t<div class=\"elementor-widget-wrap\">\n\t\t\t\t\t\t\t<\/div>\n\t\t<\/div>\n\t\t\t\t\t<\/div>\n\t\t<\/section>\n\t\t\t\t<section class=\"elementor-section elementor-top-section elementor-element elementor-element-3ce2876 elementor-section-boxed elementor-section-height-default elementor-section-height-default\" data-id=\"3ce2876\" data-element_type=\"section\">\n\t\t\t\t\t\t<div class=\"elementor-container elementor-column-gap-default\">\n\t\t\t\t\t<div class=\"elementor-column elementor-col-100 elementor-top-column elementor-element elementor-element-507af14\" data-id=\"507af14\" data-element_type=\"column\">\n\t\t\t<div class=\"elementor-widget-wrap elementor-element-populated\">\n\t\t\t\t\t\t<div class=\"elementor-element elementor-element-03f026d elementor-widget elementor-widget-heading\" data-id=\"03f026d\" data-element_type=\"widget\" data-widget_type=\"heading.default\">\n\t\t\t\t<div class=\"elementor-widget-container\">\n\t\t\t<h2 class=\"elementor-heading-title elementor-size-default\">N\u00facleo Gestor<\/h2>\t\t<\/div>\n\t\t\t\t<\/div>\n\t\t\t\t\t<\/div>\n\t\t<\/div>\n\t\t\t\t\t<\/div>\n\t\t<\/section>\n\t\t\t\t<section class=\"elementor-section elementor-top-section elementor-element elementor-element-ef5775f elementor-section-boxed elementor-section-height-default elementor-section-height-default\" data-id=\"ef5775f\" data-element_type=\"section\">\n\t\t\t\t\t\t<div class=\"elementor-container elementor-column-gap-default\">\n\t\t\t\t\t<div class=\"elementor-column elementor-col-14 elementor-top-column elementor-element elementor-element-806845c\" data-id=\"806845c\" data-element_type=\"column\">\n\t\t\t<div class=\"elementor-widget-wrap\">\n\t\t\t\t\t\t\t<\/div>\n\t\t<\/div>\n\t\t\t\t<div class=\"elementor-column elementor-col-14 elementor-top-column elementor-element elementor-element-e958db0\" data-id=\"e958db0\" data-element_type=\"column\" data-settings=\"{&quot;background_background&quot;:&quot;classic&quot;}\">\n\t\t\t<div class=\"elementor-widget-wrap elementor-element-populated\">\n\t\t\t\t\t\t<div class=\"elementor-element elementor-element-7d6aae2 elementor-widget elementor-widget-image\" data-id=\"7d6aae2\" data-element_type=\"widget\" data-widget_type=\"image.default\">\n\t\t\t\t<div class=\"elementor-widget-container\">\n\t\t\t\t\t\t\t\t\t\t\t\t\t<img decoding=\"async\" width=\"186\" height=\"220\" src=\"https:\/\/sites.usp.br\/sisnano\/wp-content\/uploads\/sites\/726\/2021\/09\/images-1.jpg\" class=\"attachment-medium size-medium wp-image-2070\" alt=\"\" \/>\t\t\t\t\t\t\t\t\t\t\t\t\t<\/div>\n\t\t\t\t<\/div>\n\t\t\t\t<div class=\"elementor-element elementor-element-c4c2baa elementor-widget elementor-widget-heading\" data-id=\"c4c2baa\" data-element_type=\"widget\" data-widget_type=\"heading.default\">\n\t\t\t\t<div class=\"elementor-widget-container\">\n\t\t\t<h2 class=\"elementor-heading-title elementor-size-default\">Prof. Dr. Koiti Araki (IQUSP)<\/h2>\t\t<\/div>\n\t\t\t\t<\/div>\n\t\t\t\t\t<\/div>\n\t\t<\/div>\n\t\t\t\t<div class=\"elementor-column elementor-col-14 elementor-top-column elementor-element elementor-element-9554df5\" data-id=\"9554df5\" data-element_type=\"column\">\n\t\t\t<div class=\"elementor-widget-wrap\">\n\t\t\t\t\t\t\t<\/div>\n\t\t<\/div>\n\t\t\t\t<div class=\"elementor-column elementor-col-14 elementor-top-column elementor-element elementor-element-3a3d056\" data-id=\"3a3d056\" data-element_type=\"column\" data-settings=\"{&quot;background_background&quot;:&quot;classic&quot;}\">\n\t\t\t<div class=\"elementor-widget-wrap elementor-element-populated\">\n\t\t\t\t\t\t<div class=\"elementor-element elementor-element-95bef7c elementor-widget elementor-widget-image\" data-id=\"95bef7c\" data-element_type=\"widget\" data-widget_type=\"image.default\">\n\t\t\t\t<div class=\"elementor-widget-container\">\n\t\t\t\t\t\t\t\t\t\t\t\t\t<img fetchpriority=\"high\" decoding=\"async\" width=\"300\" height=\"236\" src=\"https:\/\/sites.usp.br\/sisnano\/wp-content\/uploads\/sites\/726\/2021\/09\/Maria-Vitoria-Lopes-Badra-Bentley_Foto-Marcos-Santos_U0Y82042-300x236.jpg\" class=\"attachment-medium size-medium wp-image-2073\" alt=\"\" srcset=\"https:\/\/sites.usp.br\/sisnano\/wp-content\/uploads\/sites\/726\/2021\/09\/Maria-Vitoria-Lopes-Badra-Bentley_Foto-Marcos-Santos_U0Y82042-300x236.jpg 300w, https:\/\/sites.usp.br\/sisnano\/wp-content\/uploads\/sites\/726\/2021\/09\/Maria-Vitoria-Lopes-Badra-Bentley_Foto-Marcos-Santos_U0Y82042.jpg 310w\" sizes=\"(max-width: 300px) 100vw, 300px\" \/>\t\t\t\t\t\t\t\t\t\t\t\t\t<\/div>\n\t\t\t\t<\/div>\n\t\t\t\t<div class=\"elementor-element elementor-element-bffed82 elementor-widget elementor-widget-heading\" data-id=\"bffed82\" data-element_type=\"widget\" data-widget_type=\"heading.default\">\n\t\t\t\t<div class=\"elementor-widget-container\">\n\t\t\t<h2 class=\"elementor-heading-title elementor-size-default\">Profa. Dra. Maria Vit\u00f3ria Lopes Badra Bentley \n(FCFRP USP)\n\n<\/h2>\t\t<\/div>\n\t\t\t\t<\/div>\n\t\t\t\t\t<\/div>\n\t\t<\/div>\n\t\t\t\t<div class=\"elementor-column elementor-col-14 elementor-top-column elementor-element elementor-element-40362ad\" data-id=\"40362ad\" data-element_type=\"column\">\n\t\t\t<div class=\"elementor-widget-wrap\">\n\t\t\t\t\t\t\t<\/div>\n\t\t<\/div>\n\t\t\t\t<div class=\"elementor-column elementor-col-14 elementor-top-column elementor-element elementor-element-fd9218e\" data-id=\"fd9218e\" data-element_type=\"column\" data-settings=\"{&quot;background_background&quot;:&quot;classic&quot;}\">\n\t\t\t<div class=\"elementor-widget-wrap elementor-element-populated\">\n\t\t\t\t\t\t<div class=\"elementor-element elementor-element-011b448 elementor-widget elementor-widget-image\" data-id=\"011b448\" data-element_type=\"widget\" data-widget_type=\"image.default\">\n\t\t\t\t<div class=\"elementor-widget-container\">\n\t\t\t\t\t\t\t\t\t\t\t\t\t<img loading=\"lazy\" decoding=\"async\" width=\"300\" height=\"236\" src=\"https:\/\/sites.usp.br\/sisnano\/wp-content\/uploads\/sites\/726\/2021\/09\/Dra.-Marcia-Carvalho-300x236.jpg\" class=\"attachment-medium size-medium wp-image-2089\" alt=\"\" srcset=\"https:\/\/sites.usp.br\/sisnano\/wp-content\/uploads\/sites\/726\/2021\/09\/Dra.-Marcia-Carvalho-300x236.jpg 300w, https:\/\/sites.usp.br\/sisnano\/wp-content\/uploads\/sites\/726\/2021\/09\/Dra.-Marcia-Carvalho.jpg 310w\" sizes=\"(max-width: 300px) 100vw, 300px\" \/>\t\t\t\t\t\t\t\t\t\t\t\t\t<\/div>\n\t\t\t\t<\/div>\n\t\t\t\t<div class=\"elementor-element elementor-element-0d30a5e elementor-widget elementor-widget-heading\" data-id=\"0d30a5e\" data-element_type=\"widget\" data-widget_type=\"heading.default\">\n\t\t\t\t<div class=\"elementor-widget-container\">\n\t\t\t<h2 class=\"elementor-heading-title elementor-size-default\">Profa. Dra. M\u00e1rcia Carvalho de Abreu Fantini (IFUSP)<\/h2>\t\t<\/div>\n\t\t\t\t<\/div>\n\t\t\t\t\t<\/div>\n\t\t<\/div>\n\t\t\t\t<div class=\"elementor-column elementor-col-14 elementor-top-column elementor-element elementor-element-3e128ea\" data-id=\"3e128ea\" data-element_type=\"column\">\n\t\t\t<div class=\"elementor-widget-wrap\">\n\t\t\t\t\t\t\t<\/div>\n\t\t<\/div>\n\t\t\t\t\t<\/div>\n\t\t<\/section>\n\t\t\t\t<section class=\"elementor-section elementor-top-section elementor-element elementor-element-bdb10a6 elementor-section-boxed elementor-section-height-default elementor-section-height-default\" data-id=\"bdb10a6\" data-element_type=\"section\">\n\t\t\t\t\t\t<div class=\"elementor-container elementor-column-gap-default\">\n\t\t\t\t\t<div class=\"elementor-column elementor-col-100 elementor-top-column elementor-element elementor-element-d693f98\" data-id=\"d693f98\" data-element_type=\"column\">\n\t\t\t<div class=\"elementor-widget-wrap elementor-element-populated\">\n\t\t\t\t\t\t<div class=\"elementor-element elementor-element-92dbcbf elementor-widget elementor-widget-spacer\" data-id=\"92dbcbf\" data-element_type=\"widget\" data-widget_type=\"spacer.default\">\n\t\t\t\t<div class=\"elementor-widget-container\">\n\t\t\t\t\t<div class=\"elementor-spacer\">\n\t\t\t<div class=\"elementor-spacer-inner\"><\/div>\n\t\t<\/div>\n\t\t\t\t<\/div>\n\t\t\t\t<\/div>\n\t\t\t\t\t<\/div>\n\t\t<\/div>\n\t\t\t\t\t<\/div>\n\t\t<\/section>\n\t\t\t\t<section class=\"elementor-section elementor-top-section elementor-element elementor-element-be95fbb elementor-section-boxed elementor-section-height-default elementor-section-height-default\" data-id=\"be95fbb\" data-element_type=\"section\">\n\t\t\t\t\t\t<div class=\"elementor-container elementor-column-gap-default\">\n\t\t\t\t\t<div class=\"elementor-column elementor-col-14 elementor-top-column elementor-element elementor-element-75645de\" data-id=\"75645de\" data-element_type=\"column\">\n\t\t\t<div class=\"elementor-widget-wrap\">\n\t\t\t\t\t\t\t<\/div>\n\t\t<\/div>\n\t\t\t\t<div class=\"elementor-column elementor-col-14 elementor-top-column elementor-element elementor-element-533ed33\" data-id=\"533ed33\" data-element_type=\"column\" data-settings=\"{&quot;background_background&quot;:&quot;classic&quot;}\">\n\t\t\t<div class=\"elementor-widget-wrap elementor-element-populated\">\n\t\t\t\t\t\t<div class=\"elementor-element elementor-element-209c960 elementor-widget elementor-widget-image\" data-id=\"209c960\" data-element_type=\"widget\" data-widget_type=\"image.default\">\n\t\t\t\t<div class=\"elementor-widget-container\">\n\t\t\t\t\t\t\t\t\t\t\t\t\t<img loading=\"lazy\" decoding=\"async\" width=\"300\" height=\"236\" src=\"https:\/\/sites.usp.br\/sisnano\/wp-content\/uploads\/sites\/726\/2021\/09\/gregorio-jean-300x236.jpg\" class=\"attachment-medium size-medium wp-image-2105\" alt=\"\" srcset=\"https:\/\/sites.usp.br\/sisnano\/wp-content\/uploads\/sites\/726\/2021\/09\/gregorio-jean-300x236.jpg 300w, https:\/\/sites.usp.br\/sisnano\/wp-content\/uploads\/sites\/726\/2021\/09\/gregorio-jean.jpg 310w\" sizes=\"(max-width: 300px) 100vw, 300px\" \/>\t\t\t\t\t\t\t\t\t\t\t\t\t<\/div>\n\t\t\t\t<\/div>\n\t\t\t\t<div class=\"elementor-element elementor-element-73148c0 elementor-widget elementor-widget-heading\" data-id=\"73148c0\" data-element_type=\"widget\" data-widget_type=\"heading.default\">\n\t\t\t\t<div class=\"elementor-widget-container\">\n\t\t\t<h2 class=\"elementor-heading-title elementor-size-default\">Prof. Dr. Gr\u00e9goire Jean-Franc\u0327ois Demets (DQ FFCLRP-USP)<\/h2>\t\t<\/div>\n\t\t\t\t<\/div>\n\t\t\t\t\t<\/div>\n\t\t<\/div>\n\t\t\t\t<div class=\"elementor-column elementor-col-14 elementor-top-column elementor-element elementor-element-7ba0ac5\" data-id=\"7ba0ac5\" data-element_type=\"column\">\n\t\t\t<div class=\"elementor-widget-wrap\">\n\t\t\t\t\t\t\t<\/div>\n\t\t<\/div>\n\t\t\t\t<div class=\"elementor-column elementor-col-14 elementor-top-column elementor-element elementor-element-cf88db8\" data-id=\"cf88db8\" data-element_type=\"column\" data-settings=\"{&quot;background_background&quot;:&quot;classic&quot;}\">\n\t\t\t<div class=\"elementor-widget-wrap elementor-element-populated\">\n\t\t\t\t\t\t<div class=\"elementor-element elementor-element-c44968e elementor-widget elementor-widget-image\" data-id=\"c44968e\" data-element_type=\"widget\" data-widget_type=\"image.default\">\n\t\t\t\t<div class=\"elementor-widget-container\">\n\t\t\t\t\t\t\t\t\t\t\t\t\t<img loading=\"lazy\" decoding=\"async\" width=\"300\" height=\"236\" src=\"https:\/\/sites.usp.br\/sisnano\/wp-content\/uploads\/sites\/726\/2021\/09\/dr-antonio-300x236.jpg\" class=\"attachment-medium size-medium wp-image-2106\" alt=\"\" srcset=\"https:\/\/sites.usp.br\/sisnano\/wp-content\/uploads\/sites\/726\/2021\/09\/dr-antonio-300x236.jpg 300w, https:\/\/sites.usp.br\/sisnano\/wp-content\/uploads\/sites\/726\/2021\/09\/dr-antonio.jpg 310w\" sizes=\"(max-width: 300px) 100vw, 300px\" \/>\t\t\t\t\t\t\t\t\t\t\t\t\t<\/div>\n\t\t\t\t<\/div>\n\t\t\t\t<div class=\"elementor-element elementor-element-756a4ef elementor-widget elementor-widget-heading\" data-id=\"756a4ef\" data-element_type=\"widget\" data-widget_type=\"heading.default\">\n\t\t\t\t<div class=\"elementor-widget-container\">\n\t\t\t<h2 class=\"elementor-heading-title elementor-size-default\">Prof. Dr. Antonio Adilton Oliveira Carneiro (DF FFCLRP USP)<\/h2>\t\t<\/div>\n\t\t\t\t<\/div>\n\t\t\t\t\t<\/div>\n\t\t<\/div>\n\t\t\t\t<div class=\"elementor-column elementor-col-14 elementor-top-column elementor-element elementor-element-95c7ee4\" data-id=\"95c7ee4\" data-element_type=\"column\">\n\t\t\t<div class=\"elementor-widget-wrap\">\n\t\t\t\t\t\t\t<\/div>\n\t\t<\/div>\n\t\t\t\t<div class=\"elementor-column elementor-col-14 elementor-top-column elementor-element elementor-element-ca15f45\" data-id=\"ca15f45\" data-element_type=\"column\" data-settings=\"{&quot;background_background&quot;:&quot;classic&quot;}\">\n\t\t\t<div class=\"elementor-widget-wrap elementor-element-populated\">\n\t\t\t\t\t\t<div class=\"elementor-element elementor-element-38afcec elementor-widget elementor-widget-image\" data-id=\"38afcec\" data-element_type=\"widget\" data-widget_type=\"image.default\">\n\t\t\t\t<div class=\"elementor-widget-container\">\n\t\t\t\t\t\t\t\t\t\t\t\t\t<img loading=\"lazy\" decoding=\"async\" width=\"250\" height=\"191\" src=\"https:\/\/sites.usp.br\/sisnano\/wp-content\/uploads\/sites\/726\/2021\/09\/Euclydes250.jpg\" class=\"attachment-medium size-medium wp-image-2107\" alt=\"\" srcset=\"https:\/\/sites.usp.br\/sisnano\/wp-content\/uploads\/sites\/726\/2021\/09\/Euclydes250.jpg 250w, https:\/\/sites.usp.br\/sisnano\/wp-content\/uploads\/sites\/726\/2021\/09\/Euclydes250-80x60.jpg 80w\" sizes=\"(max-width: 250px) 100vw, 250px\" \/>\t\t\t\t\t\t\t\t\t\t\t\t\t<\/div>\n\t\t\t\t<\/div>\n\t\t\t\t<div class=\"elementor-element elementor-element-27f517a elementor-widget elementor-widget-heading\" data-id=\"27f517a\" data-element_type=\"widget\" data-widget_type=\"heading.default\">\n\t\t\t\t<div class=\"elementor-widget-container\">\n\t\t\t<h2 class=\"elementor-heading-title elementor-size-default\">Prof. Dr. Euclydes Marega Junior (IFSC)<\/h2>\t\t<\/div>\n\t\t\t\t<\/div>\n\t\t\t\t\t<\/div>\n\t\t<\/div>\n\t\t\t\t<div class=\"elementor-column elementor-col-14 elementor-top-column elementor-element elementor-element-ae04eb6\" data-id=\"ae04eb6\" data-element_type=\"column\">\n\t\t\t<div class=\"elementor-widget-wrap\">\n\t\t\t\t\t\t\t<\/div>\n\t\t<\/div>\n\t\t\t\t\t<\/div>\n\t\t<\/section>\n\t\t\t\t<section class=\"elementor-section elementor-top-section elementor-element elementor-element-bc9a50d elementor-section-boxed elementor-section-height-default elementor-section-height-default\" data-id=\"bc9a50d\" data-element_type=\"section\">\n\t\t\t\t\t\t<div class=\"elementor-container elementor-column-gap-default\">\n\t\t\t\t\t<div class=\"elementor-column elementor-col-100 elementor-top-column elementor-element elementor-element-b60411c\" data-id=\"b60411c\" data-element_type=\"column\">\n\t\t\t<div class=\"elementor-widget-wrap elementor-element-populated\">\n\t\t\t\t\t\t<div class=\"elementor-element elementor-element-8e5c4d0 elementor-widget elementor-widget-heading\" data-id=\"8e5c4d0\" data-element_type=\"widget\" data-widget_type=\"heading.default\">\n\t\t\t\t<div class=\"elementor-widget-container\">\n\t\t\t<h2 class=\"elementor-heading-title elementor-size-default\">N\u00facleo de Divulga\u00e7\u00e3o \n<\/h2>\t\t<\/div>\n\t\t\t\t<\/div>\n\t\t\t\t<div class=\"elementor-element elementor-element-017eb03 elementor-widget elementor-widget-text-editor\" data-id=\"017eb03\" data-element_type=\"widget\" data-widget_type=\"text-editor.default\">\n\t\t\t\t<div class=\"elementor-widget-container\">\n\t\t\t\t\t\t\t<p style=\"text-align: center;\"><span style=\"color: #ffffff;\">Prof. Dr. Am\u00e2ncio Jorge Oliveira (InnsciSP)<\/span><\/p><p style=\"text-align: center;\"><span style=\"color: #ffffff;\">Prof. Dr. Antonio Adilton Oliveira Carneiro (DF FFCLRP USP)<\/span><\/p><p style=\"text-align: center;\"><span style=\"color: #ffffff;\">Prof. Dr. Marcos Makoto Toyama (Instituto Mau\u00e1 de Tecnologia)<\/span><\/p><p style=\"text-align: center;\"><span style=\"color: #ffffff;\">Bruno Silva (InnsciSP)<\/span><\/p>\t\t\t\t\t\t<\/div>\n\t\t\t\t<\/div>\n\t\t\t\t\t<\/div>\n\t\t<\/div>\n\t\t\t\t\t<\/div>\n\t\t<\/section>\n\t\t\t\t<section class=\"elementor-section elementor-top-section elementor-element elementor-element-fa8e224 elementor-section-boxed elementor-section-height-default elementor-section-height-default\" data-id=\"fa8e224\" data-element_type=\"section\">\n\t\t\t\t\t\t<div class=\"elementor-container elementor-column-gap-default\">\n\t\t\t\t\t<div class=\"elementor-column elementor-col-100 elementor-top-column elementor-element elementor-element-30697be\" data-id=\"30697be\" data-element_type=\"column\">\n\t\t\t<div class=\"elementor-widget-wrap elementor-element-populated\">\n\t\t\t\t\t\t<div class=\"elementor-element elementor-element-5083b33 elementor-widget elementor-widget-spacer\" data-id=\"5083b33\" data-element_type=\"widget\" data-widget_type=\"spacer.default\">\n\t\t\t\t<div class=\"elementor-widget-container\">\n\t\t\t\t\t<div class=\"elementor-spacer\">\n\t\t\t<div class=\"elementor-spacer-inner\"><\/div>\n\t\t<\/div>\n\t\t\t\t<\/div>\n\t\t\t\t<\/div>\n\t\t\t\t\t<\/div>\n\t\t<\/div>\n\t\t\t\t\t<\/div>\n\t\t<\/section>\n\t\t\t\t<\/div>\n\t\t","protected":false},"excerpt":{"rendered":"<p>Coordena\u00e7\u00e3o Geral Prof. Dr. Koiti Araki (coord.) Profa. Dra. Maria Vit\u00f3ria Lopes Badra Bentley (vice-coord.) N\u00facleo Gestor Prof. Dr. Koiti Araki (IQUSP) Profa. Dra. Maria Vit\u00f3ria Lopes Badra Bentley (FCFRP USP) Profa. Dra. M\u00e1rcia Carvalho de Abreu Fantini (IFUSP) Prof. Dr. Gr\u00e9goire Jean-Franc\u0327ois Demets (DQ FFCLRP-USP) Prof. Dr. Antonio Adilton Oliveira Carneiro (DF FFCLRP USP) Prof. Dr. Euclydes Marega Junior (IFSC) N\u00facleo de Divulga\u00e7\u00e3o Prof. Dr. Am\u00e2ncio Jorge Oliveira (InnsciSP) Prof. Dr. Antonio Adilton Oliveira Carneiro (DF FFCLRP USP) Prof. Dr. Marcos Makoto Toyama (Instituto Mau\u00e1 de Tecnologia) Bruno Silva (InnsciSP)<\/p>\n","protected":false},"author":22349,"featured_media":0,"parent":0,"menu_order":0,"comment_status":"closed","ping_status":"closed","template":"","meta":{"footnotes":"","_links_to":"","_links_to_target":""},"class_list":["post-2069","page","type-page","status-publish","hentry"],"_links":{"self":[{"href":"https:\/\/sites.usp.br\/sisnano\/wp-json\/wp\/v2\/pages\/2069","targetHints":{"allow":["GET"]}}],"collection":[{"href":"https:\/\/sites.usp.br\/sisnano\/wp-json\/wp\/v2\/pages"}],"about":[{"href":"https:\/\/sites.usp.br\/sisnano\/wp-json\/wp\/v2\/types\/page"}],"author":[{"embeddable":true,"href":"https:\/\/sites.usp.br\/sisnano\/wp-json\/wp\/v2\/users\/22349"}],"replies":[{"embeddable":true,"href":"https:\/\/sites.usp.br\/sisnano\/wp-json\/wp\/v2\/comments?post=2069"}],"version-history":[{"count":4,"href":"https:\/\/sites.usp.br\/sisnano\/wp-json\/wp\/v2\/pages\/2069\/revisions"}],"predecessor-version":[{"id":2119,"href":"https:\/\/sites.usp.br\/sisnano\/wp-json\/wp\/v2\/pages\/2069\/revisions\/2119"}],"wp:attachment":[{"href":"https:\/\/sites.usp.br\/sisnano\/wp-json\/wp\/v2\/media?parent=2069"}],"curies":[{"name":"wp","href":"https:\/\/api.w.org\/{rel}","templated":true}]}}