{"id":2232,"date":"2021-09-23T14:14:26","date_gmt":"2021-09-23T17:14:26","guid":{"rendered":"https:\/\/sites.usp.br\/sisnano\/?page_id=2232"},"modified":"2021-09-23T14:34:46","modified_gmt":"2021-09-23T17:34:46","slug":"capitulos-de-livros","status":"publish","type":"page","link":"https:\/\/sites.usp.br\/sisnano\/capitulos-de-livros\/","title":{"rendered":"Cap\u00edtulos de livros"},"content":{"rendered":"\t\t<div data-elementor-type=\"wp-page\" data-elementor-id=\"2232\" class=\"elementor elementor-2232\" data-elementor-post-type=\"page\">\n\t\t\t\t\t\t<section class=\"elementor-section elementor-top-section elementor-element elementor-element-7be7277 elementor-section-full_width elementor-section-height-default elementor-section-height-default\" data-id=\"7be7277\" data-element_type=\"section\" data-settings=\"{&quot;background_background&quot;:&quot;gradient&quot;}\">\n\t\t\t\t\t\t<div class=\"elementor-container elementor-column-gap-default\">\n\t\t\t\t\t<div class=\"elementor-column elementor-col-100 elementor-top-column elementor-element elementor-element-b7317db\" data-id=\"b7317db\" data-element_type=\"column\">\n\t\t\t<div class=\"elementor-widget-wrap elementor-element-populated\">\n\t\t\t\t\t\t<div class=\"elementor-element elementor-element-6820ef4 elementor-widget elementor-widget-heading\" data-id=\"6820ef4\" data-element_type=\"widget\" data-widget_type=\"heading.default\">\n\t\t\t\t<div class=\"elementor-widget-container\">\n\t\t\t<h2 class=\"elementor-heading-title elementor-size-default\">Cap\u00edtulos de Livros<\/h2>\t\t<\/div>\n\t\t\t\t<\/div>\n\t\t\t\t\t<\/div>\n\t\t<\/div>\n\t\t\t\t\t<\/div>\n\t\t<\/section>\n\t\t\t\t<section class=\"elementor-section elementor-top-section elementor-element elementor-element-cd93b9e elementor-section-boxed elementor-section-height-default elementor-section-height-default\" data-id=\"cd93b9e\" data-element_type=\"section\">\n\t\t\t\t\t\t<div class=\"elementor-container elementor-column-gap-default\">\n\t\t\t\t\t<div class=\"elementor-column elementor-col-33 elementor-top-column elementor-element elementor-element-4c4117f\" data-id=\"4c4117f\" data-element_type=\"column\">\n\t\t\t<div class=\"elementor-widget-wrap elementor-element-populated\">\n\t\t\t\t\t\t<div class=\"elementor-element elementor-element-7f0dbf4 elementor-widget elementor-widget-heading\" data-id=\"7f0dbf4\" data-element_type=\"widget\" data-widget_type=\"heading.default\">\n\t\t\t\t<div class=\"elementor-widget-container\">\n\t\t\t<h2 class=\"elementor-heading-title elementor-size-default\">1<\/h2>\t\t<\/div>\n\t\t\t\t<\/div>\n\t\t\t\t\t<\/div>\n\t\t<\/div>\n\t\t\t\t<div class=\"elementor-column elementor-col-33 elementor-top-column elementor-element elementor-element-194d1d3\" data-id=\"194d1d3\" data-element_type=\"column\" data-settings=\"{&quot;background_background&quot;:&quot;classic&quot;}\">\n\t\t\t<div class=\"elementor-widget-wrap elementor-element-populated\">\n\t\t\t\t\t\t<div class=\"elementor-element elementor-element-2e70646 elementor-widget elementor-widget-text-editor\" data-id=\"2e70646\" data-element_type=\"widget\" data-widget_type=\"text-editor.default\">\n\t\t\t\t<div class=\"elementor-widget-container\">\n\t\t\t\t\t\t\t<p><span style=\"font-weight: 400;\">\u201cSupramolecular Porphyrins as Electrocatalysts\u201d, in N4-Macrocyclic Metal Complexes; J. Zagal, F. Bedioui e J. P. Dodelet (Eds.), Springer, NY, 2006, cap.6, 255-314, ISBN 13: 978-0387-28429-3.<\/span><\/p>\t\t\t\t\t\t<\/div>\n\t\t\t\t<\/div>\n\t\t\t\t\t<\/div>\n\t\t<\/div>\n\t\t\t\t<div class=\"elementor-column elementor-col-33 elementor-top-column elementor-element elementor-element-d354626\" data-id=\"d354626\" data-element_type=\"column\">\n\t\t\t<div class=\"elementor-widget-wrap\">\n\t\t\t\t\t\t\t<\/div>\n\t\t<\/div>\n\t\t\t\t\t<\/div>\n\t\t<\/section>\n\t\t\t\t<section class=\"elementor-section elementor-top-section elementor-element elementor-element-c4ee065 elementor-section-boxed elementor-section-height-default elementor-section-height-default\" data-id=\"c4ee065\" data-element_type=\"section\">\n\t\t\t\t\t\t<div class=\"elementor-container elementor-column-gap-default\">\n\t\t\t\t\t<div class=\"elementor-column elementor-col-33 elementor-top-column elementor-element elementor-element-61116e6\" data-id=\"61116e6\" data-element_type=\"column\">\n\t\t\t<div class=\"elementor-widget-wrap elementor-element-populated\">\n\t\t\t\t\t\t<div class=\"elementor-element elementor-element-2dc8031 elementor-widget elementor-widget-heading\" data-id=\"2dc8031\" data-element_type=\"widget\" data-widget_type=\"heading.default\">\n\t\t\t\t<div class=\"elementor-widget-container\">\n\t\t\t<h2 class=\"elementor-heading-title elementor-size-default\">2<\/h2>\t\t<\/div>\n\t\t\t\t<\/div>\n\t\t\t\t\t<\/div>\n\t\t<\/div>\n\t\t\t\t<div class=\"elementor-column elementor-col-33 elementor-top-column elementor-element elementor-element-97a2b1b\" data-id=\"97a2b1b\" data-element_type=\"column\" data-settings=\"{&quot;background_background&quot;:&quot;classic&quot;}\">\n\t\t\t<div class=\"elementor-widget-wrap elementor-element-populated\">\n\t\t\t\t\t\t<div class=\"elementor-element elementor-element-0a1e976 elementor-widget elementor-widget-text-editor\" data-id=\"0a1e976\" data-element_type=\"widget\" data-widget_type=\"text-editor.default\">\n\t\t\t\t<div class=\"elementor-widget-container\">\n\t\t\t\t\t\t\t<p><span style=\"font-weight: 400;\">\u201cSupramolecular Porphyrin Model Compounds for Cytochrome P-450, Cytochrome-C Oxidase and Photosynthetic Systems\u201d, in Molecular and Supramolecular Bioinorganic Chemistry: Applications in Medical Sciences; Ana L.R. Merc\u00ea, Judith Felcman, Maria A.L. Recio (eds.), Nova Science Publishers, Inc., New York, 2009, ISBN 978-1-60456-679-6, pp. 83-136.<\/span><\/p>\t\t\t\t\t\t<\/div>\n\t\t\t\t<\/div>\n\t\t\t\t\t<\/div>\n\t\t<\/div>\n\t\t\t\t<div class=\"elementor-column elementor-col-33 elementor-top-column elementor-element elementor-element-80b6ba3\" data-id=\"80b6ba3\" data-element_type=\"column\">\n\t\t\t<div class=\"elementor-widget-wrap\">\n\t\t\t\t\t\t\t<\/div>\n\t\t<\/div>\n\t\t\t\t\t<\/div>\n\t\t<\/section>\n\t\t\t\t<section class=\"elementor-section elementor-top-section elementor-element elementor-element-07ab462 elementor-section-boxed elementor-section-height-default elementor-section-height-default\" data-id=\"07ab462\" data-element_type=\"section\">\n\t\t\t\t\t\t<div class=\"elementor-container elementor-column-gap-default\">\n\t\t\t\t\t<div class=\"elementor-column elementor-col-33 elementor-top-column elementor-element elementor-element-050d6d2\" data-id=\"050d6d2\" data-element_type=\"column\">\n\t\t\t<div class=\"elementor-widget-wrap elementor-element-populated\">\n\t\t\t\t\t\t<div class=\"elementor-element elementor-element-83b2c50 elementor-widget elementor-widget-heading\" data-id=\"83b2c50\" data-element_type=\"widget\" data-widget_type=\"heading.default\">\n\t\t\t\t<div class=\"elementor-widget-container\">\n\t\t\t<h2 class=\"elementor-heading-title elementor-size-default\">3<\/h2>\t\t<\/div>\n\t\t\t\t<\/div>\n\t\t\t\t\t<\/div>\n\t\t<\/div>\n\t\t\t\t<div class=\"elementor-column elementor-col-33 elementor-top-column elementor-element elementor-element-ad82b45\" data-id=\"ad82b45\" data-element_type=\"column\" data-settings=\"{&quot;background_background&quot;:&quot;classic&quot;}\">\n\t\t\t<div class=\"elementor-widget-wrap elementor-element-populated\">\n\t\t\t\t\t\t<div class=\"elementor-element elementor-element-9382197 elementor-widget elementor-widget-text-editor\" data-id=\"9382197\" data-element_type=\"widget\" data-widget_type=\"text-editor.default\">\n\t\t\t\t<div class=\"elementor-widget-container\">\n\t\t\t\t\t\t\t<p><span style=\"font-weight: 400;\">\u201cExploring the Supramolecular Coordination Chemistry-Based Approach for Nanotechnology\u201d, <\/span><i><span style=\"font-weight: 400;\">Progr. Inorg. Chem.<\/span><\/i><span style=\"font-weight: 400;\"> 56 (2009) 379-485, Cap. 5, John Wiley &amp; Sons, Inc. DOI: 10.1002\/9780470440124.ch5<\/span><\/p>\t\t\t\t\t\t<\/div>\n\t\t\t\t<\/div>\n\t\t\t\t\t<\/div>\n\t\t<\/div>\n\t\t\t\t<div class=\"elementor-column elementor-col-33 elementor-top-column elementor-element elementor-element-9161535\" data-id=\"9161535\" data-element_type=\"column\">\n\t\t\t<div class=\"elementor-widget-wrap\">\n\t\t\t\t\t\t\t<\/div>\n\t\t<\/div>\n\t\t\t\t\t<\/div>\n\t\t<\/section>\n\t\t\t\t<section class=\"elementor-section elementor-top-section elementor-element elementor-element-0d853a7 elementor-section-boxed elementor-section-height-default elementor-section-height-default\" data-id=\"0d853a7\" data-element_type=\"section\">\n\t\t\t\t\t\t<div class=\"elementor-container elementor-column-gap-default\">\n\t\t\t\t\t<div class=\"elementor-column elementor-col-33 elementor-top-column elementor-element elementor-element-aa18120\" data-id=\"aa18120\" data-element_type=\"column\">\n\t\t\t<div class=\"elementor-widget-wrap elementor-element-populated\">\n\t\t\t\t\t\t<div class=\"elementor-element elementor-element-928d926 elementor-widget elementor-widget-heading\" data-id=\"928d926\" data-element_type=\"widget\" data-widget_type=\"heading.default\">\n\t\t\t\t<div class=\"elementor-widget-container\">\n\t\t\t<h2 class=\"elementor-heading-title elementor-size-default\">4<\/h2>\t\t<\/div>\n\t\t\t\t<\/div>\n\t\t\t\t\t<\/div>\n\t\t<\/div>\n\t\t\t\t<div class=\"elementor-column elementor-col-33 elementor-top-column elementor-element elementor-element-7040989\" data-id=\"7040989\" data-element_type=\"column\" data-settings=\"{&quot;background_background&quot;:&quot;classic&quot;}\">\n\t\t\t<div class=\"elementor-widget-wrap elementor-element-populated\">\n\t\t\t\t\t\t<div class=\"elementor-element elementor-element-3f6165b elementor-widget elementor-widget-text-editor\" data-id=\"3f6165b\" data-element_type=\"widget\" data-widget_type=\"text-editor.default\">\n\t\t\t\t<div class=\"elementor-widget-container\">\n\t\t\t\t\t\t\t<p><span style=\"font-weight: 400;\">&#8220;Nanotecnologia Supramolecular Coordenativa&#8221;, em Qu\u00edmica Supramolecular e Nanotecnologia, S\u00e9rie Qu\u00edmica: Ci\u00eancia e Tecnologia, editor: Adilson Beatriz e Wendel Andrade Alves, 2014, Ed. Atheneu, cap. 1, Volume 10, pp. 1-31, 2014. ISBN: 978-85-388-0515-1<\/span><\/p>\t\t\t\t\t\t<\/div>\n\t\t\t\t<\/div>\n\t\t\t\t\t<\/div>\n\t\t<\/div>\n\t\t\t\t<div class=\"elementor-column elementor-col-33 elementor-top-column elementor-element elementor-element-a73801d\" data-id=\"a73801d\" data-element_type=\"column\">\n\t\t\t<div class=\"elementor-widget-wrap\">\n\t\t\t\t\t\t\t<\/div>\n\t\t<\/div>\n\t\t\t\t\t<\/div>\n\t\t<\/section>\n\t\t\t\t<section class=\"elementor-section elementor-top-section elementor-element elementor-element-e158833 elementor-section-boxed elementor-section-height-default elementor-section-height-default\" data-id=\"e158833\" data-element_type=\"section\">\n\t\t\t\t\t\t<div class=\"elementor-container elementor-column-gap-default\">\n\t\t\t\t\t<div class=\"elementor-column elementor-col-33 elementor-top-column elementor-element elementor-element-04e1d07\" data-id=\"04e1d07\" data-element_type=\"column\">\n\t\t\t<div class=\"elementor-widget-wrap elementor-element-populated\">\n\t\t\t\t\t\t<div class=\"elementor-element elementor-element-257bcf8 elementor-widget elementor-widget-heading\" data-id=\"257bcf8\" data-element_type=\"widget\" data-widget_type=\"heading.default\">\n\t\t\t\t<div class=\"elementor-widget-container\">\n\t\t\t<h2 class=\"elementor-heading-title elementor-size-default\">5<\/h2>\t\t<\/div>\n\t\t\t\t<\/div>\n\t\t\t\t\t<\/div>\n\t\t<\/div>\n\t\t\t\t<div class=\"elementor-column elementor-col-33 elementor-top-column elementor-element elementor-element-3753ae2\" data-id=\"3753ae2\" data-element_type=\"column\" data-settings=\"{&quot;background_background&quot;:&quot;classic&quot;}\">\n\t\t\t<div class=\"elementor-widget-wrap elementor-element-populated\">\n\t\t\t\t\t\t<div class=\"elementor-element elementor-element-932e7f0 elementor-widget elementor-widget-text-editor\" data-id=\"932e7f0\" data-element_type=\"widget\" data-widget_type=\"text-editor.default\">\n\t\t\t\t<div class=\"elementor-widget-container\">\n\t\t\t\t\t\t\t<p><span style=\"font-weight: 400;\">\u201cDeposi\u00e7\u00e3o qu\u00edmica a vapor ativada por plasma\u201d. In: M\u00e1rio Jos\u00e9 de Oliveira. (Org.), in Instituto de F\u00edsica da USP aos Oitenta Anos-Destaques da Pesquisa em F\u00edsica. 1ed. S\u00e3o Paulo: Editora Livraria da F\u00edsica, 2014, v. 1, p. 74-77.\u00a0 ISBN 13: 978-8578612863<\/span><\/p>\t\t\t\t\t\t<\/div>\n\t\t\t\t<\/div>\n\t\t\t\t\t<\/div>\n\t\t<\/div>\n\t\t\t\t<div class=\"elementor-column elementor-col-33 elementor-top-column elementor-element elementor-element-2de9771\" data-id=\"2de9771\" data-element_type=\"column\">\n\t\t\t<div class=\"elementor-widget-wrap\">\n\t\t\t\t\t\t\t<\/div>\n\t\t<\/div>\n\t\t\t\t\t<\/div>\n\t\t<\/section>\n\t\t\t\t<section class=\"elementor-section elementor-top-section elementor-element elementor-element-5a1d395 elementor-section-boxed elementor-section-height-default elementor-section-height-default\" data-id=\"5a1d395\" data-element_type=\"section\">\n\t\t\t\t\t\t<div class=\"elementor-container elementor-column-gap-default\">\n\t\t\t\t\t<div class=\"elementor-column elementor-col-33 elementor-top-column elementor-element elementor-element-b7b01d9\" data-id=\"b7b01d9\" data-element_type=\"column\">\n\t\t\t<div class=\"elementor-widget-wrap elementor-element-populated\">\n\t\t\t\t\t\t<div class=\"elementor-element elementor-element-ee31e00 elementor-widget elementor-widget-heading\" data-id=\"ee31e00\" data-element_type=\"widget\" data-widget_type=\"heading.default\">\n\t\t\t\t<div class=\"elementor-widget-container\">\n\t\t\t<h2 class=\"elementor-heading-title elementor-size-default\">6<\/h2>\t\t<\/div>\n\t\t\t\t<\/div>\n\t\t\t\t\t<\/div>\n\t\t<\/div>\n\t\t\t\t<div class=\"elementor-column elementor-col-33 elementor-top-column elementor-element elementor-element-ba9b3dc\" data-id=\"ba9b3dc\" data-element_type=\"column\" data-settings=\"{&quot;background_background&quot;:&quot;classic&quot;}\">\n\t\t\t<div class=\"elementor-widget-wrap elementor-element-populated\">\n\t\t\t\t\t\t<div class=\"elementor-element elementor-element-402ba02 elementor-widget elementor-widget-text-editor\" data-id=\"402ba02\" data-element_type=\"widget\" data-widget_type=\"text-editor.default\">\n\t\t\t\t<div class=\"elementor-widget-container\">\n\t\t\t\t\t\t\t<p><span style=\"font-weight: 400;\">\u201cSupramolecular hybrid organic\/inorganic nanomaterials based on metalloporphyrins and phtalocyanines\u201d, in \u201cElectrochemistry of N4 Macrocyclic Metal Complexes: Biomimesis, Electroanalysis and Electrosynthesis of MN4 Metal Complexes, vol. 2,\u00a0 p1-82, Jose H. Zagal and Fethi Bedioui (editors), Springer International Publishing, 2016. ISBN 978-3-319-31330-6, DOI 10.1007\/978-3-319-31332-0 <\/span><\/p>\t\t\t\t\t\t<\/div>\n\t\t\t\t<\/div>\n\t\t\t\t\t<\/div>\n\t\t<\/div>\n\t\t\t\t<div class=\"elementor-column elementor-col-33 elementor-top-column elementor-element elementor-element-d82b464\" data-id=\"d82b464\" data-element_type=\"column\">\n\t\t\t<div class=\"elementor-widget-wrap\">\n\t\t\t\t\t\t\t<\/div>\n\t\t<\/div>\n\t\t\t\t\t<\/div>\n\t\t<\/section>\n\t\t\t\t<section class=\"elementor-section elementor-top-section elementor-element elementor-element-f71e9e1 elementor-section-boxed elementor-section-height-default elementor-section-height-default\" data-id=\"f71e9e1\" data-element_type=\"section\">\n\t\t\t\t\t\t<div class=\"elementor-container elementor-column-gap-default\">\n\t\t\t\t\t<div class=\"elementor-column elementor-col-33 elementor-top-column elementor-element elementor-element-d25be40\" data-id=\"d25be40\" data-element_type=\"column\">\n\t\t\t<div class=\"elementor-widget-wrap elementor-element-populated\">\n\t\t\t\t\t\t<div class=\"elementor-element elementor-element-8849015 elementor-widget elementor-widget-heading\" data-id=\"8849015\" data-element_type=\"widget\" data-widget_type=\"heading.default\">\n\t\t\t\t<div class=\"elementor-widget-container\">\n\t\t\t<h2 class=\"elementor-heading-title elementor-size-default\">7<\/h2>\t\t<\/div>\n\t\t\t\t<\/div>\n\t\t\t\t\t<\/div>\n\t\t<\/div>\n\t\t\t\t<div class=\"elementor-column elementor-col-33 elementor-top-column elementor-element elementor-element-89932ba\" data-id=\"89932ba\" data-element_type=\"column\" data-settings=\"{&quot;background_background&quot;:&quot;classic&quot;}\">\n\t\t\t<div class=\"elementor-widget-wrap elementor-element-populated\">\n\t\t\t\t\t\t<div class=\"elementor-element elementor-element-e92849d elementor-widget elementor-widget-text-editor\" data-id=\"e92849d\" data-element_type=\"widget\" data-widget_type=\"text-editor.default\">\n\t\t\t\t<div class=\"elementor-widget-container\">\n\t\t\t\t\t\t\t<p><span style=\"font-weight: 400;\">\u201cElectrocatalytic Materials Design for Oxygen Evolution Reaction\u201d, Advances in Inorganic Chemistry Vol. 74 on Water Oxidation Catalysts, Rudi van Eldik and Collin Hubbard (eds), 2019, 241-304, ISBN: 978-0-12-816082-4, Academic Press, Cambridge, MA, USA. <\/span><a href=\"http:\/\/doi.org\/10.1016\/bs.adioch.2019.03.002\"><span style=\"font-weight: 400;\">doi.org\/10.1016\/bs.adioch.2019.03.002<\/span><\/a><span style=\"font-weight: 400;\">\u00a0<\/span><\/p>\t\t\t\t\t\t<\/div>\n\t\t\t\t<\/div>\n\t\t\t\t\t<\/div>\n\t\t<\/div>\n\t\t\t\t<div class=\"elementor-column elementor-col-33 elementor-top-column elementor-element elementor-element-cee11f5\" data-id=\"cee11f5\" data-element_type=\"column\">\n\t\t\t<div class=\"elementor-widget-wrap\">\n\t\t\t\t\t\t\t<\/div>\n\t\t<\/div>\n\t\t\t\t\t<\/div>\n\t\t<\/section>\n\t\t\t\t<section class=\"elementor-section elementor-top-section elementor-element elementor-element-c057d8d elementor-section-boxed elementor-section-height-default elementor-section-height-default\" data-id=\"c057d8d\" data-element_type=\"section\">\n\t\t\t\t\t\t<div class=\"elementor-container elementor-column-gap-default\">\n\t\t\t\t\t<div class=\"elementor-column elementor-col-33 elementor-top-column elementor-element elementor-element-18a9877\" data-id=\"18a9877\" data-element_type=\"column\">\n\t\t\t<div class=\"elementor-widget-wrap elementor-element-populated\">\n\t\t\t\t\t\t<div class=\"elementor-element elementor-element-5f16690 elementor-widget elementor-widget-heading\" data-id=\"5f16690\" data-element_type=\"widget\" data-widget_type=\"heading.default\">\n\t\t\t\t<div class=\"elementor-widget-container\">\n\t\t\t<h2 class=\"elementor-heading-title elementor-size-default\">8<\/h2>\t\t<\/div>\n\t\t\t\t<\/div>\n\t\t\t\t\t<\/div>\n\t\t<\/div>\n\t\t\t\t<div class=\"elementor-column elementor-col-33 elementor-top-column elementor-element elementor-element-3ce866f\" data-id=\"3ce866f\" data-element_type=\"column\" data-settings=\"{&quot;background_background&quot;:&quot;classic&quot;}\">\n\t\t\t<div class=\"elementor-widget-wrap elementor-element-populated\">\n\t\t\t\t\t\t<div class=\"elementor-element elementor-element-ef61c11 elementor-widget elementor-widget-text-editor\" data-id=\"ef61c11\" data-element_type=\"widget\" data-widget_type=\"text-editor.default\">\n\t\t\t\t<div class=\"elementor-widget-container\">\n\t\t\t\t\t\t\t<p><span style=\"font-weight: 400;\">\u201cSingle-Atom Electrocatalysts for Water Splitting\u201d, in \u201cMethods for Electrocatalysis: Advanced Materials and Allied Applications\u201d, Inamuddin,\u00a0Rajender Boddula\u00a0and Abdullah M. Asiri (eds.), Springer International Publishing, pp 67-111, 2020, ISBN 978-3-030-27160-2. \u00a0 doi: <\/span><a href=\"https:\/\/www.researchgate.net\/deref\/http%3A%2F%2Fdx.doi.org%2F10.1007%2F978-3-030-27161-9_3?_sg%5B0%5D=5a2EkWSp4d6doTgdJEBOUOavp18vtY43mZIdvTXh7fqXzXBN3TgodaHPJxurqoxqGiOQVbEZyMAXvwOUWLk4WUtazA.BoRv91Lwbkzm-LjjkDx5IHGeI_PBOimTE46B9-5MOWfBktXN27JbYpxTTd0Rv4sAruCabTx6q9149WJX6mmrUg\"><span style=\"font-weight: 400;\">10.1007\/978-3-030-27161-9_3<\/span><\/a><span style=\"font-weight: 400;\">\u00a0 <\/span><\/p>\t\t\t\t\t\t<\/div>\n\t\t\t\t<\/div>\n\t\t\t\t\t<\/div>\n\t\t<\/div>\n\t\t\t\t<div class=\"elementor-column elementor-col-33 elementor-top-column elementor-element elementor-element-f6bbe64\" data-id=\"f6bbe64\" data-element_type=\"column\">\n\t\t\t<div class=\"elementor-widget-wrap\">\n\t\t\t\t\t\t\t<\/div>\n\t\t<\/div>\n\t\t\t\t\t<\/div>\n\t\t<\/section>\n\t\t\t\t<section class=\"elementor-section elementor-top-section elementor-element elementor-element-eea4c83 elementor-section-boxed elementor-section-height-default elementor-section-height-default\" data-id=\"eea4c83\" data-element_type=\"section\">\n\t\t\t\t\t\t<div class=\"elementor-container elementor-column-gap-default\">\n\t\t\t\t\t<div class=\"elementor-column elementor-col-100 elementor-top-column elementor-element elementor-element-f63a4ac\" data-id=\"f63a4ac\" data-element_type=\"column\">\n\t\t\t<div class=\"elementor-widget-wrap elementor-element-populated\">\n\t\t\t\t\t\t<div class=\"elementor-element elementor-element-a1a9b97 elementor-widget elementor-widget-spacer\" data-id=\"a1a9b97\" data-element_type=\"widget\" data-widget_type=\"spacer.default\">\n\t\t\t\t<div class=\"elementor-widget-container\">\n\t\t\t\t\t<div class=\"elementor-spacer\">\n\t\t\t<div class=\"elementor-spacer-inner\"><\/div>\n\t\t<\/div>\n\t\t\t\t<\/div>\n\t\t\t\t<\/div>\n\t\t\t\t\t<\/div>\n\t\t<\/div>\n\t\t\t\t\t<\/div>\n\t\t<\/section>\n\t\t\t\t<section class=\"elementor-section elementor-top-section elementor-element elementor-element-f687cc7 elementor-section-boxed elementor-section-height-default elementor-section-height-default\" data-id=\"f687cc7\" data-element_type=\"section\">\n\t\t\t\t\t\t<div class=\"elementor-container elementor-column-gap-default\">\n\t\t\t\t\t<div class=\"elementor-column elementor-col-33 elementor-top-column elementor-element elementor-element-450eaa5\" data-id=\"450eaa5\" data-element_type=\"column\">\n\t\t\t<div class=\"elementor-widget-wrap\">\n\t\t\t\t\t\t\t<\/div>\n\t\t<\/div>\n\t\t\t\t<div class=\"elementor-column elementor-col-33 elementor-top-column elementor-element elementor-element-9c76025\" data-id=\"9c76025\" data-element_type=\"column\">\n\t\t\t<div class=\"elementor-widget-wrap\">\n\t\t\t\t\t\t\t<\/div>\n\t\t<\/div>\n\t\t\t\t<div class=\"elementor-column elementor-col-33 elementor-top-column elementor-element elementor-element-b249a4d\" data-id=\"b249a4d\" data-element_type=\"column\">\n\t\t\t<div class=\"elementor-widget-wrap\">\n\t\t\t\t\t\t\t<\/div>\n\t\t<\/div>\n\t\t\t\t\t<\/div>\n\t\t<\/section>\n\t\t\t\t<\/div>\n\t\t","protected":false},"excerpt":{"rendered":"<p>Cap\u00edtulos de Livros 1 \u201cSupramolecular Porphyrins as Electrocatalysts\u201d, in N4-Macrocyclic Metal Complexes; J. Zagal, F. Bedioui e J. P. Dodelet (Eds.), Springer, NY, 2006, cap.6, 255-314, ISBN 13: 978-0387-28429-3. 2 \u201cSupramolecular Porphyrin Model Compounds for Cytochrome P-450, Cytochrome-C Oxidase and Photosynthetic Systems\u201d, in Molecular and Supramolecular Bioinorganic Chemistry: Applications in Medical Sciences; Ana L.R. Merc\u00ea, Judith Felcman, Maria A.L. Recio (eds.), Nova Science Publishers, Inc., New York, 2009, ISBN 978-1-60456-679-6, pp. 83-136. 3 \u201cExploring the Supramolecular Coordination Chemistry-Based Approach for Nanotechnology\u201d, Progr. Inorg. Chem. 56 (2009) 379-485, Cap. 5, John Wiley &amp; Sons, Inc. DOI: 10.1002\/9780470440124.ch5 4 &#8220;Nanotecnologia Supramolecular Coordenativa&#8221;, em Qu\u00edmica Supramolecular e Nanotecnologia, S\u00e9rie Qu\u00edmica: Ci\u00eancia e Tecnologia, editor: Adilson Beatriz e Wendel Andrade Alves, 2014, Ed. Atheneu, cap. 1, Volume 10, pp. 1-31, 2014. ISBN: 978-85-388-0515-1 5 \u201cDeposi\u00e7\u00e3o qu\u00edmica a vapor ativada por plasma\u201d. In: M\u00e1rio Jos\u00e9 de Oliveira. (Org.), in Instituto de F\u00edsica da USP aos Oitenta Anos-Destaques da Pesquisa em F\u00edsica. 1ed. S\u00e3o Paulo: Editora Livraria da F\u00edsica, 2014, v. 1, p. 74-77.\u00a0 ISBN 13: 978-8578612863 6 \u201cSupramolecular hybrid organic\/inorganic nanomaterials based on metalloporphyrins and phtalocyanines\u201d, in \u201cElectrochemistry of N4 Macrocyclic Metal Complexes: Biomimesis, Electroanalysis and Electrosynthesis of MN4 Metal Complexes, vol. 2,\u00a0 p1-82, Jose [&#8230;]<\/p>\n","protected":false},"author":22349,"featured_media":0,"parent":0,"menu_order":0,"comment_status":"closed","ping_status":"closed","template":"","meta":{"footnotes":"","_links_to":"","_links_to_target":""},"class_list":["post-2232","page","type-page","status-publish","hentry"],"_links":{"self":[{"href":"https:\/\/sites.usp.br\/sisnano\/wp-json\/wp\/v2\/pages\/2232","targetHints":{"allow":["GET"]}}],"collection":[{"href":"https:\/\/sites.usp.br\/sisnano\/wp-json\/wp\/v2\/pages"}],"about":[{"href":"https:\/\/sites.usp.br\/sisnano\/wp-json\/wp\/v2\/types\/page"}],"author":[{"embeddable":true,"href":"https:\/\/sites.usp.br\/sisnano\/wp-json\/wp\/v2\/users\/22349"}],"replies":[{"embeddable":true,"href":"https:\/\/sites.usp.br\/sisnano\/wp-json\/wp\/v2\/comments?post=2232"}],"version-history":[{"count":4,"href":"https:\/\/sites.usp.br\/sisnano\/wp-json\/wp\/v2\/pages\/2232\/revisions"}],"predecessor-version":[{"id":2245,"href":"https:\/\/sites.usp.br\/sisnano\/wp-json\/wp\/v2\/pages\/2232\/revisions\/2245"}],"wp:attachment":[{"href":"https:\/\/sites.usp.br\/sisnano\/wp-json\/wp\/v2\/media?parent=2232"}],"curies":[{"name":"wp","href":"https:\/\/api.w.org\/{rel}","templated":true}]}}