{"id":3531,"date":"2024-04-01T11:35:19","date_gmt":"2024-04-01T14:35:19","guid":{"rendered":"https:\/\/sites.usp.br\/sistemaseach\/?page_id=3531"},"modified":"2026-03-26T09:01:49","modified_gmt":"2026-03-26T12:01:49","slug":"galeria-de-chefes-da-secao-tecnica-de-informatica","status":"publish","type":"page","link":"https:\/\/sites.usp.br\/sistemaseach\/galeria-de-chefes-da-secao-tecnica-de-informatica\/","title":{"rendered":"Galeria de Chefes da Se\u00e7\u00e3o T\u00e9cnica de Inform\u00e1tica"},"content":{"rendered":"\t\t<div data-elementor-type=\"wp-page\" data-elementor-id=\"3531\" class=\"elementor elementor-3531\" data-elementor-post-type=\"page\">\n\t\t\t\t\t\t<section class=\"elementor-section elementor-top-section elementor-element elementor-element-0c1d440 elementor-section-boxed elementor-section-height-default elementor-section-height-default\" data-id=\"0c1d440\" data-element_type=\"section\">\n\t\t\t\t\t\t<div class=\"elementor-container elementor-column-gap-default\">\n\t\t\t\t\t<div class=\"elementor-column elementor-col-100 elementor-top-column elementor-element elementor-element-f092f75\" data-id=\"f092f75\" data-element_type=\"column\">\n\t\t\t<div class=\"elementor-widget-wrap elementor-element-populated\">\n\t\t\t\t\t\t<div class=\"elementor-element elementor-element-8974923 elementor-invisible elementor-widget elementor-widget-heading\" data-id=\"8974923\" data-element_type=\"widget\" data-settings=\"{&quot;_animation&quot;:&quot;fadeInDown&quot;}\" data-widget_type=\"heading.default\">\n\t\t\t\t<div class=\"elementor-widget-container\">\n\t\t\t<h2 class=\"elementor-heading-title elementor-size-default\">Galeria de chefes da Se\u00e7\u00e3o de Inform\u00e1tica<\/h2>\t\t<\/div>\n\t\t\t\t<\/div>\n\t\t\t\t\t<\/div>\n\t\t<\/div>\n\t\t\t\t\t<\/div>\n\t\t<\/section>\n\t\t\t\t<section class=\"elementor-section elementor-top-section elementor-element elementor-element-6b56d2d elementor-section-height-min-height elementor-section-boxed elementor-section-height-default elementor-section-items-middle\" data-id=\"6b56d2d\" data-element_type=\"section\">\n\t\t\t\t\t\t<div class=\"elementor-container elementor-column-gap-default\">\n\t\t\t\t\t<div class=\"elementor-column elementor-col-100 elementor-top-column elementor-element elementor-element-7f6c853\" data-id=\"7f6c853\" data-element_type=\"column\">\n\t\t\t<div class=\"elementor-widget-wrap elementor-element-populated\">\n\t\t\t\t\t\t<div class=\"elementor-element elementor-element-d6ac775 elementor-invisible elementor-widget elementor-widget-text-editor\" data-id=\"d6ac775\" data-element_type=\"widget\" data-settings=\"{&quot;_animation&quot;:&quot;fadeIn&quot;}\" data-widget_type=\"text-editor.default\">\n\t\t\t\t<div class=\"elementor-widget-container\">\n\t\t\t\t\t\t\t<p>Bem-vindo \u00e0 galeria de chefes da Se\u00e7\u00e3o de Inform\u00e1tica!<br \/>A Se\u00e7\u00e3o de Inform\u00e1tica \u00e9 comandada por um profissional designado pela Dire\u00e7\u00e3o e Divis\u00e3o de Infraestrutura<\/p>\t\t\t\t\t\t<\/div>\n\t\t\t\t<\/div>\n\t\t\t\t<div class=\"elementor-element elementor-element-8652039 elementor-invisible elementor-widget elementor-widget-text-editor\" data-id=\"8652039\" data-element_type=\"widget\" data-settings=\"{&quot;_animation&quot;:&quot;fadeIn&quot;}\" data-widget_type=\"text-editor.default\">\n\t\t\t\t<div class=\"elementor-widget-container\">\n\t\t\t\t\t\t\t<p>Chefia Atual:<br \/><b>Antonio Carlos de Oliveira Macedo<\/b><br \/>T\u00e9cnico em Inform\u00e1tica<br \/>Funcion\u00e1rio da USP desde 2005<br \/>Chefe da Se\u00e7\u00e3o desde 26\/03\/2026<\/p>\t\t\t\t\t\t<\/div>\n\t\t\t\t<\/div>\n\t\t\t\t<div class=\"elementor-element elementor-element-2693a9b elementor-widget-divider--view-line elementor-widget elementor-widget-divider\" data-id=\"2693a9b\" data-element_type=\"widget\" data-widget_type=\"divider.default\">\n\t\t\t\t<div class=\"elementor-widget-container\">\n\t\t\t\t\t<div class=\"elementor-divider\">\n\t\t\t<span class=\"elementor-divider-separator\">\n\t\t\t\t\t\t<\/span>\n\t\t<\/div>\n\t\t\t\t<\/div>\n\t\t\t\t<\/div>\n\t\t\t\t<div class=\"elementor-element elementor-element-5811f1f elementor-invisible elementor-widget elementor-widget-heading\" data-id=\"5811f1f\" data-element_type=\"widget\" data-settings=\"{&quot;_animation&quot;:&quot;fadeInDown&quot;}\" data-widget_type=\"heading.default\">\n\t\t\t\t<div class=\"elementor-widget-container\">\n\t\t\t<h2 class=\"elementor-heading-title elementor-size-default\">Chefes Anteriores<\/h2>\t\t<\/div>\n\t\t\t\t<\/div>\n\t\t\t\t<div class=\"elementor-element elementor-element-47c49ca elementor-invisible elementor-widget elementor-widget-text-editor\" data-id=\"47c49ca\" data-element_type=\"widget\" data-settings=\"{&quot;_animation&quot;:&quot;fadeIn&quot;}\" data-widget_type=\"text-editor.default\">\n\t\t\t\t<div class=\"elementor-widget-container\">\n\t\t\t\t\t\t\t<p><b>Eder Marcelino dos Santos<br \/><\/b>Analista de Sistemas<br \/>Funcion\u00e1rio da USP desde 2003<\/p>\t\t\t\t\t\t<\/div>\n\t\t\t\t<\/div>\n\t\t\t\t<div class=\"elementor-element elementor-element-5e9fe48 elementor-widget-divider--view-line elementor-widget elementor-widget-divider\" data-id=\"5e9fe48\" data-element_type=\"widget\" data-widget_type=\"divider.default\">\n\t\t\t\t<div class=\"elementor-widget-container\">\n\t\t\t\t\t<div class=\"elementor-divider\">\n\t\t\t<span class=\"elementor-divider-separator\">\n\t\t\t\t\t\t<\/span>\n\t\t<\/div>\n\t\t\t\t<\/div>\n\t\t\t\t<\/div>\n\t\t\t\t<div class=\"elementor-element elementor-element-f5c0752 elementor-invisible elementor-widget elementor-widget-text-editor\" data-id=\"f5c0752\" data-element_type=\"widget\" data-settings=\"{&quot;_animation&quot;:&quot;fadeIn&quot;}\" data-widget_type=\"text-editor.default\">\n\t\t\t\t<div class=\"elementor-widget-container\">\n\t\t\t\t\t\t\t<p><b>Ricardo Deveza Chagas<br \/><\/b>T\u00e9cnico em Inform\u00e1tica<br \/>Funcion\u00e1rio da USP desde 2011<\/p>\t\t\t\t\t\t<\/div>\n\t\t\t\t<\/div>\n\t\t\t\t<div class=\"elementor-element elementor-element-a11c9e6 elementor-widget-divider--view-line elementor-widget elementor-widget-divider\" data-id=\"a11c9e6\" data-element_type=\"widget\" data-widget_type=\"divider.default\">\n\t\t\t\t<div class=\"elementor-widget-container\">\n\t\t\t\t\t<div class=\"elementor-divider\">\n\t\t\t<span class=\"elementor-divider-separator\">\n\t\t\t\t\t\t<\/span>\n\t\t<\/div>\n\t\t\t\t<\/div>\n\t\t\t\t<\/div>\n\t\t\t\t<div class=\"elementor-element elementor-element-523df8a elementor-invisible elementor-widget elementor-widget-text-editor\" data-id=\"523df8a\" data-element_type=\"widget\" data-settings=\"{&quot;_animation&quot;:&quot;fadeIn&quot;}\" data-widget_type=\"text-editor.default\">\n\t\t\t\t<div class=\"elementor-widget-container\">\n\t\t\t\t\t\t\t<p><b>Alexsander de Fran\u00e7a<br \/><\/b>Analista de Sistema<br \/>Funcion\u00e1rio da USP desde 2005<\/p>\t\t\t\t\t\t<\/div>\n\t\t\t\t<\/div>\n\t\t\t\t<div class=\"elementor-element elementor-element-1fe4d91 elementor-widget-divider--view-line elementor-widget elementor-widget-divider\" data-id=\"1fe4d91\" data-element_type=\"widget\" data-widget_type=\"divider.default\">\n\t\t\t\t<div class=\"elementor-widget-container\">\n\t\t\t\t\t<div class=\"elementor-divider\">\n\t\t\t<span class=\"elementor-divider-separator\">\n\t\t\t\t\t\t<\/span>\n\t\t<\/div>\n\t\t\t\t<\/div>\n\t\t\t\t<\/div>\n\t\t\t\t<div class=\"elementor-element elementor-element-f4f4618 elementor-invisible elementor-widget elementor-widget-text-editor\" data-id=\"f4f4618\" data-element_type=\"widget\" data-settings=\"{&quot;_animation&quot;:&quot;fadeIn&quot;}\" data-widget_type=\"text-editor.default\">\n\t\t\t\t<div class=\"elementor-widget-container\">\n\t\t\t\t\t\t\t<p><b>Marcus Vinicius Cerrato<br \/><\/b>Analista de Sistema<br \/>Funcion\u00e1rio da USP desde 2001<\/p>\t\t\t\t\t\t<\/div>\n\t\t\t\t<\/div>\n\t\t\t\t<div class=\"elementor-element elementor-element-118ade2 elementor-widget-divider--view-line elementor-widget elementor-widget-divider\" data-id=\"118ade2\" data-element_type=\"widget\" data-widget_type=\"divider.default\">\n\t\t\t\t<div class=\"elementor-widget-container\">\n\t\t\t\t\t<div class=\"elementor-divider\">\n\t\t\t<span class=\"elementor-divider-separator\">\n\t\t\t\t\t\t<\/span>\n\t\t<\/div>\n\t\t\t\t<\/div>\n\t\t\t\t<\/div>\n\t\t\t\t\t<\/div>\n\t\t<\/div>\n\t\t\t\t\t<\/div>\n\t\t<\/section>\n\t\t\t\t<\/div>\n\t\t","protected":false},"excerpt":{"rendered":"<p>Galeria de chefes da Se\u00e7\u00e3o de Inform\u00e1tica Bem-vindo \u00e0 galeria de chefes da Se\u00e7\u00e3o de Inform\u00e1tica!A Se\u00e7\u00e3o de Inform\u00e1tica \u00e9 comandada por um profissional designado pela Dire\u00e7\u00e3o e Divis\u00e3o de Infraestrutura Chefia Atual:Antonio Carlos de Oliveira MacedoT\u00e9cnico em Inform\u00e1ticaFuncion\u00e1rio da USP desde 2005Chefe da Se\u00e7\u00e3o desde 26\/03\/2026 Chefes Anteriores Eder Marcelino dos SantosAnalista de SistemasFuncion\u00e1rio [&hellip;]<\/p>\n","protected":false},"author":23936,"featured_media":0,"parent":0,"menu_order":0,"comment_status":"closed","ping_status":"closed","template":"elementor_header_footer","meta":{"_monsterinsights_skip_tracking":false,"_monsterinsights_sitenote_active":false,"_monsterinsights_sitenote_note":"","_monsterinsights_sitenote_category":0,"footnotes":"","_links_to":"","_links_to_target":""},"class_list":["post-3531","page","type-page","status-publish","hentry","entry"],"yoast_head":"<!-- This site is optimized with the Yoast SEO plugin v27.5 - https:\/\/yoast.com\/product\/yoast-seo-wordpress\/ -->\n<title>Galeria de Chefes da Se\u00e7\u00e3o T\u00e9cnica de Inform\u00e1tica - STI<\/title>\n<meta name=\"robots\" content=\"index, follow, max-snippet:-1, max-image-preview:large, max-video-preview:-1\" \/>\n<link rel=\"canonical\" href=\"https:\/\/sites.usp.br\/sistemaseach\/galeria-de-chefes-da-secao-tecnica-de-informatica\/\" \/>\n<script type=\"application\/ld+json\" class=\"yoast-schema-graph\">{\"@context\":\"https:\\\/\\\/schema.org\",\"@graph\":[{\"@type\":\"WebPage\",\"@id\":\"https:\\\/\\\/sites.usp.br\\\/sistemaseach\\\/galeria-de-chefes-da-secao-tecnica-de-informatica\\\/\",\"url\":\"https:\\\/\\\/sites.usp.br\\\/sistemaseach\\\/galeria-de-chefes-da-secao-tecnica-de-informatica\\\/\",\"name\":\"Galeria de Chefes da Se\u00e7\u00e3o T\u00e9cnica de Inform\u00e1tica - STI\",\"isPartOf\":{\"@id\":\"https:\\\/\\\/sites.usp.br\\\/sistemaseach\\\/#website\"},\"datePublished\":\"2024-04-01T14:35:19+00:00\",\"dateModified\":\"2026-03-26T12:01:49+00:00\",\"breadcrumb\":{\"@id\":\"https:\\\/\\\/sites.usp.br\\\/sistemaseach\\\/galeria-de-chefes-da-secao-tecnica-de-informatica\\\/#breadcrumb\"},\"inLanguage\":\"pt-BR\",\"potentialAction\":[{\"@type\":\"ReadAction\",\"target\":[\"https:\\\/\\\/sites.usp.br\\\/sistemaseach\\\/galeria-de-chefes-da-secao-tecnica-de-informatica\\\/\"]}]},{\"@type\":\"BreadcrumbList\",\"@id\":\"https:\\\/\\\/sites.usp.br\\\/sistemaseach\\\/galeria-de-chefes-da-secao-tecnica-de-informatica\\\/#breadcrumb\",\"itemListElement\":[{\"@type\":\"ListItem\",\"position\":1,\"name\":\"Home\",\"item\":\"https:\\\/\\\/sites.usp.br\\\/sistemaseach\\\/\"},{\"@type\":\"ListItem\",\"position\":2,\"name\":\"Galeria de Chefes da Se\u00e7\u00e3o T\u00e9cnica de Inform\u00e1tica\"}]},{\"@type\":\"WebSite\",\"@id\":\"https:\\\/\\\/sites.usp.br\\\/sistemaseach\\\/#website\",\"url\":\"https:\\\/\\\/sites.usp.br\\\/sistemaseach\\\/\",\"name\":\"STI | EACH | USP\",\"description\":\"Se\u00e7\u00e3o T\u00e9cnica de Inform\u00e1tica | EACH\\\/USP\",\"publisher\":{\"@id\":\"https:\\\/\\\/sites.usp.br\\\/sistemaseach\\\/#organization\"},\"potentialAction\":[{\"@type\":\"SearchAction\",\"target\":{\"@type\":\"EntryPoint\",\"urlTemplate\":\"https:\\\/\\\/sites.usp.br\\\/sistemaseach\\\/?s={search_term_string}\"},\"query-input\":{\"@type\":\"PropertyValueSpecification\",\"valueRequired\":true,\"valueName\":\"search_term_string\"}}],\"inLanguage\":\"pt-BR\"},{\"@type\":\"Organization\",\"@id\":\"https:\\\/\\\/sites.usp.br\\\/sistemaseach\\\/#organization\",\"name\":\"EACH | USP\",\"url\":\"https:\\\/\\\/sites.usp.br\\\/sistemaseach\\\/\",\"logo\":{\"@type\":\"ImageObject\",\"inLanguage\":\"pt-BR\",\"@id\":\"https:\\\/\\\/sites.usp.br\\\/sistemaseach\\\/#\\\/schema\\\/logo\\\/image\\\/\",\"url\":\"https:\\\/\\\/sites.usp.br\\\/sistemaseach\\\/wp-content\\\/uploads\\\/sites\\\/1423\\\/2024\\\/03\\\/cropped-tela-each-1.png\",\"contentUrl\":\"https:\\\/\\\/sites.usp.br\\\/sistemaseach\\\/wp-content\\\/uploads\\\/sites\\\/1423\\\/2024\\\/03\\\/cropped-tela-each-1.png\",\"width\":1919,\"height\":528,\"caption\":\"EACH | USP\"},\"image\":{\"@id\":\"https:\\\/\\\/sites.usp.br\\\/sistemaseach\\\/#\\\/schema\\\/logo\\\/image\\\/\"},\"sameAs\":[\"http:\\\/\\\/www.facebook.com\\\/pages\\\/EACH-USP-Leste\\\/272853359393889\",\"https:\\\/\\\/x.com\\\/imprensa_each\"]}]}<\/script>\n<!-- \/ Yoast SEO plugin. -->","yoast_head_json":{"title":"Galeria de Chefes da Se\u00e7\u00e3o T\u00e9cnica de Inform\u00e1tica - STI","robots":{"index":"index","follow":"follow","max-snippet":"max-snippet:-1","max-image-preview":"max-image-preview:large","max-video-preview":"max-video-preview:-1"},"canonical":"https:\/\/sites.usp.br\/sistemaseach\/galeria-de-chefes-da-secao-tecnica-de-informatica\/","schema":{"@context":"https:\/\/schema.org","@graph":[{"@type":"WebPage","@id":"https:\/\/sites.usp.br\/sistemaseach\/galeria-de-chefes-da-secao-tecnica-de-informatica\/","url":"https:\/\/sites.usp.br\/sistemaseach\/galeria-de-chefes-da-secao-tecnica-de-informatica\/","name":"Galeria de Chefes da Se\u00e7\u00e3o T\u00e9cnica de Inform\u00e1tica - STI","isPartOf":{"@id":"https:\/\/sites.usp.br\/sistemaseach\/#website"},"datePublished":"2024-04-01T14:35:19+00:00","dateModified":"2026-03-26T12:01:49+00:00","breadcrumb":{"@id":"https:\/\/sites.usp.br\/sistemaseach\/galeria-de-chefes-da-secao-tecnica-de-informatica\/#breadcrumb"},"inLanguage":"pt-BR","potentialAction":[{"@type":"ReadAction","target":["https:\/\/sites.usp.br\/sistemaseach\/galeria-de-chefes-da-secao-tecnica-de-informatica\/"]}]},{"@type":"BreadcrumbList","@id":"https:\/\/sites.usp.br\/sistemaseach\/galeria-de-chefes-da-secao-tecnica-de-informatica\/#breadcrumb","itemListElement":[{"@type":"ListItem","position":1,"name":"Home","item":"https:\/\/sites.usp.br\/sistemaseach\/"},{"@type":"ListItem","position":2,"name":"Galeria de Chefes da Se\u00e7\u00e3o T\u00e9cnica de Inform\u00e1tica"}]},{"@type":"WebSite","@id":"https:\/\/sites.usp.br\/sistemaseach\/#website","url":"https:\/\/sites.usp.br\/sistemaseach\/","name":"STI | EACH | USP","description":"Se\u00e7\u00e3o T\u00e9cnica de Inform\u00e1tica | EACH\/USP","publisher":{"@id":"https:\/\/sites.usp.br\/sistemaseach\/#organization"},"potentialAction":[{"@type":"SearchAction","target":{"@type":"EntryPoint","urlTemplate":"https:\/\/sites.usp.br\/sistemaseach\/?s={search_term_string}"},"query-input":{"@type":"PropertyValueSpecification","valueRequired":true,"valueName":"search_term_string"}}],"inLanguage":"pt-BR"},{"@type":"Organization","@id":"https:\/\/sites.usp.br\/sistemaseach\/#organization","name":"EACH | USP","url":"https:\/\/sites.usp.br\/sistemaseach\/","logo":{"@type":"ImageObject","inLanguage":"pt-BR","@id":"https:\/\/sites.usp.br\/sistemaseach\/#\/schema\/logo\/image\/","url":"https:\/\/sites.usp.br\/sistemaseach\/wp-content\/uploads\/sites\/1423\/2024\/03\/cropped-tela-each-1.png","contentUrl":"https:\/\/sites.usp.br\/sistemaseach\/wp-content\/uploads\/sites\/1423\/2024\/03\/cropped-tela-each-1.png","width":1919,"height":528,"caption":"EACH | USP"},"image":{"@id":"https:\/\/sites.usp.br\/sistemaseach\/#\/schema\/logo\/image\/"},"sameAs":["http:\/\/www.facebook.com\/pages\/EACH-USP-Leste\/272853359393889","https:\/\/x.com\/imprensa_each"]}]}},"jetpack_sharing_enabled":true,"_links":{"self":[{"href":"https:\/\/sites.usp.br\/sistemaseach\/wp-json\/wp\/v2\/pages\/3531","targetHints":{"allow":["GET"]}}],"collection":[{"href":"https:\/\/sites.usp.br\/sistemaseach\/wp-json\/wp\/v2\/pages"}],"about":[{"href":"https:\/\/sites.usp.br\/sistemaseach\/wp-json\/wp\/v2\/types\/page"}],"author":[{"embeddable":true,"href":"https:\/\/sites.usp.br\/sistemaseach\/wp-json\/wp\/v2\/users\/23936"}],"replies":[{"embeddable":true,"href":"https:\/\/sites.usp.br\/sistemaseach\/wp-json\/wp\/v2\/comments?post=3531"}],"version-history":[{"count":4,"href":"https:\/\/sites.usp.br\/sistemaseach\/wp-json\/wp\/v2\/pages\/3531\/revisions"}],"predecessor-version":[{"id":4802,"href":"https:\/\/sites.usp.br\/sistemaseach\/wp-json\/wp\/v2\/pages\/3531\/revisions\/4802"}],"wp:attachment":[{"href":"https:\/\/sites.usp.br\/sistemaseach\/wp-json\/wp\/v2\/media?parent=3531"}],"curies":[{"name":"wp","href":"https:\/\/api.w.org\/{rel}","templated":true}]}}