{"id":3685,"date":"2024-04-02T14:32:55","date_gmt":"2024-04-02T17:32:55","guid":{"rendered":"https:\/\/sites.usp.br\/sistemaseach\/?page_id=3685"},"modified":"2025-12-03T23:32:57","modified_gmt":"2025-12-04T02:32:57","slug":"proaluno","status":"publish","type":"page","link":"https:\/\/sites.usp.br\/sistemaseach\/proaluno\/","title":{"rendered":"Sala Pr\u00f3-Aluno"},"content":{"rendered":"\t\t<div data-elementor-type=\"wp-page\" data-elementor-id=\"3685\" class=\"elementor elementor-3685\" data-elementor-post-type=\"page\">\n\t\t\t\t\t\t<section class=\"elementor-section elementor-top-section elementor-element elementor-element-533e888 elementor-section-boxed elementor-section-height-default elementor-section-height-default\" data-id=\"533e888\" data-element_type=\"section\">\n\t\t\t\t\t\t<div class=\"elementor-container elementor-column-gap-default\">\n\t\t\t\t\t<div class=\"elementor-column elementor-col-100 elementor-top-column elementor-element elementor-element-4e32499\" data-id=\"4e32499\" data-element_type=\"column\">\n\t\t\t<div class=\"elementor-widget-wrap elementor-element-populated\">\n\t\t\t\t\t\t<div class=\"elementor-element elementor-element-4d3284d elementor-invisible elementor-widget elementor-widget-heading\" data-id=\"4d3284d\" data-element_type=\"widget\" data-settings=\"{&quot;_animation&quot;:&quot;fadeInLeft&quot;}\" data-widget_type=\"heading.default\">\n\t\t\t\t<div class=\"elementor-widget-container\">\n\t\t\t<h2 class=\"elementor-heading-title elementor-size-default\">Laborat\u00f3rio de Inform\u00e1tica 4 - Sala Pr\u00f3-Aluno<\/h2>\t\t<\/div>\n\t\t\t\t<\/div>\n\t\t\t\t<div class=\"elementor-element elementor-element-eedf6c4 elementor-widget-divider--view-line elementor-invisible elementor-widget elementor-widget-divider\" data-id=\"eedf6c4\" data-element_type=\"widget\" data-settings=\"{&quot;_animation&quot;:&quot;fadeInRight&quot;}\" data-widget_type=\"divider.default\">\n\t\t\t\t<div class=\"elementor-widget-container\">\n\t\t\t\t\t<div class=\"elementor-divider\">\n\t\t\t<span class=\"elementor-divider-separator\">\n\t\t\t\t\t\t<\/span>\n\t\t<\/div>\n\t\t\t\t<\/div>\n\t\t\t\t<\/div>\n\t\t\t\t<div class=\"elementor-element elementor-element-bc311c3 elementor-widget elementor-widget-text-editor\" data-id=\"bc311c3\" data-element_type=\"widget\" data-widget_type=\"text-editor.default\">\n\t\t\t\t<div class=\"elementor-widget-container\">\n\t\t\t\t\t\t\t<p>A Pr\u00f3-Reitoria de Gradua\u00e7\u00e3o \u00e9 a respons\u00e1vel geral pelo Programa Pr\u00f3-Aluno.<\/p>\t\t\t\t\t\t<\/div>\n\t\t\t\t<\/div>\n\t\t\t\t<div class=\"elementor-element elementor-element-c1a9612 elementor-widget-divider--view-line elementor-invisible elementor-widget elementor-widget-divider\" data-id=\"c1a9612\" data-element_type=\"widget\" data-settings=\"{&quot;_animation&quot;:&quot;fadeInRight&quot;}\" data-widget_type=\"divider.default\">\n\t\t\t\t<div class=\"elementor-widget-container\">\n\t\t\t\t\t<div class=\"elementor-divider\">\n\t\t\t<span class=\"elementor-divider-separator\">\n\t\t\t\t\t\t<\/span>\n\t\t<\/div>\n\t\t\t\t<\/div>\n\t\t\t\t<\/div>\n\t\t\t\t\t<\/div>\n\t\t<\/div>\n\t\t\t\t\t<\/div>\n\t\t<\/section>\n\t\t\t\t<section class=\"elementor-section elementor-top-section elementor-element elementor-element-ceb7837 elementor-section-boxed elementor-section-height-default elementor-section-height-default\" data-id=\"ceb7837\" data-element_type=\"section\">\n\t\t\t\t\t\t<div class=\"elementor-container elementor-column-gap-default\">\n\t\t\t\t\t<div class=\"elementor-column elementor-col-50 elementor-top-column elementor-element elementor-element-fdf3fab\" data-id=\"fdf3fab\" data-element_type=\"column\">\n\t\t\t<div class=\"elementor-widget-wrap elementor-element-populated\">\n\t\t\t\t\t\t<div class=\"elementor-element elementor-element-4acf6e9 elementor-invisible elementor-widget elementor-widget-text-editor\" data-id=\"4acf6e9\" data-element_type=\"widget\" data-settings=\"{&quot;_animation&quot;:&quot;fadeIn&quot;}\" data-widget_type=\"text-editor.default\">\n\t\t\t\t<div class=\"elementor-widget-container\">\n\t\t\t\t\t\t\t<p><b>Hor\u00e1rio<\/b>:\u00a007:00 \u00e0s 22:00.<br \/><b>S\u00e1bados, domingos, feriados e emendas<\/b>: Fechada.<br \/><b>Per\u00edodo de F\u00e9rias, Semana Santa e da P\u00e1tria<\/b>: 08:00 \u00e0s 18:00.<br \/><b>Respons\u00e1vel<\/b>: Eder Marcelino dos Santos<br \/><b>Encarregado Local<\/b>: Patr\u00edcia Del Valle<br \/><b>Respons\u00e1vel Pelos Monitores Bolsistas<\/b>: Patricia Del Valle\/ Bruno Bertone\/ Luiz Fernando Spilotro.<br \/><b>Computadores<\/b>: 27 Lenovo ThinkCentre M715q AMD Ryzen 3 Pro 2200GE 3.2 GHz 12GB de mem\u00f3ria.<br \/><b>Softwares Dispon\u00edveis<\/b>: Windows 11 Pro e Office Standard 2016<br \/><b>Impressora<\/b>: Samsung MultiXpress K7600<\/p><p><b>O seu uso \u00e9 exclusivo para alunos de Gradua\u00e7\u00e3o e P\u00f3s-gradua\u00e7\u00e3o regularmente matriculados na EACH<\/b>.<\/p>\t\t\t\t\t\t<\/div>\n\t\t\t\t<\/div>\n\t\t\t\t\t<\/div>\n\t\t<\/div>\n\t\t\t\t<div class=\"elementor-column elementor-col-50 elementor-top-column elementor-element elementor-element-22a07f5\" data-id=\"22a07f5\" data-element_type=\"column\" data-settings=\"{&quot;background_background&quot;:&quot;classic&quot;}\">\n\t\t\t<div class=\"elementor-widget-wrap elementor-element-populated\">\n\t\t\t\t\t\t<div class=\"elementor-element elementor-element-70f7fad elementor-invisible elementor-widget elementor-widget-image\" data-id=\"70f7fad\" data-element_type=\"widget\" data-settings=\"{&quot;_animation_mobile&quot;:&quot;fadeIn&quot;,&quot;_animation&quot;:&quot;bounceIn&quot;}\" data-widget_type=\"image.default\">\n\t\t\t\t<div class=\"elementor-widget-container\">\n\t\t\t\t\t\t\t\t\t\t\t\t\t\t<a href=\"https:\/\/sites.usp.br\/sistemaseach\/wp-content\/uploads\/sites\/1423\/2024\/03\/AD9I4854-563x353-1.jpg\" data-elementor-open-lightbox=\"yes\" data-elementor-lightbox-title=\"Sala Pr\u00f3 Aluno\" data-e-action-hash=\"#elementor-action%3Aaction%3Dlightbox%26settings%3DeyJpZCI6Mjk5NCwidXJsIjoiaHR0cHM6XC9cL3NpdGVzLnVzcC5iclwvc2lzdGVtYXNlYWNoXC93cC1jb250ZW50XC91cGxvYWRzXC9zaXRlc1wvMTQyM1wvMjAyNFwvMDNcL0FEOUk0ODU0LTU2M3gzNTMtMS5qcGcifQ%3D%3D\">\n\t\t\t\t\t\t\t<img fetchpriority=\"high\" decoding=\"async\" width=\"563\" height=\"353\" src=\"https:\/\/sites.usp.br\/sistemaseach\/wp-content\/uploads\/sites\/1423\/2024\/03\/AD9I4854-563x353-1.jpg\" class=\"attachment-full size-full wp-image-2994\" alt=\"\" srcset=\"https:\/\/sites.usp.br\/sistemaseach\/wp-content\/uploads\/sites\/1423\/2024\/03\/AD9I4854-563x353-1.jpg 563w, https:\/\/sites.usp.br\/sistemaseach\/wp-content\/uploads\/sites\/1423\/2024\/03\/AD9I4854-563x353-1-300x188.jpg 300w, https:\/\/sites.usp.br\/sistemaseach\/wp-content\/uploads\/sites\/1423\/2024\/03\/AD9I4854-563x353-1-400x251.jpg 400w\" sizes=\"(max-width: 563px) 100vw, 563px\" \/>\t\t\t\t\t\t\t\t<\/a>\n\t\t\t\t\t\t\t\t\t\t\t\t\t<\/div>\n\t\t\t\t<\/div>\n\t\t\t\t\t<\/div>\n\t\t<\/div>\n\t\t\t\t\t<\/div>\n\t\t<\/section>\n\t\t\t\t<section class=\"elementor-section elementor-top-section elementor-element elementor-element-1e3f3e0 elementor-section-boxed elementor-section-height-default elementor-section-height-default\" data-id=\"1e3f3e0\" data-element_type=\"section\">\n\t\t\t\t\t\t<div class=\"elementor-container elementor-column-gap-default\">\n\t\t\t\t\t<div class=\"elementor-column elementor-col-100 elementor-top-column elementor-element elementor-element-6f3c2ca\" data-id=\"6f3c2ca\" data-element_type=\"column\">\n\t\t\t<div class=\"elementor-widget-wrap elementor-element-populated\">\n\t\t\t\t\t\t<div class=\"elementor-element elementor-element-7ce3174 elementor-widget-divider--view-line elementor-invisible elementor-widget elementor-widget-divider\" data-id=\"7ce3174\" data-element_type=\"widget\" data-settings=\"{&quot;_animation&quot;:&quot;fadeInRight&quot;}\" data-widget_type=\"divider.default\">\n\t\t\t\t<div class=\"elementor-widget-container\">\n\t\t\t\t\t<div class=\"elementor-divider\">\n\t\t\t<span class=\"elementor-divider-separator\">\n\t\t\t\t\t\t<\/span>\n\t\t<\/div>\n\t\t\t\t<\/div>\n\t\t\t\t<\/div>\n\t\t\t\t\t<\/div>\n\t\t<\/div>\n\t\t\t\t\t<\/div>\n\t\t<\/section>\n\t\t\t\t<section class=\"elementor-section elementor-top-section elementor-element elementor-element-5e36710 elementor-section-boxed elementor-section-height-default elementor-section-height-default\" data-id=\"5e36710\" data-element_type=\"section\">\n\t\t\t\t\t\t<div class=\"elementor-container elementor-column-gap-default\">\n\t\t\t\t\t<div class=\"elementor-column elementor-col-100 elementor-top-column elementor-element elementor-element-342a1e6\" data-id=\"342a1e6\" data-element_type=\"column\">\n\t\t\t<div class=\"elementor-widget-wrap elementor-element-populated\">\n\t\t\t\t\t\t<div class=\"elementor-element elementor-element-c462b50 elementor-widget elementor-widget-heading\" data-id=\"c462b50\" data-element_type=\"widget\" data-widget_type=\"heading.default\">\n\t\t\t\t<div class=\"elementor-widget-container\">\n\t\t\t<h2 class=\"elementor-heading-title elementor-size-default\">Mais Informa\u00e7\u00f5es e contato:<\/h2>\t\t<\/div>\n\t\t\t\t<\/div>\n\t\t\t\t\t<\/div>\n\t\t<\/div>\n\t\t\t\t\t<\/div>\n\t\t<\/section>\n\t\t\t\t<section class=\"elementor-section elementor-top-section elementor-element elementor-element-a360d89 elementor-section-boxed elementor-section-height-default elementor-section-height-default\" data-id=\"a360d89\" data-element_type=\"section\">\n\t\t\t\t\t\t<div class=\"elementor-container elementor-column-gap-default\">\n\t\t\t\t\t<div class=\"elementor-column elementor-col-50 elementor-top-column elementor-element elementor-element-1d9e881\" data-id=\"1d9e881\" data-element_type=\"column\">\n\t\t\t<div class=\"elementor-widget-wrap elementor-element-populated\">\n\t\t\t\t\t\t<div class=\"elementor-element elementor-element-4e62df9 elementor-invisible elementor-widget elementor-widget-text-editor\" data-id=\"4e62df9\" data-element_type=\"widget\" data-settings=\"{&quot;_animation&quot;:&quot;fadeIn&quot;}\" data-widget_type=\"text-editor.default\">\n\t\t\t\t<div class=\"elementor-widget-container\">\n\t\t\t\t\t\t\t<ul><li><a href=\"https:\/\/www.usp.br\/proaluno\/programa\/frame.html\"><strong>O Programa<\/strong><\/a><\/li><li><a href=\"http:\/\/www.usp.br\/proaluno\/caderno\/regimento.htm\"><b>Regimento<\/b><\/a><br \/><b><\/b><\/li><li><a href=\"http:\/\/www.usp.br\/proaluno\/caderno\/etica.htm\"><b>C\u00f3digo de \u00c9tica<\/b><\/a><\/li><\/ul>\t\t\t\t\t\t<\/div>\n\t\t\t\t<\/div>\n\t\t\t\t\t<\/div>\n\t\t<\/div>\n\t\t\t\t<div class=\"elementor-column elementor-col-50 elementor-top-column elementor-element elementor-element-aef2216\" data-id=\"aef2216\" data-element_type=\"column\">\n\t\t\t<div class=\"elementor-widget-wrap elementor-element-populated\">\n\t\t\t\t\t\t<div class=\"elementor-element elementor-element-f415ac1 elementor-icon-list--layout-traditional elementor-list-item-link-full_width elementor-widget elementor-widget-icon-list\" data-id=\"f415ac1\" data-element_type=\"widget\" data-widget_type=\"icon-list.default\">\n\t\t\t\t<div class=\"elementor-widget-container\">\n\t\t\t\t\t<ul class=\"elementor-icon-list-items\">\n\t\t\t\t\t\t\t<li class=\"elementor-icon-list-item\">\n\t\t\t\t\t\t\t\t\t\t\t<span class=\"elementor-icon-list-icon\">\n\t\t\t\t\t\t\t<i aria-hidden=\"true\" class=\"fas fa-phone-square-alt\"><\/i>\t\t\t\t\t\t<\/span>\n\t\t\t\t\t\t\t\t\t\t<span class=\"elementor-icon-list-text\">(11) 3091-1010<\/span>\n\t\t\t\t\t\t\t\t\t<\/li>\n\t\t\t\t\t\t\t\t<li class=\"elementor-icon-list-item\">\n\t\t\t\t\t\t\t\t\t\t\t<span class=\"elementor-icon-list-icon\">\n\t\t\t\t\t\t\t<i aria-hidden=\"true\" class=\"fas fa-phone-square-alt\"><\/i>\t\t\t\t\t\t<\/span>\n\t\t\t\t\t\t\t\t\t\t<span class=\"elementor-icon-list-text\">(11) 3091-8857<\/span>\n\t\t\t\t\t\t\t\t\t<\/li>\n\t\t\t\t\t\t\t\t<li class=\"elementor-icon-list-item\">\n\t\t\t\t\t\t\t\t\t\t\t<a href=\"mailto:proaluno-each@usp.br\">\n\n\t\t\t\t\t\t\t\t\t\t\t\t<span class=\"elementor-icon-list-icon\">\n\t\t\t\t\t\t\t<i aria-hidden=\"true\" class=\"fas fa-envelope-open\"><\/i>\t\t\t\t\t\t<\/span>\n\t\t\t\t\t\t\t\t\t\t<span class=\"elementor-icon-list-text\">proaluno-each(@usp.br)<\/span>\n\t\t\t\t\t\t\t\t\t\t\t<\/a>\n\t\t\t\t\t\t\t\t\t<\/li>\n\t\t\t\t\t\t\t\t<li class=\"elementor-icon-list-item\">\n\t\t\t\t\t\t\t\t\t\t\t<a href=\"https:\/\/sites.usp.br\/sistemaseach\/portal-de-atendimento\/#portal\">\n\n\t\t\t\t\t\t\t\t\t\t\t\t<span class=\"elementor-icon-list-icon\">\n\t\t\t\t\t\t\t<i aria-hidden=\"true\" class=\"fas fa-network-wired\"><\/i>\t\t\t\t\t\t<\/span>\n\t\t\t\t\t\t\t\t\t\t<span class=\"elementor-icon-list-text\">Portal de Atendimento<\/span>\n\t\t\t\t\t\t\t\t\t\t\t<\/a>\n\t\t\t\t\t\t\t\t\t<\/li>\n\t\t\t\t\t\t<\/ul>\n\t\t\t\t<\/div>\n\t\t\t\t<\/div>\n\t\t\t\t\t<\/div>\n\t\t<\/div>\n\t\t\t\t\t<\/div>\n\t\t<\/section>\n\t\t\t\t<\/div>\n\t\t","protected":false},"excerpt":{"rendered":"<p>Laborat\u00f3rio de Inform\u00e1tica 4 &#8211; Sala Pr\u00f3-Aluno A Pr\u00f3-Reitoria de Gradua\u00e7\u00e3o \u00e9 a respons\u00e1vel geral pelo Programa Pr\u00f3-Aluno. Hor\u00e1rio:\u00a007:00 \u00e0s 22:00.S\u00e1bados, domingos, feriados e emendas: Fechada.Per\u00edodo de F\u00e9rias, Semana Santa e da P\u00e1tria: 08:00 \u00e0s 18:00.Respons\u00e1vel: Eder Marcelino dos SantosEncarregado Local: Patr\u00edcia Del ValleRespons\u00e1vel Pelos Monitores Bolsistas: Patricia Del Valle\/ Bruno Bertone\/ Luiz Fernando Spilotro.Computadores: [&hellip;]<\/p>\n","protected":false},"author":23936,"featured_media":0,"parent":0,"menu_order":0,"comment_status":"closed","ping_status":"closed","template":"elementor_header_footer","meta":{"_monsterinsights_skip_tracking":false,"_monsterinsights_sitenote_active":false,"_monsterinsights_sitenote_note":"","_monsterinsights_sitenote_category":0,"footnotes":"","_links_to":"","_links_to_target":""},"class_list":["post-3685","page","type-page","status-publish","hentry","entry"],"yoast_head":"<!-- This site is optimized with the Yoast SEO plugin v27.5 - https:\/\/yoast.com\/product\/yoast-seo-wordpress\/ -->\n<title>Sala Pr\u00f3-Aluno - STI<\/title>\n<meta name=\"robots\" content=\"index, follow, max-snippet:-1, max-image-preview:large, max-video-preview:-1\" \/>\n<link rel=\"canonical\" href=\"https:\/\/sites.usp.br\/sistemaseach\/proaluno\/\" \/>\n<meta name=\"twitter:label1\" content=\"Est. tempo de leitura\" \/>\n\t<meta name=\"twitter:data1\" content=\"1 minuto\" \/>\n<script type=\"application\/ld+json\" class=\"yoast-schema-graph\">{\"@context\":\"https:\\\/\\\/schema.org\",\"@graph\":[{\"@type\":\"WebPage\",\"@id\":\"https:\\\/\\\/sites.usp.br\\\/sistemaseach\\\/proaluno\\\/\",\"url\":\"https:\\\/\\\/sites.usp.br\\\/sistemaseach\\\/proaluno\\\/\",\"name\":\"Sala Pr\u00f3-Aluno - STI\",\"isPartOf\":{\"@id\":\"https:\\\/\\\/sites.usp.br\\\/sistemaseach\\\/#website\"},\"primaryImageOfPage\":{\"@id\":\"https:\\\/\\\/sites.usp.br\\\/sistemaseach\\\/proaluno\\\/#primaryimage\"},\"image\":{\"@id\":\"https:\\\/\\\/sites.usp.br\\\/sistemaseach\\\/proaluno\\\/#primaryimage\"},\"thumbnailUrl\":\"https:\\\/\\\/sites.usp.br\\\/sistemaseach\\\/wp-content\\\/uploads\\\/sites\\\/1423\\\/2024\\\/03\\\/AD9I4854-563x353-1.jpg\",\"datePublished\":\"2024-04-02T17:32:55+00:00\",\"dateModified\":\"2025-12-04T02:32:57+00:00\",\"breadcrumb\":{\"@id\":\"https:\\\/\\\/sites.usp.br\\\/sistemaseach\\\/proaluno\\\/#breadcrumb\"},\"inLanguage\":\"pt-BR\",\"potentialAction\":[{\"@type\":\"ReadAction\",\"target\":[\"https:\\\/\\\/sites.usp.br\\\/sistemaseach\\\/proaluno\\\/\"]}]},{\"@type\":\"ImageObject\",\"inLanguage\":\"pt-BR\",\"@id\":\"https:\\\/\\\/sites.usp.br\\\/sistemaseach\\\/proaluno\\\/#primaryimage\",\"url\":\"https:\\\/\\\/sites.usp.br\\\/sistemaseach\\\/wp-content\\\/uploads\\\/sites\\\/1423\\\/2024\\\/03\\\/AD9I4854-563x353-1.jpg\",\"contentUrl\":\"https:\\\/\\\/sites.usp.br\\\/sistemaseach\\\/wp-content\\\/uploads\\\/sites\\\/1423\\\/2024\\\/03\\\/AD9I4854-563x353-1.jpg\",\"width\":563,\"height\":353,\"caption\":\"Sala Pr\u00f3 Aluno\"},{\"@type\":\"BreadcrumbList\",\"@id\":\"https:\\\/\\\/sites.usp.br\\\/sistemaseach\\\/proaluno\\\/#breadcrumb\",\"itemListElement\":[{\"@type\":\"ListItem\",\"position\":1,\"name\":\"Home\",\"item\":\"https:\\\/\\\/sites.usp.br\\\/sistemaseach\\\/\"},{\"@type\":\"ListItem\",\"position\":2,\"name\":\"Sala Pr\u00f3-Aluno\"}]},{\"@type\":\"WebSite\",\"@id\":\"https:\\\/\\\/sites.usp.br\\\/sistemaseach\\\/#website\",\"url\":\"https:\\\/\\\/sites.usp.br\\\/sistemaseach\\\/\",\"name\":\"STI | EACH | USP\",\"description\":\"Se\u00e7\u00e3o T\u00e9cnica de Inform\u00e1tica | EACH\\\/USP\",\"publisher\":{\"@id\":\"https:\\\/\\\/sites.usp.br\\\/sistemaseach\\\/#organization\"},\"potentialAction\":[{\"@type\":\"SearchAction\",\"target\":{\"@type\":\"EntryPoint\",\"urlTemplate\":\"https:\\\/\\\/sites.usp.br\\\/sistemaseach\\\/?s={search_term_string}\"},\"query-input\":{\"@type\":\"PropertyValueSpecification\",\"valueRequired\":true,\"valueName\":\"search_term_string\"}}],\"inLanguage\":\"pt-BR\"},{\"@type\":\"Organization\",\"@id\":\"https:\\\/\\\/sites.usp.br\\\/sistemaseach\\\/#organization\",\"name\":\"EACH | USP\",\"url\":\"https:\\\/\\\/sites.usp.br\\\/sistemaseach\\\/\",\"logo\":{\"@type\":\"ImageObject\",\"inLanguage\":\"pt-BR\",\"@id\":\"https:\\\/\\\/sites.usp.br\\\/sistemaseach\\\/#\\\/schema\\\/logo\\\/image\\\/\",\"url\":\"https:\\\/\\\/sites.usp.br\\\/sistemaseach\\\/wp-content\\\/uploads\\\/sites\\\/1423\\\/2024\\\/03\\\/cropped-tela-each-1.png\",\"contentUrl\":\"https:\\\/\\\/sites.usp.br\\\/sistemaseach\\\/wp-content\\\/uploads\\\/sites\\\/1423\\\/2024\\\/03\\\/cropped-tela-each-1.png\",\"width\":1919,\"height\":528,\"caption\":\"EACH | USP\"},\"image\":{\"@id\":\"https:\\\/\\\/sites.usp.br\\\/sistemaseach\\\/#\\\/schema\\\/logo\\\/image\\\/\"},\"sameAs\":[\"http:\\\/\\\/www.facebook.com\\\/pages\\\/EACH-USP-Leste\\\/272853359393889\",\"https:\\\/\\\/x.com\\\/imprensa_each\"]}]}<\/script>\n<!-- \/ Yoast SEO plugin. -->","yoast_head_json":{"title":"Sala Pr\u00f3-Aluno - STI","robots":{"index":"index","follow":"follow","max-snippet":"max-snippet:-1","max-image-preview":"max-image-preview:large","max-video-preview":"max-video-preview:-1"},"canonical":"https:\/\/sites.usp.br\/sistemaseach\/proaluno\/","twitter_misc":{"Est. tempo de leitura":"1 minuto"},"schema":{"@context":"https:\/\/schema.org","@graph":[{"@type":"WebPage","@id":"https:\/\/sites.usp.br\/sistemaseach\/proaluno\/","url":"https:\/\/sites.usp.br\/sistemaseach\/proaluno\/","name":"Sala Pr\u00f3-Aluno - STI","isPartOf":{"@id":"https:\/\/sites.usp.br\/sistemaseach\/#website"},"primaryImageOfPage":{"@id":"https:\/\/sites.usp.br\/sistemaseach\/proaluno\/#primaryimage"},"image":{"@id":"https:\/\/sites.usp.br\/sistemaseach\/proaluno\/#primaryimage"},"thumbnailUrl":"https:\/\/sites.usp.br\/sistemaseach\/wp-content\/uploads\/sites\/1423\/2024\/03\/AD9I4854-563x353-1.jpg","datePublished":"2024-04-02T17:32:55+00:00","dateModified":"2025-12-04T02:32:57+00:00","breadcrumb":{"@id":"https:\/\/sites.usp.br\/sistemaseach\/proaluno\/#breadcrumb"},"inLanguage":"pt-BR","potentialAction":[{"@type":"ReadAction","target":["https:\/\/sites.usp.br\/sistemaseach\/proaluno\/"]}]},{"@type":"ImageObject","inLanguage":"pt-BR","@id":"https:\/\/sites.usp.br\/sistemaseach\/proaluno\/#primaryimage","url":"https:\/\/sites.usp.br\/sistemaseach\/wp-content\/uploads\/sites\/1423\/2024\/03\/AD9I4854-563x353-1.jpg","contentUrl":"https:\/\/sites.usp.br\/sistemaseach\/wp-content\/uploads\/sites\/1423\/2024\/03\/AD9I4854-563x353-1.jpg","width":563,"height":353,"caption":"Sala Pr\u00f3 Aluno"},{"@type":"BreadcrumbList","@id":"https:\/\/sites.usp.br\/sistemaseach\/proaluno\/#breadcrumb","itemListElement":[{"@type":"ListItem","position":1,"name":"Home","item":"https:\/\/sites.usp.br\/sistemaseach\/"},{"@type":"ListItem","position":2,"name":"Sala Pr\u00f3-Aluno"}]},{"@type":"WebSite","@id":"https:\/\/sites.usp.br\/sistemaseach\/#website","url":"https:\/\/sites.usp.br\/sistemaseach\/","name":"STI | EACH | USP","description":"Se\u00e7\u00e3o T\u00e9cnica de Inform\u00e1tica | EACH\/USP","publisher":{"@id":"https:\/\/sites.usp.br\/sistemaseach\/#organization"},"potentialAction":[{"@type":"SearchAction","target":{"@type":"EntryPoint","urlTemplate":"https:\/\/sites.usp.br\/sistemaseach\/?s={search_term_string}"},"query-input":{"@type":"PropertyValueSpecification","valueRequired":true,"valueName":"search_term_string"}}],"inLanguage":"pt-BR"},{"@type":"Organization","@id":"https:\/\/sites.usp.br\/sistemaseach\/#organization","name":"EACH | USP","url":"https:\/\/sites.usp.br\/sistemaseach\/","logo":{"@type":"ImageObject","inLanguage":"pt-BR","@id":"https:\/\/sites.usp.br\/sistemaseach\/#\/schema\/logo\/image\/","url":"https:\/\/sites.usp.br\/sistemaseach\/wp-content\/uploads\/sites\/1423\/2024\/03\/cropped-tela-each-1.png","contentUrl":"https:\/\/sites.usp.br\/sistemaseach\/wp-content\/uploads\/sites\/1423\/2024\/03\/cropped-tela-each-1.png","width":1919,"height":528,"caption":"EACH | USP"},"image":{"@id":"https:\/\/sites.usp.br\/sistemaseach\/#\/schema\/logo\/image\/"},"sameAs":["http:\/\/www.facebook.com\/pages\/EACH-USP-Leste\/272853359393889","https:\/\/x.com\/imprensa_each"]}]}},"jetpack_sharing_enabled":true,"_links":{"self":[{"href":"https:\/\/sites.usp.br\/sistemaseach\/wp-json\/wp\/v2\/pages\/3685","targetHints":{"allow":["GET"]}}],"collection":[{"href":"https:\/\/sites.usp.br\/sistemaseach\/wp-json\/wp\/v2\/pages"}],"about":[{"href":"https:\/\/sites.usp.br\/sistemaseach\/wp-json\/wp\/v2\/types\/page"}],"author":[{"embeddable":true,"href":"https:\/\/sites.usp.br\/sistemaseach\/wp-json\/wp\/v2\/users\/23936"}],"replies":[{"embeddable":true,"href":"https:\/\/sites.usp.br\/sistemaseach\/wp-json\/wp\/v2\/comments?post=3685"}],"version-history":[{"count":4,"href":"https:\/\/sites.usp.br\/sistemaseach\/wp-json\/wp\/v2\/pages\/3685\/revisions"}],"predecessor-version":[{"id":4739,"href":"https:\/\/sites.usp.br\/sistemaseach\/wp-json\/wp\/v2\/pages\/3685\/revisions\/4739"}],"wp:attachment":[{"href":"https:\/\/sites.usp.br\/sistemaseach\/wp-json\/wp\/v2\/media?parent=3685"}],"curies":[{"name":"wp","href":"https:\/\/api.w.org\/{rel}","templated":true}]}}