{"id":4282,"date":"2024-08-05T19:29:09","date_gmt":"2024-08-05T22:29:09","guid":{"rendered":"https:\/\/sites.usp.br\/sistemaseach\/?page_id=4282"},"modified":"2025-08-22T01:20:31","modified_gmt":"2025-08-22T04:20:31","slug":"boletim","status":"publish","type":"page","link":"https:\/\/sites.usp.br\/sistemaseach\/boletim\/","title":{"rendered":"Boletim"},"content":{"rendered":"\t\t<div data-elementor-type=\"wp-page\" data-elementor-id=\"4282\" class=\"elementor elementor-4282\" data-elementor-post-type=\"page\">\n\t\t\t\t\t\t<section class=\"elementor-section elementor-top-section elementor-element elementor-element-8ea9b41 elementor-section-boxed elementor-section-height-default elementor-section-height-default\" data-id=\"8ea9b41\" data-element_type=\"section\">\n\t\t\t\t\t\t<div class=\"elementor-container elementor-column-gap-default\">\n\t\t\t\t\t<div class=\"elementor-column elementor-col-100 elementor-top-column elementor-element elementor-element-acbce5e\" data-id=\"acbce5e\" data-element_type=\"column\">\n\t\t\t<div class=\"elementor-widget-wrap elementor-element-populated\">\n\t\t\t\t\t\t<div class=\"elementor-element elementor-element-dc7cf06 elementor-invisible elementor-widget elementor-widget-heading\" data-id=\"dc7cf06\" data-element_type=\"widget\" data-settings=\"{&quot;_animation&quot;:&quot;fadeInLeft&quot;}\" data-widget_type=\"heading.default\">\n\t\t\t\t<div class=\"elementor-widget-container\">\n\t\t\t<h2 class=\"elementor-heading-title elementor-size-default\">BOletim<\/h2>\t\t<\/div>\n\t\t\t\t<\/div>\n\t\t\t\t\t<\/div>\n\t\t<\/div>\n\t\t\t\t\t<\/div>\n\t\t<\/section>\n\t\t\t\t<section class=\"elementor-section elementor-top-section elementor-element elementor-element-464cee0 elementor-section-boxed elementor-section-height-default elementor-section-height-default\" data-id=\"464cee0\" data-element_type=\"section\">\n\t\t\t\t\t\t<div class=\"elementor-container elementor-column-gap-default\">\n\t\t\t\t\t<div class=\"elementor-column elementor-col-100 elementor-top-column elementor-element elementor-element-1d5b3eb\" data-id=\"1d5b3eb\" data-element_type=\"column\">\n\t\t\t<div class=\"elementor-widget-wrap elementor-element-populated\">\n\t\t\t\t\t\t<div class=\"elementor-element elementor-element-1b0e976 elementor-invisible elementor-widget elementor-widget-text-editor\" data-id=\"1b0e976\" data-element_type=\"widget\" data-settings=\"{&quot;_animation&quot;:&quot;fadeIn&quot;}\" data-widget_type=\"text-editor.default\">\n\t\t\t\t<div class=\"elementor-widget-container\">\n\t\t\t\t\t\t\t<p style=\"text-align: justify;\"><a href=\"http:\/\/glpi.each.webhostusp.sti.usp.br\/atendimento\/front\/central.php?embed&amp;dashboard=ti&amp;entities_id=0&amp;is_recursive=0&amp;token=1db46ac6-a3c5-52b9-b43d-d817aaeb1487\">Clique nesse card e acesse o Dashboard de atendimento da Se\u00e7\u00e3o de Inform\u00e1tica (apenas pela rede USP) que apresenta uma vis\u00e3o abrangente dos atendimentos realizados pela Se\u00e7\u00e3o de Inform\u00e1tica durante o per\u00edodo especificado, incluindo:<\/p>\n\n<ul>\n \t<li style=\"text-align: justify;\"><strong>Quantidade total de atendimentos<\/strong><\/li>\n \t<li style=\"text-align: justify;\"><strong>Tipos de solicita\u00e7\u00f5es<\/strong><\/li>\n \t<li style=\"text-align: justify;\"><strong>Atendimentos por Locais e usu\u00e1rios<\/strong><\/li>\n \t<li style=\"text-align: justify;\"><strong>Evolu\u00e7\u00e3o ao longo do tempo<\/strong><\/li>\n<\/ul><\/a>\t\t\t\t\t\t<\/div>\n\t\t\t\t<\/div>\n\t\t\t\t\t<\/div>\n\t\t<\/div>\n\t\t\t\t\t<\/div>\n\t\t<\/section>\n\t\t\t\t<section class=\"elementor-section elementor-top-section elementor-element elementor-element-dc6f028 elementor-section-boxed elementor-section-height-default elementor-section-height-default\" data-id=\"dc6f028\" data-element_type=\"section\">\n\t\t\t\t\t\t<div class=\"elementor-container elementor-column-gap-default\">\n\t\t\t\t\t<div class=\"elementor-column elementor-col-33 elementor-top-column elementor-element elementor-element-06b2351\" data-id=\"06b2351\" data-element_type=\"column\">\n\t\t\t<div class=\"elementor-widget-wrap elementor-element-populated\">\n\t\t\t\t\t\t<div class=\"elementor-element elementor-element-19360f0 elementor-widget elementor-widget-image\" data-id=\"19360f0\" data-element_type=\"widget\" data-widget_type=\"image.default\">\n\t\t\t\t<div class=\"elementor-widget-container\">\n\t\t\t\t\t\t\t\t\t\t\t\t\t<img decoding=\"async\" width=\"150\" height=\"150\" src=\"https:\/\/sites.usp.br\/sistemaseach\/wp-content\/uploads\/sites\/1423\/2024\/04\/visualizacao-de-dados-logo-150x150.png\" class=\"attachment-thumbnail size-thumbnail wp-image-3974\" alt=\"\" srcset=\"https:\/\/sites.usp.br\/sistemaseach\/wp-content\/uploads\/sites\/1423\/2024\/04\/visualizacao-de-dados-logo-150x150.png 150w, https:\/\/sites.usp.br\/sistemaseach\/wp-content\/uploads\/sites\/1423\/2024\/04\/visualizacao-de-dados-logo-300x300.png 300w, https:\/\/sites.usp.br\/sistemaseach\/wp-content\/uploads\/sites\/1423\/2024\/04\/visualizacao-de-dados-logo-45x45.png 45w, https:\/\/sites.usp.br\/sistemaseach\/wp-content\/uploads\/sites\/1423\/2024\/04\/visualizacao-de-dados-logo-200x200.png 200w, https:\/\/sites.usp.br\/sistemaseach\/wp-content\/uploads\/sites\/1423\/2024\/04\/visualizacao-de-dados-logo-400x400.png 400w, https:\/\/sites.usp.br\/sistemaseach\/wp-content\/uploads\/sites\/1423\/2024\/04\/visualizacao-de-dados-logo.png 512w\" sizes=\"(max-width: 150px) 100vw, 150px\" \/>\t\t\t\t\t\t\t\t\t\t\t\t\t<\/div>\n\t\t\t\t<\/div>\n\t\t\t\t<div class=\"elementor-element elementor-element-b569fdc elementor-invisible elementor-widget elementor-widget-counter\" data-id=\"b569fdc\" data-element_type=\"widget\" data-settings=\"{&quot;_animation&quot;:&quot;fadeIn&quot;}\" data-widget_type=\"counter.default\">\n\t\t\t\t<div class=\"elementor-widget-container\">\n\t\t\t\t\t<div class=\"elementor-counter\">\n\t\t\t<div class=\"elementor-counter-title\">Chamados<\/div>\t\t\t<div class=\"elementor-counter-number-wrapper\">\n\t\t\t\t<span class=\"elementor-counter-number-prefix\"><\/span>\n\t\t\t\t<span class=\"elementor-counter-number\" data-duration=\"2000\" data-to-value=\"2301\" data-from-value=\"0\" data-delimiter=\" \">0<\/span>\n\t\t\t\t<span class=\"elementor-counter-number-suffix\"><\/span>\n\t\t\t<\/div>\n\t\t<\/div>\n\t\t\t\t<\/div>\n\t\t\t\t<\/div>\n\t\t\t\t\t<\/div>\n\t\t<\/div>\n\t\t\t\t<div class=\"elementor-column elementor-col-33 elementor-top-column elementor-element elementor-element-03c30e1\" data-id=\"03c30e1\" data-element_type=\"column\">\n\t\t\t<div class=\"elementor-widget-wrap elementor-element-populated\">\n\t\t\t\t\t\t<div class=\"elementor-element elementor-element-5482e4b elementor-widget elementor-widget-image\" data-id=\"5482e4b\" data-element_type=\"widget\" data-widget_type=\"image.default\">\n\t\t\t\t<div class=\"elementor-widget-container\">\n\t\t\t\t\t\t\t\t\t\t\t\t\t<img decoding=\"async\" width=\"150\" height=\"150\" src=\"https:\/\/sites.usp.br\/sistemaseach\/wp-content\/uploads\/sites\/1423\/2024\/03\/torre-de-pc-150x150.png\" class=\"attachment-thumbnail size-thumbnail wp-image-3030\" alt=\"\" srcset=\"https:\/\/sites.usp.br\/sistemaseach\/wp-content\/uploads\/sites\/1423\/2024\/03\/torre-de-pc-150x150.png 150w, https:\/\/sites.usp.br\/sistemaseach\/wp-content\/uploads\/sites\/1423\/2024\/03\/torre-de-pc-300x300.png 300w, https:\/\/sites.usp.br\/sistemaseach\/wp-content\/uploads\/sites\/1423\/2024\/03\/torre-de-pc-45x45.png 45w, https:\/\/sites.usp.br\/sistemaseach\/wp-content\/uploads\/sites\/1423\/2024\/03\/torre-de-pc-200x200.png 200w, https:\/\/sites.usp.br\/sistemaseach\/wp-content\/uploads\/sites\/1423\/2024\/03\/torre-de-pc-400x400.png 400w, https:\/\/sites.usp.br\/sistemaseach\/wp-content\/uploads\/sites\/1423\/2024\/03\/torre-de-pc.png 512w\" sizes=\"(max-width: 150px) 100vw, 150px\" \/>\t\t\t\t\t\t\t\t\t\t\t\t\t<\/div>\n\t\t\t\t<\/div>\n\t\t\t\t<div class=\"elementor-element elementor-element-1f67a7b elementor-invisible elementor-widget elementor-widget-counter\" data-id=\"1f67a7b\" data-element_type=\"widget\" data-settings=\"{&quot;_animation&quot;:&quot;fadeIn&quot;}\" data-widget_type=\"counter.default\">\n\t\t\t\t<div class=\"elementor-widget-container\">\n\t\t\t\t\t<div class=\"elementor-counter\">\n\t\t\t<div class=\"elementor-counter-title\">Em Atendimento<\/div>\t\t\t<div class=\"elementor-counter-number-wrapper\">\n\t\t\t\t<span class=\"elementor-counter-number-prefix\"><\/span>\n\t\t\t\t<span class=\"elementor-counter-number\" data-duration=\"2000\" data-to-value=\"158\" data-from-value=\"0\" data-delimiter=\",\">0<\/span>\n\t\t\t\t<span class=\"elementor-counter-number-suffix\"><\/span>\n\t\t\t<\/div>\n\t\t<\/div>\n\t\t\t\t<\/div>\n\t\t\t\t<\/div>\n\t\t\t\t\t<\/div>\n\t\t<\/div>\n\t\t\t\t<div class=\"elementor-column elementor-col-33 elementor-top-column elementor-element elementor-element-5a4da1a\" data-id=\"5a4da1a\" data-element_type=\"column\">\n\t\t\t<div class=\"elementor-widget-wrap elementor-element-populated\">\n\t\t\t\t\t\t<div class=\"elementor-element elementor-element-59e280f elementor-view-default elementor-widget elementor-widget-icon\" data-id=\"59e280f\" data-element_type=\"widget\" data-widget_type=\"icon.default\">\n\t\t\t\t<div class=\"elementor-widget-container\">\n\t\t\t\t\t<div class=\"elementor-icon-wrapper\">\n\t\t\t<div class=\"elementor-icon\">\n\t\t\t<i aria-hidden=\"true\" class=\"fas fa-people-carry\"><\/i>\t\t\t<\/div>\n\t\t<\/div>\n\t\t\t\t<\/div>\n\t\t\t\t<\/div>\n\t\t\t\t<div class=\"elementor-element elementor-element-faa4e4c elementor-invisible elementor-widget elementor-widget-counter\" data-id=\"faa4e4c\" data-element_type=\"widget\" data-settings=\"{&quot;_animation&quot;:&quot;fadeIn&quot;}\" data-widget_type=\"counter.default\">\n\t\t\t\t<div class=\"elementor-widget-container\">\n\t\t\t\t\t<div class=\"elementor-counter\">\n\t\t\t<div class=\"elementor-counter-title\">Atendidos<\/div>\t\t\t<div class=\"elementor-counter-number-wrapper\">\n\t\t\t\t<span class=\"elementor-counter-number-prefix\"><\/span>\n\t\t\t\t<span class=\"elementor-counter-number\" data-duration=\"2000\" data-to-value=\"2142\" data-from-value=\"0\" data-delimiter=\".\">0<\/span>\n\t\t\t\t<span class=\"elementor-counter-number-suffix\"><\/span>\n\t\t\t<\/div>\n\t\t<\/div>\n\t\t\t\t<\/div>\n\t\t\t\t<\/div>\n\t\t\t\t\t<\/div>\n\t\t<\/div>\n\t\t\t\t\t<\/div>\n\t\t<\/section>\n\t\t\t\t<\/div>\n\t\t","protected":false},"excerpt":{"rendered":"<p>BOletim Clique nesse card e acesse o Dashboard de atendimento da Se\u00e7\u00e3o de Inform\u00e1tica (apenas pela rede USP) que apresenta uma vis\u00e3o abrangente dos atendimentos realizados pela Se\u00e7\u00e3o de Inform\u00e1tica durante o per\u00edodo especificado, incluindo: Quantidade total de atendimentos Tipos de solicita\u00e7\u00f5es Atendimentos por Locais e usu\u00e1rios Evolu\u00e7\u00e3o ao longo do tempo Chamados 0 Em [&hellip;]<\/p>\n","protected":false},"author":23936,"featured_media":0,"parent":0,"menu_order":0,"comment_status":"closed","ping_status":"closed","template":"elementor_header_footer","meta":{"_monsterinsights_skip_tracking":false,"_monsterinsights_sitenote_active":false,"_monsterinsights_sitenote_note":"","_monsterinsights_sitenote_category":0,"footnotes":"","_links_to":"","_links_to_target":""},"class_list":["post-4282","page","type-page","status-publish","hentry","entry"],"yoast_head":"<!-- This site is optimized with the Yoast SEO plugin v27.5 - https:\/\/yoast.com\/product\/yoast-seo-wordpress\/ -->\n<title>Boletim - STI<\/title>\n<meta name=\"robots\" content=\"index, follow, max-snippet:-1, max-image-preview:large, max-video-preview:-1\" \/>\n<link rel=\"canonical\" href=\"https:\/\/sites.usp.br\/sistemaseach\/boletim\/\" \/>\n<script type=\"application\/ld+json\" class=\"yoast-schema-graph\">{\"@context\":\"https:\\\/\\\/schema.org\",\"@graph\":[{\"@type\":\"WebPage\",\"@id\":\"https:\\\/\\\/sites.usp.br\\\/sistemaseach\\\/boletim\\\/\",\"url\":\"https:\\\/\\\/sites.usp.br\\\/sistemaseach\\\/boletim\\\/\",\"name\":\"Boletim - STI\",\"isPartOf\":{\"@id\":\"https:\\\/\\\/sites.usp.br\\\/sistemaseach\\\/#website\"},\"primaryImageOfPage\":{\"@id\":\"https:\\\/\\\/sites.usp.br\\\/sistemaseach\\\/boletim\\\/#primaryimage\"},\"image\":{\"@id\":\"https:\\\/\\\/sites.usp.br\\\/sistemaseach\\\/boletim\\\/#primaryimage\"},\"thumbnailUrl\":\"https:\\\/\\\/sites.usp.br\\\/sistemaseach\\\/wp-content\\\/uploads\\\/sites\\\/1423\\\/2024\\\/04\\\/visualizacao-de-dados-logo-150x150.png\",\"datePublished\":\"2024-08-05T22:29:09+00:00\",\"dateModified\":\"2025-08-22T04:20:31+00:00\",\"breadcrumb\":{\"@id\":\"https:\\\/\\\/sites.usp.br\\\/sistemaseach\\\/boletim\\\/#breadcrumb\"},\"inLanguage\":\"pt-BR\",\"potentialAction\":[{\"@type\":\"ReadAction\",\"target\":[\"https:\\\/\\\/sites.usp.br\\\/sistemaseach\\\/boletim\\\/\"]}]},{\"@type\":\"ImageObject\",\"inLanguage\":\"pt-BR\",\"@id\":\"https:\\\/\\\/sites.usp.br\\\/sistemaseach\\\/boletim\\\/#primaryimage\",\"url\":\"https:\\\/\\\/sites.usp.br\\\/sistemaseach\\\/wp-content\\\/uploads\\\/sites\\\/1423\\\/2024\\\/04\\\/visualizacao-de-dados-logo.png\",\"contentUrl\":\"https:\\\/\\\/sites.usp.br\\\/sistemaseach\\\/wp-content\\\/uploads\\\/sites\\\/1423\\\/2024\\\/04\\\/visualizacao-de-dados-logo.png\",\"width\":512,\"height\":512},{\"@type\":\"BreadcrumbList\",\"@id\":\"https:\\\/\\\/sites.usp.br\\\/sistemaseach\\\/boletim\\\/#breadcrumb\",\"itemListElement\":[{\"@type\":\"ListItem\",\"position\":1,\"name\":\"Home\",\"item\":\"https:\\\/\\\/sites.usp.br\\\/sistemaseach\\\/\"},{\"@type\":\"ListItem\",\"position\":2,\"name\":\"Boletim\"}]},{\"@type\":\"WebSite\",\"@id\":\"https:\\\/\\\/sites.usp.br\\\/sistemaseach\\\/#website\",\"url\":\"https:\\\/\\\/sites.usp.br\\\/sistemaseach\\\/\",\"name\":\"STI | EACH | USP\",\"description\":\"Se\u00e7\u00e3o T\u00e9cnica de Inform\u00e1tica | EACH\\\/USP\",\"publisher\":{\"@id\":\"https:\\\/\\\/sites.usp.br\\\/sistemaseach\\\/#organization\"},\"potentialAction\":[{\"@type\":\"SearchAction\",\"target\":{\"@type\":\"EntryPoint\",\"urlTemplate\":\"https:\\\/\\\/sites.usp.br\\\/sistemaseach\\\/?s={search_term_string}\"},\"query-input\":{\"@type\":\"PropertyValueSpecification\",\"valueRequired\":true,\"valueName\":\"search_term_string\"}}],\"inLanguage\":\"pt-BR\"},{\"@type\":\"Organization\",\"@id\":\"https:\\\/\\\/sites.usp.br\\\/sistemaseach\\\/#organization\",\"name\":\"EACH | USP\",\"url\":\"https:\\\/\\\/sites.usp.br\\\/sistemaseach\\\/\",\"logo\":{\"@type\":\"ImageObject\",\"inLanguage\":\"pt-BR\",\"@id\":\"https:\\\/\\\/sites.usp.br\\\/sistemaseach\\\/#\\\/schema\\\/logo\\\/image\\\/\",\"url\":\"https:\\\/\\\/sites.usp.br\\\/sistemaseach\\\/wp-content\\\/uploads\\\/sites\\\/1423\\\/2024\\\/03\\\/cropped-tela-each-1.png\",\"contentUrl\":\"https:\\\/\\\/sites.usp.br\\\/sistemaseach\\\/wp-content\\\/uploads\\\/sites\\\/1423\\\/2024\\\/03\\\/cropped-tela-each-1.png\",\"width\":1919,\"height\":528,\"caption\":\"EACH | USP\"},\"image\":{\"@id\":\"https:\\\/\\\/sites.usp.br\\\/sistemaseach\\\/#\\\/schema\\\/logo\\\/image\\\/\"},\"sameAs\":[\"http:\\\/\\\/www.facebook.com\\\/pages\\\/EACH-USP-Leste\\\/272853359393889\",\"https:\\\/\\\/x.com\\\/imprensa_each\"]}]}<\/script>\n<!-- \/ Yoast SEO plugin. -->","yoast_head_json":{"title":"Boletim - STI","robots":{"index":"index","follow":"follow","max-snippet":"max-snippet:-1","max-image-preview":"max-image-preview:large","max-video-preview":"max-video-preview:-1"},"canonical":"https:\/\/sites.usp.br\/sistemaseach\/boletim\/","schema":{"@context":"https:\/\/schema.org","@graph":[{"@type":"WebPage","@id":"https:\/\/sites.usp.br\/sistemaseach\/boletim\/","url":"https:\/\/sites.usp.br\/sistemaseach\/boletim\/","name":"Boletim - STI","isPartOf":{"@id":"https:\/\/sites.usp.br\/sistemaseach\/#website"},"primaryImageOfPage":{"@id":"https:\/\/sites.usp.br\/sistemaseach\/boletim\/#primaryimage"},"image":{"@id":"https:\/\/sites.usp.br\/sistemaseach\/boletim\/#primaryimage"},"thumbnailUrl":"https:\/\/sites.usp.br\/sistemaseach\/wp-content\/uploads\/sites\/1423\/2024\/04\/visualizacao-de-dados-logo-150x150.png","datePublished":"2024-08-05T22:29:09+00:00","dateModified":"2025-08-22T04:20:31+00:00","breadcrumb":{"@id":"https:\/\/sites.usp.br\/sistemaseach\/boletim\/#breadcrumb"},"inLanguage":"pt-BR","potentialAction":[{"@type":"ReadAction","target":["https:\/\/sites.usp.br\/sistemaseach\/boletim\/"]}]},{"@type":"ImageObject","inLanguage":"pt-BR","@id":"https:\/\/sites.usp.br\/sistemaseach\/boletim\/#primaryimage","url":"https:\/\/sites.usp.br\/sistemaseach\/wp-content\/uploads\/sites\/1423\/2024\/04\/visualizacao-de-dados-logo.png","contentUrl":"https:\/\/sites.usp.br\/sistemaseach\/wp-content\/uploads\/sites\/1423\/2024\/04\/visualizacao-de-dados-logo.png","width":512,"height":512},{"@type":"BreadcrumbList","@id":"https:\/\/sites.usp.br\/sistemaseach\/boletim\/#breadcrumb","itemListElement":[{"@type":"ListItem","position":1,"name":"Home","item":"https:\/\/sites.usp.br\/sistemaseach\/"},{"@type":"ListItem","position":2,"name":"Boletim"}]},{"@type":"WebSite","@id":"https:\/\/sites.usp.br\/sistemaseach\/#website","url":"https:\/\/sites.usp.br\/sistemaseach\/","name":"STI | EACH | USP","description":"Se\u00e7\u00e3o T\u00e9cnica de Inform\u00e1tica | EACH\/USP","publisher":{"@id":"https:\/\/sites.usp.br\/sistemaseach\/#organization"},"potentialAction":[{"@type":"SearchAction","target":{"@type":"EntryPoint","urlTemplate":"https:\/\/sites.usp.br\/sistemaseach\/?s={search_term_string}"},"query-input":{"@type":"PropertyValueSpecification","valueRequired":true,"valueName":"search_term_string"}}],"inLanguage":"pt-BR"},{"@type":"Organization","@id":"https:\/\/sites.usp.br\/sistemaseach\/#organization","name":"EACH | USP","url":"https:\/\/sites.usp.br\/sistemaseach\/","logo":{"@type":"ImageObject","inLanguage":"pt-BR","@id":"https:\/\/sites.usp.br\/sistemaseach\/#\/schema\/logo\/image\/","url":"https:\/\/sites.usp.br\/sistemaseach\/wp-content\/uploads\/sites\/1423\/2024\/03\/cropped-tela-each-1.png","contentUrl":"https:\/\/sites.usp.br\/sistemaseach\/wp-content\/uploads\/sites\/1423\/2024\/03\/cropped-tela-each-1.png","width":1919,"height":528,"caption":"EACH | USP"},"image":{"@id":"https:\/\/sites.usp.br\/sistemaseach\/#\/schema\/logo\/image\/"},"sameAs":["http:\/\/www.facebook.com\/pages\/EACH-USP-Leste\/272853359393889","https:\/\/x.com\/imprensa_each"]}]}},"jetpack_sharing_enabled":true,"_links":{"self":[{"href":"https:\/\/sites.usp.br\/sistemaseach\/wp-json\/wp\/v2\/pages\/4282","targetHints":{"allow":["GET"]}}],"collection":[{"href":"https:\/\/sites.usp.br\/sistemaseach\/wp-json\/wp\/v2\/pages"}],"about":[{"href":"https:\/\/sites.usp.br\/sistemaseach\/wp-json\/wp\/v2\/types\/page"}],"author":[{"embeddable":true,"href":"https:\/\/sites.usp.br\/sistemaseach\/wp-json\/wp\/v2\/users\/23936"}],"replies":[{"embeddable":true,"href":"https:\/\/sites.usp.br\/sistemaseach\/wp-json\/wp\/v2\/comments?post=4282"}],"version-history":[{"count":4,"href":"https:\/\/sites.usp.br\/sistemaseach\/wp-json\/wp\/v2\/pages\/4282\/revisions"}],"predecessor-version":[{"id":4710,"href":"https:\/\/sites.usp.br\/sistemaseach\/wp-json\/wp\/v2\/pages\/4282\/revisions\/4710"}],"wp:attachment":[{"href":"https:\/\/sites.usp.br\/sistemaseach\/wp-json\/wp\/v2\/media?parent=4282"}],"curies":[{"name":"wp","href":"https:\/\/api.w.org\/{rel}","templated":true}]}}