{"id":2893,"date":"2023-10-25T16:35:28","date_gmt":"2023-10-25T19:35:28","guid":{"rendered":"https:\/\/sites.usp.br\/smagro\/?page_id=2893"},"modified":"2026-05-04T12:18:55","modified_gmt":"2026-05-04T15:18:55","slug":"programacao","status":"publish","type":"page","link":"https:\/\/sites.usp.br\/smagro\/programacao\/","title":{"rendered":"Programa\u00e7\u00e3o"},"content":{"rendered":"\t\t<div data-elementor-type=\"wp-page\" data-elementor-id=\"2893\" class=\"elementor elementor-2893\" data-elementor-post-type=\"page\">\n\t\t\t\t\t\t<section class=\"elementor-section elementor-top-section elementor-element elementor-element-c005cba elementor-section-boxed elementor-section-height-default elementor-section-height-default\" data-id=\"c005cba\" data-element_type=\"section\">\n\t\t\t\t\t\t<div class=\"elementor-container elementor-column-gap-default\">\n\t\t\t\t\t<div class=\"elementor-column elementor-col-100 elementor-top-column elementor-element elementor-element-dcfb9aa\" data-id=\"dcfb9aa\" data-element_type=\"column\">\n\t\t\t<div class=\"elementor-widget-wrap elementor-element-populated\">\n\t\t\t\t\t\t<div class=\"elementor-element elementor-element-7e0ef86 elementor-widget elementor-widget-heading\" data-id=\"7e0ef86\" data-element_type=\"widget\" data-widget_type=\"heading.default\">\n\t\t\t\t<div class=\"elementor-widget-container\">\n\t\t\t<h1 class=\"elementor-heading-title elementor-size-default\">Programa\u00e7\u00e3o <\/h1>\t\t<\/div>\n\t\t\t\t<\/div>\n\t\t\t\t\t<\/div>\n\t\t<\/div>\n\t\t\t\t\t<\/div>\n\t\t<\/section>\n\t\t\t\t<section class=\"elementor-section elementor-top-section elementor-element elementor-element-4b20ac3 elementor-section-boxed elementor-section-height-default elementor-section-height-default\" data-id=\"4b20ac3\" data-element_type=\"section\">\n\t\t\t\t\t\t<div class=\"elementor-container elementor-column-gap-default\">\n\t\t\t\t\t<div class=\"elementor-column elementor-col-100 elementor-top-column elementor-element elementor-element-5eaf0ce\" data-id=\"5eaf0ce\" data-element_type=\"column\">\n\t\t\t<div class=\"elementor-widget-wrap elementor-element-populated\">\n\t\t\t\t\t\t<div class=\"elementor-element elementor-element-66521fe elementor-widget elementor-widget-text-editor\" data-id=\"66521fe\" data-element_type=\"widget\" data-widget_type=\"text-editor.default\">\n\t\t\t\t<div class=\"elementor-widget-container\">\n\t\t\t\t\t\t\t<p>A programa\u00e7\u00e3o do VII SMAGRO 2026 est\u00e1 sujeita a altera\u00e7\u00f5es. Ajustes de hor\u00e1rios, atividades e palestrantes podem ocorrer conforme a confirma\u00e7\u00e3o de participantes e necessidades operacionais do evento. Os detalhes e atualiza\u00e7\u00f5es ser\u00e3o disponibilizados gradualmente, e todas as novidades ser\u00e3o publicadas no Instagram oficial do evento ao longo do per\u00edodo de prepara\u00e7\u00e3o.<\/p>\t\t\t\t\t\t<\/div>\n\t\t\t\t<\/div>\n\t\t\t\t\t<\/div>\n\t\t<\/div>\n\t\t\t\t\t<\/div>\n\t\t<\/section>\n\t\t\t\t<section class=\"elementor-section elementor-top-section elementor-element elementor-element-44c1d0f elementor-section-boxed elementor-section-height-default elementor-section-height-default\" data-id=\"44c1d0f\" data-element_type=\"section\">\n\t\t\t\t\t\t<div class=\"elementor-container elementor-column-gap-default\">\n\t\t\t\t\t<div class=\"elementor-column elementor-col-100 elementor-top-column elementor-element elementor-element-19d7999\" data-id=\"19d7999\" data-element_type=\"column\">\n\t\t\t<div class=\"elementor-widget-wrap elementor-element-populated\">\n\t\t\t\t\t\t<div class=\"elementor-element elementor-element-4bf0f0c elementor-widget elementor-widget-image\" data-id=\"4bf0f0c\" data-element_type=\"widget\" data-widget_type=\"image.default\">\n\t\t\t\t<div class=\"elementor-widget-container\">\n\t\t\t\t\t\t\t\t\t\t\t\t\t<img decoding=\"async\" src=\"https:\/\/sites.usp.br\/smagro\/wp-content\/uploads\/sites\/1385\/2026\/05\/Programacao-Atualizada-scaled.jpg\" title=\"Programa\u00e7\u00e3o Atualizada\" alt=\"Programa\u00e7\u00e3o Atualizada\" loading=\"lazy\" \/>\t\t\t\t\t\t\t\t\t\t\t\t\t<\/div>\n\t\t\t\t<\/div>\n\t\t\t\t\t<\/div>\n\t\t<\/div>\n\t\t\t\t\t<\/div>\n\t\t<\/section>\n\t\t\t\t<section class=\"elementor-section elementor-top-section elementor-element elementor-element-dd22204 elementor-section-boxed elementor-section-height-default elementor-section-height-default\" data-id=\"dd22204\" data-element_type=\"section\">\n\t\t\t\t\t\t<div class=\"elementor-container elementor-column-gap-default\">\n\t\t\t\t\t<div class=\"elementor-column elementor-col-100 elementor-top-column elementor-element elementor-element-c8ca40d\" data-id=\"c8ca40d\" data-element_type=\"column\">\n\t\t\t<div class=\"elementor-widget-wrap elementor-element-populated\">\n\t\t\t\t\t\t<div class=\"elementor-element elementor-element-3691508 elementor-widget elementor-widget-heading\" data-id=\"3691508\" data-element_type=\"widget\" data-widget_type=\"heading.default\">\n\t\t\t\t<div class=\"elementor-widget-container\">\n\t\t\t<h1 class=\"elementor-heading-title elementor-size-default\">Saiba mais sobre nossos Minicursos:<\/h1>\t\t<\/div>\n\t\t\t\t<\/div>\n\t\t\t\t\t<\/div>\n\t\t<\/div>\n\t\t\t\t\t<\/div>\n\t\t<\/section>\n\t\t\t\t<section class=\"elementor-section elementor-top-section elementor-element elementor-element-3b606c5 elementor-section-boxed elementor-section-height-default elementor-section-height-default\" data-id=\"3b606c5\" data-element_type=\"section\">\n\t\t\t\t\t\t<div class=\"elementor-container elementor-column-gap-default\">\n\t\t\t\t\t<div class=\"elementor-column elementor-col-100 elementor-top-column elementor-element elementor-element-c2b6727\" data-id=\"c2b6727\" data-element_type=\"column\">\n\t\t\t<div class=\"elementor-widget-wrap elementor-element-populated\">\n\t\t\t\t\t\t<div class=\"elementor-element elementor-element-fe152f1 elementor-widget elementor-widget-eael-creative-button\" data-id=\"fe152f1\" data-element_type=\"widget\" data-widget_type=\"eael-creative-button.default\">\n\t\t\t\t<div class=\"elementor-widget-container\">\n\t\t\t        <div class=\"eael-creative-button-wrapper\">\n\n            <a class=\"eael-creative-button eael-creative-button--default\" href=\"https:\/\/sites.usp.br\/smagro\/minicurso-i-3\/\" data-text=\"\">\n\n\t    \n                <div class=\"creative-button-inner\">\n\n                                            <span class=\"eael-creative-button-icon-left\"><i aria-hidden=\"true\" class=\"far fa-lightbulb\"><\/i><\/span>                    \n                    <span class=\"cretive-button-text\">Bioinsumos Microbianos na Pr\u00e1tica: do Desenvolvimento Tecnol\u00f3gico \u00e0 Aplica\u00e7\u00e3o Agr\u00edcola<\/span>\n\n                                    <\/div>\n\t                        <\/a>\n        <\/div>\n        \t\t<\/div>\n\t\t\t\t<\/div>\n\t\t\t\t\t<\/div>\n\t\t<\/div>\n\t\t\t\t\t<\/div>\n\t\t<\/section>\n\t\t\t\t<section class=\"elementor-section elementor-top-section elementor-element elementor-element-7708344 elementor-section-boxed elementor-section-height-default elementor-section-height-default\" data-id=\"7708344\" data-element_type=\"section\">\n\t\t\t\t\t\t<div class=\"elementor-container elementor-column-gap-default\">\n\t\t\t\t\t<div class=\"elementor-column elementor-col-100 elementor-top-column elementor-element elementor-element-abd5dba\" data-id=\"abd5dba\" data-element_type=\"column\">\n\t\t\t<div class=\"elementor-widget-wrap elementor-element-populated\">\n\t\t\t\t\t\t<div class=\"elementor-element elementor-element-8aed76a elementor-widget elementor-widget-eael-creative-button\" data-id=\"8aed76a\" data-element_type=\"widget\" data-widget_type=\"eael-creative-button.default\">\n\t\t\t\t<div class=\"elementor-widget-container\">\n\t\t\t        <div class=\"eael-creative-button-wrapper\">\n\n            <a class=\"eael-creative-button eael-creative-button--default\" href=\"https:\/\/sites.usp.br\/smagro\/minicurso-iii-2\/\" data-text=\"\">\n\n\t    \n                <div class=\"creative-button-inner\">\n\n                                            <span class=\"eael-creative-button-icon-left\"><i aria-hidden=\"true\" class=\"fas fa-bacteria\"><\/i><\/span>                    \n                    <span class=\"cretive-button-text\">Teoria \u00e0 pr\u00e1tica de extra\u00e7\u00e3o, coloniza\u00e7\u00e3o, montagem e exame de esporos de fungos Micorrizicos Arbusculares (FMAs)<\/span>\n\n                                    <\/div>\n\t                        <\/a>\n        <\/div>\n        \t\t<\/div>\n\t\t\t\t<\/div>\n\t\t\t\t<div class=\"elementor-element elementor-element-7f54a1e elementor-widget__width-inherit elementor-widget elementor-widget-eael-creative-button\" data-id=\"7f54a1e\" data-element_type=\"widget\" data-widget_type=\"eael-creative-button.default\">\n\t\t\t\t<div class=\"elementor-widget-container\">\n\t\t\t        <div class=\"eael-creative-button-wrapper\">\n\n            <a class=\"eael-creative-button eael-creative-button--default\" href=\"https:\/\/sites.usp.br\/smagro\/minicursoiv\/\" data-text=\"\">\n\n\t    \n                <div class=\"creative-button-inner\">\n\n                                            <span class=\"eael-creative-button-icon-left\"><i aria-hidden=\"true\" class=\"icon icon-atomic\"><\/i><\/span>                    \n                    <span class=\"cretive-button-text\">Processos de produ\u00e7\u00e3o e purifica\u00e7\u00e3o de biomol\u00e9culas microbianas                  <\/span>\n\n                                    <\/div>\n\t                        <\/a>\n        <\/div>\n        \t\t<\/div>\n\t\t\t\t<\/div>\n\t\t\t\t<div class=\"elementor-element elementor-element-93ed985 elementor-widget elementor-widget-eael-creative-button\" data-id=\"93ed985\" data-element_type=\"widget\" data-widget_type=\"eael-creative-button.default\">\n\t\t\t\t<div class=\"elementor-widget-container\">\n\t\t\t        <div class=\"eael-creative-button-wrapper\">\n\n            <a class=\"eael-creative-button eael-creative-button--default\" href=\"https:\/\/sites.usp.br\/smagro\/minicurso-v\/\" data-text=\"\">\n\n\t    \n                <div class=\"creative-button-inner\">\n\n                                            <span class=\"eael-creative-button-icon-left\"><i aria-hidden=\"true\" class=\"fas fa-book-open\"><\/i><\/span>                    \n                    <span class=\"cretive-button-text\">Introdu\u00e7\u00e3o \u00e0 an\u00e1lise de amplicon (short read) para microbiomas <\/span>\n\n                                    <\/div>\n\t                        <\/a>\n        <\/div>\n        \t\t<\/div>\n\t\t\t\t<\/div>\n\t\t\t\t<div class=\"elementor-element elementor-element-0c50e2e elementor-widget elementor-widget-eael-creative-button\" data-id=\"0c50e2e\" data-element_type=\"widget\" data-widget_type=\"eael-creative-button.default\">\n\t\t\t\t<div class=\"elementor-widget-container\">\n\t\t\t        <div class=\"eael-creative-button-wrapper\">\n\n            <a class=\"eael-creative-button eael-creative-button--default\" href=\"https:\/\/sites.usp.br\/smagro\/minicurso-iii\/\" data-text=\"\">\n\n\t    \n                <div class=\"creative-button-inner\">\n\n                                            <span class=\"eael-creative-button-icon-left\"><i aria-hidden=\"true\" class=\"fas fa-bacterium\"><\/i><\/span>                    \n                    <span class=\"cretive-button-text\">Cole\u00e7\u00e3o de culturas microbianas: isolamento, preserva\u00e7\u00e3o, manuten\u00e7\u00e3o e aplica\u00e7\u00f5es <\/span>\n\n                                    <\/div>\n\t                        <\/a>\n        <\/div>\n        \t\t<\/div>\n\t\t\t\t<\/div>\n\t\t\t\t\t<\/div>\n\t\t<\/div>\n\t\t\t\t\t<\/div>\n\t\t<\/section>\n\t\t\t\t<\/div>\n\t\t","protected":false},"excerpt":{"rendered":"<p>Programa\u00e7\u00e3o A programa\u00e7\u00e3o do VII SMAGRO 2026 est\u00e1 sujeita a altera\u00e7\u00f5es. Ajustes de hor\u00e1rios, atividades e palestrantes podem ocorrer conforme a confirma\u00e7\u00e3o de participantes e necessidades operacionais do evento. Os detalhes e atualiza\u00e7\u00f5es ser\u00e3o disponibilizados gradualmente, e todas as novidades ser\u00e3o publicadas no Instagram oficial do evento ao longo do per\u00edodo de prepara\u00e7\u00e3o. Saiba mais<\/p>\n","protected":false},"author":24961,"featured_media":0,"parent":0,"menu_order":0,"comment_status":"closed","ping_status":"closed","template":"","meta":{"_acf_changed":false,"_monsterinsights_skip_tracking":false,"_monsterinsights_sitenote_active":false,"_monsterinsights_sitenote_note":"","_monsterinsights_sitenote_category":0,"footnotes":"","_links_to":"","_links_to_target":""},"class_list":["post-2893","page","type-page","status-publish","hentry","entry"],"acf":[],"_links":{"self":[{"href":"https:\/\/sites.usp.br\/smagro\/wp-json\/wp\/v2\/pages\/2893","targetHints":{"allow":["GET"]}}],"collection":[{"href":"https:\/\/sites.usp.br\/smagro\/wp-json\/wp\/v2\/pages"}],"about":[{"href":"https:\/\/sites.usp.br\/smagro\/wp-json\/wp\/v2\/types\/page"}],"author":[{"embeddable":true,"href":"https:\/\/sites.usp.br\/smagro\/wp-json\/wp\/v2\/users\/24961"}],"replies":[{"embeddable":true,"href":"https:\/\/sites.usp.br\/smagro\/wp-json\/wp\/v2\/comments?post=2893"}],"version-history":[{"count":4,"href":"https:\/\/sites.usp.br\/smagro\/wp-json\/wp\/v2\/pages\/2893\/revisions"}],"predecessor-version":[{"id":4204,"href":"https:\/\/sites.usp.br\/smagro\/wp-json\/wp\/v2\/pages\/2893\/revisions\/4204"}],"wp:attachment":[{"href":"https:\/\/sites.usp.br\/smagro\/wp-json\/wp\/v2\/media?parent=2893"}],"curies":[{"name":"wp","href":"https:\/\/api.w.org\/{rel}","templated":true}]}}