{"id":2896,"date":"2023-10-25T16:35:28","date_gmt":"2023-10-25T19:35:28","guid":{"rendered":"https:\/\/sites.usp.br\/smagro\/?page_id=2896"},"modified":"2026-04-07T23:44:37","modified_gmt":"2026-04-08T02:44:37","slug":"inscricoes","status":"publish","type":"page","link":"https:\/\/sites.usp.br\/smagro\/inscricoes\/","title":{"rendered":"2. Inscri\u00e7\u00f5es"},"content":{"rendered":"\t\t<div data-elementor-type=\"wp-page\" data-elementor-id=\"2896\" class=\"elementor elementor-2896\" data-elementor-post-type=\"page\">\n\t\t\t\t\t\t<section class=\"elementor-section elementor-top-section elementor-element elementor-element-67a60e6 elementor-section-boxed elementor-section-height-default elementor-section-height-default\" data-id=\"67a60e6\" data-element_type=\"section\">\n\t\t\t\t\t\t<div class=\"elementor-container elementor-column-gap-default\">\n\t\t\t\t\t<div class=\"elementor-column elementor-col-100 elementor-top-column elementor-element elementor-element-e08cb0f\" data-id=\"e08cb0f\" data-element_type=\"column\">\n\t\t\t<div class=\"elementor-widget-wrap elementor-element-populated\">\n\t\t\t\t\t\t<div class=\"elementor-element elementor-element-bd25e79 elementor-invisible elementor-widget elementor-widget-heading\" data-id=\"bd25e79\" data-element_type=\"widget\" data-settings=\"{&quot;_animation&quot;:&quot;fadeIn&quot;}\" data-widget_type=\"heading.default\">\n\t\t\t\t<div class=\"elementor-widget-container\">\n\t\t\t<h1 class=\"elementor-heading-title elementor-size-default\">Inscri\u00e7\u00f5es<\/h1>\t\t<\/div>\n\t\t\t\t<\/div>\n\t\t\t\t\t<\/div>\n\t\t<\/div>\n\t\t\t\t\t<\/div>\n\t\t<\/section>\n\t\t\t\t<section class=\"elementor-section elementor-top-section elementor-element elementor-element-cae2274 elementor-section-boxed elementor-section-height-default elementor-section-height-default\" data-id=\"cae2274\" data-element_type=\"section\">\n\t\t\t\t\t\t<div class=\"elementor-container elementor-column-gap-default\">\n\t\t\t\t\t<div class=\"elementor-column elementor-col-100 elementor-top-column elementor-element elementor-element-a59f2d3\" data-id=\"a59f2d3\" data-element_type=\"column\">\n\t\t\t<div class=\"elementor-widget-wrap elementor-element-populated\">\n\t\t\t\t\t\t<div class=\"elementor-element elementor-element-01fc344 elementor-widget elementor-widget-text-editor\" data-id=\"01fc344\" data-element_type=\"widget\" data-widget_type=\"text-editor.default\">\n\t\t\t\t<div class=\"elementor-widget-container\">\n\t\t\t\t\t\t\t<p>As inscri\u00e7\u00f5es para o VII Simp\u00f3sio de Microbiologia Agr\u00edcola (VII SMAGRO) \u2013 ESALQ\/USP est\u00e3o abertas. O evento ocorrer\u00e1 de 18 a 21 de maio de 2026, em Piracicaba\/SP, com o tema \u201cInova\u00e7\u00e3o e Sustentabilidade para transformar o campo\u201d, reunindo pesquisadores, docentes, estudantes e profissionais para discutir solu\u00e7\u00f5es microbiol\u00f3gicas aplicadas ao agro, tecnologias emergentes e inova\u00e7\u00e3o. A inscri\u00e7\u00e3o ser\u00e1 realizada pela plataforma Doity, onde tamb\u00e9m ser\u00e1 poss\u00edvel submeter resumos, conforme as normas do evento.<\/p>\t\t\t\t\t\t<\/div>\n\t\t\t\t<\/div>\n\t\t\t\t\t<\/div>\n\t\t<\/div>\n\t\t\t\t\t<\/div>\n\t\t<\/section>\n\t\t\t\t<section class=\"elementor-section elementor-top-section elementor-element elementor-element-ceb7ab5 elementor-section-boxed elementor-section-height-default elementor-section-height-default elementor-invisible\" data-id=\"ceb7ab5\" data-element_type=\"section\" data-settings=\"{&quot;background_background&quot;:&quot;classic&quot;,&quot;animation&quot;:&quot;fadeIn&quot;}\">\n\t\t\t\t\t\t<div class=\"elementor-container elementor-column-gap-default\">\n\t\t\t\t\t<div class=\"elementor-column elementor-col-100 elementor-top-column elementor-element elementor-element-4210443\" data-id=\"4210443\" data-element_type=\"column\">\n\t\t\t<div class=\"elementor-widget-wrap elementor-element-populated\">\n\t\t\t\t\t\t<div class=\"elementor-element elementor-element-9137344 elementor-widget elementor-widget-heading\" data-id=\"9137344\" data-element_type=\"widget\" data-widget_type=\"heading.default\">\n\t\t\t\t<div class=\"elementor-widget-container\">\n\t\t\t<h2 class=\"elementor-heading-title elementor-size-default\">Valores:<\/h2>\t\t<\/div>\n\t\t\t\t<\/div>\n\t\t\t\t<div class=\"elementor-element elementor-element-f4256d1 elementor-widget elementor-widget-image\" data-id=\"f4256d1\" data-element_type=\"widget\" data-widget_type=\"image.default\">\n\t\t\t\t<div class=\"elementor-widget-container\">\n\t\t\t\t\t\t\t\t\t\t\t\t\t<img fetchpriority=\"high\" decoding=\"async\" width=\"1024\" height=\"508\" src=\"https:\/\/sites.usp.br\/smagro\/wp-content\/uploads\/sites\/1385\/2025\/11\/tabela_precos_vii_smagro-1024x508.png\" class=\"attachment-large size-large wp-image-3835\" alt=\"\" srcset=\"https:\/\/sites.usp.br\/smagro\/wp-content\/uploads\/sites\/1385\/2025\/11\/tabela_precos_vii_smagro-300x149.png 300w, https:\/\/sites.usp.br\/smagro\/wp-content\/uploads\/sites\/1385\/2025\/11\/tabela_precos_vii_smagro-400x198.png 400w, https:\/\/sites.usp.br\/smagro\/wp-content\/uploads\/sites\/1385\/2025\/11\/tabela_precos_vii_smagro-768x381.png 768w, https:\/\/sites.usp.br\/smagro\/wp-content\/uploads\/sites\/1385\/2025\/11\/tabela_precos_vii_smagro-1024x508.png 1024w, https:\/\/sites.usp.br\/smagro\/wp-content\/uploads\/sites\/1385\/2025\/11\/tabela_precos_vii_smagro-1536x761.png 1536w\" sizes=\"(max-width: 1024px) 100vw, 1024px\" \/>\t\t\t\t\t\t\t\t\t\t\t\t\t<\/div>\n\t\t\t\t<\/div>\n\t\t\t\t\t<\/div>\n\t\t<\/div>\n\t\t\t\t\t<\/div>\n\t\t<\/section>\n\t\t\t\t<section class=\"elementor-section elementor-top-section elementor-element elementor-element-dd57341 elementor-section-boxed elementor-section-height-default elementor-section-height-default\" data-id=\"dd57341\" data-element_type=\"section\">\n\t\t\t\t\t\t<div class=\"elementor-container elementor-column-gap-default\">\n\t\t\t\t\t<div class=\"elementor-column elementor-col-100 elementor-top-column elementor-element elementor-element-5318fef\" data-id=\"5318fef\" data-element_type=\"column\">\n\t\t\t<div class=\"elementor-widget-wrap elementor-element-populated\">\n\t\t\t\t\t\t<div class=\"elementor-element elementor-element-43f76d7 elementor-button-warning elementor-align-center elementor-widget elementor-widget-button\" data-id=\"43f76d7\" data-element_type=\"widget\" data-widget_type=\"button.default\">\n\t\t\t\t<div class=\"elementor-widget-container\">\n\t\t\t\t\t\t\t<div class=\"elementor-button-wrapper\">\n\t\t\t\t\t<a class=\"elementor-button elementor-button-link elementor-size-sm\" href=\"https:\/\/doity.com.br\/vii-smagro-2026\">\n\t\t\t\t\t\t<span class=\"elementor-button-content-wrapper\">\n\t\t\t\t\t\t\t\t\t<span class=\"elementor-button-text\">FA\u00c7A SUA INSCRI\u00c7\u00c3O AQUI<\/span>\n\t\t\t\t\t<\/span>\n\t\t\t\t\t<\/a>\n\t\t\t\t<\/div>\n\t\t\t\t\t\t<\/div>\n\t\t\t\t<\/div>\n\t\t\t\t\t<\/div>\n\t\t<\/div>\n\t\t\t\t\t<\/div>\n\t\t<\/section>\n\t\t\t\t<section class=\"elementor-section elementor-top-section elementor-element elementor-element-ef3f7f4 elementor-section-boxed elementor-section-height-default elementor-section-height-default\" data-id=\"ef3f7f4\" data-element_type=\"section\">\n\t\t\t\t\t\t<div class=\"elementor-container elementor-column-gap-default\">\n\t\t\t\t\t<div class=\"elementor-column elementor-col-100 elementor-top-column elementor-element elementor-element-3869dae\" data-id=\"3869dae\" data-element_type=\"column\">\n\t\t\t<div class=\"elementor-widget-wrap elementor-element-populated\">\n\t\t\t\t\t\t<div class=\"elementor-element elementor-element-37e3d94 elementor-widget elementor-widget-spacer\" data-id=\"37e3d94\" data-element_type=\"widget\" data-widget_type=\"spacer.default\">\n\t\t\t\t<div class=\"elementor-widget-container\">\n\t\t\t\t\t<div class=\"elementor-spacer\">\n\t\t\t<div class=\"elementor-spacer-inner\"><\/div>\n\t\t<\/div>\n\t\t\t\t<\/div>\n\t\t\t\t<\/div>\n\t\t\t\t\t<\/div>\n\t\t<\/div>\n\t\t\t\t\t<\/div>\n\t\t<\/section>\n\t\t\t\t<section class=\"elementor-section elementor-top-section elementor-element elementor-element-a8f6549 elementor-section-boxed elementor-section-height-default elementor-section-height-default elementor-invisible\" data-id=\"a8f6549\" data-element_type=\"section\" data-settings=\"{&quot;background_background&quot;:&quot;classic&quot;,&quot;animation&quot;:&quot;fadeIn&quot;}\">\n\t\t\t\t\t\t<div class=\"elementor-container elementor-column-gap-default\">\n\t\t\t\t\t<div class=\"elementor-column elementor-col-100 elementor-top-column elementor-element elementor-element-ac26811\" data-id=\"ac26811\" data-element_type=\"column\">\n\t\t\t<div class=\"elementor-widget-wrap elementor-element-populated\">\n\t\t\t\t\t\t<div class=\"elementor-element elementor-element-b7356da elementor-invisible elementor-widget elementor-widget-heading\" data-id=\"b7356da\" data-element_type=\"widget\" data-settings=\"{&quot;_animation&quot;:&quot;fadeIn&quot;}\" data-widget_type=\"heading.default\">\n\t\t\t\t<div class=\"elementor-widget-container\">\n\t\t\t<h1 class=\"elementor-heading-title elementor-size-default\">Submiss\u00e3o de resumos<\/h1>\t\t<\/div>\n\t\t\t\t<\/div>\n\t\t\t\t<div class=\"elementor-element elementor-element-05ad676 elementor-widget__width-initial elementor-invisible elementor-widget elementor-widget-text-editor\" data-id=\"05ad676\" data-element_type=\"widget\" data-settings=\"{&quot;_animation&quot;:&quot;zoomIn&quot;}\" data-widget_type=\"text-editor.default\">\n\t\t\t\t<div class=\"elementor-widget-container\">\n\t\t\t\t\t\t\t<p><span style=\"font-family: 'times new roman', times, serif; font-size: 14pt;\">A submiss\u00e3o de resumos para o VII SMAGRO&nbsp; dever\u00e1 ser realizada pela plataforma Doity, a mesma utilizada para a inscri\u00e7\u00e3o no evento. Cada inscrito poder\u00e1 submeter at\u00e9 2 (dois) resumos. O resumo deve ter no m\u00e1ximo 1 p\u00e1gina, em l\u00edngua inglesa e seguir integralmente o molde oficial, sendo que apenas resumos formatados em Times New Roman ser\u00e3o considerados. O t\u00edtulo deve estar centralizado, em negrito, fonte 14, com no m\u00e1ximo duas linhas. Em seguida, inserir os autores centralizados, em negrito, fonte 11, com o nome do autor apresentador sublinhado e a identifica\u00e7\u00e3o num\u00e9rica das afilia\u00e7\u00f5es (ex.: \u00b9, \u00b2). As institui\u00e7\u00f5es e endere\u00e7os devem ser apresentados em fonte 9, it\u00e1lico e centralizados, uma linha por afilia\u00e7\u00e3o, e o contato do autor correspondente deve aparecer indicado por asterisco (*), tamb\u00e9m em fonte 9, it\u00e1lico e centralizado. O texto do resumo deve iniciar logo ap\u00f3s as afilia\u00e7\u00f5es, em fonte 12, justificado, com espa\u00e7amento simples em todo o documento e limite m\u00e1ximo de 300 palavras. N\u00e3o \u00e9 permitida a inclus\u00e3o de tabelas ou figuras. Ao final, incluir a linha \u201cPALAVRAS-CHAVE:\u201d com no m\u00ednimo quatro palavras-chave separadas por v\u00edrgula (fonte 11, justificado) e, se aplic\u00e1vel, a linha \u201cFINANCIAMENTO:\u201d (opcional).&nbsp;<\/span><\/p>\n<p style=\"text-align: left;\"><span style=\"font-family: 'times new roman', times, serif; font-size: 14pt;\">Os resumos aceitos ser\u00e3o apresentados no dia do evento na forma de p\u00f4steres, e alguns poder\u00e3o ser selecionados para apresenta\u00e7\u00e3o oral, conforme avalia\u00e7\u00e3o da Comiss\u00e3o Cient\u00edfica. O inscrito respons\u00e1vel pela submiss\u00e3o do resumo ser\u00e1, obrigatoriamente, o respons\u00e1vel pela apresenta\u00e7\u00e3o no dia do evento.&nbsp;<\/span><\/p>\n<p class=\"MsoNormal\"><b><span style=\"font-size:16.0pt;line-height:115%;\ncolor:#196B24;mso-themecolor:accent3\">Data limite para submiss\u00e3o dos resumos\n14\/04\/2026<o:p><\/o:p><\/span><\/b><\/p>\n<p style=\"text-align: left;\"><strong><span style=\"font-family: 'times new roman', times, serif; font-size: 14pt; background-color: inherit;\">Para facilitar a prepara\u00e7\u00e3o, abaixo segue o molde para formula\u00e7\u00e3o dos resumos e dos posters<\/span><\/strong><\/p>\t\t\t\t\t\t<\/div>\n\t\t\t\t<\/div>\n\t\t\t\t\t<\/div>\n\t\t<\/div>\n\t\t\t\t\t<\/div>\n\t\t<\/section>\n\t\t\t\t<section class=\"elementor-section elementor-top-section elementor-element elementor-element-edc62dc elementor-section-boxed elementor-section-height-default elementor-section-height-default\" data-id=\"edc62dc\" data-element_type=\"section\">\n\t\t\t\t\t\t<div class=\"elementor-container elementor-column-gap-default\">\n\t\t\t\t\t<div class=\"elementor-column elementor-col-50 elementor-top-column elementor-element elementor-element-3b3dbda\" data-id=\"3b3dbda\" data-element_type=\"column\">\n\t\t\t<div class=\"elementor-widget-wrap elementor-element-populated\">\n\t\t\t\t\t\t<div class=\"elementor-element elementor-element-38ea8ac elementor-button-danger elementor-align-center elementor-widget elementor-widget-button\" data-id=\"38ea8ac\" data-element_type=\"widget\" data-widget_type=\"button.default\">\n\t\t\t\t<div class=\"elementor-widget-container\">\n\t\t\t\t\t\t\t<div class=\"elementor-button-wrapper\">\n\t\t\t\t\t<a class=\"elementor-button elementor-button-link elementor-size-sm\" href=\"https:\/\/grcmlesydpcd.objectstorage.sa-saopaulo-1.oci.customer-oci.com\/p\/OQwcvnO-c63O08Gc2Kv4OTbJttj5ik60dguiDIyyQ0wuo5SWn-jHOLW9wNbylNqI\/n\/grcmlesydpcd\/b\/dtysppobjmntbkp01\/o\/media\/doity\/submissoes\/arquivo-modelo-submissao-3d990eff0d7279aa4621392d4c631d6c32fab9b8.docx\">\n\t\t\t\t\t\t<span class=\"elementor-button-content-wrapper\">\n\t\t\t\t\t\t\t\t\t<span class=\"elementor-button-text\">RESUMO<\/span>\n\t\t\t\t\t<\/span>\n\t\t\t\t\t<\/a>\n\t\t\t\t<\/div>\n\t\t\t\t\t\t<\/div>\n\t\t\t\t<\/div>\n\t\t\t\t\t<\/div>\n\t\t<\/div>\n\t\t\t\t<div class=\"elementor-column elementor-col-50 elementor-top-column elementor-element elementor-element-3278490\" data-id=\"3278490\" data-element_type=\"column\">\n\t\t\t<div class=\"elementor-widget-wrap elementor-element-populated\">\n\t\t\t\t\t\t<div class=\"elementor-element elementor-element-47c5777 elementor-button-danger elementor-align-center elementor-widget elementor-widget-button\" data-id=\"47c5777\" data-element_type=\"widget\" data-widget_type=\"button.default\">\n\t\t\t\t<div class=\"elementor-widget-container\">\n\t\t\t\t\t\t\t<div class=\"elementor-button-wrapper\">\n\t\t\t\t\t<a class=\"elementor-button elementor-button-link elementor-size-sm\" href=\"https:\/\/grcmlesydpcd.objectstorage.sa-saopaulo-1.oci.customer-oci.com\/p\/OQwcvnO-c63O08Gc2Kv4OTbJttj5ik60dguiDIyyQ0wuo5SWn-jHOLW9wNbylNqI\/n\/grcmlesydpcd\/b\/dtysppobjmntbkp01\/o\/media\/doity\/submissoes\/arquivo-modelo-submissao-2aa23ad2d0690ae5cab7d75c32113a0b5c033b43.pptx\">\n\t\t\t\t\t\t<span class=\"elementor-button-content-wrapper\">\n\t\t\t\t\t\t\t\t\t<span class=\"elementor-button-text\">POSTER<\/span>\n\t\t\t\t\t<\/span>\n\t\t\t\t\t<\/a>\n\t\t\t\t<\/div>\n\t\t\t\t\t\t<\/div>\n\t\t\t\t<\/div>\n\t\t\t\t\t<\/div>\n\t\t<\/div>\n\t\t\t\t\t<\/div>\n\t\t<\/section>\n\t\t\t\t<\/div>\n\t\t","protected":false},"excerpt":{"rendered":"<p>Inscri\u00e7\u00f5es As inscri\u00e7\u00f5es para o VII Simp\u00f3sio de Microbiologia Agr\u00edcola (VII SMAGRO) \u2013 ESALQ\/USP est\u00e3o abertas. O evento ocorrer\u00e1 de 18 a 21 de maio de 2026, em Piracicaba\/SP, com o tema \u201cInova\u00e7\u00e3o e Sustentabilidade para transformar o campo\u201d, reunindo pesquisadores, docentes, estudantes e profissionais para discutir solu\u00e7\u00f5es microbiol\u00f3gicas aplicadas ao agro, tecnologias emergentes e<\/p>\n","protected":false},"author":24961,"featured_media":0,"parent":0,"menu_order":0,"comment_status":"closed","ping_status":"closed","template":"","meta":{"_acf_changed":false,"_monsterinsights_skip_tracking":false,"_monsterinsights_sitenote_active":false,"_monsterinsights_sitenote_note":"","_monsterinsights_sitenote_category":0,"footnotes":"","_links_to":"","_links_to_target":""},"class_list":["post-2896","page","type-page","status-publish","hentry","entry"],"acf":[],"_links":{"self":[{"href":"https:\/\/sites.usp.br\/smagro\/wp-json\/wp\/v2\/pages\/2896","targetHints":{"allow":["GET"]}}],"collection":[{"href":"https:\/\/sites.usp.br\/smagro\/wp-json\/wp\/v2\/pages"}],"about":[{"href":"https:\/\/sites.usp.br\/smagro\/wp-json\/wp\/v2\/types\/page"}],"author":[{"embeddable":true,"href":"https:\/\/sites.usp.br\/smagro\/wp-json\/wp\/v2\/users\/24961"}],"replies":[{"embeddable":true,"href":"https:\/\/sites.usp.br\/smagro\/wp-json\/wp\/v2\/comments?post=2896"}],"version-history":[{"count":4,"href":"https:\/\/sites.usp.br\/smagro\/wp-json\/wp\/v2\/pages\/2896\/revisions"}],"predecessor-version":[{"id":4194,"href":"https:\/\/sites.usp.br\/smagro\/wp-json\/wp\/v2\/pages\/2896\/revisions\/4194"}],"wp:attachment":[{"href":"https:\/\/sites.usp.br\/smagro\/wp-json\/wp\/v2\/media?parent=2896"}],"curies":[{"name":"wp","href":"https:\/\/api.w.org\/{rel}","templated":true}]}}