{"id":3211,"date":"2024-01-25T14:39:35","date_gmt":"2024-01-25T17:39:35","guid":{"rendered":"https:\/\/sites.usp.br\/smagro\/?page_id=3211"},"modified":"2026-03-31T18:29:10","modified_gmt":"2026-03-31T21:29:10","slug":"minicurso-iii-2","status":"publish","type":"page","link":"https:\/\/sites.usp.br\/smagro\/minicurso-iii-2\/","title":{"rendered":"III &#8211; Teoria \u00e0 pr\u00e1tica de extra\u00e7\u00e3o, coloniza\u00e7\u00e3o, montagem e an\u00e1lise de esporos de Fungos Micorr\u00edzicos Arbusculares (FMAs)"},"content":{"rendered":"\t\t<div data-elementor-type=\"wp-page\" data-elementor-id=\"3211\" class=\"elementor elementor-3211\" data-elementor-post-type=\"page\">\n\t\t\t\t\t\t<section class=\"elementor-section elementor-top-section elementor-element elementor-element-02ccfbd elementor-section-boxed elementor-section-height-default elementor-section-height-default\" data-id=\"02ccfbd\" data-element_type=\"section\" data-settings=\"{&quot;background_background&quot;:&quot;classic&quot;}\">\n\t\t\t\t\t\t<div class=\"elementor-container elementor-column-gap-default\">\n\t\t\t\t\t<div class=\"elementor-column elementor-col-100 elementor-top-column elementor-element elementor-element-a5c119b\" data-id=\"a5c119b\" data-element_type=\"column\">\n\t\t\t<div class=\"elementor-widget-wrap elementor-element-populated\">\n\t\t\t\t\t\t<div class=\"elementor-element elementor-element-82d5640 elementor-widget elementor-widget-heading\" data-id=\"82d5640\" data-element_type=\"widget\" data-widget_type=\"heading.default\">\n\t\t\t\t<div class=\"elementor-widget-container\">\n\t\t\t<h2 class=\"elementor-heading-title elementor-size-default\">Teoria \u00e0 pr\u00e1tica de extra\u00e7\u00e3o, coloniza\u00e7\u00e3o, montagem e exame de esporos de fungos Micorrizicos Arbusculares (FMAs)<\/h2>\t\t<\/div>\n\t\t\t\t<\/div>\n\t\t\t\t\t<\/div>\n\t\t<\/div>\n\t\t\t\t\t<\/div>\n\t\t<\/section>\n\t\t\t\t<section class=\"elementor-section elementor-top-section elementor-element elementor-element-33076ee elementor-section-boxed elementor-section-height-default elementor-section-height-default\" data-id=\"33076ee\" data-element_type=\"section\" data-settings=\"{&quot;background_background&quot;:&quot;classic&quot;}\">\n\t\t\t\t\t\t<div class=\"elementor-container elementor-column-gap-default\">\n\t\t\t\t\t<div class=\"elementor-column elementor-col-50 elementor-top-column elementor-element elementor-element-c0255b0\" data-id=\"c0255b0\" data-element_type=\"column\">\n\t\t\t<div class=\"elementor-widget-wrap elementor-element-populated\">\n\t\t\t\t\t\t<div class=\"elementor-element elementor-element-b0ac484 elementor-widget elementor-widget-image\" data-id=\"b0ac484\" data-element_type=\"widget\" data-widget_type=\"image.default\">\n\t\t\t\t<div class=\"elementor-widget-container\">\n\t\t\t\t\t\t\t\t\t\t\t\t\t<img decoding=\"async\" width=\"200\" height=\"200\" src=\"https:\/\/sites.usp.br\/smagro\/wp-content\/uploads\/sites\/1385\/2026\/01\/Micorrizas1-200x200.png\" class=\"attachment-fpw_square size-fpw_square wp-image-4018\" alt=\"\" srcset=\"https:\/\/sites.usp.br\/smagro\/wp-content\/uploads\/sites\/1385\/2026\/01\/Micorrizas1-150x150.png 150w, https:\/\/sites.usp.br\/smagro\/wp-content\/uploads\/sites\/1385\/2026\/01\/Micorrizas1-200x200.png 200w, https:\/\/sites.usp.br\/smagro\/wp-content\/uploads\/sites\/1385\/2026\/01\/Micorrizas1-300x300.png 300w, https:\/\/sites.usp.br\/smagro\/wp-content\/uploads\/sites\/1385\/2026\/01\/Micorrizas1-400x400.png 400w, https:\/\/sites.usp.br\/smagro\/wp-content\/uploads\/sites\/1385\/2026\/01\/Micorrizas1-600x600.png 600w, https:\/\/sites.usp.br\/smagro\/wp-content\/uploads\/sites\/1385\/2026\/01\/Micorrizas1-768x768.png 768w, https:\/\/sites.usp.br\/smagro\/wp-content\/uploads\/sites\/1385\/2026\/01\/Micorrizas1-1024x1024.png 1024w, https:\/\/sites.usp.br\/smagro\/wp-content\/uploads\/sites\/1385\/2026\/01\/Micorrizas1.png 1080w\" sizes=\"(max-width: 200px) 100vw, 200px\" \/>\t\t\t\t\t\t\t\t\t\t\t\t\t<\/div>\n\t\t\t\t<\/div>\n\t\t\t\t<div class=\"elementor-element elementor-element-4e0cba1 elementor-widget elementor-widget-heading\" data-id=\"4e0cba1\" data-element_type=\"widget\" data-widget_type=\"heading.default\">\n\t\t\t\t<div class=\"elementor-widget-container\">\n\t\t\t<h2 class=\"elementor-heading-title elementor-size-default\">Maycon Cristiano Barbosa  <br><span style=\", sans-serif;font-size: 20px;font-style: normal;font-weight: 600;text-align: justify\">Doutorando \u2013 CENA\/USP<\/span> <\/h2>\t\t<\/div>\n\t\t\t\t<\/div>\n\t\t\t\t\t<\/div>\n\t\t<\/div>\n\t\t\t\t<div class=\"elementor-column elementor-col-50 elementor-top-column elementor-element elementor-element-623c4a3\" data-id=\"623c4a3\" data-element_type=\"column\">\n\t\t\t<div class=\"elementor-widget-wrap elementor-element-populated\">\n\t\t\t\t\t\t<div class=\"elementor-element elementor-element-1ede85c elementor-widget elementor-widget-image\" data-id=\"1ede85c\" data-element_type=\"widget\" data-widget_type=\"image.default\">\n\t\t\t\t<div class=\"elementor-widget-container\">\n\t\t\t\t\t\t\t\t\t\t\t\t\t<img decoding=\"async\" width=\"200\" height=\"200\" src=\"https:\/\/sites.usp.br\/smagro\/wp-content\/uploads\/sites\/1385\/2026\/01\/Micorrizas2-200x200.png\" class=\"attachment-fpw_square size-fpw_square wp-image-4019\" alt=\"\" srcset=\"https:\/\/sites.usp.br\/smagro\/wp-content\/uploads\/sites\/1385\/2026\/01\/Micorrizas2-150x150.png 150w, https:\/\/sites.usp.br\/smagro\/wp-content\/uploads\/sites\/1385\/2026\/01\/Micorrizas2-200x200.png 200w, https:\/\/sites.usp.br\/smagro\/wp-content\/uploads\/sites\/1385\/2026\/01\/Micorrizas2-300x300.png 300w, https:\/\/sites.usp.br\/smagro\/wp-content\/uploads\/sites\/1385\/2026\/01\/Micorrizas2-400x400.png 400w, https:\/\/sites.usp.br\/smagro\/wp-content\/uploads\/sites\/1385\/2026\/01\/Micorrizas2-600x600.png 600w, https:\/\/sites.usp.br\/smagro\/wp-content\/uploads\/sites\/1385\/2026\/01\/Micorrizas2-768x768.png 768w, https:\/\/sites.usp.br\/smagro\/wp-content\/uploads\/sites\/1385\/2026\/01\/Micorrizas2-1024x1024.png 1024w, https:\/\/sites.usp.br\/smagro\/wp-content\/uploads\/sites\/1385\/2026\/01\/Micorrizas2.png 1080w\" sizes=\"(max-width: 200px) 100vw, 200px\" \/>\t\t\t\t\t\t\t\t\t\t\t\t\t<\/div>\n\t\t\t\t<\/div>\n\t\t\t\t<div class=\"elementor-element elementor-element-45a4157 elementor-widget elementor-widget-heading\" data-id=\"45a4157\" data-element_type=\"widget\" data-widget_type=\"heading.default\">\n\t\t\t\t<div class=\"elementor-widget-container\">\n\t\t\t<h2 class=\"elementor-heading-title elementor-size-default\">Nariane de Andrade<br><h2 data-elementor-setting-key=\"title\" data-pen-placeholder=\"Digite aqui...\" style=\", sans-serif;font-style: normal\">Doutoranda \u2013 ESALQ\/USP<span style=\"font-size: 20px;font-weight: 600\"><\/span><\/h2><\/h2>\t\t<\/div>\n\t\t\t\t<\/div>\n\t\t\t\t\t<\/div>\n\t\t<\/div>\n\t\t\t\t\t<\/div>\n\t\t<\/section>\n\t\t\t\t<section class=\"elementor-section elementor-top-section elementor-element elementor-element-eb8bc69 elementor-section-boxed elementor-section-height-default elementor-section-height-default\" data-id=\"eb8bc69\" data-element_type=\"section\" data-settings=\"{&quot;background_background&quot;:&quot;classic&quot;}\">\n\t\t\t\t\t\t<div class=\"elementor-container elementor-column-gap-default\">\n\t\t\t\t\t<div class=\"elementor-column elementor-col-100 elementor-top-column elementor-element elementor-element-30f1633\" data-id=\"30f1633\" data-element_type=\"column\">\n\t\t\t<div class=\"elementor-widget-wrap elementor-element-populated\">\n\t\t\t\t\t\t<div class=\"elementor-element elementor-element-1b527e0 elementor-widget elementor-widget-text-editor\" data-id=\"1b527e0\" data-element_type=\"widget\" data-widget_type=\"text-editor.default\">\n\t\t\t\t<div class=\"elementor-widget-container\">\n\t\t\t\t\t\t\t<ul><li><strong>Carga horaria:<\/strong> 8h\u00a0<\/li><li><strong>Objetivo:\u00a0<\/strong>O objetivo do minicurso \u00e9 capacitar os participantes nos fundamentos te\u00f3ricos e pr\u00e1ticos relacionados ao manejo e estudo de Fungos Micorr\u00edzicos Arbusculares (FMAs), abordando desde a obten\u00e7\u00e3o e manipula\u00e7\u00e3o de in\u00f3culos at\u00e9 a an\u00e1lise da coloniza\u00e7\u00e3o radicular e dos esporos no solo. O curso enfatiza a compreens\u00e3o e a aplica\u00e7\u00e3o dos FMAs em diferentes contextos ecol\u00f3gicos, incluindo sistemas agr\u00edcolas, ecossistemas naturais e cultivos em condi\u00e7\u00f5es controladas, destacando seu papel funcional, ecol\u00f3gico e agron\u00f4mico.<\/li><li><strong>Conte\u00fado program\u00e1tico <\/strong><p>&#8211; Introdu\u00e7\u00e3o aos Fungos Micorr\u00edzicos Arbusculares (FMAs): Conceitos fundamentais, aspectos ecol\u00f3gicos, funcionais e import\u00e2ncia dos FMAs em sistemas naturais e agr\u00edcolas.<span style=\"font-size: 18px; background-color: inherit;\"><br \/><\/span><span style=\"background-color: inherit; font-size: 18px;\">&#8211; Pr\u00e1tica de extra\u00e7\u00e3o de esporos de FMAs do solo:\u00a0<\/span><span style=\"font-size: 18px; background-color: inherit;\">M\u00e9todos cl\u00e1ssicos de extra\u00e7\u00e3o, triagem e recupera\u00e7\u00e3o de esporos a partir de diferentes matrizes de solo.<br \/><\/span><span style=\"font-size: 18px; background-color: inherit;\">&#8211; Pr\u00e1tica de avalia\u00e7\u00e3o da coloniza\u00e7\u00e3o micorr\u00edzica em ra\u00edzes:\u00a0<\/span><span style=\"font-size: 18px; background-color: inherit;\">T\u00e9cnicas de clarifica\u00e7\u00e3o e colora\u00e7\u00e3o de ra\u00edzes, identifica\u00e7\u00e3o visual das estruturas micorr\u00edzicas (hifas, arb\u00fasculos e ves\u00edculas) e interpreta\u00e7\u00e3o dos padr\u00f5es de coloniza\u00e7\u00e3o.<\/span><span style=\"font-size: 18px; background-color: inherit;\">\u00a0<br \/><\/span><span style=\"background-color: inherit; font-size: 18px;\">&#8211; Montagem de l\u00e2minas permanentes de esporos e introdu\u00e7\u00e3o \u00e0 an\u00e1lise de caracteres taxon\u00f4micos:\u00a0<\/span><span style=\"font-size: 18px; background-color: inherit;\">Procedimentos para montagem de l\u00e2minas de esporos de FMAs e apresenta\u00e7\u00e3o dos principais caracteres morfol\u00f3gicos e taxon\u00f4micos utilizados na identifica\u00e7\u00e3o de Glomeromycota, com base em abordagens consolidadas na taxonomia do grupo.<br \/><\/span><span style=\"font-size: 18px; background-color: inherit;\">&#8211; Abordagens de t\u00e9cnicas t\u00e9cnicas moleculares no estudo de Glomeromycota.<br \/><\/span><span style=\"font-size: 18px; background-color: inherit;\">&#8211; Introduzir as principais e mais recomendadas t\u00e9cnicas moleculares utilizadas no estudo de Glomeromycota, complementares \u00e0s abordagens cl\u00e1ssicas de an\u00e1lise de esporula\u00e7\u00e3o.<\/span><\/p><\/li><\/ul>\t\t\t\t\t\t<\/div>\n\t\t\t\t<\/div>\n\t\t\t\t<div class=\"elementor-element elementor-element-93e255e elementor-widget elementor-widget-text-editor\" data-id=\"93e255e\" data-element_type=\"widget\" data-widget_type=\"text-editor.default\">\n\t\t\t\t<div class=\"elementor-widget-container\">\n\t\t\t\t\t\t\t<ul>\n<li>&nbsp;<span style=\"font-variant-ligatures: normal; font-variant-caps: normal; font-family: 'Open Sans', sans-serif; font-size: 18px; font-style: normal; font-weight: 600;\">Vagas limitadas:<\/span><span style=\"font-family: 'Open Sans', sans-serif; font-size: 18px; font-style: normal; font-variant-ligatures: normal; font-variant-caps: normal; font-weight: 400;\"> 12 participantes &#8211;&nbsp;<\/span><span style=\"font-variant-ligatures: normal; font-variant-caps: normal; font-family: &quot;Open Sans&quot;, sans-serif; font-size: 18px; font-style: normal; font-weight: 600; color: rgb(0, 0, 0);\">6\/12&nbsp; 6 vagas remanescentes (Atualizado 31\/03\/2026).&nbsp;<\/span><\/li>\n<\/ul>\t\t\t\t\t\t<\/div>\n\t\t\t\t<\/div>\n\t\t\t\t\t<\/div>\n\t\t<\/div>\n\t\t\t\t\t<\/div>\n\t\t<\/section>\n\t\t\t\t<section class=\"elementor-section elementor-top-section elementor-element elementor-element-b886a53 elementor-section-content-middle elementor-section-stretched elementor-section-boxed elementor-section-height-default elementor-section-height-default\" data-id=\"b886a53\" data-element_type=\"section\" data-settings=\"{&quot;stretch_section&quot;:&quot;section-stretched&quot;,&quot;background_background&quot;:&quot;classic&quot;}\">\n\t\t\t\t\t\t<div class=\"elementor-container elementor-column-gap-default\">\n\t\t\t\t\t<div class=\"elementor-column elementor-col-33 elementor-top-column elementor-element elementor-element-6614a94\" data-id=\"6614a94\" data-element_type=\"column\">\n\t\t\t<div class=\"elementor-widget-wrap elementor-element-populated\">\n\t\t\t\t\t\t<div class=\"elementor-element elementor-element-4c714a1 elementor-widget elementor-widget-text-editor\" data-id=\"4c714a1\" data-element_type=\"widget\" data-widget_type=\"text-editor.default\">\n\t\t\t\t<div class=\"elementor-widget-container\">\n\t\t\t\t\t\t\t<p><strong>Local:<\/strong>\u00a0Sala 4 do Departamento de de Ci\u00eancia do Solo. Esalq\/USP (Pode ocorrer altera\u00e7\u00e3o acompanhe a pagina para novidades)<\/p>\t\t\t\t\t\t<\/div>\n\t\t\t\t<\/div>\n\t\t\t\t\t<\/div>\n\t\t<\/div>\n\t\t\t\t<div class=\"elementor-column elementor-col-33 elementor-top-column elementor-element elementor-element-a787bbe\" data-id=\"a787bbe\" data-element_type=\"column\">\n\t\t\t<div class=\"elementor-widget-wrap elementor-element-populated\">\n\t\t\t\t\t\t<div class=\"elementor-element elementor-element-099a87a elementor-widget elementor-widget-google_maps\" data-id=\"099a87a\" data-element_type=\"widget\" data-widget_type=\"google_maps.default\">\n\t\t\t\t<div class=\"elementor-widget-container\">\n\t\t\t\t\t<div class=\"elementor-custom-embed\">\n\t\t\t<iframe loading=\"lazy\"\n\t\t\t\t\tsrc=\"https:\/\/maps.google.com\/maps?q=Departamento%20de%20Ci%C3%AAncia%20do%20Solo%20da%20ESALQ%2FUSP&#038;t=m&#038;z=15&#038;output=embed&#038;iwloc=near\"\n\t\t\t\t\ttitle=\"Departamento de Ci\u00eancia do Solo da ESALQ\/USP\"\n\t\t\t\t\taria-label=\"Departamento de Ci\u00eancia do Solo da ESALQ\/USP\"\n\t\t\t><\/iframe>\n\t\t<\/div>\n\t\t\t\t<\/div>\n\t\t\t\t<\/div>\n\t\t\t\t\t<\/div>\n\t\t<\/div>\n\t\t\t\t<div class=\"elementor-column elementor-col-33 elementor-top-column elementor-element elementor-element-1d6ab63\" data-id=\"1d6ab63\" data-element_type=\"column\">\n\t\t\t<div class=\"elementor-widget-wrap elementor-element-populated\">\n\t\t\t\t\t\t<div class=\"elementor-element elementor-element-5bb079f elementor-widget elementor-widget-image\" data-id=\"5bb079f\" data-element_type=\"widget\" data-widget_type=\"image.default\">\n\t\t\t\t<div class=\"elementor-widget-container\">\n\t\t\t\t\t\t\t\t\t\t\t\t\t<img fetchpriority=\"high\" decoding=\"async\" width=\"300\" height=\"200\" src=\"https:\/\/sites.usp.br\/smagro\/wp-content\/uploads\/sites\/1385\/2024\/03\/LSO-300x200.jpg\" class=\"attachment-medium size-medium wp-image-3476\" alt=\"\" srcset=\"https:\/\/sites.usp.br\/smagro\/wp-content\/uploads\/sites\/1385\/2024\/03\/LSO-300x200.jpg 300w, https:\/\/sites.usp.br\/smagro\/wp-content\/uploads\/sites\/1385\/2024\/03\/LSO-400x267.jpg 400w, https:\/\/sites.usp.br\/smagro\/wp-content\/uploads\/sites\/1385\/2024\/03\/LSO-768x512.jpg 768w, https:\/\/sites.usp.br\/smagro\/wp-content\/uploads\/sites\/1385\/2024\/03\/LSO.jpg 900w\" sizes=\"(max-width: 300px) 100vw, 300px\" \/>\t\t\t\t\t\t\t\t\t\t\t\t\t<\/div>\n\t\t\t\t<\/div>\n\t\t\t\t\t<\/div>\n\t\t<\/div>\n\t\t\t\t\t<\/div>\n\t\t<\/section>\n\t\t\t\t<section class=\"elementor-section elementor-top-section elementor-element elementor-element-089d41b elementor-section-boxed elementor-section-height-default elementor-section-height-default\" data-id=\"089d41b\" data-element_type=\"section\">\n\t\t\t\t\t\t<div class=\"elementor-container elementor-column-gap-default\">\n\t\t\t\t\t<div class=\"elementor-column elementor-col-100 elementor-top-column elementor-element elementor-element-6dd4892\" data-id=\"6dd4892\" data-element_type=\"column\">\n\t\t\t<div class=\"elementor-widget-wrap\">\n\t\t\t\t\t\t\t<\/div>\n\t\t<\/div>\n\t\t\t\t\t<\/div>\n\t\t<\/section>\n\t\t\t\t<\/div>\n\t\t","protected":false},"excerpt":{"rendered":"<p>Teoria \u00e0 pr\u00e1tica de extra\u00e7\u00e3o, coloniza\u00e7\u00e3o, montagem e exame de esporos de fungos Micorrizicos Arbusculares (FMAs) Maycon Cristiano Barbosa Doutorando \u2013 CENA\/USP Nariane de Andrade Doutoranda \u2013 ESALQ\/USP Carga horaria: 8h\u00a0 Objetivo:\u00a0O objetivo do minicurso \u00e9 capacitar os participantes nos fundamentos te\u00f3ricos e pr\u00e1ticos relacionados ao manejo e estudo de Fungos Micorr\u00edzicos Arbusculares (FMAs), abordando<\/p>\n","protected":false},"author":23830,"featured_media":0,"parent":0,"menu_order":0,"comment_status":"closed","ping_status":"closed","template":"","meta":{"_acf_changed":false,"_monsterinsights_skip_tracking":false,"_monsterinsights_sitenote_active":false,"_monsterinsights_sitenote_note":"","_monsterinsights_sitenote_category":0,"footnotes":"","_links_to":"","_links_to_target":""},"class_list":["post-3211","page","type-page","status-publish","hentry","entry"],"acf":[],"_links":{"self":[{"href":"https:\/\/sites.usp.br\/smagro\/wp-json\/wp\/v2\/pages\/3211","targetHints":{"allow":["GET"]}}],"collection":[{"href":"https:\/\/sites.usp.br\/smagro\/wp-json\/wp\/v2\/pages"}],"about":[{"href":"https:\/\/sites.usp.br\/smagro\/wp-json\/wp\/v2\/types\/page"}],"author":[{"embeddable":true,"href":"https:\/\/sites.usp.br\/smagro\/wp-json\/wp\/v2\/users\/23830"}],"replies":[{"embeddable":true,"href":"https:\/\/sites.usp.br\/smagro\/wp-json\/wp\/v2\/comments?post=3211"}],"version-history":[{"count":4,"href":"https:\/\/sites.usp.br\/smagro\/wp-json\/wp\/v2\/pages\/3211\/revisions"}],"predecessor-version":[{"id":4173,"href":"https:\/\/sites.usp.br\/smagro\/wp-json\/wp\/v2\/pages\/3211\/revisions\/4173"}],"wp:attachment":[{"href":"https:\/\/sites.usp.br\/smagro\/wp-json\/wp\/v2\/media?parent=3211"}],"curies":[{"name":"wp","href":"https:\/\/api.w.org\/{rel}","templated":true}]}}