{"id":3298,"date":"2024-01-30T19:33:34","date_gmt":"2024-01-30T22:33:34","guid":{"rendered":"https:\/\/sites.usp.br\/smagro\/?page_id=3298"},"modified":"2026-03-31T18:36:37","modified_gmt":"2026-03-31T21:36:37","slug":"minicursoiv","status":"publish","type":"page","link":"https:\/\/sites.usp.br\/smagro\/minicursoiv\/","title":{"rendered":"IV &#8211; Processos de produ\u00e7\u00e3o e purifica\u00e7\u00e3o de biomol\u00e9culas microbianas"},"content":{"rendered":"\t\t<div data-elementor-type=\"wp-page\" data-elementor-id=\"3298\" class=\"elementor elementor-3298\" data-elementor-post-type=\"page\">\n\t\t\t\t\t\t<section class=\"elementor-section elementor-top-section elementor-element elementor-element-4883e93 elementor-section-boxed elementor-section-height-default elementor-section-height-default elementor-invisible\" data-id=\"4883e93\" data-element_type=\"section\" data-settings=\"{&quot;background_background&quot;:&quot;classic&quot;,&quot;animation&quot;:&quot;fadeIn&quot;}\">\n\t\t\t\t\t\t<div class=\"elementor-container elementor-column-gap-default\">\n\t\t\t\t\t<div class=\"elementor-column elementor-col-100 elementor-top-column elementor-element elementor-element-0a90ceb\" data-id=\"0a90ceb\" data-element_type=\"column\">\n\t\t\t<div class=\"elementor-widget-wrap elementor-element-populated\">\n\t\t\t\t\t\t<div class=\"elementor-element elementor-element-0d4c1df elementor-widget elementor-widget-heading\" data-id=\"0d4c1df\" data-element_type=\"widget\" data-widget_type=\"heading.default\">\n\t\t\t\t<div class=\"elementor-widget-container\">\n\t\t\t<h1 class=\"elementor-heading-title elementor-size-default\">Processos de produ\u00e7\u00e3o e purifica\u00e7\u00e3o de biomol\u00e9culas microbianas<\/h1>\t\t<\/div>\n\t\t\t\t<\/div>\n\t\t\t\t\t<\/div>\n\t\t<\/div>\n\t\t\t\t\t<\/div>\n\t\t<\/section>\n\t\t\t\t<section class=\"elementor-section elementor-top-section elementor-element elementor-element-45741fa elementor-section-boxed elementor-section-height-default elementor-section-height-default\" data-id=\"45741fa\" data-element_type=\"section\">\n\t\t\t\t\t\t<div class=\"elementor-container elementor-column-gap-default\">\n\t\t\t\t\t<div class=\"elementor-column elementor-col-33 elementor-top-column elementor-element elementor-element-3f3d47f\" data-id=\"3f3d47f\" data-element_type=\"column\">\n\t\t\t<div class=\"elementor-widget-wrap elementor-element-populated\">\n\t\t\t\t\t\t<div class=\"elementor-element elementor-element-0554a37 elementor-widget elementor-widget-image\" data-id=\"0554a37\" data-element_type=\"widget\" data-widget_type=\"image.default\">\n\t\t\t\t<div class=\"elementor-widget-container\">\n\t\t\t\t\t\t\t\t\t\t\t\t\t<img decoding=\"async\" width=\"200\" height=\"200\" src=\"https:\/\/sites.usp.br\/smagro\/wp-content\/uploads\/sites\/1385\/2026\/02\/Angela-200x200.png\" class=\"attachment-fpw_square size-fpw_square wp-image-4076\" alt=\"\" srcset=\"https:\/\/sites.usp.br\/smagro\/wp-content\/uploads\/sites\/1385\/2026\/02\/Angela-150x150.png 150w, https:\/\/sites.usp.br\/smagro\/wp-content\/uploads\/sites\/1385\/2026\/02\/Angela-200x200.png 200w, https:\/\/sites.usp.br\/smagro\/wp-content\/uploads\/sites\/1385\/2026\/02\/Angela-300x300.png 300w, https:\/\/sites.usp.br\/smagro\/wp-content\/uploads\/sites\/1385\/2026\/02\/Angela-400x400.png 400w, https:\/\/sites.usp.br\/smagro\/wp-content\/uploads\/sites\/1385\/2026\/02\/Angela-600x600.png 600w, https:\/\/sites.usp.br\/smagro\/wp-content\/uploads\/sites\/1385\/2026\/02\/Angela-768x768.png 768w, https:\/\/sites.usp.br\/smagro\/wp-content\/uploads\/sites\/1385\/2026\/02\/Angela-1024x1024.png 1024w, https:\/\/sites.usp.br\/smagro\/wp-content\/uploads\/sites\/1385\/2026\/02\/Angela.png 1080w\" sizes=\"(max-width: 200px) 100vw, 200px\" \/>\t\t\t\t\t\t\t\t\t\t\t\t\t<\/div>\n\t\t\t\t<\/div>\n\t\t\t\t<div class=\"elementor-element elementor-element-7bc43a1 elementor-widget elementor-widget-text-editor\" data-id=\"7bc43a1\" data-element_type=\"widget\" data-widget_type=\"text-editor.default\">\n\t\t\t\t<div class=\"elementor-widget-container\">\n\t\t\t\t\t\t\t<p style=\"text-align: center;\"><strong>Dra. Angela Faustino Jozala\u00a0<br \/>Universidade de Sorocaba<\/strong><\/p>\t\t\t\t\t\t<\/div>\n\t\t\t\t<\/div>\n\t\t\t\t\t<\/div>\n\t\t<\/div>\n\t\t\t\t<div class=\"elementor-column elementor-col-33 elementor-top-column elementor-element elementor-element-609c4de\" data-id=\"609c4de\" data-element_type=\"column\">\n\t\t\t<div class=\"elementor-widget-wrap elementor-element-populated\">\n\t\t\t\t\t\t<div class=\"elementor-element elementor-element-bf603dd elementor-widget elementor-widget-image\" data-id=\"bf603dd\" data-element_type=\"widget\" data-widget_type=\"image.default\">\n\t\t\t\t<div class=\"elementor-widget-container\">\n\t\t\t\t\t\t\t\t\t\t\t\t\t<img decoding=\"async\" width=\"200\" height=\"200\" src=\"https:\/\/sites.usp.br\/smagro\/wp-content\/uploads\/sites\/1385\/2026\/03\/Valeria-200x200.png\" class=\"attachment-fpw_square size-fpw_square wp-image-4134\" alt=\"\" srcset=\"https:\/\/sites.usp.br\/smagro\/wp-content\/uploads\/sites\/1385\/2026\/03\/Valeria-45x45.png 45w, https:\/\/sites.usp.br\/smagro\/wp-content\/uploads\/sites\/1385\/2026\/03\/Valeria-150x150.png 150w, https:\/\/sites.usp.br\/smagro\/wp-content\/uploads\/sites\/1385\/2026\/03\/Valeria-200x200.png 200w, https:\/\/sites.usp.br\/smagro\/wp-content\/uploads\/sites\/1385\/2026\/03\/Valeria-300x300.png 300w, https:\/\/sites.usp.br\/smagro\/wp-content\/uploads\/sites\/1385\/2026\/03\/Valeria-400x400.png 400w, https:\/\/sites.usp.br\/smagro\/wp-content\/uploads\/sites\/1385\/2026\/03\/Valeria-600x600.png 600w, https:\/\/sites.usp.br\/smagro\/wp-content\/uploads\/sites\/1385\/2026\/03\/Valeria-768x768.png 768w, https:\/\/sites.usp.br\/smagro\/wp-content\/uploads\/sites\/1385\/2026\/03\/Valeria-1024x1024.png 1024w, https:\/\/sites.usp.br\/smagro\/wp-content\/uploads\/sites\/1385\/2026\/03\/Valeria.png 1080w\" sizes=\"(max-width: 200px) 100vw, 200px\" \/>\t\t\t\t\t\t\t\t\t\t\t\t\t<\/div>\n\t\t\t\t<\/div>\n\t\t\t\t<div class=\"elementor-element elementor-element-8273717 elementor-widget elementor-widget-text-editor\" data-id=\"8273717\" data-element_type=\"widget\" data-widget_type=\"text-editor.default\">\n\t\t\t\t<div class=\"elementor-widget-container\">\n\t\t\t\t\t\t\t<p style=\"text-align: center;\"><strong>Dra. Val\u00e9ria Carvalho Santos-Ebinuma<\/strong><br \/><strong>UNESP \u2013 Araraquara<\/strong><\/p>\t\t\t\t\t\t<\/div>\n\t\t\t\t<\/div>\n\t\t\t\t\t<\/div>\n\t\t<\/div>\n\t\t\t\t<div class=\"elementor-column elementor-col-33 elementor-top-column elementor-element elementor-element-6509221\" data-id=\"6509221\" data-element_type=\"column\">\n\t\t\t<div class=\"elementor-widget-wrap elementor-element-populated\">\n\t\t\t\t\t\t<div class=\"elementor-element elementor-element-0a0c4ff elementor-widget elementor-widget-image\" data-id=\"0a0c4ff\" data-element_type=\"widget\" data-widget_type=\"image.default\">\n\t\t\t\t<div class=\"elementor-widget-container\">\n\t\t\t\t\t\t\t\t\t\t\t\t\t<img decoding=\"async\" width=\"200\" height=\"200\" src=\"https:\/\/sites.usp.br\/smagro\/wp-content\/uploads\/sites\/1385\/2026\/03\/Pedro-Purificacao-200x200.png\" class=\"attachment-fpw_square size-fpw_square wp-image-4135\" alt=\"\" srcset=\"https:\/\/sites.usp.br\/smagro\/wp-content\/uploads\/sites\/1385\/2026\/03\/Pedro-Purificacao-45x45.png 45w, https:\/\/sites.usp.br\/smagro\/wp-content\/uploads\/sites\/1385\/2026\/03\/Pedro-Purificacao-150x150.png 150w, https:\/\/sites.usp.br\/smagro\/wp-content\/uploads\/sites\/1385\/2026\/03\/Pedro-Purificacao-200x200.png 200w, https:\/\/sites.usp.br\/smagro\/wp-content\/uploads\/sites\/1385\/2026\/03\/Pedro-Purificacao-300x300.png 300w, https:\/\/sites.usp.br\/smagro\/wp-content\/uploads\/sites\/1385\/2026\/03\/Pedro-Purificacao-400x400.png 400w, https:\/\/sites.usp.br\/smagro\/wp-content\/uploads\/sites\/1385\/2026\/03\/Pedro-Purificacao-600x600.png 600w, https:\/\/sites.usp.br\/smagro\/wp-content\/uploads\/sites\/1385\/2026\/03\/Pedro-Purificacao-768x768.png 768w, https:\/\/sites.usp.br\/smagro\/wp-content\/uploads\/sites\/1385\/2026\/03\/Pedro-Purificacao-1024x1024.png 1024w, https:\/\/sites.usp.br\/smagro\/wp-content\/uploads\/sites\/1385\/2026\/03\/Pedro-Purificacao.png 1080w\" sizes=\"(max-width: 200px) 100vw, 200px\" \/>\t\t\t\t\t\t\t\t\t\t\t\t\t<\/div>\n\t\t\t\t<\/div>\n\t\t\t\t<div class=\"elementor-element elementor-element-5b53e5c elementor-widget__width-initial elementor-widget elementor-widget-text-editor\" data-id=\"5b53e5c\" data-element_type=\"widget\" data-widget_type=\"text-editor.default\">\n\t\t\t\t<div class=\"elementor-widget-container\">\n\t\t\t\t\t\t\t<p style=\"text-align: center;\"><strong>Dr. Pedro Garcia Pereira da Silva<br \/><\/strong><strong>UNESP \u2013 Araraquara<\/strong><\/p>\t\t\t\t\t\t<\/div>\n\t\t\t\t<\/div>\n\t\t\t\t\t<\/div>\n\t\t<\/div>\n\t\t\t\t\t<\/div>\n\t\t<\/section>\n\t\t\t\t<section class=\"elementor-section elementor-top-section elementor-element elementor-element-421c1ba elementor-section-boxed elementor-section-height-default elementor-section-height-default elementor-invisible\" data-id=\"421c1ba\" data-element_type=\"section\" data-settings=\"{&quot;background_background&quot;:&quot;classic&quot;,&quot;animation&quot;:&quot;fadeIn&quot;}\">\n\t\t\t\t\t\t<div class=\"elementor-container elementor-column-gap-default\">\n\t\t\t\t\t<div class=\"elementor-column elementor-col-100 elementor-top-column elementor-element elementor-element-eb46230\" data-id=\"eb46230\" data-element_type=\"column\">\n\t\t\t<div class=\"elementor-widget-wrap elementor-element-populated\">\n\t\t\t\t\t\t<div class=\"elementor-element elementor-element-cee086d elementor-widget elementor-widget-text-editor\" data-id=\"cee086d\" data-element_type=\"widget\" data-widget_type=\"text-editor.default\">\n\t\t\t\t<div class=\"elementor-widget-container\">\n\t\t\t\t\t\t\t<ul><li><strong>Carga hor\u00e1ria:<\/strong> 8 h<\/li><li style=\"text-align: left;\"><strong><strong>Conte\u00fado: <\/strong><\/strong>Introdu\u00e7\u00e3o \u00e0 microbiologia industrial e \u00e0 biotecnologia microbiana. Principais classes de biomol\u00e9culas microbianas de interesse industrial (enzimas, biopol\u00edmeros, metab\u00f3litos prim\u00e1rios e secund\u00e1rios). Sele\u00e7\u00e3o de microrganismos e defini\u00e7\u00e3o de estrat\u00e9gias fermentativas. Formula\u00e7\u00e3o e otimiza\u00e7\u00e3o de meios de cultivo. Par\u00e2metros operacionais e monitoramento de processos fermentativos (pH, temperatura, oxig\u00eanio dissolvido, agita\u00e7\u00e3o e crescimento celular). Pr\u00e1tica demonstrativa de fermenta\u00e7\u00e3o microbiana, abordando preparo de meio, inocula\u00e7\u00e3o, condu\u00e7\u00e3o do processo e an\u00e1lise de par\u00e2metros b\u00e1sicos de crescimento e produ\u00e7\u00e3o. Etapas de recupera\u00e7\u00e3o e purifica\u00e7\u00e3o (downstream processing): separa\u00e7\u00e3o s\u00f3lido-l\u00edquido por centrifuga\u00e7\u00e3o e filtra\u00e7\u00e3o; m\u00e9todos de concentra\u00e7\u00e3o e clarifica\u00e7\u00e3o; precipita\u00e7\u00e3o, extra\u00e7\u00e3o l\u00edquido-l\u00edquido e fundamentos das principais t\u00e9cnicas<p>cromatogr\u00e1ficas (troca i\u00f4nica, intera\u00e7\u00e3o hidrof\u00f3bica, afinidade e filtra\u00e7\u00e3o por gel), com enfoque na integra\u00e7\u00e3o upstream\u2013downstream e na aplica\u00e7\u00e3o industrial.<\/p><p><strong>M\u00f3dulo 1 \u2013 Fundamentos de Fermenta\u00e7\u00e3o<\/strong><br \/>\uf0b7 Microbiologia industrial aplicada<br \/>\uf0b7 Tipos de processos fermentativos (batch, fed-batch, cont\u00ednuo)<br \/>\uf0b7 Formula\u00e7\u00e3o de meios de cultivo<br \/>\uf0b7 Par\u00e2metros cr\u00edticos de processo<br \/>\uf0b7 Introdu\u00e7\u00e3o ao conceito de upstream x downstream<\/p><p><strong>M\u00f3dulo 2 \u2013 Pr\u00e1tica Demonstrativa de Fermenta\u00e7\u00e3o<\/strong><br \/>Demonstra\u00e7\u00e3o pr\u00e1tica e guiada de:<br \/>\uf0b7 Preparo de meio de cultivo<br \/>\uf0b7 Inocula\u00e7\u00e3o de microrganismo modelo<br \/>\uf0b7 Condu\u00e7\u00e3o de fermenta\u00e7\u00e3o em pequena escala<br \/>\uf0b7 Monitoramento de par\u00e2metros b\u00e1sicos:<br \/>o pH<br \/>o Turbidez \/ crescimento celular<br \/>o Tempo de processo<\/p><p><strong>M\u00f3dulo 3 \u2013 Recupera\u00e7\u00e3o e Purifica\u00e7\u00e3o<\/strong><br \/>\uf0b7 Separa\u00e7\u00e3o s\u00f3lido-l\u00edquido do caldo fermentado<br \/>\uf0b7 Centrifuga\u00e7\u00e3o e filtra\u00e7\u00e3o<br \/>\uf0b7 Precipita\u00e7\u00e3o de biomol\u00e9culas<br \/>\uf0b7 Introdu\u00e7\u00e3o \u00e0s t\u00e9cnicas cromatogr\u00e1ficas<br \/>\uf0b7 Discuss\u00e3o de casos industriais reais<br \/>\uf0b7 Integra\u00e7\u00e3o processo \u2192 produto \u2192 escala<\/p><\/li><\/ul>\t\t\t\t\t\t<\/div>\n\t\t\t\t<\/div>\n\t\t\t\t<div class=\"elementor-element elementor-element-72083c1 elementor-widget elementor-widget-text-editor\" data-id=\"72083c1\" data-element_type=\"widget\" data-widget_type=\"text-editor.default\">\n\t\t\t\t<div class=\"elementor-widget-container\">\n\t\t\t\t\t\t\t<ul>\n<li>&nbsp;<strong>Vagas limitadas:<\/strong> 20 participantes.&nbsp;<span style=\"color: rgb(0, 0, 0); font-family: &quot;Open Sans&quot;, sans-serif; font-size: 18px; font-style: normal; font-variant-ligatures: normal; font-variant-caps: normal; font-weight: 600;\">19\/20&nbsp; 1 vaga remanescentes (Atualizado 31\/03~2026).&nbsp;<\/span><\/li>\n<\/ul>\t\t\t\t\t\t<\/div>\n\t\t\t\t<\/div>\n\t\t\t\t\t<\/div>\n\t\t<\/div>\n\t\t\t\t\t<\/div>\n\t\t<\/section>\n\t\t\t\t<section class=\"elementor-section elementor-top-section elementor-element elementor-element-f9b8cea elementor-section-boxed elementor-section-height-default elementor-section-height-default\" data-id=\"f9b8cea\" data-element_type=\"section\">\n\t\t\t\t\t\t<div class=\"elementor-container elementor-column-gap-default\">\n\t\t\t\t\t<div class=\"elementor-column elementor-col-100 elementor-top-column elementor-element elementor-element-6c43ca8\" data-id=\"6c43ca8\" data-element_type=\"column\">\n\t\t\t<div class=\"elementor-widget-wrap elementor-element-populated\">\n\t\t\t\t\t\t<div class=\"elementor-element elementor-element-0494062 elementor-widget elementor-widget-spacer\" data-id=\"0494062\" data-element_type=\"widget\" data-widget_type=\"spacer.default\">\n\t\t\t\t<div class=\"elementor-widget-container\">\n\t\t\t\t\t<div class=\"elementor-spacer\">\n\t\t\t<div class=\"elementor-spacer-inner\"><\/div>\n\t\t<\/div>\n\t\t\t\t<\/div>\n\t\t\t\t<\/div>\n\t\t\t\t\t<\/div>\n\t\t<\/div>\n\t\t\t\t\t<\/div>\n\t\t<\/section>\n\t\t\t\t<section class=\"elementor-section elementor-top-section elementor-element elementor-element-40a27da elementor-section-content-middle elementor-section-stretched elementor-section-boxed elementor-section-height-default elementor-section-height-default\" data-id=\"40a27da\" data-element_type=\"section\" data-settings=\"{&quot;stretch_section&quot;:&quot;section-stretched&quot;,&quot;background_background&quot;:&quot;classic&quot;}\">\n\t\t\t\t\t\t<div class=\"elementor-container elementor-column-gap-default\">\n\t\t\t\t\t<div class=\"elementor-column elementor-col-33 elementor-top-column elementor-element elementor-element-3fd5603\" data-id=\"3fd5603\" data-element_type=\"column\">\n\t\t\t<div class=\"elementor-widget-wrap elementor-element-populated\">\n\t\t\t\t\t\t<div class=\"elementor-element elementor-element-950fafd elementor-widget elementor-widget-text-editor\" data-id=\"950fafd\" data-element_type=\"widget\" data-widget_type=\"text-editor.default\">\n\t\t\t\t<div class=\"elementor-widget-container\">\n\t\t\t\t\t\t\t<p><span style=\"font-variant-ligatures: normal; font-variant-caps: normal; font-family: 'Open Sans', sans-serif; font-size: 18px; font-style: normal; font-weight: 400; background-color: #ffffff;\"><span style=\"font-size: 18px; font-weight: 600;\">Local: Laborat\u00f3rio de Aulas praticas departamento de fitopatologia.\u00a0<\/span><\/span><\/p>\t\t\t\t\t\t<\/div>\n\t\t\t\t<\/div>\n\t\t\t\t\t<\/div>\n\t\t<\/div>\n\t\t\t\t<div class=\"elementor-column elementor-col-33 elementor-top-column elementor-element elementor-element-f85c3ea\" data-id=\"f85c3ea\" data-element_type=\"column\">\n\t\t\t<div class=\"elementor-widget-wrap elementor-element-populated\">\n\t\t\t\t\t\t<div class=\"elementor-element elementor-element-4a01304 elementor-widget elementor-widget-google_maps\" data-id=\"4a01304\" data-element_type=\"widget\" data-widget_type=\"google_maps.default\">\n\t\t\t\t<div class=\"elementor-widget-container\">\n\t\t\t\t\t<div class=\"elementor-custom-embed\">\n\t\t\t<iframe loading=\"lazy\"\n\t\t\t\t\tsrc=\"https:\/\/maps.google.com\/maps?q=Fitopatologia%20e%20Nematologia%20%28LFN%29&#038;t=m&#038;z=16&#038;output=embed&#038;iwloc=near\"\n\t\t\t\t\ttitle=\"Fitopatologia e Nematologia (LFN)\"\n\t\t\t\t\taria-label=\"Fitopatologia e Nematologia (LFN)\"\n\t\t\t><\/iframe>\n\t\t<\/div>\n\t\t\t\t<\/div>\n\t\t\t\t<\/div>\n\t\t\t\t\t<\/div>\n\t\t<\/div>\n\t\t\t\t<div class=\"elementor-column elementor-col-33 elementor-top-column elementor-element elementor-element-7f1a379\" data-id=\"7f1a379\" data-element_type=\"column\">\n\t\t\t<div class=\"elementor-widget-wrap\">\n\t\t\t\t\t\t\t<\/div>\n\t\t<\/div>\n\t\t\t\t\t<\/div>\n\t\t<\/section>\n\t\t\t\t<\/div>\n\t\t","protected":false},"excerpt":{"rendered":"<p>Processos de produ\u00e7\u00e3o e purifica\u00e7\u00e3o de biomol\u00e9culas microbianas Dra. Angela Faustino Jozala\u00a0Universidade de Sorocaba Dra. Val\u00e9ria Carvalho Santos-EbinumaUNESP \u2013 Araraquara Dr. Pedro Garcia Pereira da SilvaUNESP \u2013 Araraquara Carga hor\u00e1ria: 8 h Conte\u00fado: Introdu\u00e7\u00e3o \u00e0 microbiologia industrial e \u00e0 biotecnologia microbiana. Principais classes de biomol\u00e9culas microbianas de interesse industrial (enzimas, biopol\u00edmeros, metab\u00f3litos prim\u00e1rios e secund\u00e1rios).<\/p>\n","protected":false},"author":23830,"featured_media":0,"parent":0,"menu_order":0,"comment_status":"closed","ping_status":"closed","template":"","meta":{"_acf_changed":false,"_monsterinsights_skip_tracking":false,"_monsterinsights_sitenote_active":false,"_monsterinsights_sitenote_note":"","_monsterinsights_sitenote_category":0,"footnotes":"","_links_to":"","_links_to_target":""},"class_list":["post-3298","page","type-page","status-publish","hentry","entry"],"acf":[],"_links":{"self":[{"href":"https:\/\/sites.usp.br\/smagro\/wp-json\/wp\/v2\/pages\/3298","targetHints":{"allow":["GET"]}}],"collection":[{"href":"https:\/\/sites.usp.br\/smagro\/wp-json\/wp\/v2\/pages"}],"about":[{"href":"https:\/\/sites.usp.br\/smagro\/wp-json\/wp\/v2\/types\/page"}],"author":[{"embeddable":true,"href":"https:\/\/sites.usp.br\/smagro\/wp-json\/wp\/v2\/users\/23830"}],"replies":[{"embeddable":true,"href":"https:\/\/sites.usp.br\/smagro\/wp-json\/wp\/v2\/comments?post=3298"}],"version-history":[{"count":4,"href":"https:\/\/sites.usp.br\/smagro\/wp-json\/wp\/v2\/pages\/3298\/revisions"}],"predecessor-version":[{"id":4179,"href":"https:\/\/sites.usp.br\/smagro\/wp-json\/wp\/v2\/pages\/3298\/revisions\/4179"}],"wp:attachment":[{"href":"https:\/\/sites.usp.br\/smagro\/wp-json\/wp\/v2\/media?parent=3298"}],"curies":[{"name":"wp","href":"https:\/\/api.w.org\/{rel}","templated":true}]}}