{"id":559,"date":"2024-06-13T08:20:05","date_gmt":"2024-06-13T11:20:05","guid":{"rendered":"https:\/\/sites.usp.br\/socialroboticslab\/?page_id=559"},"modified":"2024-06-14T17:23:53","modified_gmt":"2024-06-14T20:23:53","slug":"publicacoes","status":"publish","type":"page","link":"https:\/\/sites.usp.br\/socialroboticslab\/publicacoes\/","title":{"rendered":"Publica\u00e7\u00f5es"},"content":{"rendered":"\t\t<div data-elementor-type=\"wp-page\" data-elementor-id=\"559\" class=\"elementor elementor-559\" data-elementor-post-type=\"page\">\n\t\t\t\t\t\t<section class=\"elementor-section elementor-top-section elementor-element elementor-element-12a5152 elementor-section-boxed elementor-section-height-default elementor-section-height-default\" data-id=\"12a5152\" data-element_type=\"section\">\n\t\t\t\t\t\t<div class=\"elementor-container elementor-column-gap-default\">\n\t\t\t\t\t<div class=\"elementor-column elementor-col-100 elementor-top-column elementor-element elementor-element-116021b\" data-id=\"116021b\" data-element_type=\"column\">\n\t\t\t<div class=\"elementor-widget-wrap elementor-element-populated\">\n\t\t\t\t\t\t<div class=\"elementor-element elementor-element-bd28c7d elementor-widget elementor-widget-spacer\" data-id=\"bd28c7d\" data-element_type=\"widget\" data-widget_type=\"spacer.default\">\n\t\t\t\t<div class=\"elementor-widget-container\">\n\t\t\t\t\t<div class=\"elementor-spacer\">\n\t\t\t<div class=\"elementor-spacer-inner\"><\/div>\n\t\t<\/div>\n\t\t\t\t<\/div>\n\t\t\t\t<\/div>\n\t\t\t\t\t<\/div>\n\t\t<\/div>\n\t\t\t\t\t<\/div>\n\t\t<\/section>\n\t\t\t\t<section class=\"elementor-section elementor-top-section elementor-element elementor-element-25dc7e2 elementor-section-boxed elementor-section-height-default elementor-section-height-default\" data-id=\"25dc7e2\" data-element_type=\"section\">\n\t\t\t\t\t\t<div class=\"elementor-container elementor-column-gap-default\">\n\t\t\t\t\t<div class=\"elementor-column elementor-col-100 elementor-top-column elementor-element elementor-element-540cb45\" data-id=\"540cb45\" data-element_type=\"column\">\n\t\t\t<div class=\"elementor-widget-wrap elementor-element-populated\">\n\t\t\t\t\t\t<div class=\"elementor-element elementor-element-10e1f46 elementor-widget elementor-widget-heading\" data-id=\"10e1f46\" data-element_type=\"widget\" data-widget_type=\"heading.default\">\n\t\t\t\t<div class=\"elementor-widget-container\">\n\t\t\t<h2 class=\"elementor-heading-title elementor-size-default\">Publica\u00e7\u00f5es<\/h2>\t\t<\/div>\n\t\t\t\t<\/div>\n\t\t\t\t\t<\/div>\n\t\t<\/div>\n\t\t\t\t\t<\/div>\n\t\t<\/section>\n\t\t\t\t<section class=\"elementor-section elementor-top-section elementor-element elementor-element-e0dd775 elementor-section-boxed elementor-section-height-default elementor-section-height-default\" data-id=\"e0dd775\" data-element_type=\"section\">\n\t\t\t\t\t\t<div class=\"elementor-container elementor-column-gap-default\">\n\t\t\t\t\t<div class=\"elementor-column elementor-col-100 elementor-top-column elementor-element elementor-element-926f185\" data-id=\"926f185\" data-element_type=\"column\">\n\t\t\t<div class=\"elementor-widget-wrap elementor-element-populated\">\n\t\t\t\t\t\t<div class=\"elementor-element elementor-element-d97eab2 elementor-widget__width-initial elementor-widget elementor-widget-text-editor\" data-id=\"d97eab2\" data-element_type=\"widget\" data-widget_type=\"text-editor.default\">\n\t\t\t\t<div class=\"elementor-widget-container\">\n\t\t\t\t\t\t\t<p>Hung, Patrick C. K. ; Fantinato, Marcelo ; ROA, Jorge . <strong>Children Privacy Protection<\/strong>. In: Lee, N.. (Org.). Encyclopedia of Computer Graphics and Games. 2ed.: Springer International Publishing, v. , p. 293-295, 2024.<\/p><p>Hung, Patrick C. K. ; RAFFERTY, Laura ; Fantinato, Marcelo . <strong>Toy Computing<\/strong>. In: Lee, N.. (Org.). Encyclopedia of Computer Graphics and Games. 2ed.: Springer International Publishing, v. , p. 1892-1894, 2024.<\/p><p>ALBUQUERQUE, Ot\u00e1vio de Paula ; IQBAL, Farkhund ; Hung, Patrick C. K. ; FANTINATO, Marcelo ; PERES, Sarajane Marques .<strong> A Preliminary Design of Privacy Ontology for Smart Toys<\/strong>. In: 57th Hawaii International Conference on System Sciences (HICSS), 2024, Hawaii. Proceedings of the 57th Hawaii International Conference on System Sciences (HICSS 2024), p. 1732-1741, 2024.<\/p><p>DE PAULA ALBUQUERQUE, OTAVIO ; Fantinato, Marcelo ; Hung, Patrick C. K. ; PERES, Sarajane Marques ; IQBAL, Farkhund ; REHMAN, Umair ; SHAH, Muhammad Umair . <strong>Recommendations for a smart toy parental control tool<\/strong>. JOURNAL OF SUPERCOMPUTING, v. 78, p. 11156-11194, 2022.<\/p><p>PINHEIRO AM\u00c2NCIO, FERNANDA MARIA ; SOUZA, Ana Paula ; Fantinato, Marcelo ; PERES, Sarajane Marques ; HUNG, PATRICK C.K. ; COUTINHO DO R\u00caGO, LUIS GUSTAVO ; ROA, Jorge . <strong>Parental perception of children&#8217;s privacy in smart toys in countries of different economic levels<\/strong>. TECHNOLOGY IN SOCIETY, v. 72, p. 102180, 2022.<\/p><p>ALBUQUERQUE, Ot\u00e1vio de Paula ; FANTINATO, Marcelo ; M. PERES, SARAJANE ; Hung, Patrick C. K. . <strong>An exploratory research about ethical issues on a smart toy: The Hello Barbie case study<\/strong>. In: III Workshop sobre as Implica\u00e7\u00f5es da Computa\u00e7\u00e3o na Sociedade (WICS), 2022, Niteroi. Anais do III Workshop sobre as Implica\u00e7\u00f5es da Computa\u00e7\u00e3o na Sociedade (WICS 2022). Porto Alegre: Sociedade Brasileira de Computa\u00e7\u00e3o, p. 67-75, 2022.<\/p><p>ARAUJO, BRUNO S. ; ARAUJO, JOAO VICTOR F. ; Fantinato, Marcelo ; CACHIONI, Meire ; RIGA, OTAVIO H. ; ALBUQUERQUE, OTAVIO P. ; GIORGI, Pedro Augusto S. ; MELO, RUTH C. ; BATISTONI, SAMILA S. T. ; PERES, SARAJANE M. ; Hung, Patrick C. K. . <strong>Getting to Know and Interacting with the Social Robot Zenbo\u00bf: An Exploratory Study with Brazilian Older Adults<\/strong>. In: 2022 IEEE Games, Entertainment, Media Conference (GEM), 2022, St. Michael. 2022 IEEE Games, Entertainment, Media Conference (GEM), p. 1-6, 2022.<\/p><p>ALBUQUERQUE, Ot\u00e1vio de Paula ; FANTINATO, Marcelo ; PERES, Sarajane Marques ; IQBAL, Farkhund ; Hung, Patrick C. K. .<strong> A Conceptual Model for a Parental Control Tool for Smart Toys<\/strong>. In: 23rd International Conference on Artificial Intelligence (ICAI), 2021, Las Vegas. Proceedings of the 23rd International Conference on Artificial Intelligence (ICAI 2021), 2021.<\/p><p>ACHARIGE, Kavintha ; ALBUQUERQUE, Ot\u00e1vio de Paula ; FANTINATO, Marcelo ; PERES, Sarajane Marques ; Hung, Patrick C. K. . <strong>A Security Study of Bluetooth-Powered Robot Toy<\/strong>. Journal of Surveillance, Security and Safety, v. 2021, p. 26-41, 2021.<\/p><p>ARAUJO, BRUNO SANCHEZ DE ; Fantinato, Marcelo ; MARQUES PERES, SARAJANE ; MELO, Ruth Caldeira de ; BATISTONI, Samila Sathler Tavares ; CACHIONI, Meire ; HUNG, PATRICK C.K. . <strong>Effects of social robots on depressive symptoms in older adults: a scoping review<\/strong>. LIBRARY HI TECH, v. 40, p. 1108-1126, 2021.<\/p><p>CARVALHO, Luciano Gon\u00e7alves de ; FANTINATO, Marcelo ; ELER, Marcelo Medeiros . <strong>Security Requirements Identification and Prioritization for Smart Toys<\/strong>. Electronic Commerce Research and Applications, v. 41, p. 100972-1-100972-13, 2020.<\/p><p>FANTINATO, Marcelo; ALBUQUERQUE, Ot\u00e1vio de Paula ; ALBUQUERQUE, Anna Priscilla ; KELNER, Judith ; YANKSON, Benjamin . <strong>A Literature Survey on Smart Toy-related Children&#8217;s Privacy Risks<\/strong>. In: 53rd Hawaii International Conference on System Sciences (HICSS), 2020, Wailea &#8211; HI. Proceedings of the 53rd Hawaii International Conference on System Sciences (HICSS 2020), p. 1479-1488, 2020.<\/p><p>ALBUQUERQUE, OTAVIO DE P. ; Fantinato, Marcelo ; ELER, MARCELO M. ; PERES, SARAJANE M. ; Hung, Patrick C. K. . <strong>A Study of Parental Control Requirements for Smart Toys<\/strong>. In: 2020 IEEE International Conference on Systems, Man, and Cybernetics (SMC), 2020, Toronto. 2020 IEEE International Conference on Systems, Man, and Cybernetics (SMC), p. 2215-6, 2020.<\/p><p>PAULA ALBUQUERQUE, DE OT\u00c1VIO ; Fantinato, Marcelo ; KELNER, Judith ; DE ALBUQUERQUE, ANNA PRISCILLA . <strong>Privacy in smart toys: Risks and proposed solutions<\/strong>. Electronic Commerce Research and Applications, v. 39, p. 100922-15, 2019.<\/p><p>FANTINATO, Marcelo; Hung, Patrick C. K. ; Jiang, Ying ; ROA, Jorge ; VILLARREAL, Pablo ; MELAISI, Mohammed ; Amancio, Fernanda . <strong>A preliminary study of Hello Barbie in Brazil and Argentina<\/strong>. Sustainable Cities and Society, v. 40, p. 83-90, 2018.<\/p><p>Hung, Patrick C. K. ; RAFFERTY, Laura ; FANTINATO, MARCELO . <strong>Toy Computing<\/strong>. In: Newton Lee. (Org.). Encyclopedia of Computer Graphics and Games. 1ed.Cham, Alemanha: Springer International Publishing, v. , p. 1-3, 2018.<\/p><p>Hung, Patrick C. K. ; Fantinato, Marcelo ; ROA, Jorge . <strong>Children Privacy Protection<\/strong>. In: Newton Lee. (Org.). Encyclopedia of Computer Graphics and Games. 2ed.Cham, Alemanha: Springer International Publishing, v. , p. 1-3, 2018<\/p><p>FANTINATO, Marcelo; HUNG, Patrick ; Jiang, Ying ; ROA, Jorge ; VILLARREAL, Pablo ; Melaisi, Mohammed ; Amancio, Fernanda . <strong>Perceived Innovativeness and Privacy Risk of Smart Toys in Brazil and Argentina<\/strong>. In: 51st Hawaii International Conference on System Sciences (HICSS), 2018, Waikoloa, HI. Proceedings of the 51st Hawaii International Conference on System Sciences (HICSS 2018), p. 1017-1024, 2018.<\/p><p>Amancio, Fernanda ; Fantinato, Marcelo ; HUNG, Patrick ; COUTINHO, Gustavo ; ROA, Jorge . <strong>Evaluation of the Perception of Brazilians about Smart Toys and Children&#8217;s Privacy<\/strong>. In: 2018 XLIV Latin American Computer Conference (CLEI), 2018, S\u00e3o Paulo. 2018 XLIV Latin American Computer Conference (CLEI), v. 1. p. 318, 2018.<\/p><p>RAFFERTY, Laura ; HUNG, Patrick ; FANTINATO, Marcelo ; PERES, Sarajane Marques ; IQBAL, Farkhund ; KUO, S. ; HUANG, Shih-Chia . <strong>Towards a Privacy Rule Conceptual Model for Smart Toys<\/strong>. In: 50th Hawaii International Conference on System Sciences (HICSS), 2017, Waikoloa Village, HI. Proceedings of the 50th Hawaii International Conference on System Sciences (HICSS 2017), v. 1. p. 1226-1235, 2017.<\/p><p>RAFFERTY, Laura ; Hung, Patrick C. K. ; FANTINATO, MARCELO ; PERES, Sarajane Marques ; IQBAL, Farkhund ; Kuo, Sy-Yen ; HUANG, Shih-Chia . <strong>Towards a Privacy Rule Conceptual Model for Smart Toys<\/strong>. In: Jeff K.T. Tang; Patrick C. K. Hung. (Org.). International Series on Computer Entertainment and Media Technology. 1ed.Berlim, Alemanha: Springer International Publishing, v. , p. 85-102, 2017.<\/p><p>FANTINATO, MARCELO; Hung, Patrick C. K. ; Jiang, Ying ; ROA, Jorge ; VILLARREAL, Pablo ; Melaisi, Mohammed ; Amancio, Fernanda . <strong>A Survey on Purchase Intention of Hello Barbie in Brazil and Argentina<\/strong>. In: Jeff K.T. Tang; Patrick C. K. Hung. (Org.). International Series on Computer Entertainment and Media Technology. 1ed.Berlin, Alemanha: Springer International Publishing, v. , p. 21-34, 2017.<\/p><p>RAFFERTY, Laura ; FANTINATO, MARCELO ; Hung, Patrick C. K. . <strong>Privacy Requirements in Toy Computing<\/strong>. In: Patrick C. K. Hung. (Org.). International Series on Computer Entertainment and Media Technology. 1ed.Berlin, Alemanha: Springer International Publishing, v. , p. 141-173, 2015.<\/p><p>HUNG, Patrick ; FANTINATO, Marcelo ; RAFFERTY, Laura . <strong>A Study Of Privacy Requirements For Smart Toys<\/strong>. In: 20th Pacific Asia Conference on Information Systems (PACIS), 2016, Chiayi, Taiwan. Proceedings of the 20th Pacific Asia Conference on Information Systems (PACIS 2016), p. 500-1-500-2, 2016.<\/p>\t\t\t\t\t\t<\/div>\n\t\t\t\t<\/div>\n\t\t\t\t\t<\/div>\n\t\t<\/div>\n\t\t\t\t\t<\/div>\n\t\t<\/section>\n\t\t\t\t<section class=\"elementor-section elementor-top-section elementor-element elementor-element-5a2c0b4 elementor-section-boxed elementor-section-height-default elementor-section-height-default\" data-id=\"5a2c0b4\" data-element_type=\"section\">\n\t\t\t\t\t\t<div class=\"elementor-container elementor-column-gap-default\">\n\t\t\t\t\t<div class=\"elementor-column elementor-col-100 elementor-top-column elementor-element elementor-element-ec45421\" data-id=\"ec45421\" data-element_type=\"column\">\n\t\t\t<div class=\"elementor-widget-wrap elementor-element-populated\">\n\t\t\t\t\t\t<div class=\"elementor-element elementor-element-4e30844 elementor-widget elementor-widget-spacer\" data-id=\"4e30844\" data-element_type=\"widget\" data-widget_type=\"spacer.default\">\n\t\t\t\t<div class=\"elementor-widget-container\">\n\t\t\t\t\t<div class=\"elementor-spacer\">\n\t\t\t<div class=\"elementor-spacer-inner\"><\/div>\n\t\t<\/div>\n\t\t\t\t<\/div>\n\t\t\t\t<\/div>\n\t\t\t\t\t<\/div>\n\t\t<\/div>\n\t\t\t\t\t<\/div>\n\t\t<\/section>\n\t\t\t\t<\/div>\n\t\t","protected":false},"excerpt":{"rendered":"<p>Publica\u00e7\u00f5es Hung, Patrick C. K. ; Fantinato, Marcelo ; ROA, Jorge . Children Privacy Protection. In: Lee, N.. (Org.). Encyclopedia of Computer Graphics and Games. 2ed.: Springer International Publishing, v. , p. 293-295, 2024. Hung, Patrick C. K. ; RAFFERTY, Laura ; Fantinato, Marcelo . Toy Computing. In: Lee, N.. (Org.). Encyclopedia of Computer Graphics [&hellip;]<\/p>\n","protected":false},"author":24066,"featured_media":0,"parent":0,"menu_order":0,"comment_status":"closed","ping_status":"closed","template":"","meta":{"footnotes":"","_links_to":"","_links_to_target":""},"class_list":["post-559","page","type-page","status-publish","hentry"],"_links":{"self":[{"href":"https:\/\/sites.usp.br\/socialroboticslab\/wp-json\/wp\/v2\/pages\/559","targetHints":{"allow":["GET"]}}],"collection":[{"href":"https:\/\/sites.usp.br\/socialroboticslab\/wp-json\/wp\/v2\/pages"}],"about":[{"href":"https:\/\/sites.usp.br\/socialroboticslab\/wp-json\/wp\/v2\/types\/page"}],"author":[{"embeddable":true,"href":"https:\/\/sites.usp.br\/socialroboticslab\/wp-json\/wp\/v2\/users\/24066"}],"replies":[{"embeddable":true,"href":"https:\/\/sites.usp.br\/socialroboticslab\/wp-json\/wp\/v2\/comments?post=559"}],"version-history":[{"count":4,"href":"https:\/\/sites.usp.br\/socialroboticslab\/wp-json\/wp\/v2\/pages\/559\/revisions"}],"predecessor-version":[{"id":685,"href":"https:\/\/sites.usp.br\/socialroboticslab\/wp-json\/wp\/v2\/pages\/559\/revisions\/685"}],"wp:attachment":[{"href":"https:\/\/sites.usp.br\/socialroboticslab\/wp-json\/wp\/v2\/media?parent=559"}],"curies":[{"name":"wp","href":"https:\/\/api.w.org\/{rel}","templated":true}]}}