{"id":59,"date":"2024-05-15T12:35:54","date_gmt":"2024-05-15T15:35:54","guid":{"rendered":"https:\/\/sites.usp.br\/socialroboticslab\/?page_id=59"},"modified":"2024-06-14T17:21:57","modified_gmt":"2024-06-14T20:21:57","slug":"contatos","status":"publish","type":"page","link":"https:\/\/sites.usp.br\/socialroboticslab\/contatos\/","title":{"rendered":"Contato"},"content":{"rendered":"\t\t<div data-elementor-type=\"wp-page\" data-elementor-id=\"59\" class=\"elementor elementor-59\" data-elementor-post-type=\"page\">\n\t\t\t\t\t\t<section class=\"elementor-section elementor-top-section elementor-element elementor-element-cde3509 elementor-section-boxed elementor-section-height-default elementor-section-height-default\" data-id=\"cde3509\" data-element_type=\"section\">\n\t\t\t\t\t\t<div class=\"elementor-container elementor-column-gap-default\">\n\t\t\t\t\t<div class=\"elementor-column elementor-col-100 elementor-top-column elementor-element elementor-element-03d4523\" data-id=\"03d4523\" data-element_type=\"column\">\n\t\t\t<div class=\"elementor-widget-wrap elementor-element-populated\">\n\t\t\t\t\t\t<div class=\"elementor-element elementor-element-7aaa5eb elementor-widget elementor-widget-spacer\" data-id=\"7aaa5eb\" data-element_type=\"widget\" data-widget_type=\"spacer.default\">\n\t\t\t\t<div class=\"elementor-widget-container\">\n\t\t\t\t\t<div class=\"elementor-spacer\">\n\t\t\t<div class=\"elementor-spacer-inner\"><\/div>\n\t\t<\/div>\n\t\t\t\t<\/div>\n\t\t\t\t<\/div>\n\t\t\t\t<div class=\"elementor-element elementor-element-ebbe284 elementor-widget elementor-widget-heading\" data-id=\"ebbe284\" data-element_type=\"widget\" data-widget_type=\"heading.default\">\n\t\t\t\t<div class=\"elementor-widget-container\">\n\t\t\t<h5 class=\"elementor-heading-title elementor-size-default\">SoRo Lab<\/h5>\t\t<\/div>\n\t\t\t\t<\/div>\n\t\t\t\t<div class=\"elementor-element elementor-element-61c50d6 elementor-widget elementor-widget-text-editor\" data-id=\"61c50d6\" data-element_type=\"widget\" data-widget_type=\"text-editor.default\">\n\t\t\t\t<div class=\"elementor-widget-container\">\n\t\t\t\t\t\t\t<h3><span style=\"color: var( --e-global-color-text ); font-family: var( --e-global-typography-e4ea3f5-font-family ), Sans-serif; font-size: var( --e-global-typography-e4ea3f5-font-size ); font-weight: var( --e-global-typography-e4ea3f5-font-weight ); letter-spacing: var( --e-global-typography-e4ea3f5-letter-spacing ); word-spacing: var( --e-global-typography-e4ea3f5-word-spacing );\">Edif\u00edcio do Ciclo B\u00e1sico, t\u00e9rreo, bloco 3, sala T-15, EACH-USP.<\/span><\/h3>\n<p><\/p>\t\t\t\t\t\t<\/div>\n\t\t\t\t<\/div>\n\t\t\t\t<div class=\"elementor-element elementor-element-9892741 elementor-widget-divider--view-line elementor-widget elementor-widget-divider\" data-id=\"9892741\" data-element_type=\"widget\" data-widget_type=\"divider.default\">\n\t\t\t\t<div class=\"elementor-widget-container\">\n\t\t\t\t\t<div class=\"elementor-divider\">\n\t\t\t<span class=\"elementor-divider-separator\">\n\t\t\t\t\t\t<\/span>\n\t\t<\/div>\n\t\t\t\t<\/div>\n\t\t\t\t<\/div>\n\t\t\t\t<div class=\"elementor-element elementor-element-eb209c9 elementor-widget elementor-widget-heading\" data-id=\"eb209c9\" data-element_type=\"widget\" data-widget_type=\"heading.default\">\n\t\t\t\t<div class=\"elementor-widget-container\">\n\t\t\t<h5 class=\"elementor-heading-title elementor-size-default\">Profa. Dra. Sarajane Marques Peres<\/h5>\t\t<\/div>\n\t\t\t\t<\/div>\n\t\t\t\t\t<\/div>\n\t\t<\/div>\n\t\t\t\t\t<\/div>\n\t\t<\/section>\n\t\t\t\t<section class=\"elementor-section elementor-top-section elementor-element elementor-element-31196ce elementor-section-boxed elementor-section-height-default elementor-section-height-default\" data-id=\"31196ce\" data-element_type=\"section\">\n\t\t\t\t\t\t<div class=\"elementor-container elementor-column-gap-default\">\n\t\t\t\t\t<div class=\"elementor-column elementor-col-100 elementor-top-column elementor-element elementor-element-8b572ad\" data-id=\"8b572ad\" data-element_type=\"column\">\n\t\t\t<div class=\"elementor-widget-wrap elementor-element-populated\">\n\t\t\t\t\t\t<div class=\"elementor-element elementor-element-6eb02e3 elementor-widget elementor-widget-text-editor\" data-id=\"6eb02e3\" data-element_type=\"widget\" data-widget_type=\"text-editor.default\">\n\t\t\t\t<div class=\"elementor-widget-container\">\n\t\t\t\t\t\t\t<h3><span style=\"color: var( --e-global-color-text ); font-family: var( --e-global-typography-e4ea3f5-font-family ), Sans-serif; font-size: var( --e-global-typography-e4ea3f5-font-size ); font-weight: var( --e-global-typography-e4ea3f5-font-weight ); letter-spacing: var( --e-global-typography-e4ea3f5-letter-spacing ); word-spacing: var( --e-global-typography-e4ea3f5-word-spacing );\">Pesquisadora respons\u00e1vel pelo laborat\u00f3rio.<\/span><\/h3><p>E-mail: <a href=\"mailto:sarajane@usp.br\">sarajane@usp.br<\/a><\/p>\t\t\t\t\t\t<\/div>\n\t\t\t\t<\/div>\n\t\t\t\t<div class=\"elementor-element elementor-element-28959fb elementor-widget-divider--view-line elementor-widget elementor-widget-divider\" data-id=\"28959fb\" data-element_type=\"widget\" data-widget_type=\"divider.default\">\n\t\t\t\t<div class=\"elementor-widget-container\">\n\t\t\t\t\t<div class=\"elementor-divider\">\n\t\t\t<span class=\"elementor-divider-separator\">\n\t\t\t\t\t\t<\/span>\n\t\t<\/div>\n\t\t\t\t<\/div>\n\t\t\t\t<\/div>\n\t\t\t\t\t<\/div>\n\t\t<\/div>\n\t\t\t\t\t<\/div>\n\t\t<\/section>\n\t\t\t\t<section class=\"elementor-section elementor-top-section elementor-element elementor-element-07afb08 elementor-section-boxed elementor-section-height-default elementor-section-height-default\" data-id=\"07afb08\" data-element_type=\"section\">\n\t\t\t\t\t\t<div class=\"elementor-container elementor-column-gap-default\">\n\t\t\t\t\t<div class=\"elementor-column elementor-col-100 elementor-top-column elementor-element elementor-element-b9d0917\" data-id=\"b9d0917\" data-element_type=\"column\">\n\t\t\t<div class=\"elementor-widget-wrap elementor-element-populated\">\n\t\t\t\t\t\t<div class=\"elementor-element elementor-element-4ea753e elementor-widget elementor-widget-heading\" data-id=\"4ea753e\" data-element_type=\"widget\" data-widget_type=\"heading.default\">\n\t\t\t\t<div class=\"elementor-widget-container\">\n\t\t\t<h5 class=\"elementor-heading-title elementor-size-default\">Prof. Dr. Marcelo Fantinato<\/h5>\t\t<\/div>\n\t\t\t\t<\/div>\n\t\t\t\t\t<\/div>\n\t\t<\/div>\n\t\t\t\t\t<\/div>\n\t\t<\/section>\n\t\t\t\t<section class=\"elementor-section elementor-top-section elementor-element elementor-element-dcf2f7f elementor-section-boxed elementor-section-height-default elementor-section-height-default\" data-id=\"dcf2f7f\" data-element_type=\"section\">\n\t\t\t\t\t\t<div class=\"elementor-container elementor-column-gap-default\">\n\t\t\t\t\t<div class=\"elementor-column elementor-col-100 elementor-top-column elementor-element elementor-element-3287bde\" data-id=\"3287bde\" data-element_type=\"column\">\n\t\t\t<div class=\"elementor-widget-wrap elementor-element-populated\">\n\t\t\t\t\t\t<div class=\"elementor-element elementor-element-df5cc95 elementor-widget elementor-widget-text-editor\" data-id=\"df5cc95\" data-element_type=\"widget\" data-widget_type=\"text-editor.default\">\n\t\t\t\t<div class=\"elementor-widget-container\">\n\t\t\t\t\t\t\t<h3><span style=\"color: var( --e-global-color-text ); font-family: var( --e-global-typography-e4ea3f5-font-family ), Sans-serif; font-size: var( --e-global-typography-e4ea3f5-font-size ); font-weight: var( --e-global-typography-e4ea3f5-font-weight ); letter-spacing: var( --e-global-typography-e4ea3f5-letter-spacing ); word-spacing: var( --e-global-typography-e4ea3f5-word-spacing );\">Pesquisador respons\u00e1vel pelo laborat\u00f3rio.<\/span><\/h3><p>E-mail: <a href=\"mailto:m.fantinato@usp.br\">m.fantinato@usp.br<\/a><\/p>\t\t\t\t\t\t<\/div>\n\t\t\t\t<\/div>\n\t\t\t\t\t<\/div>\n\t\t<\/div>\n\t\t\t\t\t<\/div>\n\t\t<\/section>\n\t\t\t\t<section class=\"elementor-section elementor-top-section elementor-element elementor-element-d4b9f66 elementor-section-boxed elementor-section-height-default elementor-section-height-default\" data-id=\"d4b9f66\" data-element_type=\"section\">\n\t\t\t\t\t\t<div class=\"elementor-container elementor-column-gap-default\">\n\t\t\t\t\t<div class=\"elementor-column elementor-col-100 elementor-top-column elementor-element elementor-element-13115e4\" data-id=\"13115e4\" data-element_type=\"column\">\n\t\t\t<div class=\"elementor-widget-wrap elementor-element-populated\">\n\t\t\t\t\t\t<div class=\"elementor-element elementor-element-f77ff6d elementor-widget-divider--view-line elementor-widget elementor-widget-divider\" data-id=\"f77ff6d\" data-element_type=\"widget\" data-widget_type=\"divider.default\">\n\t\t\t\t<div class=\"elementor-widget-container\">\n\t\t\t\t\t<div class=\"elementor-divider\">\n\t\t\t<span class=\"elementor-divider-separator\">\n\t\t\t\t\t\t<\/span>\n\t\t<\/div>\n\t\t\t\t<\/div>\n\t\t\t\t<\/div>\n\t\t\t\t\t<\/div>\n\t\t<\/div>\n\t\t\t\t\t<\/div>\n\t\t<\/section>\n\t\t\t\t<section class=\"elementor-section elementor-top-section elementor-element elementor-element-b75fd22 elementor-section-boxed elementor-section-height-default elementor-section-height-default\" data-id=\"b75fd22\" data-element_type=\"section\">\n\t\t\t\t\t\t<div class=\"elementor-container elementor-column-gap-default\">\n\t\t\t\t\t<div class=\"elementor-column elementor-col-100 elementor-top-column elementor-element elementor-element-fc21dce\" data-id=\"fc21dce\" data-element_type=\"column\">\n\t\t\t<div class=\"elementor-widget-wrap elementor-element-populated\">\n\t\t\t\t\t\t<div class=\"elementor-element elementor-element-f6254b7 elementor-widget elementor-widget-heading\" data-id=\"f6254b7\" data-element_type=\"widget\" data-widget_type=\"heading.default\">\n\t\t\t\t<div class=\"elementor-widget-container\">\n\t\t\t<h5 class=\"elementor-heading-title elementor-size-default\">EACH - Escola de Artes, Ci\u00eancias e Humanidades - Universidade de S\u00e3o Paulo<\/h5>\t\t<\/div>\n\t\t\t\t<\/div>\n\t\t\t\t<div class=\"elementor-element elementor-element-9f166a8 elementor-widget elementor-widget-text-editor\" data-id=\"9f166a8\" data-element_type=\"widget\" data-widget_type=\"text-editor.default\">\n\t\t\t\t<div class=\"elementor-widget-container\">\n\t\t\t\t\t\t\t<p>Rua Arlindo B\u00e9ttio, 1000 &#8211; Ermelino Matarazzo.<\/p><p>S\u00e3o Paulo &#8211; SP, 03828-000.<\/p>\t\t\t\t\t\t<\/div>\n\t\t\t\t<\/div>\n\t\t\t\t\t<\/div>\n\t\t<\/div>\n\t\t\t\t\t<\/div>\n\t\t<\/section>\n\t\t\t\t<section class=\"elementor-section elementor-top-section elementor-element elementor-element-791be62 elementor-section-boxed elementor-section-height-default elementor-section-height-default\" data-id=\"791be62\" data-element_type=\"section\">\n\t\t\t\t\t\t<div class=\"elementor-container elementor-column-gap-default\">\n\t\t\t\t\t<div class=\"elementor-column elementor-col-100 elementor-top-column elementor-element elementor-element-d3d4df5\" data-id=\"d3d4df5\" data-element_type=\"column\">\n\t\t\t<div class=\"elementor-widget-wrap elementor-element-populated\">\n\t\t\t\t\t\t<div class=\"elementor-element elementor-element-fce0fa2 elementor-widget elementor-widget-google_maps\" data-id=\"fce0fa2\" data-element_type=\"widget\" data-widget_type=\"google_maps.default\">\n\t\t\t\t<div class=\"elementor-widget-container\">\n\t\t\t\t\t<div class=\"elementor-custom-embed\">\n\t\t\t<iframe loading=\"lazy\"\n\t\t\t\t\tsrc=\"https:\/\/maps.google.com\/maps?q=Each-USP%20Ciclo%20B%C3%A1sico&#038;t=m&#038;z=15&#038;output=embed&#038;iwloc=near\"\n\t\t\t\t\ttitle=\"Each-USP Ciclo B\u00e1sico\"\n\t\t\t\t\taria-label=\"Each-USP Ciclo B\u00e1sico\"\n\t\t\t><\/iframe>\n\t\t<\/div>\n\t\t\t\t<\/div>\n\t\t\t\t<\/div>\n\t\t\t\t<div class=\"elementor-element elementor-element-c60b3c5 elementor-widget elementor-widget-spacer\" data-id=\"c60b3c5\" data-element_type=\"widget\" data-widget_type=\"spacer.default\">\n\t\t\t\t<div class=\"elementor-widget-container\">\n\t\t\t\t\t<div class=\"elementor-spacer\">\n\t\t\t<div class=\"elementor-spacer-inner\"><\/div>\n\t\t<\/div>\n\t\t\t\t<\/div>\n\t\t\t\t<\/div>\n\t\t\t\t\t<\/div>\n\t\t<\/div>\n\t\t\t\t\t<\/div>\n\t\t<\/section>\n\t\t\t\t<\/div>\n\t\t","protected":false},"excerpt":{"rendered":"<p>SoRo Lab Edif\u00edcio do Ciclo B\u00e1sico, t\u00e9rreo, bloco 3, sala T-15, EACH-USP. Profa. Dra. Sarajane Marques Peres Pesquisadora respons\u00e1vel pelo laborat\u00f3rio. E-mail: sarajane@usp.br Prof. Dr. Marcelo Fantinato Pesquisador respons\u00e1vel pelo laborat\u00f3rio. E-mail: m.fantinato@usp.br EACH &#8211; Escola de Artes, Ci\u00eancias e Humanidades &#8211; Universidade de S\u00e3o Paulo Rua Arlindo B\u00e9ttio, 1000 &#8211; Ermelino Matarazzo. S\u00e3o Paulo [&hellip;]<\/p>\n","protected":false},"author":24069,"featured_media":0,"parent":0,"menu_order":0,"comment_status":"closed","ping_status":"closed","template":"","meta":{"footnotes":"","_links_to":"","_links_to_target":""},"class_list":["post-59","page","type-page","status-publish","hentry"],"_links":{"self":[{"href":"https:\/\/sites.usp.br\/socialroboticslab\/wp-json\/wp\/v2\/pages\/59","targetHints":{"allow":["GET"]}}],"collection":[{"href":"https:\/\/sites.usp.br\/socialroboticslab\/wp-json\/wp\/v2\/pages"}],"about":[{"href":"https:\/\/sites.usp.br\/socialroboticslab\/wp-json\/wp\/v2\/types\/page"}],"author":[{"embeddable":true,"href":"https:\/\/sites.usp.br\/socialroboticslab\/wp-json\/wp\/v2\/users\/24069"}],"replies":[{"embeddable":true,"href":"https:\/\/sites.usp.br\/socialroboticslab\/wp-json\/wp\/v2\/comments?post=59"}],"version-history":[{"count":4,"href":"https:\/\/sites.usp.br\/socialroboticslab\/wp-json\/wp\/v2\/pages\/59\/revisions"}],"predecessor-version":[{"id":676,"href":"https:\/\/sites.usp.br\/socialroboticslab\/wp-json\/wp\/v2\/pages\/59\/revisions\/676"}],"wp:attachment":[{"href":"https:\/\/sites.usp.br\/socialroboticslab\/wp-json\/wp\/v2\/media?parent=59"}],"curies":[{"name":"wp","href":"https:\/\/api.w.org\/{rel}","templated":true}]}}