{"id":3007,"date":"2022-09-21T11:12:46","date_gmt":"2022-09-21T14:12:46","guid":{"rendered":"https:\/\/sites.usp.br\/socine25\/?page_id=3007"},"modified":"2022-10-26T07:44:27","modified_gmt":"2022-10-26T10:44:27","slug":"quem-somos","status":"publish","type":"page","link":"https:\/\/sites.usp.br\/socine25\/quem-somos\/","title":{"rendered":"QUEM SOMOS"},"content":{"rendered":"\t\t<div data-elementor-type=\"wp-page\" data-elementor-id=\"3007\" class=\"elementor elementor-3007\" data-elementor-post-type=\"page\">\n\t\t\t\t\t\t<section class=\"elementor-section elementor-top-section elementor-element elementor-element-f015c43 elementor-section-full_width elementor-section-stretched elementor-hidden-desktop elementor-section-height-default elementor-section-height-default\" data-id=\"f015c43\" data-element_type=\"section\" data-settings=\"{&quot;stretch_section&quot;:&quot;section-stretched&quot;,&quot;background_background&quot;:&quot;classic&quot;}\">\n\t\t\t\t\t\t<div class=\"elementor-container elementor-column-gap-default\">\n\t\t\t\t\t<div class=\"elementor-column elementor-col-50 elementor-top-column elementor-element elementor-element-1509bbf\" data-id=\"1509bbf\" data-element_type=\"column\">\n\t\t\t<div class=\"elementor-widget-wrap elementor-element-populated\">\n\t\t\t\t\t\t<div class=\"elementor-element elementor-element-aac54c9 elementor-widget-tablet__width-initial elementor-widget elementor-widget-image\" data-id=\"aac54c9\" data-element_type=\"widget\" data-widget_type=\"image.default\">\n\t\t\t\t<div class=\"elementor-widget-container\">\n\t\t\t\t\t\t\t\t\t\t\t\t\t<img decoding=\"async\" width=\"300\" height=\"122\" src=\"https:\/\/sites.usp.br\/socine25\/wp-content\/uploads\/sites\/1181\/2021\/10\/usp-logo-branco-300x122.png\" class=\"attachment-medium size-medium wp-image-688\" alt=\"\" srcset=\"https:\/\/sites.usp.br\/socine25\/wp-content\/uploads\/sites\/1181\/2021\/10\/usp-logo-branco-300x122.png 300w, https:\/\/sites.usp.br\/socine25\/wp-content\/uploads\/sites\/1181\/2021\/10\/usp-logo-branco-400x163.png 400w, https:\/\/sites.usp.br\/socine25\/wp-content\/uploads\/sites\/1181\/2021\/10\/usp-logo-branco.png 740w\" sizes=\"(max-width: 300px) 100vw, 300px\" \/>\t\t\t\t\t\t\t\t\t\t\t\t\t<\/div>\n\t\t\t\t<\/div>\n\t\t\t\t\t<\/div>\n\t\t<\/div>\n\t\t\t\t<div class=\"elementor-column elementor-col-50 elementor-top-column elementor-element elementor-element-dc2954c\" data-id=\"dc2954c\" data-element_type=\"column\">\n\t\t\t<div class=\"elementor-widget-wrap elementor-element-populated\">\n\t\t\t\t\t\t<div class=\"elementor-element elementor-element-4724f26 elementor-nav-menu__text-align-aside elementor-nav-menu--toggle elementor-nav-menu--burger elementor-widget elementor-widget-nav-menu\" data-id=\"4724f26\" data-element_type=\"widget\" data-settings=\"{&quot;layout&quot;:&quot;dropdown&quot;,&quot;submenu_icon&quot;:{&quot;value&quot;:&quot;&lt;i class=\\&quot;fas fa-caret-down\\&quot;&gt;&lt;\\\/i&gt;&quot;,&quot;library&quot;:&quot;fa-solid&quot;},&quot;toggle&quot;:&quot;burger&quot;}\" data-widget_type=\"nav-menu.default\">\n\t\t\t\t<div class=\"elementor-widget-container\">\n\t\t\t\t\t<div class=\"elementor-menu-toggle\" role=\"button\" tabindex=\"0\" aria-label=\"Alternar menu\" aria-expanded=\"false\">\n\t\t\t<i aria-hidden=\"true\" role=\"presentation\" class=\"elementor-menu-toggle__icon--open eicon-menu-bar\"><\/i><i aria-hidden=\"true\" role=\"presentation\" class=\"elementor-menu-toggle__icon--close eicon-close\"><\/i>\t\t\t<span class=\"elementor-screen-only\">Menu<\/span>\n\t\t<\/div>\n\t\t\t\t\t<nav class=\"elementor-nav-menu--dropdown elementor-nav-menu__container\" aria-hidden=\"true\">\n\t\t\t\t<ul id=\"menu-2-4724f26\" class=\"elementor-nav-menu\"><li class=\"menu-item menu-item-type-post_type menu-item-object-page menu-item-home menu-item-2822\"><a href=\"https:\/\/sites.usp.br\/socine25\/\" class=\"elementor-item\" tabindex=\"-1\">HOME<\/a><\/li>\n<li class=\"menu-item menu-item-type-post_type menu-item-object-page menu-item-3008\"><a href=\"https:\/\/sites.usp.br\/socine25\/quem-somos\/\" class=\"elementor-item\" tabindex=\"-1\">QUEM SOMOS<\/a><\/li>\n<li class=\"menu-item menu-item-type-post_type menu-item-object-page menu-item-3004\"><a href=\"https:\/\/sites.usp.br\/socine25\/programacao\/\" class=\"elementor-item\" tabindex=\"-1\">PROGRAMA\u00c7\u00c3O<\/a><\/li>\n<li class=\"menu-item menu-item-type-post_type menu-item-object-page menu-item-3012\"><a href=\"https:\/\/sites.usp.br\/socine25\/inscricao\/\" class=\"elementor-item\" tabindex=\"-1\">INSCRI\u00c7\u00c3O<\/a><\/li>\n<li class=\"menu-item menu-item-type-post_type menu-item-object-page menu-item-3015\"><a href=\"https:\/\/sites.usp.br\/socine25\/caderno-de-resumos\/\" class=\"elementor-item\" tabindex=\"-1\">CADERNO DE RESUMOS<\/a><\/li>\n<li class=\"menu-item menu-item-type-post_type menu-item-object-page menu-item-3019\"><a href=\"https:\/\/sites.usp.br\/socine25\/hospedagem\/\" class=\"elementor-item\" tabindex=\"-1\">HOSPEDAGEM E ALIMENTA\u00c7\u00c3O<\/a><\/li>\n<li class=\"menu-item menu-item-type-post_type menu-item-object-page menu-item-3606\"><a href=\"https:\/\/sites.usp.br\/socine25\/camiseta\/\" class=\"elementor-item\" tabindex=\"-1\">CAMISETA<\/a><\/li>\n<li class=\"menu-item menu-item-type-post_type menu-item-object-page menu-item-2832\"><a href=\"https:\/\/sites.usp.br\/socine25\/fale-conosco\/\" class=\"elementor-item\" tabindex=\"-1\">CONTATO<\/a><\/li>\n<\/ul>\t\t\t<\/nav>\n\t\t\t\t<\/div>\n\t\t\t\t<\/div>\n\t\t\t\t\t<\/div>\n\t\t<\/div>\n\t\t\t\t\t<\/div>\n\t\t<\/section>\n\t\t\t\t<section class=\"elementor-section elementor-top-section elementor-element elementor-element-e13739c elementor-section-boxed elementor-section-height-default elementor-section-height-default\" data-id=\"e13739c\" data-element_type=\"section\">\n\t\t\t\t\t\t<div class=\"elementor-container elementor-column-gap-default\">\n\t\t\t\t\t<div class=\"elementor-column elementor-col-100 elementor-top-column elementor-element elementor-element-4c036b6\" data-id=\"4c036b6\" data-element_type=\"column\">\n\t\t\t<div class=\"elementor-widget-wrap elementor-element-populated\">\n\t\t\t\t\t\t<div class=\"elementor-element elementor-element-a8e78e1 elementor-widget elementor-widget-heading\" data-id=\"a8e78e1\" data-element_type=\"widget\" data-widget_type=\"heading.default\">\n\t\t\t\t<div class=\"elementor-widget-container\">\n\t\t\t<h2 class=\"elementor-heading-title elementor-size-default\">SOCINE<\/h2>\t\t<\/div>\n\t\t\t\t<\/div>\n\t\t\t\t\t<\/div>\n\t\t<\/div>\n\t\t\t\t\t<\/div>\n\t\t<\/section>\n\t\t\t\t<section class=\"elementor-section elementor-top-section elementor-element elementor-element-a191733 elementor-section-boxed elementor-section-height-default elementor-section-height-default\" data-id=\"a191733\" data-element_type=\"section\">\n\t\t\t\t\t\t<div class=\"elementor-container elementor-column-gap-default\">\n\t\t\t\t\t<div class=\"elementor-column elementor-col-100 elementor-top-column elementor-element elementor-element-4f19628\" data-id=\"4f19628\" data-element_type=\"column\">\n\t\t\t<div class=\"elementor-widget-wrap elementor-element-populated\">\n\t\t\t\t\t\t<div class=\"elementor-element elementor-element-90a9c30 elementor-widget elementor-widget-text-editor\" data-id=\"90a9c30\" data-element_type=\"widget\" data-widget_type=\"text-editor.default\">\n\t\t\t\t<div class=\"elementor-widget-container\">\n\t\t\t\t\t\t\t<p>A <b>Sociedade Brasileira de Estudos de Cinema e Audiovisual \u2013 SOCINE<\/b>\u00a0\u2013 foi criada em novembro de 1996 com o objetivo de promover a realiza\u00e7\u00e3o e o interc\u00e2mbio de pesquisas e estudos de cinema em suas mais diferentes manifesta\u00e7\u00f5es, incentivando assim a reflex\u00e3o e a troca de id\u00e9ias sobre cinema e audiovisual no Brasil. Hoje, a SOCINE\u00a0conta com mais de 1000\u00a0s\u00f3cios, a grande maioria professores e alunos de p\u00f3s-gradua\u00e7\u00e3o.<\/p><p>A SOCINE publica a revista a <b>revista<\/b>\u00a0<a href=\"https:\/\/rebeca.socine.org.br\/1\" target=\"_blank\" rel=\"noopener\"><b>Rebeca<\/b><\/a>\u00a0e promove <b>encontros anuais <\/b>que se configuram atualmente como o espa\u00e7o mais importante para a divulga\u00e7\u00e3o e o debate dos mais recentes estudos e pesquisas voltados para as manifesta\u00e7\u00f5es do fen\u00f4meno cinematogr\u00e1fico e \u00e1reas afins. O encontro anual \u00e9 tamb\u00e9m parte do esfor\u00e7o da entidade em propiciar oportunidades concretas de intera\u00e7\u00e3o entre os profissionais, produtores, cr\u00edticos, pesquisadores, professores e estudantes do campo do audiovisual das diferentes regi\u00f5es do pa\u00eds.<\/p><p>J\u00e1 foram realizadas vinte e quatro edi\u00e7\u00f5es do evento, com o apoio de \u00f3rg\u00e3os institucionais tais como a Capes, CNPq e Fapesp.<\/p>\t\t\t\t\t\t<\/div>\n\t\t\t\t<\/div>\n\t\t\t\t\t<\/div>\n\t\t<\/div>\n\t\t\t\t\t<\/div>\n\t\t<\/section>\n\t\t\t\t<section class=\"elementor-section elementor-top-section elementor-element elementor-element-7314665 elementor-section-boxed elementor-section-height-default elementor-section-height-default\" data-id=\"7314665\" data-element_type=\"section\">\n\t\t\t\t\t\t<div class=\"elementor-container elementor-column-gap-default\">\n\t\t\t\t\t<div class=\"elementor-column elementor-col-100 elementor-top-column elementor-element elementor-element-adca7c7\" data-id=\"adca7c7\" data-element_type=\"column\">\n\t\t\t<div class=\"elementor-widget-wrap elementor-element-populated\">\n\t\t\t\t\t\t<div class=\"elementor-element elementor-element-c961a42 elementor-widget elementor-widget-heading\" data-id=\"c961a42\" data-element_type=\"widget\" data-widget_type=\"heading.default\">\n\t\t\t\t<div class=\"elementor-widget-container\">\n\t\t\t<h2 class=\"elementor-heading-title elementor-size-default\">quem somos<\/h2>\t\t<\/div>\n\t\t\t\t<\/div>\n\t\t\t\t\t<\/div>\n\t\t<\/div>\n\t\t\t\t\t<\/div>\n\t\t<\/section>\n\t\t\t\t<section class=\"elementor-section elementor-top-section elementor-element elementor-element-19b6717 elementor-section-boxed elementor-section-height-default elementor-section-height-default\" data-id=\"19b6717\" data-element_type=\"section\">\n\t\t\t\t\t\t<div class=\"elementor-container elementor-column-gap-default\">\n\t\t\t\t\t<div class=\"elementor-column elementor-col-50 elementor-top-column elementor-element elementor-element-439424e\" data-id=\"439424e\" data-element_type=\"column\">\n\t\t\t<div class=\"elementor-widget-wrap elementor-element-populated\">\n\t\t\t\t\t\t<div class=\"elementor-element elementor-element-3123090 elementor-widget elementor-widget-text-editor\" data-id=\"3123090\" data-element_type=\"widget\" data-widget_type=\"text-editor.default\">\n\t\t\t\t<div class=\"elementor-widget-container\">\n\t\t\t\t\t\t\t<p><strong>Comiss\u00e3o Organizadora:<\/strong><\/p><ul><li aria-level=\"1\">Prof. Dr. Esther Hamburger (coordenadora) \u2013 CTR- ECA- USP<\/li><li aria-level=\"1\">Prof. Dr. Eduardo Morettin \u2013 CINUSP e CTR- ECA- USP<\/li><li aria-level=\"1\">Prof. Dr. Patricia Moran &#8211; CTR- ECA- USP<\/li><li aria-level=\"1\">Prof. Dr. Rubens Rewald &#8211; CTR- ECA- USP<\/li><li aria-level=\"1\">Prof Dr. Eduardo Santos Mendes-\u00a0 CTR- ECA- USP<\/li><li aria-level=\"1\">Prof Dr. Almir Almas &#8211; CTR- ECA- USP<\/li><li aria-level=\"1\">Prof. Dr. Laura C\u00e1nepa &#8211; Universidade Anhembi-Morumbi<\/li><li aria-level=\"1\">Prof. Dr. Rog\u00e9rio Ferraz &#8211; Universidade Anhembi-Morumbi<\/li><\/ul><p><b>Produ\u00e7\u00e3o executiva<\/b><\/p><ul><li aria-level=\"1\"><span style=\"font-weight: 400;\">Ivone Vantini<\/span><\/li><li aria-level=\"1\"><span style=\"font-weight: 400;\">Helena Gurovitz<\/span><\/li><\/ul><p><b>Programa\u00e7\u00e3o visual<\/b><\/p><ul><li aria-level=\"1\"><span style=\"font-weight: 400;\">Yasmin Navarro<\/span><\/li><\/ul><p><b>Realiza\u00e7\u00e3o:<\/b><\/p><ul><li style=\"font-weight: 400;\" aria-level=\"1\"><span style=\"font-weight: 400;\">Departamento de Cinema, R\u00e1dio e Televis\u00e3o da Escola de Comunica\u00e7\u00f5es e Artes<\/span><\/li><li style=\"font-weight: 400;\" aria-level=\"1\"><span style=\"font-weight: 400;\">SOCINE<\/span><\/li><li><span style=\"font-weight: 400;\">Programa de P\u00f3s-gradua\u00e7\u00e3o em Meios e Processos Audiovisuais<\/span><\/li><\/ul><p><b>Colabora\u00e7\u00e3o:<\/b><\/p><ul><li style=\"font-weight: 400;\" aria-level=\"1\"><span style=\"font-weight: 400;\">Espa\u00e7o das Artes<\/span><\/li><li style=\"font-weight: 400;\" aria-level=\"1\"><span style=\"font-weight: 400;\">PRCEU<\/span><\/li><li style=\"font-weight: 400;\" aria-level=\"1\"><span style=\"font-weight: 400;\">Sociedade Amigos da Cinemateca<\/span><\/li><\/ul><p><b>Apoio Institucional:<\/b><\/p><ul><li style=\"font-weight: 400;\" aria-level=\"1\"><span style=\"font-weight: 400;\">Universidade Anhembi-Morumbi<\/span><\/li><li style=\"font-weight: 400;\" aria-level=\"1\"><span style=\"font-weight: 400;\">Cinemateca Brasileira<\/span><\/li><\/ul><p><b>Apoio<\/b>:<\/p><ul><li aria-level=\"1\">Coordena\u00e7\u00e3o de Aperfei\u00e7oamento de Pessoal de N\u00edvel Superior (Capes)<\/li><li aria-level=\"1\">CNPq<\/li><\/ul>\t\t\t\t\t\t<\/div>\n\t\t\t\t<\/div>\n\t\t\t\t\t<\/div>\n\t\t<\/div>\n\t\t\t\t<div class=\"elementor-column elementor-col-50 elementor-top-column elementor-element elementor-element-d913b35\" data-id=\"d913b35\" data-element_type=\"column\">\n\t\t\t<div class=\"elementor-widget-wrap elementor-element-populated\">\n\t\t\t\t\t\t<div class=\"elementor-element elementor-element-b8de7d2 elementor-widget elementor-widget-text-editor\" data-id=\"b8de7d2\" data-element_type=\"widget\" data-widget_type=\"text-editor.default\">\n\t\t\t\t<div class=\"elementor-widget-container\">\n\t\t\t\t\t\t\t<h1><b>SOCINE:<\/b><\/h1><p><b>Diretoria:<\/b><\/p><ul><li style=\"font-weight: 400;\" aria-level=\"1\"><span style=\"font-weight: 400;\">Cristian Borges (USP) \u2013 Presidente<\/span><\/li><li style=\"font-weight: 400;\" aria-level=\"1\"><span style=\"font-weight: 400;\">Mariana Baltar Freire (UFF) \u2013 Vice-Presidente<\/span><\/li><li style=\"font-weight: 400;\" aria-level=\"1\"><span style=\"font-weight: 400;\">Catarina Amorim de Oliveira Andrade (UFPE) \u2013 Secret\u00e1ria Acad\u00eamica<\/span><\/li><li style=\"font-weight: 400;\" aria-level=\"1\"><span style=\"font-weight: 400;\">Osmar Gon\u00e7alves dos Reis Filho (UFC) \u2013 Tesoureiro<\/span><\/li><\/ul><div><b>Secretaria Executiva:<\/b><\/div><ul><li style=\"font-weight: 400;\" aria-level=\"1\"><span style=\"font-weight: 400;\">Sancler Ebert<\/span><\/li><\/ul><p><b>\u00a0<\/b><\/p><p><b>Conselho Deliberativo:<\/b><\/p><ul><li style=\"font-weight: 400;\" aria-level=\"1\"><span style=\"font-weight: 400;\">Alex Ferreira Damasceno (UFPA)<\/span><\/li><li style=\"font-weight: 400;\" aria-level=\"1\"><span style=\"font-weight: 400;\">Carla Daniela Rabelo Rodrigues (UNIPAMPA)<\/span><\/li><li style=\"font-weight: 400;\" aria-level=\"1\"><span style=\"font-weight: 400;\">Carla Ludmila Maia Martins (Centro Universit\u00e1rio Una)<\/span><\/li><li style=\"font-weight: 400;\" aria-level=\"1\"><span style=\"font-weight: 400;\">Edileuza Penha de Souza (UnB)<\/span><\/li><li style=\"font-weight: 400;\" aria-level=\"1\"><span style=\"font-weight: 400;\">F\u00e1bio Raddi Uch\u00f4a (Universidade Anhembi Morumbi)<\/span><\/li><li style=\"font-weight: 400;\" aria-level=\"1\"><span style=\"font-weight: 400;\">Fl\u00e1via Seligman (UFPEL)<\/span><\/li><li style=\"font-weight: 400;\" aria-level=\"1\"><span style=\"font-weight: 400;\">Liliane Leroux (FEBF-UERJ)<\/span><\/li><li style=\"font-weight: 400;\" aria-level=\"1\"><span style=\"font-weight: 400;\">Marcelo Rodrigues Souza Ribeiro (UFBA)<\/span><\/li><li style=\"font-weight: 400;\" aria-level=\"1\"><span style=\"font-weight: 400;\">Nina Velasco e Cruz (UFPE)<\/span><\/li><li style=\"font-weight: 400;\" aria-level=\"1\"><span style=\"font-weight: 400;\">Patr\u00edcia Furtado Mendes Machado (ECO-UFRJ)<\/span><\/li><li style=\"font-weight: 400;\" aria-level=\"1\"><span style=\"font-weight: 400;\">Patricia Moran Fernandes (ECA\/USP)<\/span><\/li><li style=\"font-weight: 400;\" aria-level=\"1\"><span style=\"font-weight: 400;\">Patricia Rebello da Silva (UERJ)<\/span><\/li><li style=\"font-weight: 400;\" aria-level=\"1\"><span style=\"font-weight: 400;\">Pedro Peixoto Curi (ESPM-Rio)<\/span><\/li><li style=\"font-weight: 400;\" aria-level=\"1\"><span style=\"font-weight: 400;\">Pedro Plaza Pinto (UFPR)<\/span><\/li><li style=\"font-weight: 400;\" aria-level=\"1\"><span style=\"font-weight: 400;\">Thalita Cruz Bastos (UNISUAM)<\/span><\/li><\/ul><p><b>Representantes discentes:<\/b><\/p><ul><li style=\"font-weight: 400;\" aria-level=\"1\"><span style=\"font-weight: 400;\">\u00c1lvaro Renan Jos\u00e9 de Brito Alves (UFPE)<\/span><\/li><li style=\"font-weight: 400;\" aria-level=\"1\"><span style=\"font-weight: 400;\">Carolina de Oliveira Silva (UNICAMP)<\/span><\/li><li style=\"font-weight: 400;\" aria-level=\"1\"><span style=\"font-weight: 400;\">Kamilla Medeiros do Nascimento (UFRJ)<\/span><\/li><li style=\"font-weight: 400;\" aria-level=\"1\"><span style=\"font-weight: 400;\">L\u00edvia Maria Gon\u00e7alves Cabrera (UFF)<\/span><\/li><li style=\"font-weight: 400;\" aria-level=\"1\"><span style=\"font-weight: 400;\">Sonia Maria Santos Pereira da Rocha (UFRGS)<\/span><\/li><\/ul><p><b>Conselho fiscal:<\/b><\/p><ul><li style=\"font-weight: 400;\" aria-level=\"1\"><span style=\"font-weight: 400;\">Lu\u00edza Beatriz Amorim Melo Alvim (UFRJ)<\/span><\/li><li style=\"font-weight: 400;\" aria-level=\"1\"><span style=\"font-weight: 400;\">Mannuela Ramos da Costa (UFPE)<\/span><\/li><li style=\"font-weight: 400;\" aria-level=\"1\"><span style=\"font-weight: 400;\">Miriam de Souza Rossini (UFRGS)<\/span><\/li><\/ul><p><b>Comit\u00ea cient\u00edfico:\u00a0<\/b><\/p><ul><li style=\"font-weight: 400;\" aria-level=\"1\"><span style=\"font-weight: 400;\">Alessandra Brand\u00e3o (UFSC)<\/span><\/li><li style=\"font-weight: 400;\" aria-level=\"1\"><span style=\"font-weight: 400;\">Gilberto Sobrinho (Unicamp)<\/span><\/li><li style=\"font-weight: 400;\" aria-level=\"1\"><span style=\"font-weight: 400;\">Jo\u00e3o Luiz Vieira (UFF)<\/span><\/li><li style=\"font-weight: 400;\" aria-level=\"1\"><span style=\"font-weight: 400;\">Marcel Vieira (UFPB)<\/span><\/li><li style=\"font-weight: 400;\" aria-level=\"1\"><span style=\"font-weight: 400;\">Milena Szafir (UFC)<\/span><\/li><li style=\"font-weight: 400;\" aria-level=\"1\"><span style=\"font-weight: 400;\">Roberta Veiga (UFMG)<\/span><\/li><\/ul>\t\t\t\t\t\t<\/div>\n\t\t\t\t<\/div>\n\t\t\t\t\t<\/div>\n\t\t<\/div>\n\t\t\t\t\t<\/div>\n\t\t<\/section>\n\t\t\t\t<section class=\"elementor-section elementor-top-section elementor-element elementor-element-acc4529 elementor-section-boxed elementor-section-height-default elementor-section-height-default\" data-id=\"acc4529\" data-element_type=\"section\">\n\t\t\t\t\t\t<div class=\"elementor-container elementor-column-gap-default\">\n\t\t\t\t\t<div class=\"elementor-column elementor-col-100 elementor-top-column elementor-element elementor-element-6b9829e\" data-id=\"6b9829e\" data-element_type=\"column\">\n\t\t\t<div class=\"elementor-widget-wrap\">\n\t\t\t\t\t\t\t<\/div>\n\t\t<\/div>\n\t\t\t\t\t<\/div>\n\t\t<\/section>\n\t\t\t\t<\/div>\n\t\t","protected":false},"excerpt":{"rendered":"<p>SOCINE A Sociedade Brasileira de Estudos de Cinema e Audiovisual \u2013 SOCINE\u00a0\u2013 foi criada em novembro de 1996 com o objetivo de promover a realiza\u00e7\u00e3o e o interc\u00e2mbio de pesquisas e estudos de cinema em suas mais diferentes manifesta\u00e7\u00f5es, incentivando assim a reflex\u00e3o e a troca de id\u00e9ias sobre cinema e audiovisual no Brasil. Hoje, [&hellip;]<\/p>\n","protected":false},"author":23254,"featured_media":0,"parent":0,"menu_order":0,"comment_status":"closed","ping_status":"closed","template":"","meta":{"_monsterinsights_skip_tracking":false,"_monsterinsights_sitenote_active":false,"_monsterinsights_sitenote_note":"","_monsterinsights_sitenote_category":0,"footnotes":"","_links_to":"","_links_to_target":""},"class_list":["post-3007","page","type-page","status-publish","hentry","entry"],"_links":{"self":[{"href":"https:\/\/sites.usp.br\/socine25\/wp-json\/wp\/v2\/pages\/3007","targetHints":{"allow":["GET"]}}],"collection":[{"href":"https:\/\/sites.usp.br\/socine25\/wp-json\/wp\/v2\/pages"}],"about":[{"href":"https:\/\/sites.usp.br\/socine25\/wp-json\/wp\/v2\/types\/page"}],"author":[{"embeddable":true,"href":"https:\/\/sites.usp.br\/socine25\/wp-json\/wp\/v2\/users\/23254"}],"replies":[{"embeddable":true,"href":"https:\/\/sites.usp.br\/socine25\/wp-json\/wp\/v2\/comments?post=3007"}],"version-history":[{"count":4,"href":"https:\/\/sites.usp.br\/socine25\/wp-json\/wp\/v2\/pages\/3007\/revisions"}],"predecessor-version":[{"id":3707,"href":"https:\/\/sites.usp.br\/socine25\/wp-json\/wp\/v2\/pages\/3007\/revisions\/3707"}],"wp:attachment":[{"href":"https:\/\/sites.usp.br\/socine25\/wp-json\/wp\/v2\/media?parent=3007"}],"curies":[{"name":"wp","href":"https:\/\/api.w.org\/{rel}","templated":true}]}}