{"id":1441,"date":"2020-10-02T13:45:09","date_gmt":"2020-10-02T16:45:09","guid":{"rendered":"https:\/\/sites.usp.br\/solonaescola\/brasil\/"},"modified":"2021-07-21T15:21:01","modified_gmt":"2021-07-21T18:21:01","slug":"atividades","status":"publish","type":"page","link":"https:\/\/sites.usp.br\/solonaescola\/atividades\/","title":{"rendered":"Atividades"},"content":{"rendered":"<div id=\"pl-1441\"  class=\"panel-layout\" ><div id=\"pg-1441-0\"  class=\"panel-grid panel-no-style\" ><div id=\"pgc-1441-0-0\"  class=\"panel-grid-cell\" ><div id=\"panel-1441-0-0-0\" class=\"so-panel widget widget_sow-headline panel-first-child panel-last-child\" data-index=\"0\" ><div\n\t\t\t\n\t\t\tclass=\"so-widget-sow-headline so-widget-sow-headline-default-1aa766a339c1-1441\"\n\t\t\t\n\t\t><div class=\"sow-headline-container \">\n\t\t\t\t\t\t\t<h3 class=\"sow-headline\">\n\t\t\t\t\t\t\t\t\t\t\t\t\t<a href=\"https:\/\/sites.usp.br\/solonaescola\/wp-content\/uploads\/sites\/801\/2020\/10\/Livro-Solo-sob-diferentes-percepcoes-bilingue.pdf\" target=\"_blank\" rel=\"noopener noreferrer\">\n\t\t\t\t\t\t\t\tATIVIDADES<\/a>\t\t\t\t\t\t<\/h3>\n\t\t\t\t\t\t\t\t\t\t\t<div class=\"decoration\">\n\t\t\t\t\t\t<div class=\"decoration-inside\"><\/div>\n\t\t\t\t\t<\/div>\n\t\t\t\t\t\t\t\t\t\t\t<p class=\"sow-sub-headline\">\n\t\t\t\t\t\tAqui voc\u00ea encontrar\u00e1 todos os materiais e atividades preparados pelo Programa Ponte-Solo na Escola da ESALQ-USP\t\t\t\t\t\t<\/p>\n\t\t\t\t\t\t<\/div>\n<\/div><\/div><\/div><\/div><div id=\"pg-1441-1\"  class=\"panel-grid panel-no-style\" ><div id=\"pgc-1441-1-0\"  class=\"panel-grid-cell\" ><div id=\"panel-1441-1-0-0\" class=\"so-panel widget widget_sow-image panel-first-child\" data-index=\"1\" ><div\n\t\t\t\n\t\t\tclass=\"so-widget-sow-image so-widget-sow-image-default-c67d20f9f743-1441\"\n\t\t\t\n\t\t>\n<div class=\"sow-image-container\">\n\t\t\t<a href=\"https:\/\/sites.usp.br\/solonaescola\/materiais-didaticos\/\"\n\t\t\ttarget=\"_blank\" rel=\"noopener noreferrer\" \t\t>\n\t\t\t<img fetchpriority=\"high\" \n\tsrc=\"https:\/\/sites.usp.br\/solonaescola\/wp-content\/uploads\/sites\/801\/2020\/10\/Imagem1-1-300x300.png\" width=\"300\" height=\"300\" srcset=\"https:\/\/sites.usp.br\/solonaescola\/wp-content\/uploads\/sites\/801\/2020\/10\/Imagem1-1-300x300.png 300w, https:\/\/sites.usp.br\/solonaescola\/wp-content\/uploads\/sites\/801\/2020\/10\/Imagem1-1-150x150.png 150w, https:\/\/sites.usp.br\/solonaescola\/wp-content\/uploads\/sites\/801\/2020\/10\/Imagem1-1-160x160.png 160w, https:\/\/sites.usp.br\/solonaescola\/wp-content\/uploads\/sites\/801\/2020\/10\/Imagem1-1-320x320.png 320w, https:\/\/sites.usp.br\/solonaescola\/wp-content\/uploads\/sites\/801\/2020\/10\/Imagem1-1-45x45.png 45w, https:\/\/sites.usp.br\/solonaescola\/wp-content\/uploads\/sites\/801\/2020\/10\/Imagem1-1-200x200.png 200w, https:\/\/sites.usp.br\/solonaescola\/wp-content\/uploads\/sites\/801\/2020\/10\/Imagem1-1-400x400.png 400w, https:\/\/sites.usp.br\/solonaescola\/wp-content\/uploads\/sites\/801\/2020\/10\/Imagem1-1.png 620w\" sizes=\"(max-width: 300px) 100vw, 300px\" title=\"Designed by brgfx \/ Freepik\" alt=\"\" \t\tclass=\"so-widget-image\"\/>\n\t\t\t<\/a><\/div>\n\n<\/div><\/div><div id=\"panel-1441-1-0-1\" class=\"so-panel widget widget_sow-headline panel-last-child\" data-index=\"2\" ><div\n\t\t\t\n\t\t\tclass=\"so-widget-sow-headline so-widget-sow-headline-default-bcc584dbd2e3-1441 so-widget-fittext-wrapper\"\n\t\t\t data-fit-text-compressor=\"0.85\"\n\t\t><div class=\"sow-headline-container \">\n\t\t\t\t\t\t\t<h3 class=\"sow-headline\">\n\t\t\t\t\t\t\t\t\t\t\t\t\t<a href=\"https:\/\/sites.usp.br\/solonaescola\/materiais-didaticos\/\" target=\"_blank\" rel=\"noopener noreferrer\">\n\t\t\t\t\t\t\t\tMaterial did\u00e1tico<\/a>\t\t\t\t\t\t<\/h3>\n\t\t\t\t\t\t\t\t\t\t\t<div class=\"decoration\">\n\t\t\t\t\t\t<div class=\"decoration-inside\"><\/div>\n\t\t\t\t\t<\/div>\n\t\t\t\t\t<\/div>\n<\/div><\/div><\/div><div id=\"pgc-1441-1-1\"  class=\"panel-grid-cell\" ><div id=\"panel-1441-1-1-0\" class=\"so-panel widget widget_sow-image panel-first-child\" data-index=\"3\" ><div\n\t\t\t\n\t\t\tclass=\"so-widget-sow-image so-widget-sow-image-default-c67d20f9f743-1441\"\n\t\t\t\n\t\t>\n<div class=\"sow-image-container\">\n\t\t\t<a href=\"https:\/\/sites.usp.br\/solonaescola\/videoaulas-br\/\"\n\t\t\ttarget=\"_blank\" rel=\"noopener noreferrer\" \t\t>\n\t\t\t<img \n\tsrc=\"https:\/\/sites.usp.br\/solonaescola\/wp-content\/uploads\/sites\/801\/2020\/10\/3724762-300x300.jpg\" width=\"300\" height=\"300\" srcset=\"https:\/\/sites.usp.br\/solonaescola\/wp-content\/uploads\/sites\/801\/2020\/10\/3724762-300x300.jpg 300w, https:\/\/sites.usp.br\/solonaescola\/wp-content\/uploads\/sites\/801\/2020\/10\/3724762-1024x1024.jpg 1024w, https:\/\/sites.usp.br\/solonaescola\/wp-content\/uploads\/sites\/801\/2020\/10\/3724762-150x150.jpg 150w, https:\/\/sites.usp.br\/solonaescola\/wp-content\/uploads\/sites\/801\/2020\/10\/3724762-768x768.jpg 768w, https:\/\/sites.usp.br\/solonaescola\/wp-content\/uploads\/sites\/801\/2020\/10\/3724762-1536x1536.jpg 1536w, https:\/\/sites.usp.br\/solonaescola\/wp-content\/uploads\/sites\/801\/2020\/10\/3724762-160x160.jpg 160w, https:\/\/sites.usp.br\/solonaescola\/wp-content\/uploads\/sites\/801\/2020\/10\/3724762-320x320.jpg 320w, https:\/\/sites.usp.br\/solonaescola\/wp-content\/uploads\/sites\/801\/2020\/10\/3724762-45x45.jpg 45w, https:\/\/sites.usp.br\/solonaescola\/wp-content\/uploads\/sites\/801\/2020\/10\/3724762-200x200.jpg 200w, https:\/\/sites.usp.br\/solonaescola\/wp-content\/uploads\/sites\/801\/2020\/10\/3724762-400x400.jpg 400w, https:\/\/sites.usp.br\/solonaescola\/wp-content\/uploads\/sites\/801\/2020\/10\/3724762.jpg 2000w\" sizes=\"(max-width: 300px) 100vw, 300px\" title=\"Designed by Freepik\" alt=\"\" \t\tclass=\"so-widget-image\"\/>\n\t\t\t<\/a><\/div>\n\n<\/div><\/div><div id=\"panel-1441-1-1-1\" class=\"so-panel widget widget_sow-headline panel-last-child\" data-index=\"4\" ><div\n\t\t\t\n\t\t\tclass=\"so-widget-sow-headline so-widget-sow-headline-default-bcc584dbd2e3-1441 so-widget-fittext-wrapper\"\n\t\t\t data-fit-text-compressor=\"0.85\"\n\t\t><div class=\"sow-headline-container \">\n\t\t\t\t\t\t\t<h3 class=\"sow-headline\">\n\t\t\t\t\t\t\t\t\t\t\t\t\t<a href=\"https:\/\/sites.usp.br\/solonaescola\/videoaulas-br\/\" target=\"_blank\" rel=\"noopener noreferrer\">\n\t\t\t\t\t\t\t\tVideoaulas<\/a>\t\t\t\t\t\t<\/h3>\n\t\t\t\t\t\t\t\t\t\t\t<div class=\"decoration\">\n\t\t\t\t\t\t<div class=\"decoration-inside\"><\/div>\n\t\t\t\t\t<\/div>\n\t\t\t\t\t\t\t\t\t\t\t<p class=\"sow-sub-headline\">\n\t\t\t\t\t\t\t\t\t\t\t\t\t<a href=\"https:\/\/sites.usp.br\/solonaescola\/videoaulas-br\/\" >\n\t\t\t\t\t\t\t\tVideoaulas est\u00e3o dispon\u00edveis nos e-Aulas da USP e voc\u00ea pode assisti-las quando quiser gratuitamente. Clique aqui!<\/a>\t\t\t\t\t\t<\/p>\n\t\t\t\t\t\t<\/div>\n<\/div><\/div><\/div><\/div><\/div>","protected":false},"excerpt":{"rendered":"<p>ATIVIDADES Aqui voc\u00ea encontrar\u00e1 todos os materiais e atividades preparados pelo Programa Ponte-Solo na Escola da ESALQ-USP Material did\u00e1tico Videoaulas Videoaulas est\u00e3o dispon\u00edveis nos e-Aulas da USP e voc\u00ea pode assisti-las quando quiser gratuitamente.&#46;&#46;&#46;<\/p>\n","protected":false},"author":22055,"featured_media":0,"parent":0,"menu_order":0,"comment_status":"open","ping_status":"closed","template":"","meta":{"_monsterinsights_skip_tracking":false,"_monsterinsights_sitenote_active":false,"_monsterinsights_sitenote_note":"","_monsterinsights_sitenote_category":0,"footnotes":"","_links_to":"","_links_to_target":""},"class_list":["post-1441","page","type-page","status-publish","hentry"],"_links":{"self":[{"href":"https:\/\/sites.usp.br\/solonaescola\/wp-json\/wp\/v2\/pages\/1441","targetHints":{"allow":["GET"]}}],"collection":[{"href":"https:\/\/sites.usp.br\/solonaescola\/wp-json\/wp\/v2\/pages"}],"about":[{"href":"https:\/\/sites.usp.br\/solonaescola\/wp-json\/wp\/v2\/types\/page"}],"author":[{"embeddable":true,"href":"https:\/\/sites.usp.br\/solonaescola\/wp-json\/wp\/v2\/users\/22055"}],"replies":[{"embeddable":true,"href":"https:\/\/sites.usp.br\/solonaescola\/wp-json\/wp\/v2\/comments?post=1441"}],"version-history":[{"count":5,"href":"https:\/\/sites.usp.br\/solonaescola\/wp-json\/wp\/v2\/pages\/1441\/revisions"}],"predecessor-version":[{"id":4599,"href":"https:\/\/sites.usp.br\/solonaescola\/wp-json\/wp\/v2\/pages\/1441\/revisions\/4599"}],"wp:attachment":[{"href":"https:\/\/sites.usp.br\/solonaescola\/wp-json\/wp\/v2\/media?parent=1441"}],"curies":[{"name":"wp","href":"https:\/\/api.w.org\/{rel}","templated":true}]}}