{"id":2423,"date":"2020-10-27T09:34:50","date_gmt":"2020-10-27T12:34:50","guid":{"rendered":"https:\/\/sites.usp.br\/solonaescola\/?page_id=2423"},"modified":"2020-11-20T22:27:15","modified_gmt":"2020-11-21T01:27:15","slug":"programa-ponte-esalq-usp","status":"publish","type":"page","link":"https:\/\/sites.usp.br\/solonaescola\/programa-ponte-esalq-usp\/","title":{"rendered":"Programa Ponte"},"content":{"rendered":"\t\t<div data-elementor-type=\"wp-page\" data-elementor-id=\"2423\" class=\"elementor elementor-2423\" data-elementor-post-type=\"page\">\n\t\t\t\t\t\t<section class=\"elementor-section elementor-top-section elementor-element elementor-element-860cc63 elementor-section-boxed elementor-section-height-default elementor-section-height-default\" data-id=\"860cc63\" data-element_type=\"section\">\n\t\t\t\t\t\t<div class=\"elementor-container elementor-column-gap-default\">\n\t\t\t\t\t<div class=\"elementor-column elementor-col-100 elementor-top-column elementor-element elementor-element-fc85633\" data-id=\"fc85633\" data-element_type=\"column\">\n\t\t\t<div class=\"elementor-widget-wrap elementor-element-populated\">\n\t\t\t\t\t\t<div class=\"elementor-element elementor-element-181c22c elementor-widget elementor-widget-heading\" data-id=\"181c22c\" data-element_type=\"widget\" data-widget_type=\"heading.default\">\n\t\t\t\t<div class=\"elementor-widget-container\">\n\t\t\t<h3 class=\"elementor-heading-title elementor-size-large\">PROGRAMA PONTE<\/h3>\t\t<\/div>\n\t\t\t\t<\/div>\n\t\t\t\t\t<\/div>\n\t\t<\/div>\n\t\t\t\t\t<\/div>\n\t\t<\/section>\n\t\t\t\t<section class=\"elementor-section elementor-top-section elementor-element elementor-element-61eee30 elementor-section-boxed elementor-section-height-default elementor-section-height-default\" data-id=\"61eee30\" data-element_type=\"section\">\n\t\t\t\t\t\t<div class=\"elementor-container elementor-column-gap-default\">\n\t\t\t\t\t<div class=\"elementor-column elementor-col-100 elementor-top-column elementor-element elementor-element-006080f\" data-id=\"006080f\" data-element_type=\"column\">\n\t\t\t<div class=\"elementor-widget-wrap elementor-element-populated\">\n\t\t\t\t\t\t<div class=\"elementor-element elementor-element-9ed0a1f elementor-widget elementor-widget-text-editor\" data-id=\"9ed0a1f\" data-element_type=\"widget\" data-widget_type=\"text-editor.default\">\n\t\t\t\t<div class=\"elementor-widget-container\">\n\t\t\t\t\t\t\t<p style=\"text-align: justify;\"><span style=\"color: #333333; font-family: 'trebuchet ms', geneva, sans-serif; top: 15.2px;\">O Programa Ponte foi um programa de extens\u00e3o universit\u00e1ria da ESALQ-USP que, desde 2007, realiza interven\u00e7\u00f5es educacionais de car\u00e1ter interdisciplinar, vivencial, experimental e cr\u00edtico em Escolas Estaduais de Piracicaba \u2013 SP. Busca proporcionar a troca de experi\u00eancias e conhecimentos entre a Universidade e as Escolas P\u00fablicas, fortalecendo e aprimorando a intera\u00e7\u00e3o entre ambos. Esta troca de experi\u00eancias \u00e9 realizada no andamento das atividades, que s\u00e3o pensadas pelos pr\u00f3prios monitores do programa.<\/span><\/p>\n\n<div style=\"padding: 5px;\"><\/div>\n\n<p style=\"text-align: justify;\"><span style=\"color: #333333; font-family: 'trebuchet ms', geneva, sans-serif; top: 15.2px;\">Durante os anos de atua\u00e7\u00e3o do programa, v\u00e1rios projetos foram desenvolvidos, como o projeto \u201cBacias Hidrogr\u00e1ficas\u201d (2017) realizada no SESC de Piracicaba, com uma sequ\u00eancia de seis oficinas com duas escolas da rede estadual de Piracicaba. A proposta da atividade foi propiciar aos jovens a oportunidade de uma viv\u00eancia pr\u00e1tica de contato com o rio, introduzindo os conceitos de qualidade de \u00e1gua, do solo e de observa\u00e7\u00e3o da biodiversidade.\u00a0<\/span><\/p>\n<div style=\"padding: 5px;\"><\/div>\n\n<p style=\"text-align: justify;\"><span style=\"color: #333333; font-family: 'trebuchet ms', geneva, sans-serif; top: 15.2px;\">Outro projeto de bastante impacto desenvolvido pelo programa foi o \u201cEu Rio\u201d (2018-2019), patrocinado pelo SESC Piracicaba. No projeto, as atividades foram desenvolvidas de maneira interdisciplinar, incorporando as experi\u00eancias anteriores do grupo com o tema das \u00e1guas superficiais e subterr\u00e2neas das cidades para desenvolver atividades de educa\u00e7\u00e3o ambiental junto aos estudantes do ensino m\u00e9dio de escolas p\u00fablicas de Piracicaba.\u00a0\u00a0<\/span><\/p>\n<div style=\"padding: 5px;\"><\/div>\n\n<p style=\"text-align: justify;\"><span style=\"color: #333333; font-family: 'trebuchet ms', geneva, sans-serif; top: 15.2px;\">Desta forma, o programa deste a sua cria\u00e7\u00e3o j\u00e1 atuou em mais de 20 escolas e alcan\u00e7ou mais de 3000 estudantes e professores. Confira a seguir alguns depoimentos de monitores e monitoras que atuaram no programa:<\/span><\/p>\t\t\t\t\t\t<\/div>\n\t\t\t\t<\/div>\n\t\t\t\t\t<\/div>\n\t\t<\/div>\n\t\t\t\t\t<\/div>\n\t\t<\/section>\n\t\t\t\t<section class=\"elementor-section elementor-top-section elementor-element elementor-element-ae395ce elementor-section-boxed elementor-section-height-default elementor-section-height-default\" data-id=\"ae395ce\" data-element_type=\"section\">\n\t\t\t\t\t\t<div class=\"elementor-container elementor-column-gap-default\">\n\t\t\t\t\t<div class=\"elementor-column elementor-col-100 elementor-top-column elementor-element elementor-element-a15400a\" data-id=\"a15400a\" data-element_type=\"column\">\n\t\t\t<div class=\"elementor-widget-wrap elementor-element-populated\">\n\t\t\t\t\t\t<div class=\"elementor-element elementor-element-90dcc33 elementor-widget elementor-widget-spacer\" data-id=\"90dcc33\" data-element_type=\"widget\" data-widget_type=\"spacer.default\">\n\t\t\t\t<div class=\"elementor-widget-container\">\n\t\t\t\t\t<div class=\"elementor-spacer\">\n\t\t\t<div class=\"elementor-spacer-inner\"><\/div>\n\t\t<\/div>\n\t\t\t\t<\/div>\n\t\t\t\t<\/div>\n\t\t\t\t\t<\/div>\n\t\t<\/div>\n\t\t\t\t\t<\/div>\n\t\t<\/section>\n\t\t\t\t<section class=\"elementor-section elementor-top-section elementor-element elementor-element-88fd616 elementor-section-boxed elementor-section-height-default elementor-section-height-default\" data-id=\"88fd616\" data-element_type=\"section\">\n\t\t\t\t\t\t<div class=\"elementor-container elementor-column-gap-default\">\n\t\t\t\t\t<div class=\"elementor-column elementor-col-100 elementor-top-column elementor-element elementor-element-4aa3a8d\" data-id=\"4aa3a8d\" data-element_type=\"column\">\n\t\t\t<div class=\"elementor-widget-wrap elementor-element-populated\">\n\t\t\t\t\t\t<div class=\"elementor-element elementor-element-d220182 elementor-widget elementor-widget-eael-testimonial\" data-id=\"d220182\" data-element_type=\"widget\" data-widget_type=\"eael-testimonial.default\">\n\t\t\t\t<div class=\"elementor-widget-container\">\n\t\t\t\n\t<div id=\"eael-testimonial-d220182\" class=\"eael-testimonial-item clearfix  content-bottom-icon-title-inline rating-five\">\n\n\t\t\n\t\t\n\t\t\n\t\t\n\t\t\n\t\t\n\t\t\t\t\t<div class=\"eael-testimonial-content\">\n\t\t\t\t<div class=\"eael-testimonial-text\"><p style=\"text-align: left;\"><span style=\"font-weight: 400; font-family: dosis, sans-serif; color: #808080; font-size: 20px;\">Oi eu sou a Mariane, mais conhecida como Kurvi ou Mari dentro do Ponte \ud83d\ude1b\u00a0<\/span><\/p>\n<p style=\"text-align: left;\"><span style=\"font-weight: 400; font-family: dosis, sans-serif; color: #808080; font-size: 20px;\">Participei do grupo durante 2 anos e 9 meses, como explicar o qu\u00e3o importante foi o Programa Ponte pra mim? Conheci o grupo logo na minha primeira semana de aula, na feira de est\u00e1gios para os ingressantes, l\u00e1 me deparei com tantos est\u00e1gios diferentes, mas o que mais me chamou aten\u00e7\u00e3o foi o ideal do grupo, de busca uma educa\u00e7\u00e3o ambiental cr\u00edtica e transformadora na pr\u00e1tica. Foram momento enriquecedores, dos quais me desafiaram em v\u00e1rios aspectos da minha forma\u00e7\u00e3o tanto para meu desenvolvimento pessoal, quanto o profissional. Sou muito grata a esse grupo pela educadora ambiental que sou hoje! Eu vivo o Ponte todos os dias!<\/span><\/p><\/div>\t\t\t<\/div>\n\t\t\t<div class=\"eael-testimonial-content eael-testimonial-inline-bio\">\n\t\t\t\t\t\t\t<div class=\"eael-testimonial-image\">\n\t\t\t\t\t\t\t\t\t<figure><img fetchpriority=\"high\" decoding=\"async\" width=\"300\" height=\"169\" src=\"https:\/\/sites.usp.br\/solonaescola\/wp-content\/uploads\/sites\/801\/2020\/11\/Mariana_Ponte-300x169.png\" class=\"attachment-medium size-medium wp-image-3329\" alt=\"\" srcset=\"https:\/\/sites.usp.br\/solonaescola\/wp-content\/uploads\/sites\/801\/2020\/11\/Mariana_Ponte-300x169.png 300w, https:\/\/sites.usp.br\/solonaescola\/wp-content\/uploads\/sites\/801\/2020\/11\/Mariana_Ponte-1024x576.png 1024w, https:\/\/sites.usp.br\/solonaescola\/wp-content\/uploads\/sites\/801\/2020\/11\/Mariana_Ponte-768x432.png 768w, https:\/\/sites.usp.br\/solonaescola\/wp-content\/uploads\/sites\/801\/2020\/11\/Mariana_Ponte-205x115.png 205w, https:\/\/sites.usp.br\/solonaescola\/wp-content\/uploads\/sites\/801\/2020\/11\/Mariana_Ponte-310x174.png 310w, https:\/\/sites.usp.br\/solonaescola\/wp-content\/uploads\/sites\/801\/2020\/11\/Mariana_Ponte-400x225.png 400w, https:\/\/sites.usp.br\/solonaescola\/wp-content\/uploads\/sites\/801\/2020\/11\/Mariana_Ponte.png 1280w\" sizes=\"(max-width: 300px) 100vw, 300px\" \/><\/figure>\n\t\t\t\t\t\t\t<\/div>\n\t\t\t\t\t\t\t<div class=\"bio-text\"><p class=\"eael-testimonial-user\" style=\"display: block; float: none;\">Mariana Plana<\/p><p class=\"eael-testimonial-user-company\">(maio 2017 - fevereiro 2020)<\/p><\/div>\n\t\t\t\t\t\t<ul class=\"testimonial-star-rating\">\n\t\t\t<li><i class=\"fas fa-star\" aria-hidden=\"true\"><\/i><\/li>\n\t\t\t<li><i class=\"fas fa-star\" aria-hidden=\"true\"><\/i><\/li>\n\t\t\t<li><i class=\"fas fa-star\" aria-hidden=\"true\"><\/i><\/li>\n\t\t\t<li><i class=\"fas fa-star\" aria-hidden=\"true\"><\/i><\/li>\n\t\t\t<li><i class=\"fas fa-star\" aria-hidden=\"true\"><\/i><\/li>\n\t\t<\/ul>\n\t\t\t\t\t<\/div>\n\t\t\n\t\t<span class=\"eael-testimonial-quote\"><\/span>\n\t<\/div>\n\n\t\t\t<\/div>\n\t\t\t\t<\/div>\n\t\t\t\t\t<\/div>\n\t\t<\/div>\n\t\t\t\t\t<\/div>\n\t\t<\/section>\n\t\t\t\t<\/div>\n\t\t","protected":false},"excerpt":{"rendered":"<p>PROGRAMA PONTE O Programa Ponte foi um programa de extens\u00e3o universit\u00e1ria da ESALQ-USP que, desde 2007, realiza interven\u00e7\u00f5es educacionais de car\u00e1ter interdisciplinar, vivencial, experimental e cr\u00edtico em Escolas Estaduais de Piracicaba \u2013 SP. Busca&#46;&#46;&#46;<\/p>\n","protected":false},"author":22055,"featured_media":0,"parent":0,"menu_order":0,"comment_status":"closed","ping_status":"closed","template":"","meta":{"_monsterinsights_skip_tracking":false,"_monsterinsights_sitenote_active":false,"_monsterinsights_sitenote_note":"","_monsterinsights_sitenote_category":0,"footnotes":"","_links_to":"","_links_to_target":""},"class_list":["post-2423","page","type-page","status-publish","hentry"],"_links":{"self":[{"href":"https:\/\/sites.usp.br\/solonaescola\/wp-json\/wp\/v2\/pages\/2423","targetHints":{"allow":["GET"]}}],"collection":[{"href":"https:\/\/sites.usp.br\/solonaescola\/wp-json\/wp\/v2\/pages"}],"about":[{"href":"https:\/\/sites.usp.br\/solonaescola\/wp-json\/wp\/v2\/types\/page"}],"author":[{"embeddable":true,"href":"https:\/\/sites.usp.br\/solonaescola\/wp-json\/wp\/v2\/users\/22055"}],"replies":[{"embeddable":true,"href":"https:\/\/sites.usp.br\/solonaescola\/wp-json\/wp\/v2\/comments?post=2423"}],"version-history":[{"count":3,"href":"https:\/\/sites.usp.br\/solonaescola\/wp-json\/wp\/v2\/pages\/2423\/revisions"}],"predecessor-version":[{"id":3378,"href":"https:\/\/sites.usp.br\/solonaescola\/wp-json\/wp\/v2\/pages\/2423\/revisions\/3378"}],"wp:attachment":[{"href":"https:\/\/sites.usp.br\/solonaescola\/wp-json\/wp\/v2\/media?parent=2423"}],"curies":[{"name":"wp","href":"https:\/\/api.w.org\/{rel}","templated":true}]}}