{"id":2629,"date":"2020-10-02T13:45:09","date_gmt":"2020-10-02T16:45:09","guid":{"rendered":"https:\/\/sites.usp.br\/solonaescola\/?page_id=2629"},"modified":"2020-11-28T08:54:31","modified_gmt":"2020-11-28T11:54:31","slug":"actividades","status":"publish","type":"page","link":"https:\/\/sites.usp.br\/solonaescola\/actividades\/","title":{"rendered":"Actividades"},"content":{"rendered":"<div id=\"pl-2629\"  class=\"panel-layout\" ><div id=\"pg-2629-0\"  class=\"panel-grid panel-no-style\" ><div id=\"pgc-2629-0-0\"  class=\"panel-grid-cell\" ><div id=\"panel-2629-0-0-0\" class=\"so-panel widget widget_sow-headline panel-first-child panel-last-child\" data-index=\"0\" ><div\n\t\t\t\n\t\t\tclass=\"so-widget-sow-headline so-widget-sow-headline-default-1aa766a339c1-2629\"\n\t\t\t\n\t\t><div class=\"sow-headline-container \">\n\t\t\t\t\t\t\t<h3 class=\"sow-headline\">\n\t\t\t\t\t\t\t\t\t\t\t\t\t<a href=\"https:\/\/sites.usp.br\/solonaescola\/wp-content\/uploads\/sites\/801\/2020\/10\/Livro-Solo-sob-diferentes-percepcoes-bilingue.pdf\" target=\"_blank\" rel=\"noopener noreferrer\">\n\t\t\t\t\t\t\t\tACTIVIDADES<\/a>\t\t\t\t\t\t<\/h3>\n\t\t\t\t\t\t\t\t\t\t\t<div class=\"decoration\">\n\t\t\t\t\t\t<div class=\"decoration-inside\"><\/div>\n\t\t\t\t\t<\/div>\n\t\t\t\t\t\t\t\t\t\t\t<p class=\"sow-sub-headline\">\n\t\t\t\t\t\tAqu\u00ed encontrar\u00e1s todos los materiales y actividades planeadas para Domingo de Suelo\t\t\t\t\t\t<\/p>\n\t\t\t\t\t\t<\/div>\n<\/div><\/div><\/div><\/div><div id=\"pg-2629-1\"  class=\"panel-grid panel-no-style\" ><div id=\"pgc-2629-1-0\"  class=\"panel-grid-cell\" ><div id=\"panel-2629-1-0-0\" class=\"so-panel widget widget_sow-image panel-first-child\" data-index=\"1\" ><div\n\t\t\t\n\t\t\tclass=\"so-widget-sow-image so-widget-sow-image-default-c67d20f9f743-2629\"\n\t\t\t\n\t\t>\n<div class=\"sow-image-container\">\n\t\t\t<a href=\"https:\/\/sites.usp.br\/solonaescola\/wp-content\/uploads\/sites\/801\/formularios\/Livro-Solo-sob-diferentes-percepcoes-bilingue_protegido.pdf\"\n\t\t\ttarget=\"_blank\" rel=\"noopener noreferrer\" \t\t>\n\t\t\t<img \n\tsrc=\"https:\/\/sites.usp.br\/solonaescola\/wp-content\/uploads\/sites\/801\/2020\/10\/Imagem1-1.png\" width=\"150\" height=\"150\" srcset=\"https:\/\/sites.usp.br\/solonaescola\/wp-content\/uploads\/sites\/801\/2020\/10\/Imagem1-1.png 620w, https:\/\/sites.usp.br\/solonaescola\/wp-content\/uploads\/sites\/801\/2020\/10\/Imagem1-1-300x300.png 300w, https:\/\/sites.usp.br\/solonaescola\/wp-content\/uploads\/sites\/801\/2020\/10\/Imagem1-1-150x150.png 150w, https:\/\/sites.usp.br\/solonaescola\/wp-content\/uploads\/sites\/801\/2020\/10\/Imagem1-1-160x160.png 160w, https:\/\/sites.usp.br\/solonaescola\/wp-content\/uploads\/sites\/801\/2020\/10\/Imagem1-1-320x320.png 320w, https:\/\/sites.usp.br\/solonaescola\/wp-content\/uploads\/sites\/801\/2020\/10\/Imagem1-1-45x45.png 45w, https:\/\/sites.usp.br\/solonaescola\/wp-content\/uploads\/sites\/801\/2020\/10\/Imagem1-1-200x200.png 200w, https:\/\/sites.usp.br\/solonaescola\/wp-content\/uploads\/sites\/801\/2020\/10\/Imagem1-1-400x400.png 400w\" sizes=\"(max-width: 150px) 100vw, 150px\" title=\"Designed by brgfx \/ Freepik\" alt=\"\" \t\tclass=\"so-widget-image\"\/>\n\t\t\t<\/a><\/div>\n\n<\/div><\/div><div id=\"panel-2629-1-0-1\" class=\"so-panel widget widget_sow-headline panel-last-child\" data-index=\"2\" ><div\n\t\t\t\n\t\t\tclass=\"so-widget-sow-headline so-widget-sow-headline-default-fd52dab2956d-2629 so-widget-fittext-wrapper\"\n\t\t\t data-fit-text-compressor=\"0.85\"\n\t\t><div class=\"sow-headline-container \">\n\t\t\t\t\t\t\t<h3 class=\"sow-headline\">\n\t\t\t\t\t\t\t\t\t\t\t\t\t<a href=\"https:\/\/sites.usp.br\/solonaescola\/wp-content\/uploads\/sites\/801\/formularios\/Livro-Solo-sob-diferentes-percepcoes-bilingue_protegido.pdf\" target=\"_blank\" rel=\"noopener noreferrer\">\n\t\t\t\t\t\t\t\tMaterial did\u00e1ctico<\/a>\t\t\t\t\t\t<\/h3>\n\t\t\t\t\t\t\t\t\t\t\t<div class=\"decoration\">\n\t\t\t\t\t\t<div class=\"decoration-inside\"><\/div>\n\t\t\t\t\t<\/div>\n\t\t\t\t\t\t\t\t\t\t\t<p class=\"sow-sub-headline\">\n\t\t\t\t\t\tLa primera edici\u00f3n del libro \u201cSuelo bajo diferentes percepciones - Brasil y Colombia\u201d re\u00fane un rico material que aborda la diversidad biol\u00f3gica y cultural de los suelos de los dos pa\u00edses. Esta versi\u00f3n es biling\u00fce, en portugu\u00e9s y espa\u00f1ol.\t\t\t\t\t\t<\/p>\n\t\t\t\t\t\t<\/div>\n<\/div><\/div><\/div><div id=\"pgc-2629-1-1\"  class=\"panel-grid-cell\" ><div id=\"panel-2629-1-1-0\" class=\"so-panel widget widget_sow-image panel-first-child\" data-index=\"3\" ><div\n\t\t\t\n\t\t\tclass=\"so-widget-sow-image so-widget-sow-image-default-c67d20f9f743-2629\"\n\t\t\t\n\t\t>\n<div class=\"sow-image-container\">\n\t\t\t<a href=\"https:\/\/sites.usp.br\/solonaescola\/es\/videoclase\/\"\n\t\t\ttarget=\"_blank\" rel=\"noopener noreferrer\" \t\t>\n\t\t\t<img \n\tsrc=\"https:\/\/sites.usp.br\/solonaescola\/wp-content\/uploads\/sites\/801\/2020\/10\/3724762.jpg\" width=\"150\" height=\"150\" srcset=\"https:\/\/sites.usp.br\/solonaescola\/wp-content\/uploads\/sites\/801\/2020\/10\/3724762.jpg 2000w, https:\/\/sites.usp.br\/solonaescola\/wp-content\/uploads\/sites\/801\/2020\/10\/3724762-300x300.jpg 300w, https:\/\/sites.usp.br\/solonaescola\/wp-content\/uploads\/sites\/801\/2020\/10\/3724762-1024x1024.jpg 1024w, https:\/\/sites.usp.br\/solonaescola\/wp-content\/uploads\/sites\/801\/2020\/10\/3724762-150x150.jpg 150w, https:\/\/sites.usp.br\/solonaescola\/wp-content\/uploads\/sites\/801\/2020\/10\/3724762-768x768.jpg 768w, https:\/\/sites.usp.br\/solonaescola\/wp-content\/uploads\/sites\/801\/2020\/10\/3724762-1536x1536.jpg 1536w, https:\/\/sites.usp.br\/solonaescola\/wp-content\/uploads\/sites\/801\/2020\/10\/3724762-160x160.jpg 160w, https:\/\/sites.usp.br\/solonaescola\/wp-content\/uploads\/sites\/801\/2020\/10\/3724762-320x320.jpg 320w, https:\/\/sites.usp.br\/solonaescola\/wp-content\/uploads\/sites\/801\/2020\/10\/3724762-45x45.jpg 45w, https:\/\/sites.usp.br\/solonaescola\/wp-content\/uploads\/sites\/801\/2020\/10\/3724762-200x200.jpg 200w, https:\/\/sites.usp.br\/solonaescola\/wp-content\/uploads\/sites\/801\/2020\/10\/3724762-400x400.jpg 400w\" sizes=\"(max-width: 150px) 100vw, 150px\" title=\"Designed by Freepik\" alt=\"\" \t\tclass=\"so-widget-image\"\/>\n\t\t\t<\/a><\/div>\n\n<\/div><\/div><div id=\"panel-2629-1-1-1\" class=\"so-panel widget widget_sow-headline panel-last-child\" data-index=\"4\" ><div\n\t\t\t\n\t\t\tclass=\"so-widget-sow-headline so-widget-sow-headline-default-fd52dab2956d-2629 so-widget-fittext-wrapper\"\n\t\t\t data-fit-text-compressor=\"0.85\"\n\t\t><div class=\"sow-headline-container \">\n\t\t\t\t\t\t\t<h3 class=\"sow-headline\">\n\t\t\t\t\t\t\t\t\t\t\t\t\t<a href=\"https:\/\/sites.usp.br\/solonaescola\/es\/videoclase\/\" target=\"_blank\" rel=\"noopener noreferrer\">\n\t\t\t\t\t\t\t\tVideoclase<\/a>\t\t\t\t\t\t<\/h3>\n\t\t\t\t\t\t\t\t\t\t\t<div class=\"decoration\">\n\t\t\t\t\t\t<div class=\"decoration-inside\"><\/div>\n\t\t\t\t\t<\/div>\n\t\t\t\t\t\t\t\t\t\t\t<p class=\"sow-sub-headline\">\n\t\t\t\t\t\t\t\t\t\t\t\t\t<a href=\"https:\/\/sites.usp.br\/solonaescola\/es\/videoclase\/\" >\n\t\t\t\t\t\t\t\tLas clases de video est\u00e1n disponibles en e-Aulas USP y puedes verlas cuando lo desees de forma gratuita \u00a1haz clic aqu\u00ed!<\/a>\t\t\t\t\t\t<\/p>\n\t\t\t\t\t\t<\/div>\n<\/div><\/div><\/div><div id=\"pgc-2629-1-2\"  class=\"panel-grid-cell\" ><div id=\"panel-2629-1-2-0\" class=\"so-panel widget widget_sow-image panel-first-child\" data-index=\"5\" ><div\n\t\t\t\n\t\t\tclass=\"so-widget-sow-image so-widget-sow-image-default-c67d20f9f743-2629\"\n\t\t\t\n\t\t>\n<div class=\"sow-image-container\">\n\t\t\t<a href=\"https:\/\/sites.usp.br\/solonaescola\/es\/cuestionario\/\"\n\t\t\ttarget=\"_blank\" rel=\"noopener noreferrer\" \t\t>\n\t\t\t<img \n\tsrc=\"https:\/\/sites.usp.br\/solonaescola\/wp-content\/uploads\/sites\/801\/2020\/10\/Imagem3-1.png\" width=\"150\" height=\"150\" srcset=\"https:\/\/sites.usp.br\/solonaescola\/wp-content\/uploads\/sites\/801\/2020\/10\/Imagem3-1.png 620w, https:\/\/sites.usp.br\/solonaescola\/wp-content\/uploads\/sites\/801\/2020\/10\/Imagem3-1-300x300.png 300w, https:\/\/sites.usp.br\/solonaescola\/wp-content\/uploads\/sites\/801\/2020\/10\/Imagem3-1-150x150.png 150w, https:\/\/sites.usp.br\/solonaescola\/wp-content\/uploads\/sites\/801\/2020\/10\/Imagem3-1-160x160.png 160w, https:\/\/sites.usp.br\/solonaescola\/wp-content\/uploads\/sites\/801\/2020\/10\/Imagem3-1-320x320.png 320w, https:\/\/sites.usp.br\/solonaescola\/wp-content\/uploads\/sites\/801\/2020\/10\/Imagem3-1-45x45.png 45w, https:\/\/sites.usp.br\/solonaescola\/wp-content\/uploads\/sites\/801\/2020\/10\/Imagem3-1-200x200.png 200w, https:\/\/sites.usp.br\/solonaescola\/wp-content\/uploads\/sites\/801\/2020\/10\/Imagem3-1-400x401.png 400w\" sizes=\"(max-width: 150px) 100vw, 150px\" title=\"Designed by Freepik\" alt=\"\" \t\tclass=\"so-widget-image\"\/>\n\t\t\t<\/a><\/div>\n\n<\/div><\/div><div id=\"panel-2629-1-2-1\" class=\"so-panel widget widget_sow-headline panel-last-child\" data-index=\"6\" ><div\n\t\t\t\n\t\t\tclass=\"so-widget-sow-headline so-widget-sow-headline-default-727b98735898-2629 so-widget-fittext-wrapper\"\n\t\t\t data-fit-text-compressor=\"0.85\"\n\t\t><div class=\"sow-headline-container \">\n\t\t\t\t\t\t\t<h3 class=\"sow-headline\">\n\t\t\t\t\t\t\t\t\t\t\t\t\t<a href=\"https:\/\/sites.usp.br\/solonaescola\/es\/cuestionario\/\" target=\"_blank\" rel=\"noopener noreferrer\">\n\t\t\t\t\t\t\t\tEnv\u00ede tus actividades<\/a>\t\t\t\t\t\t<\/h3>\n\t\t\t\t\t\t\t\t\t\t\t<div class=\"decoration\">\n\t\t\t\t\t\t<div class=\"decoration-inside\"><\/div>\n\t\t\t\t\t<\/div>\n\t\t\t\t\t\t\t\t\t\t\t<p class=\"sow-sub-headline\">\n\t\t\t\t\t\t\t\t\t\t\t\t\t<a href=\"https:\/\/sites.usp.br\/solonaescola\/es\/cuestionario\/\" target=\"_blank\" rel=\"noopener noreferrer\">\n\t\t\t\t\t\t\t\tEsperamos que hayas disfrutado de las actividades propuestas. \u00a1Queremos ver lo que has hecho! Env\u00eda tus actividades haciendo clic aqu\u00ed <\/a>\t\t\t\t\t\t<\/p>\n\t\t\t\t\t\t<\/div>\n<\/div><\/div><\/div><\/div><div id=\"pg-2629-2\"  class=\"panel-grid panel-no-style\" ><div id=\"pgc-2629-2-0\"  class=\"panel-grid-cell\" ><div id=\"panel-2629-2-0-0\" class=\"so-panel widget widget_sow-hero panel-first-child panel-last-child\" data-index=\"7\" ><div\n\t\t\t\n\t\t\tclass=\"so-widget-sow-hero so-widget-sow-hero-default-a8adc7290684-2629\"\n\t\t\t\n\t\t>\t\t\t\t<div class=\"sow-slider-base\" style=\"display: none\" tabindex=\"0\">\n\t\t\t\t\t<ul\n\t\t\t\t\tclass=\"sow-slider-images\"\n\t\t\t\t\tdata-settings=\"{&quot;pagination&quot;:true,&quot;speed&quot;:800,&quot;timeout&quot;:8000,&quot;paused&quot;:true,&quot;pause_on_hover&quot;:false,&quot;swipe&quot;:false,&quot;nav_always_show_desktop&quot;:&quot;&quot;,&quot;nav_always_show_mobile&quot;:true,&quot;breakpoint&quot;:&quot;780px&quot;,&quot;unmute&quot;:false,&quot;anchor&quot;:null}\"\n\t\t\t\t\t\t\t\t\t\tdata-anchor-id=\"\"\n\t\t\t\t>\t\t<li class=\"sow-slider-image  sow-slider-image-cover\" style=\"visibility: visible;;background-color: #333333;background-image: url(https:\/\/sites.usp.br\/solonaescola\/wp-content\/uploads\/sites\/801\/2020\/10\/IMG-20191129-WA0012.jpg)\" >\n\t\t\t\t\t<div class=\"sow-slider-image-container\">\n\t\t\t<div class=\"sow-slider-image-wrapper\">\n\t\t\t\t<h2 style=\"text-align: left\">Ver en e-Aulas da USP<\/h2>\n<div class=\"sow-hero-buttons\" style=\"text-align: left\"><div\n\t\t\t\n\t\t\tclass=\"so-widget-sow-button so-widget-sow-button-wire-79b9d05cd623\"\n\t\t\t\n\t\t><div class=\"ow-button-base ow-button-align-center\"\n>\n\t\t\t<a\n\t\t\t\t\thref=\"http:\/\/eaulas.usp.br\/portal\/course.action?idOrderView=3&#038;course=14991\"\n\t\t\t\t\tclass=\"sowb-button ow-icon-placement-left\" target=\"_blank\" rel=\"noopener noreferrer\" \t>\n\t\t<span>\n\t\t\t<span class=\"sow-icon-fontawesome sow-far\" data-sow-icon=\"&#xf584;\"\n\t\tstyle=\"\" \n\t\taria-hidden=\"true\"><\/span>\n\t\t\tHAGA CLIC AQU\u00cd\t\t<\/span>\n\t\t\t<\/a>\n\t<\/div>\n<\/div><\/div>\n\t\t\t<\/div>\n\t\t<\/div>\n\t\t\t\t<\/li>\n\t\t<\/ul>\t\t\t\t<ol class=\"sow-slider-pagination\">\n\t\t\t\t\t\t\t\t\t\t\t<li><a href=\"#\" data-goto=\"0\" aria-label=\"Display slide 1\"><\/a><\/li>\n\t\t\t\t\t\t\t\t\t<\/ol>\n\n\t\t\t\t<div class=\"sow-slide-nav sow-slide-nav-next\">\n\t\t\t\t\t<a href=\"#\" data-goto=\"next\" aria-label=\"Next slide\" data-action=\"next\">\n\t\t\t\t\t\t<em class=\"sow-sld-icon-thin-right\"><\/em>\n\t\t\t\t\t<\/a>\n\t\t\t\t<\/div>\n\n\t\t\t\t<div class=\"sow-slide-nav sow-slide-nav-prev\">\n\t\t\t\t\t<a href=\"#\" data-goto=\"previous\" aria-label=\"Previous slide\" data-action=\"prev\">\n\t\t\t\t\t\t<em class=\"sow-sld-icon-thin-left\"><\/em>\n\t\t\t\t\t<\/a>\n\t\t\t\t<\/div>\n\t\t\t\t<\/div><\/div><\/div><\/div><\/div><\/div>","protected":false},"excerpt":{"rendered":"<p>ACTIVIDADES Aqu\u00ed encontrar\u00e1s todos los materiales y actividades planeadas para Domingo de Suelo Material did\u00e1ctico La primera edici\u00f3n del libro \u201cSuelo bajo diferentes percepciones &#8211; Brasil y Colombia\u201d re\u00fane un rico material que aborda&#46;&#46;&#46;<\/p>\n","protected":false},"author":22055,"featured_media":0,"parent":0,"menu_order":0,"comment_status":"closed","ping_status":"closed","template":"","meta":{"_monsterinsights_skip_tracking":false,"_monsterinsights_sitenote_active":false,"_monsterinsights_sitenote_note":"","_monsterinsights_sitenote_category":0,"footnotes":"","_links_to":"","_links_to_target":""},"class_list":["post-2629","page","type-page","status-publish","hentry"],"_links":{"self":[{"href":"https:\/\/sites.usp.br\/solonaescola\/wp-json\/wp\/v2\/pages\/2629","targetHints":{"allow":["GET"]}}],"collection":[{"href":"https:\/\/sites.usp.br\/solonaescola\/wp-json\/wp\/v2\/pages"}],"about":[{"href":"https:\/\/sites.usp.br\/solonaescola\/wp-json\/wp\/v2\/types\/page"}],"author":[{"embeddable":true,"href":"https:\/\/sites.usp.br\/solonaescola\/wp-json\/wp\/v2\/users\/22055"}],"replies":[{"embeddable":true,"href":"https:\/\/sites.usp.br\/solonaescola\/wp-json\/wp\/v2\/comments?post=2629"}],"version-history":[{"count":5,"href":"https:\/\/sites.usp.br\/solonaescola\/wp-json\/wp\/v2\/pages\/2629\/revisions"}],"predecessor-version":[{"id":2756,"href":"https:\/\/sites.usp.br\/solonaescola\/wp-json\/wp\/v2\/pages\/2629\/revisions\/2756"}],"wp:attachment":[{"href":"https:\/\/sites.usp.br\/solonaescola\/wp-json\/wp\/v2\/media?parent=2629"}],"curies":[{"name":"wp","href":"https:\/\/api.w.org\/{rel}","templated":true}]}}