{"id":3381,"date":"2020-11-21T13:31:23","date_gmt":"2020-11-21T16:31:23","guid":{"rendered":"https:\/\/sites.usp.br\/solonaescola\/?page_id=3381"},"modified":"2020-11-21T14:26:48","modified_gmt":"2020-11-21T17:26:48","slug":"sobre-o-ppsne","status":"publish","type":"page","link":"https:\/\/sites.usp.br\/solonaescola\/sobre-o-ppsne\/","title":{"rendered":"Sobre o PPSNE"},"content":{"rendered":"\t\t<div data-elementor-type=\"wp-page\" data-elementor-id=\"3381\" class=\"elementor elementor-3381\" data-elementor-post-type=\"page\">\n\t\t\t\t\t\t<section class=\"elementor-section elementor-top-section elementor-element elementor-element-7cc1c81 elementor-section-boxed elementor-section-height-default elementor-section-height-default\" data-id=\"7cc1c81\" data-element_type=\"section\">\n\t\t\t\t\t\t<div class=\"elementor-container elementor-column-gap-default\">\n\t\t\t\t\t<div class=\"elementor-column elementor-col-100 elementor-top-column elementor-element elementor-element-9ebdd99\" data-id=\"9ebdd99\" data-element_type=\"column\">\n\t\t\t<div class=\"elementor-widget-wrap elementor-element-populated\">\n\t\t\t\t\t\t<div class=\"elementor-element elementor-element-bd7d9ab elementor-widget elementor-widget-heading\" data-id=\"bd7d9ab\" data-element_type=\"widget\" data-widget_type=\"heading.default\">\n\t\t\t\t<div class=\"elementor-widget-container\">\n\t\t\t<h3 class=\"elementor-heading-title elementor-size-default\">PONTE E SOLO NA ESCOLA: A UNI\u00c3O FAZ A FOR\u00c7A<\/h3>\t\t<\/div>\n\t\t\t\t<\/div>\n\t\t\t\t\t<\/div>\n\t\t<\/div>\n\t\t\t\t\t<\/div>\n\t\t<\/section>\n\t\t\t\t<section class=\"elementor-section elementor-top-section elementor-element elementor-element-78c027a elementor-section-boxed elementor-section-height-default elementor-section-height-default\" data-id=\"78c027a\" data-element_type=\"section\">\n\t\t\t\t\t\t<div class=\"elementor-container elementor-column-gap-default\">\n\t\t\t\t\t<div class=\"elementor-column elementor-col-100 elementor-top-column elementor-element elementor-element-4a2a545\" data-id=\"4a2a545\" data-element_type=\"column\">\n\t\t\t<div class=\"elementor-widget-wrap elementor-element-populated\">\n\t\t\t\t\t\t<div class=\"elementor-element elementor-element-5c0984d elementor-widget elementor-widget-text-editor\" data-id=\"5c0984d\" data-element_type=\"widget\" data-widget_type=\"text-editor.default\">\n\t\t\t\t<div class=\"elementor-widget-container\">\n\t\t\t\t\t\t\t<p style=\"text-align: justify;\"><span style=\"font-family: 'trebuchet ms', geneva, sans-serif; color: #333333;\">O Ponte e o Solo na Escola foram dois programas de extens\u00e3o universit\u00e1ria da Escola Superior de Agricultura \u201cLuiz de Queiroz\u201d, da Universidade de S\u00e3o Paulo (ESALQ-USP), <em>Campus <\/em>Piracicaba, que iniciaram suas atividades em\u00a0 2007 e 2006, respectivamente, atuando nas \u00e1reas de Educa\u00e7\u00e3o Ambiental e Ci\u00eancia do Solo.<\/span><\/p>\n\n<div style=\"padding: 5px;\"><\/div>\n<p style=\"text-align: justify;\"><span style=\"font-family: 'trebuchet ms', geneva, sans-serif; color: #333333;\">Ao longo dos anos, ambos vinham desenvolvendo projetos e atividades com escolas da rede p\u00fablica de Ensino no munic\u00edpio de Piracicaba e regi\u00e3o, abordando diferentes tem\u00e1ticas como: Res\u00edduos s\u00f3lidos urbanos, Ci\u00eancia do Solo, Biocombust\u00edveis, Bacias Hidrogr\u00e1ficas, Jardim Urbano de Captura de Carbono (JUCCA), entre outros.\n<\/span><\/p>\t\t\t\t\t\t<\/div>\n\t\t\t\t<\/div>\n\t\t\t\t\t<\/div>\n\t\t<\/div>\n\t\t\t\t\t<\/div>\n\t\t<\/section>\n\t\t\t\t<section class=\"elementor-section elementor-top-section elementor-element elementor-element-e4fb7d0 elementor-section-boxed elementor-section-height-default elementor-section-height-default\" data-id=\"e4fb7d0\" data-element_type=\"section\">\n\t\t\t\t\t\t<div class=\"elementor-container elementor-column-gap-default\">\n\t\t\t\t\t<div class=\"elementor-column elementor-col-100 elementor-top-column elementor-element elementor-element-6d04420\" data-id=\"6d04420\" data-element_type=\"column\">\n\t\t\t<div class=\"elementor-widget-wrap elementor-element-populated\">\n\t\t\t\t\t\t<div class=\"elementor-element elementor-element-4103bf9 elementor-widget elementor-widget-html\" data-id=\"4103bf9\" data-element_type=\"widget\" data-widget_type=\"html.default\">\n\t\t\t\t<div class=\"elementor-widget-container\">\n\t\t\t<div class=\"iframely-embed\"><div class=\"iframely-responsive\" style=\"height: 140px; padding-bottom: 0;\"><a href=\"http:\/\/eaulas.usp.br\/portal\/video.action?idItem=15453\" data-iframely-url=\"\/\/cdn.iframe.ly\/api\/iframe?url=http%3A%2F%2Feaulas.usp.br%2Fportal%2Fvideo.action%3FidItem%3D15453&amp;key=4742cc9a88ceb0c73e5131b92daef87b&amp;iframe=card-small\"><\/a><\/div><\/div><script async src=\"\/\/cdn.iframe.ly\/embed.js\" charset=\"utf-8\"><\/script>\t\t<\/div>\n\t\t\t\t<\/div>\n\t\t\t\t\t<\/div>\n\t\t<\/div>\n\t\t\t\t\t<\/div>\n\t\t<\/section>\n\t\t\t\t<section class=\"elementor-section elementor-top-section elementor-element elementor-element-fbac71a elementor-section-boxed elementor-section-height-default elementor-section-height-default\" data-id=\"fbac71a\" data-element_type=\"section\">\n\t\t\t\t\t\t<div class=\"elementor-container elementor-column-gap-default\">\n\t\t\t\t\t<div class=\"elementor-column elementor-col-100 elementor-top-column elementor-element elementor-element-d7f016d\" data-id=\"d7f016d\" data-element_type=\"column\">\n\t\t\t<div class=\"elementor-widget-wrap elementor-element-populated\">\n\t\t\t\t\t\t<div class=\"elementor-element elementor-element-e79e779 elementor-widget elementor-widget-text-editor\" data-id=\"e79e779\" data-element_type=\"widget\" data-widget_type=\"text-editor.default\">\n\t\t\t\t<div class=\"elementor-widget-container\">\n\t\t\t\t\t\t\t<p style=\"text-align: justify;\"><span style=\"font-family: 'trebuchet ms', geneva, sans-serif; color: #333333;\">Em fun\u00e7\u00e3o da similaridade de a\u00e7\u00f5es e de p\u00fablico alvo, os dois programas se uniram, com o intuito de melhorar suas pr\u00e1ticas, atingindo seus p\u00fablicos de forma conjunta.<\/span><\/p>\n\n<div style=\"padding: 5px;\"><\/div>\n\n<p style=\"text-align: justify;\"><span style=\"font-family: 'trebuchet ms', geneva, sans-serif; color: #333333;\">Em mar\u00e7o de 2020, as equipes de ambos os programas passaram a trabalhar juntas na gera\u00e7\u00e3o e compartilhamento de conhecimentos, de modo a atender ao p\u00fablico da melhor forma!<\/span><\/p>\n\n<div style=\"padding: 5px;\"><\/div>\n\n<p style=\"text-align: justify;\"><span style=\"font-family: 'trebuchet ms', geneva, sans-serif; color: #333333;\">E assim, nasceu o Programa Ponte-Solo na Escola (PPSNE), que almeja uma grande potencializa\u00e7\u00e3o das experi\u00eancias entre ambos os grupos que lhe deu origem.<\/span><\/p>\n\n<div style=\"padding: 5px;\"><\/div>\t\t\t\t\t\t<\/div>\n\t\t\t\t<\/div>\n\t\t\t\t\t<\/div>\n\t\t<\/div>\n\t\t\t\t\t<\/div>\n\t\t<\/section>\n\t\t\t\t<section class=\"elementor-section elementor-top-section elementor-element elementor-element-7f5508c elementor-section-boxed elementor-section-height-default elementor-section-height-default\" data-id=\"7f5508c\" data-element_type=\"section\">\n\t\t\t\t\t\t<div class=\"elementor-container elementor-column-gap-default\">\n\t\t\t\t\t<div class=\"elementor-column elementor-col-100 elementor-top-column elementor-element elementor-element-51c5f1a\" data-id=\"51c5f1a\" data-element_type=\"column\">\n\t\t\t<div class=\"elementor-widget-wrap elementor-element-populated\">\n\t\t\t\t\t\t<div class=\"elementor-element elementor-element-367dca3 elementor-widget elementor-widget-heading\" data-id=\"367dca3\" data-element_type=\"widget\" data-widget_type=\"heading.default\">\n\t\t\t\t<div class=\"elementor-widget-container\">\n\t\t\t<h3 class=\"elementor-heading-title elementor-size-default\"><h3 data-elementor-setting-key=\"title\" data-pen-placeholder=\"Digite aqui...\" data-gramm=\"false\" style=\"font-style: bolder;font-size: 30px;line-height: 1.5em;font-family: Dosis, sans-serif;letter-spacing: normal;text-transform: uppercase;text-align: center\">A\u00c7\u00c3O DO PROGRAMA PONTE-SOLO NA ESCOLA<\/h3><\/h3>\t\t<\/div>\n\t\t\t\t<\/div>\n\t\t\t\t\t<\/div>\n\t\t<\/div>\n\t\t\t\t\t<\/div>\n\t\t<\/section>\n\t\t\t\t<section class=\"elementor-section elementor-top-section elementor-element elementor-element-e7b3840 elementor-section-boxed elementor-section-height-default elementor-section-height-default\" data-id=\"e7b3840\" data-element_type=\"section\">\n\t\t\t\t\t\t<div class=\"elementor-container elementor-column-gap-default\">\n\t\t\t\t\t<div class=\"elementor-column elementor-col-100 elementor-top-column elementor-element elementor-element-5b43be5\" data-id=\"5b43be5\" data-element_type=\"column\">\n\t\t\t<div class=\"elementor-widget-wrap elementor-element-populated\">\n\t\t\t\t\t\t<div class=\"elementor-element elementor-element-77ddab9 elementor-widget elementor-widget-text-editor\" data-id=\"77ddab9\" data-element_type=\"widget\" data-widget_type=\"text-editor.default\">\n\t\t\t\t<div class=\"elementor-widget-container\">\n\t\t\t\t\t\t\t<p style=\"text-align: justify;\"><span style=\"font-family: 'trebuchet ms', geneva, sans-serif; color: #333333; \"font-weight: 400;\"> O Programa Ponte-Solo na Escola (PPSNE), por ser um programa de extens\u00e3o, tem em sua ess\u00eancia, o contato direto com a comunidade. Mas, vai al\u00e9m, e tamb\u00e9m atua no ensino e pesquisa, por isso prima tamb\u00e9m pela forma\u00e7\u00e3o da sua equipe, tanto do ponto de vista de conte\u00fado como de pr\u00e1ticas de ensino e did\u00e1tica.\n<div style=\"padding: 5px;\"><\/div>\n\n<p style=\"text-align: justify;\"><span style=\"font-family: 'trebuchet ms', geneva, sans-serif; color: #333333; \"font-weight: 400;\"> A equipe do PPSNE \u00e9 composta por estudantes de gradua\u00e7\u00e3o e p\u00f3s-gradua\u00e7\u00e3o da ESALQ-USP, bolsistas ou volunt\u00e1rios, que ao longo de sua hist\u00f3ria sempre interagiu diretamente com estudantes de diversos n\u00edveis de ensino, principalmente ensino fundamental e m\u00e9dio, tratando sobre quest\u00f5es de educa\u00e7\u00e3o ambiental.<\/span><\/p>\n<div style=\"padding: 5px;\"><\/div>\n\n<p style=\"text-align: justify;\"><span style=\"font-family: 'trebuchet ms', geneva, sans-serif; color: #333333; \"font-weight: 400;\"> A aplica\u00e7\u00e3o dos materiais e m\u00e9todos desenvolvidos pela equipe, sempre se deu de forma presencial.<\/span><\/p>\n\n<p style=\"text-align: justify;\"><span style=\"font-family: 'trebuchet ms', geneva, sans-serif; color: #333333; \"font-weight: 400;\"> O Ponte atuava integralmente no ambiente escolar, onde os monitores levavam as atividades que eram desenvolvidas em sala de aula. Enquanto, o Solo na Escola recebia visitantes no Campus da ESALQ-USP, em uma esta\u00e7\u00e3o contendo demonstra\u00e7\u00f5es sobre a tem\u00e1tica solos.\u00a0 Assim, o PPSNE tem sua atua\u00e7\u00e3o principalmente no ambiente escolar, atingindo tamb\u00e9m ao p\u00fablico interessado em educa\u00e7\u00e3o ambiental.<\/span><\/p>\n<div style=\"padding: 5px;\"><\/div>\n<\/span><\/p>\t\t\t\t\t\t<\/div>\n\t\t\t\t<\/div>\n\t\t\t\t\t<\/div>\n\t\t<\/div>\n\t\t\t\t\t<\/div>\n\t\t<\/section>\n\t\t\t\t<section class=\"elementor-section elementor-top-section elementor-element elementor-element-2ad713b elementor-section-boxed elementor-section-height-default elementor-section-height-default\" data-id=\"2ad713b\" data-element_type=\"section\">\n\t\t\t\t\t\t<div class=\"elementor-container elementor-column-gap-default\">\n\t\t\t\t\t<div class=\"elementor-column elementor-col-100 elementor-top-column elementor-element elementor-element-518c485\" data-id=\"518c485\" data-element_type=\"column\">\n\t\t\t<div class=\"elementor-widget-wrap elementor-element-populated\">\n\t\t\t\t\t\t<div class=\"elementor-element elementor-element-23a75cb elementor-widget elementor-widget-heading\" data-id=\"23a75cb\" data-element_type=\"widget\" data-widget_type=\"heading.default\">\n\t\t\t\t<div class=\"elementor-widget-container\">\n\t\t\t<h2 class=\"elementor-heading-title elementor-size-default\"><h3 data-elementor-setting-key=\"title\" data-pen-placeholder=\"Digite aqui...\" data-gramm=\"false\" style=\"font-style: bolder;font-size: 30px;line-height: 1.5em;font-family: Dosis, sans-serif;letter-spacing: normal;text-transform: uppercase;text-align: center\">VIRTUALIDADE DO PONTE - SOLO NA ESCOLA<\/h3><\/h2>\t\t<\/div>\n\t\t\t\t<\/div>\n\t\t\t\t\t<\/div>\n\t\t<\/div>\n\t\t\t\t\t<\/div>\n\t\t<\/section>\n\t\t\t\t<section class=\"elementor-section elementor-top-section elementor-element elementor-element-4b519fd elementor-section-boxed elementor-section-height-default elementor-section-height-default\" data-id=\"4b519fd\" data-element_type=\"section\">\n\t\t\t\t\t\t<div class=\"elementor-container elementor-column-gap-default\">\n\t\t\t\t\t<div class=\"elementor-column elementor-col-100 elementor-top-column elementor-element elementor-element-fccfd8e\" data-id=\"fccfd8e\" data-element_type=\"column\">\n\t\t\t<div class=\"elementor-widget-wrap elementor-element-populated\">\n\t\t\t\t\t\t<div class=\"elementor-element elementor-element-37c16d0 elementor-widget elementor-widget-text-editor\" data-id=\"37c16d0\" data-element_type=\"widget\" data-widget_type=\"text-editor.default\">\n\t\t\t\t<div class=\"elementor-widget-container\">\n\t\t\t\t\t\t\t<p style=\"text-align: justify;\"><span style=\"font-family: 'trebuchet ms', geneva, sans-serif; color: #333333; \"font-weight: 400;\"> Com a introdu\u00e7\u00e3o das medidas de preven\u00e7\u00e3o contra a pandemia de COVID-19, as atividades presenciais  foram inteiramente afetadas.<\/span><\/p>\n<div style=\"padding: 5px;\"><\/div>\n\n<p style=\"text-align: justify;\"><span style=\"font-family: 'trebuchet ms', geneva, sans-serif; color: #333333; \"font-weight: 400;\"> Nesse sentido, houve a necessidade de adaptar as metodologias de ensino\/aprendizagem ao novo cen\u00e1rio, garantindo, a constru\u00e7\u00e3o do conhecimento e intera\u00e7\u00e3o entre os estudantes das escolas envolvidas com o programa e a equipe e, ao mesmo tempo, a seguran\u00e7a dos envolvidos.<\/span><\/p>\n<div style=\"padding: 5px;\"><\/div>\n\n<p style=\"text-align: justify;\"><span style=\"font-family: 'trebuchet ms', geneva, sans-serif; color: #333333; \"font-weight: 400;\"> Apesar das dificuldades de adapta\u00e7\u00e3o ao novo paradigma imposto pela restri\u00e7\u00e3o \u00e0s visitas presenciais, nossas atividades n\u00e3o pararam, sendo mantidas atrav\u00e9s da migra\u00e7\u00e3o para o ambiente virtual. <\/span><\/p>\n<div style=\"padding: 5px;\"><\/div>\n\n<p style=\"text-align: justify;\"><span style=\"font-family: 'trebuchet ms', geneva, sans-serif; color: #333333; \"font-weight: 400;\"> Como isso, o p\u00fablico do PPSNE ampliou, pois, a virtualidade est\u00e1 possibilitando atingir pessoas de todo o Brasil, e tamb\u00e9m  de outros pa\u00edses.<\/span><\/p>\n\t\t\t\t\t\t<\/div>\n\t\t\t\t<\/div>\n\t\t\t\t\t<\/div>\n\t\t<\/div>\n\t\t\t\t\t<\/div>\n\t\t<\/section>\n\t\t\t\t<section class=\"elementor-section elementor-top-section elementor-element elementor-element-e32ca5e elementor-section-height-min-height elementor-section-items-top elementor-section-content-middle elementor-section-boxed elementor-section-height-default\" data-id=\"e32ca5e\" data-element_type=\"section\" data-settings=\"{&quot;background_background&quot;:&quot;classic&quot;}\">\n\t\t\t\t\t\t\t<div class=\"elementor-background-overlay\"><\/div>\n\t\t\t\t\t\t\t<div class=\"elementor-container elementor-column-gap-no\">\n\t\t\t\t\t<div class=\"elementor-column elementor-col-100 elementor-top-column elementor-element elementor-element-7567756\" data-id=\"7567756\" data-element_type=\"column\">\n\t\t\t<div class=\"elementor-widget-wrap elementor-element-populated\">\n\t\t\t\t\t\t<div class=\"elementor-element elementor-element-0987133 elementor-widget elementor-widget-image\" data-id=\"0987133\" data-element_type=\"widget\" data-settings=\"{&quot;_animation&quot;:&quot;none&quot;}\" data-widget_type=\"image.default\">\n\t\t\t\t<div class=\"elementor-widget-container\">\n\t\t\t\t\t\t\t\t\t\t<figure class=\"wp-caption\">\n\t\t\t\t\t\t\t\t\t\t<img fetchpriority=\"high\" decoding=\"async\" width=\"720\" height=\"318\" src=\"https:\/\/sites.usp.br\/solonaescola\/wp-content\/uploads\/sites\/801\/2020\/11\/Foto-para-post-sobre-uni\u00e3o-dos-grupos_edited-768x339.jpg\" class=\"attachment-medium_large size-medium_large wp-image-3388\" alt=\"\" srcset=\"https:\/\/sites.usp.br\/solonaescola\/wp-content\/uploads\/sites\/801\/2020\/11\/Foto-para-post-sobre-uni\u00e3o-dos-grupos_edited-768x339.jpg 768w, https:\/\/sites.usp.br\/solonaescola\/wp-content\/uploads\/sites\/801\/2020\/11\/Foto-para-post-sobre-uni\u00e3o-dos-grupos_edited-300x133.jpg 300w, https:\/\/sites.usp.br\/solonaescola\/wp-content\/uploads\/sites\/801\/2020\/11\/Foto-para-post-sobre-uni\u00e3o-dos-grupos_edited-1024x453.jpg 1024w, https:\/\/sites.usp.br\/solonaescola\/wp-content\/uploads\/sites\/801\/2020\/11\/Foto-para-post-sobre-uni\u00e3o-dos-grupos_edited-205x91.jpg 205w, https:\/\/sites.usp.br\/solonaescola\/wp-content\/uploads\/sites\/801\/2020\/11\/Foto-para-post-sobre-uni\u00e3o-dos-grupos_edited-400x177.jpg 400w, https:\/\/sites.usp.br\/solonaescola\/wp-content\/uploads\/sites\/801\/2020\/11\/Foto-para-post-sobre-uni\u00e3o-dos-grupos_edited.jpg 1274w\" sizes=\"(max-width: 720px) 100vw, 720px\" \/>\t\t\t\t\t\t\t\t\t\t\t<figcaption class=\"widget-image-caption wp-caption-text\">Reuni\u00e3o virtual do Grupo Ponte-Solo na Escola<\/figcaption>\n\t\t\t\t\t\t\t\t\t\t<\/figure>\n\t\t\t\t\t\t\t<\/div>\n\t\t\t\t<\/div>\n\t\t\t\t\t<\/div>\n\t\t<\/div>\n\t\t\t\t\t<\/div>\n\t\t<\/section>\n\t\t\t\t<section class=\"elementor-section elementor-top-section elementor-element elementor-element-ef77fcf elementor-section-boxed elementor-section-height-default elementor-section-height-default\" data-id=\"ef77fcf\" data-element_type=\"section\">\n\t\t\t\t\t\t<div class=\"elementor-container elementor-column-gap-default\">\n\t\t\t\t\t<div class=\"elementor-column elementor-col-100 elementor-top-column elementor-element elementor-element-f16b3d5\" data-id=\"f16b3d5\" data-element_type=\"column\">\n\t\t\t<div class=\"elementor-widget-wrap elementor-element-populated\">\n\t\t\t\t\t\t<div class=\"elementor-element elementor-element-05e57e3 elementor-widget elementor-widget-text-editor\" data-id=\"05e57e3\" data-element_type=\"widget\" data-widget_type=\"text-editor.default\">\n\t\t\t\t<div class=\"elementor-widget-container\">\n\t\t\t\t\t\t\t<p style=\"text-align: justify;\"><span style=\"font-family: 'trebuchet ms', geneva, sans-serif; color: #333333;\"> Como desafios, n\u00f3s do PPSNE buscamos novas pr\u00e1ticas virtuais que possam atrair a aten\u00e7\u00e3o de estudantes dos ensinos Fundamental e M\u00e9dio, bem como de outros p\u00fablicos interessados na educa\u00e7\u00e3o ambiental, com o desenvolvimento de atividades interativas e uma abordagem diferenciada para o ensino e aprendizado das Ci\u00eancias Ambientais.<\/span><\/p>\n\n<div style=\"padding: 5px;\">\n<p style=\"text-align: justify;\"><span style=\"font-family: 'trebuchet ms', geneva, sans-serif; color: #333333;\">Hoje, o PPSNE disp\u00f5em de materiais did\u00e1ticos e experimentos\/demonstra\u00e7\u00f5es dispon\u00edveis para uso presencial, bem como conta com diversos materiais digitais para uso virtual. Assim, quando as atividades de forma presencial for poss\u00edvel, o PPSNE poder\u00e1 adotar atividades h\u00edbridas.<\/span><\/p><\/div>\t\t\t\t\t\t<\/div>\n\t\t\t\t<\/div>\n\t\t\t\t\t<\/div>\n\t\t<\/div>\n\t\t\t\t\t<\/div>\n\t\t<\/section>\n\t\t\t\t<section class=\"elementor-section elementor-top-section elementor-element elementor-element-f865679 elementor-section-boxed elementor-section-height-default elementor-section-height-default\" data-id=\"f865679\" data-element_type=\"section\">\n\t\t\t\t\t\t<div class=\"elementor-container elementor-column-gap-default\">\n\t\t\t\t\t<div class=\"elementor-column elementor-col-100 elementor-top-column elementor-element elementor-element-46b6c94\" data-id=\"46b6c94\" data-element_type=\"column\">\n\t\t\t<div class=\"elementor-widget-wrap elementor-element-populated\">\n\t\t\t\t\t\t<div class=\"elementor-element elementor-element-00dd6d7 elementor-widget elementor-widget-spacer\" data-id=\"00dd6d7\" data-element_type=\"widget\" data-widget_type=\"spacer.default\">\n\t\t\t\t<div class=\"elementor-widget-container\">\n\t\t\t\t\t<div class=\"elementor-spacer\">\n\t\t\t<div class=\"elementor-spacer-inner\"><\/div>\n\t\t<\/div>\n\t\t\t\t<\/div>\n\t\t\t\t<\/div>\n\t\t\t\t\t<\/div>\n\t\t<\/div>\n\t\t\t\t\t<\/div>\n\t\t<\/section>\n\t\t\t\t<section class=\"elementor-section elementor-top-section elementor-element elementor-element-d2756d9 elementor-section-boxed elementor-section-height-default elementor-section-height-default\" data-id=\"d2756d9\" data-element_type=\"section\">\n\t\t\t\t\t\t<div class=\"elementor-container elementor-column-gap-default\">\n\t\t\t\t\t<div class=\"elementor-column elementor-col-100 elementor-top-column elementor-element elementor-element-ab9534e\" data-id=\"ab9534e\" data-element_type=\"column\">\n\t\t\t<div class=\"elementor-widget-wrap elementor-element-populated\">\n\t\t\t\t\t\t<div class=\"elementor-element elementor-element-bcac438 elementor-author-box--layout-image-left elementor-author-box--align-left elementor-widget elementor-widget-author-box\" data-id=\"bcac438\" data-element_type=\"widget\" data-widget_type=\"author-box.default\">\n\t\t\t\t<div class=\"elementor-widget-container\">\n\t\t\t\t\t<div class=\"elementor-author-box\">\n\t\t\t\t\t\t\t<div  class=\"elementor-author-box__avatar\">\n\t\t\t\t\t<img decoding=\"async\" src=\"https:\/\/sites.usp.br\/solonaescola\/wp-content\/uploads\/sites\/801\/2020\/10\/Icon-300x298.jpg\" alt=\"Picture of Texto: Sergio Rosendo Jr e Bruna Arruda\" loading=\"lazy\">\n\t\t\t\t<\/div>\n\t\t\t\n\t\t\t<div class=\"elementor-author-box__text\">\n\t\t\t\t\t\t\t\t\t<div >\n\t\t\t\t\t\t<span class=\"elementor-author-box__name\">\n\t\t\t\t\t\t\tTexto: Sergio Rosendo Jr e Bruna Arruda\t\t\t\t\t\t<\/span>\n\t\t\t\t\t<\/div>\n\t\t\t\t\n\t\t\t\t\t\t\t\t\t<div class=\"elementor-author-box__bio\">\n\t\t\t\t\t\t<p>Revis\u00e3o: Alexys Boim e Ant\u00f4nio Carlos de Azevedo<\/p>\n\t\t\t\t\t<\/div>\n\t\t\t\t\n\t\t\t\t\t\t\t<\/div>\n\t\t<\/div>\n\t\t\t\t<\/div>\n\t\t\t\t<\/div>\n\t\t\t\t\t<\/div>\n\t\t<\/div>\n\t\t\t\t\t<\/div>\n\t\t<\/section>\n\t\t\t\t<\/div>\n\t\t","protected":false},"excerpt":{"rendered":"<p>PONTE E SOLO NA ESCOLA: A UNI\u00c3O FAZ A FOR\u00c7A O Ponte e o Solo na Escola foram dois programas de extens\u00e3o universit\u00e1ria da Escola Superior de Agricultura \u201cLuiz de Queiroz\u201d, da Universidade de&#46;&#46;&#46;<\/p>\n","protected":false},"author":22055,"featured_media":0,"parent":0,"menu_order":0,"comment_status":"closed","ping_status":"closed","template":"","meta":{"_monsterinsights_skip_tracking":false,"_monsterinsights_sitenote_active":false,"_monsterinsights_sitenote_note":"","_monsterinsights_sitenote_category":0,"footnotes":"","_links_to":"","_links_to_target":""},"class_list":["post-3381","page","type-page","status-publish","hentry"],"_links":{"self":[{"href":"https:\/\/sites.usp.br\/solonaescola\/wp-json\/wp\/v2\/pages\/3381","targetHints":{"allow":["GET"]}}],"collection":[{"href":"https:\/\/sites.usp.br\/solonaescola\/wp-json\/wp\/v2\/pages"}],"about":[{"href":"https:\/\/sites.usp.br\/solonaescola\/wp-json\/wp\/v2\/types\/page"}],"author":[{"embeddable":true,"href":"https:\/\/sites.usp.br\/solonaescola\/wp-json\/wp\/v2\/users\/22055"}],"replies":[{"embeddable":true,"href":"https:\/\/sites.usp.br\/solonaescola\/wp-json\/wp\/v2\/comments?post=3381"}],"version-history":[{"count":4,"href":"https:\/\/sites.usp.br\/solonaescola\/wp-json\/wp\/v2\/pages\/3381\/revisions"}],"predecessor-version":[{"id":3395,"href":"https:\/\/sites.usp.br\/solonaescola\/wp-json\/wp\/v2\/pages\/3381\/revisions\/3395"}],"wp:attachment":[{"href":"https:\/\/sites.usp.br\/solonaescola\/wp-json\/wp\/v2\/media?parent=3381"}],"curies":[{"name":"wp","href":"https:\/\/api.w.org\/{rel}","templated":true}]}}