{"id":4458,"date":"2021-01-30T01:17:41","date_gmt":"2021-01-30T04:17:41","guid":{"rendered":"https:\/\/sites.usp.br\/solonaescola\/?page_id=4458"},"modified":"2021-02-06T20:27:32","modified_gmt":"2021-02-06T23:27:32","slug":"cursos","status":"publish","type":"page","link":"https:\/\/sites.usp.br\/solonaescola\/cursos\/","title":{"rendered":"Cursos"},"content":{"rendered":"\t\t<div data-elementor-type=\"wp-page\" data-elementor-id=\"4458\" class=\"elementor elementor-4458\" data-elementor-post-type=\"page\">\n\t\t\t\t\t\t<section class=\"elementor-section elementor-top-section elementor-element elementor-element-dbeb74a elementor-section-boxed elementor-section-height-default elementor-section-height-default\" data-id=\"dbeb74a\" data-element_type=\"section\">\n\t\t\t\t\t\t<div class=\"elementor-container elementor-column-gap-default\">\n\t\t\t\t\t<div class=\"elementor-column elementor-col-100 elementor-top-column elementor-element elementor-element-1cdc37e\" data-id=\"1cdc37e\" data-element_type=\"column\">\n\t\t\t<div class=\"elementor-widget-wrap elementor-element-populated\">\n\t\t\t\t\t\t<div class=\"elementor-element elementor-element-30bafde elementor-widget elementor-widget-image\" data-id=\"30bafde\" data-element_type=\"widget\" data-widget_type=\"image.default\">\n\t\t\t\t<div class=\"elementor-widget-container\">\n\t\t\t\t\t\t\t\t\t\t\t\t\t<img fetchpriority=\"high\" decoding=\"async\" width=\"960\" height=\"540\" src=\"https:\/\/sites.usp.br\/solonaescola\/wp-content\/uploads\/sites\/801\/2021\/02\/p\u00e1gina-em-constru\u00e7\u00e3o.jpg\" class=\"attachment-full size-full wp-image-4521\" alt=\"\" srcset=\"https:\/\/sites.usp.br\/solonaescola\/wp-content\/uploads\/sites\/801\/2021\/02\/p\u00e1gina-em-constru\u00e7\u00e3o.jpg 960w, https:\/\/sites.usp.br\/solonaescola\/wp-content\/uploads\/sites\/801\/2021\/02\/p\u00e1gina-em-constru\u00e7\u00e3o-300x169.jpg 300w, https:\/\/sites.usp.br\/solonaescola\/wp-content\/uploads\/sites\/801\/2021\/02\/p\u00e1gina-em-constru\u00e7\u00e3o-768x432.jpg 768w, https:\/\/sites.usp.br\/solonaescola\/wp-content\/uploads\/sites\/801\/2021\/02\/p\u00e1gina-em-constru\u00e7\u00e3o-310x174.jpg 310w, https:\/\/sites.usp.br\/solonaescola\/wp-content\/uploads\/sites\/801\/2021\/02\/p\u00e1gina-em-constru\u00e7\u00e3o-400x225.jpg 400w\" sizes=\"(max-width: 960px) 100vw, 960px\" \/>\t\t\t\t\t\t\t\t\t\t\t\t\t<\/div>\n\t\t\t\t<\/div>\n\t\t\t\t\t<\/div>\n\t\t<\/div>\n\t\t\t\t\t<\/div>\n\t\t<\/section>\n\t\t\t\t<\/div>\n\t\t","protected":false},"excerpt":{"rendered":"","protected":false},"author":22220,"featured_media":0,"parent":0,"menu_order":0,"comment_status":"closed","ping_status":"closed","template":"","meta":{"_monsterinsights_skip_tracking":false,"_monsterinsights_sitenote_active":false,"_monsterinsights_sitenote_note":"","_monsterinsights_sitenote_category":0,"footnotes":"","_links_to":"","_links_to_target":""},"class_list":["post-4458","page","type-page","status-publish","hentry"],"_links":{"self":[{"href":"https:\/\/sites.usp.br\/solonaescola\/wp-json\/wp\/v2\/pages\/4458","targetHints":{"allow":["GET"]}}],"collection":[{"href":"https:\/\/sites.usp.br\/solonaescola\/wp-json\/wp\/v2\/pages"}],"about":[{"href":"https:\/\/sites.usp.br\/solonaescola\/wp-json\/wp\/v2\/types\/page"}],"author":[{"embeddable":true,"href":"https:\/\/sites.usp.br\/solonaescola\/wp-json\/wp\/v2\/users\/22220"}],"replies":[{"embeddable":true,"href":"https:\/\/sites.usp.br\/solonaescola\/wp-json\/wp\/v2\/comments?post=4458"}],"version-history":[{"count":2,"href":"https:\/\/sites.usp.br\/solonaescola\/wp-json\/wp\/v2\/pages\/4458\/revisions"}],"predecessor-version":[{"id":4524,"href":"https:\/\/sites.usp.br\/solonaescola\/wp-json\/wp\/v2\/pages\/4458\/revisions\/4524"}],"wp:attachment":[{"href":"https:\/\/sites.usp.br\/solonaescola\/wp-json\/wp\/v2\/media?parent=4458"}],"curies":[{"name":"wp","href":"https:\/\/api.w.org\/{rel}","templated":true}]}}