{"id":4584,"date":"2021-07-21T14:31:36","date_gmt":"2021-07-21T17:31:36","guid":{"rendered":"https:\/\/sites.usp.br\/solonaescola\/?page_id=4584"},"modified":"2021-07-21T15:17:05","modified_gmt":"2021-07-21T18:17:05","slug":"materiais-didaticos","status":"publish","type":"page","link":"https:\/\/sites.usp.br\/solonaescola\/materiais-didaticos\/","title":{"rendered":"Materiais did\u00e1ticos"},"content":{"rendered":"\t\t<div data-elementor-type=\"wp-page\" data-elementor-id=\"4584\" class=\"elementor elementor-4584\" data-elementor-post-type=\"page\">\n\t\t\t\t\t\t<section class=\"elementor-section elementor-top-section elementor-element elementor-element-6638131 elementor-section-boxed elementor-section-height-default elementor-section-height-default\" data-id=\"6638131\" data-element_type=\"section\">\n\t\t\t\t\t\t<div class=\"elementor-container elementor-column-gap-default\">\n\t\t\t\t\t<div class=\"elementor-column elementor-col-100 elementor-top-column elementor-element elementor-element-de54394\" data-id=\"de54394\" data-element_type=\"column\">\n\t\t\t<div class=\"elementor-widget-wrap elementor-element-populated\">\n\t\t\t\t\t\t<div class=\"elementor-element elementor-element-726fe3b elementor-widget elementor-widget-heading\" data-id=\"726fe3b\" data-element_type=\"widget\" data-widget_type=\"heading.default\">\n\t\t\t\t<div class=\"elementor-widget-container\">\n\t\t\t<h2 class=\"elementor-heading-title elementor-size-default\"><div style=\"margin-bottom: 30px;font-style: normal;font-weight: 400;font-size: 18px;, Arial, sans-serif;align-items: flex-start;letter-spacing: normal;text-align: start;white-space: normal\"><div style=\"width: calc(33.3333% - 20px)\"><div data-index=\"1\" style=\"margin-bottom: 30px\"><div><div style=\"align-items: flex-start;justify-content: center\"><a href=\"https:\/\/sites.usp.br\/solonaescola\/wp-content\/uploads\/sites\/801\/formularios\/Livro-Solo-sob-diferentes-percepcoes-bilingue_protegido.pdf\" target=\"_blank\" rel=\"noopener noreferrer\" style=\"font-family: inherit;max-width: 100%\"><\/a><\/div><\/div><\/div><\/div><\/div>Todos os materiais did\u00e1ticos dispon\u00edveis nesta p\u00e1gina tem por objetivo apoiar atividades pedag\u00f3gicas voltadas para o \"processos de ensino aprendizagem em solos\"<\/h2>\t\t<\/div>\n\t\t\t\t<\/div>\n\t\t\t\t\t<\/div>\n\t\t<\/div>\n\t\t\t\t\t<\/div>\n\t\t<\/section>\n\t\t\t\t<section class=\"elementor-section elementor-top-section elementor-element elementor-element-948309f elementor-section-boxed elementor-section-height-default elementor-section-height-default\" data-id=\"948309f\" data-element_type=\"section\">\n\t\t\t\t\t\t<div class=\"elementor-container elementor-column-gap-default\">\n\t\t\t\t\t<div class=\"elementor-column elementor-col-33 elementor-top-column elementor-element elementor-element-4e7e088\" data-id=\"4e7e088\" data-element_type=\"column\">\n\t\t\t<div class=\"elementor-widget-wrap elementor-element-populated\">\n\t\t\t\t\t\t<div class=\"elementor-element elementor-element-2df735d elementor-position-top elementor-widget elementor-widget-image-box\" data-id=\"2df735d\" data-element_type=\"widget\" data-widget_type=\"image-box.default\">\n\t\t\t\t<div class=\"elementor-widget-container\">\n\t\t\t<div class=\"elementor-image-box-wrapper\"><figure class=\"elementor-image-box-img\"><a href=\"https:\/\/sites.usp.br\/solonaescola\/wp-content\/uploads\/sites\/801\/formularios\/Livro-Solo-sob-diferentes-percepcoes-bilingue_protegido.pdf\" tabindex=\"-1\"><img fetchpriority=\"high\" decoding=\"async\" width=\"510\" height=\"724\" src=\"https:\/\/sites.usp.br\/solonaescola\/wp-content\/uploads\/sites\/801\/2020\/12\/livro_bilingue-1.png\" class=\"attachment-full size-full wp-image-4362\" alt=\"\" srcset=\"https:\/\/sites.usp.br\/solonaescola\/wp-content\/uploads\/sites\/801\/2020\/12\/livro_bilingue-1.png 510w, https:\/\/sites.usp.br\/solonaescola\/wp-content\/uploads\/sites\/801\/2020\/12\/livro_bilingue-1-211x300.png 211w, https:\/\/sites.usp.br\/solonaescola\/wp-content\/uploads\/sites\/801\/2020\/12\/livro_bilingue-1-400x568.png 400w\" sizes=\"(max-width: 510px) 100vw, 510px\" \/><\/a><\/figure><div class=\"elementor-image-box-content\"><p class=\"elementor-image-box-description\">A primeira edi\u00e7\u00e3o do livro \u201cSolo sob diferentes percep\u00e7\u00f5es - Brasil e Col\u00f4mbia\u201d re\u00fane um rico material que trata da diversidade biol\u00f3gica e cultural dos solos dos dois pa\u00edses. Esta vers\u00e3o \u00e9 bil\u00edngue, em portugu\u00eas e espanhol.<\/p><\/div><\/div>\t\t<\/div>\n\t\t\t\t<\/div>\n\t\t\t\t\t<\/div>\n\t\t<\/div>\n\t\t\t\t<div class=\"elementor-column elementor-col-33 elementor-top-column elementor-element elementor-element-13970b9\" data-id=\"13970b9\" data-element_type=\"column\">\n\t\t\t<div class=\"elementor-widget-wrap elementor-element-populated\">\n\t\t\t\t\t\t<div class=\"elementor-element elementor-element-bf2a74e elementor-position-top elementor-widget elementor-widget-image-box\" data-id=\"bf2a74e\" data-element_type=\"widget\" data-widget_type=\"image-box.default\">\n\t\t\t\t<div class=\"elementor-widget-container\">\n\t\t\t<div class=\"elementor-image-box-wrapper\"><figure class=\"elementor-image-box-img\"><a href=\"https:\/\/sites.usp.br\/solonaescola\/wp-content\/uploads\/sites\/801\/2021\/07\/Passatempo-02-07-21.pdf\" tabindex=\"-1\"><img decoding=\"async\" width=\"522\" height=\"810\" src=\"https:\/\/sites.usp.br\/solonaescola\/wp-content\/uploads\/sites\/801\/2021\/07\/passatempo.png\" class=\"attachment-full size-full wp-image-4543\" alt=\"\" srcset=\"https:\/\/sites.usp.br\/solonaescola\/wp-content\/uploads\/sites\/801\/2021\/07\/passatempo.png 522w, https:\/\/sites.usp.br\/solonaescola\/wp-content\/uploads\/sites\/801\/2021\/07\/passatempo-193x300.png 193w, https:\/\/sites.usp.br\/solonaescola\/wp-content\/uploads\/sites\/801\/2021\/07\/passatempo-387x600.png 387w\" sizes=\"(max-width: 522px) 100vw, 522px\" \/><\/a><\/figure><div class=\"elementor-image-box-content\"><p class=\"elementor-image-box-description\">Neste Passatempo, s\u00e3o apresentadas informa\u00e7\u00f5es e atividades sobre algumas causas das mudan\u00e7as clim\u00e1ticas, as consequ\u00eancias dessas altera\u00e7\u00f5es, o que est\u00e1 sendo feito para mitig\u00e1-las e as a\u00e7\u00f5es individuais que podem contribuir na constru\u00e7\u00e3o de um planeta sustent\u00e1vel. <i>(Vers\u00e3o colorida)<\/i><\/p><\/div><\/div>\t\t<\/div>\n\t\t\t\t<\/div>\n\t\t\t\t\t<\/div>\n\t\t<\/div>\n\t\t\t\t<div class=\"elementor-column elementor-col-33 elementor-top-column elementor-element elementor-element-e3bbd17\" data-id=\"e3bbd17\" data-element_type=\"column\">\n\t\t\t<div class=\"elementor-widget-wrap elementor-element-populated\">\n\t\t\t\t\t\t<div class=\"elementor-element elementor-element-a98b7ec elementor-position-top elementor-widget elementor-widget-image-box\" data-id=\"a98b7ec\" data-element_type=\"widget\" data-widget_type=\"image-box.default\">\n\t\t\t\t<div class=\"elementor-widget-container\">\n\t\t\t<div class=\"elementor-image-box-wrapper\"><figure class=\"elementor-image-box-img\"><a href=\"https:\/\/sites.usp.br\/solonaescola\/wp-content\/uploads\/sites\/801\/2021\/07\/Passatempo-preto-e-branco-15-07-2021.pdf\" tabindex=\"-1\"><img decoding=\"async\" width=\"507\" height=\"761\" src=\"https:\/\/sites.usp.br\/solonaescola\/wp-content\/uploads\/sites\/801\/2021\/07\/passatempo-PB.png\" class=\"attachment-full size-full wp-image-4586\" alt=\"\" srcset=\"https:\/\/sites.usp.br\/solonaescola\/wp-content\/uploads\/sites\/801\/2021\/07\/passatempo-PB.png 507w, https:\/\/sites.usp.br\/solonaescola\/wp-content\/uploads\/sites\/801\/2021\/07\/passatempo-PB-200x300.png 200w, https:\/\/sites.usp.br\/solonaescola\/wp-content\/uploads\/sites\/801\/2021\/07\/passatempo-PB-400x600.png 400w\" sizes=\"(max-width: 507px) 100vw, 507px\" \/><\/a><\/figure><div class=\"elementor-image-box-content\"><p class=\"elementor-image-box-description\">Passatempo Turma do Solinho: mudan\u00e7as clim\u00e1ticas <i>(Vers\u00e3o Preto e Branco)<\/i><\/p><\/div><\/div>\t\t<\/div>\n\t\t\t\t<\/div>\n\t\t\t\t\t<\/div>\n\t\t<\/div>\n\t\t\t\t\t<\/div>\n\t\t<\/section>\n\t\t\t\t<\/div>\n\t\t","protected":false},"excerpt":{"rendered":"<p>Todos os materiais did\u00e1ticos dispon\u00edveis nesta p\u00e1gina tem por objetivo apoiar atividades pedag\u00f3gicas voltadas para o &#8220;processos de ensino aprendizagem em solos&#8221; A primeira edi\u00e7\u00e3o do livro \u201cSolo sob diferentes percep\u00e7\u00f5es &#8211; Brasil e&#46;&#46;&#46;<\/p>\n","protected":false},"author":22055,"featured_media":0,"parent":0,"menu_order":0,"comment_status":"open","ping_status":"closed","template":"","meta":{"_monsterinsights_skip_tracking":false,"_monsterinsights_sitenote_active":false,"_monsterinsights_sitenote_note":"","_monsterinsights_sitenote_category":0,"footnotes":"","_links_to":"","_links_to_target":""},"class_list":["post-4584","page","type-page","status-publish","hentry"],"_links":{"self":[{"href":"https:\/\/sites.usp.br\/solonaescola\/wp-json\/wp\/v2\/pages\/4584","targetHints":{"allow":["GET"]}}],"collection":[{"href":"https:\/\/sites.usp.br\/solonaescola\/wp-json\/wp\/v2\/pages"}],"about":[{"href":"https:\/\/sites.usp.br\/solonaescola\/wp-json\/wp\/v2\/types\/page"}],"author":[{"embeddable":true,"href":"https:\/\/sites.usp.br\/solonaescola\/wp-json\/wp\/v2\/users\/22055"}],"replies":[{"embeddable":true,"href":"https:\/\/sites.usp.br\/solonaescola\/wp-json\/wp\/v2\/comments?post=4584"}],"version-history":[{"count":4,"href":"https:\/\/sites.usp.br\/solonaescola\/wp-json\/wp\/v2\/pages\/4584\/revisions"}],"predecessor-version":[{"id":4595,"href":"https:\/\/sites.usp.br\/solonaescola\/wp-json\/wp\/v2\/pages\/4584\/revisions\/4595"}],"wp:attachment":[{"href":"https:\/\/sites.usp.br\/solonaescola\/wp-json\/wp\/v2\/media?parent=4584"}],"curies":[{"name":"wp","href":"https:\/\/api.w.org\/{rel}","templated":true}]}}