{"id":4639,"date":"2022-03-15T09:33:04","date_gmt":"2022-03-15T12:33:04","guid":{"rendered":"https:\/\/sites.usp.br\/solonaescola\/?page_id=4639"},"modified":"2022-12-10T17:07:41","modified_gmt":"2022-12-10T20:07:41","slug":"jogos","status":"publish","type":"page","link":"https:\/\/sites.usp.br\/solonaescola\/jogos\/","title":{"rendered":"Jogos"},"content":{"rendered":"\t\t<div data-elementor-type=\"wp-page\" data-elementor-id=\"4639\" class=\"elementor elementor-4639\" data-elementor-post-type=\"page\">\n\t\t\t\t\t\t<section class=\"elementor-section elementor-top-section elementor-element elementor-element-fadfec9 elementor-section-boxed elementor-section-height-default elementor-section-height-default\" data-id=\"fadfec9\" data-element_type=\"section\">\n\t\t\t\t\t\t<div class=\"elementor-container elementor-column-gap-default\">\n\t\t\t\t\t<div class=\"elementor-column elementor-col-66 elementor-top-column elementor-element elementor-element-207668b\" data-id=\"207668b\" data-element_type=\"column\">\n\t\t\t<div class=\"elementor-widget-wrap\">\n\t\t\t\t\t\t\t<\/div>\n\t\t<\/div>\n\t\t\t\t<div class=\"elementor-column elementor-col-33 elementor-top-column elementor-element elementor-element-929b569\" data-id=\"929b569\" data-element_type=\"column\">\n\t\t\t<div class=\"elementor-widget-wrap\">\n\t\t\t\t\t\t\t<\/div>\n\t\t<\/div>\n\t\t\t\t\t<\/div>\n\t\t<\/section>\n\t\t\t\t<section class=\"elementor-section elementor-top-section elementor-element elementor-element-adccc7e elementor-section-boxed elementor-section-height-default elementor-section-height-default\" data-id=\"adccc7e\" data-element_type=\"section\">\n\t\t\t\t\t\t<div class=\"elementor-container elementor-column-gap-default\">\n\t\t\t\t\t<div class=\"elementor-column elementor-col-33 elementor-top-column elementor-element elementor-element-879c895\" data-id=\"879c895\" data-element_type=\"column\">\n\t\t\t<div class=\"elementor-widget-wrap elementor-element-populated\">\n\t\t\t\t\t\t<div class=\"elementor-element elementor-element-aaefec1 elementor-widget elementor-widget-image\" data-id=\"aaefec1\" data-element_type=\"widget\" data-widget_type=\"image.default\">\n\t\t\t\t<div class=\"elementor-widget-container\">\n\t\t\t\t\t\t\t\t\t\t\t\t\t<img fetchpriority=\"high\" decoding=\"async\" width=\"300\" height=\"169\" src=\"https:\/\/sites.usp.br\/solonaescola\/wp-content\/uploads\/sites\/801\/2022\/12\/1-300x169.png\" class=\"attachment-medium size-medium wp-image-4764\" alt=\"\" srcset=\"https:\/\/sites.usp.br\/solonaescola\/wp-content\/uploads\/sites\/801\/2022\/12\/1-300x169.png 300w, https:\/\/sites.usp.br\/solonaescola\/wp-content\/uploads\/sites\/801\/2022\/12\/1-1024x576.png 1024w, https:\/\/sites.usp.br\/solonaescola\/wp-content\/uploads\/sites\/801\/2022\/12\/1-768x432.png 768w, https:\/\/sites.usp.br\/solonaescola\/wp-content\/uploads\/sites\/801\/2022\/12\/1-1536x864.png 1536w, https:\/\/sites.usp.br\/solonaescola\/wp-content\/uploads\/sites\/801\/2022\/12\/1-310x174.png 310w, https:\/\/sites.usp.br\/solonaescola\/wp-content\/uploads\/sites\/801\/2022\/12\/1-400x225.png 400w, https:\/\/sites.usp.br\/solonaescola\/wp-content\/uploads\/sites\/801\/2022\/12\/1.png 1920w\" sizes=\"(max-width: 300px) 100vw, 300px\" \/>\t\t\t\t\t\t\t\t\t\t\t\t\t<\/div>\n\t\t\t\t<\/div>\n\t\t\t\t<div class=\"elementor-element elementor-element-b3583e0 elementor-widget elementor-widget-text-editor\" data-id=\"b3583e0\" data-element_type=\"widget\" data-widget_type=\"text-editor.default\">\n\t\t\t\t<div class=\"elementor-widget-container\">\n\t\t\t\t\t\t\t<p><em><span style=\"font-size: 10px; font-family: 'trebuchet ms', geneva, sans-serif;\">Vers\u00e3o em Portugu\u00eas colorida para impress\u00e3o<\/span><\/em><\/p>\t\t\t\t\t\t<\/div>\n\t\t\t\t<\/div>\n\t\t\t\t<div class=\"elementor-element elementor-element-7f5f446 elementor-widget elementor-widget-button\" data-id=\"7f5f446\" data-element_type=\"widget\" data-widget_type=\"button.default\">\n\t\t\t\t<div class=\"elementor-widget-container\">\n\t\t\t\t\t\t\t<div class=\"elementor-button-wrapper\">\n\t\t\t\t\t<a class=\"elementor-button elementor-button-link elementor-size-xs\" href=\"https:\/\/sites.usp.br\/solonaescola\/wp-content\/uploads\/sites\/801\/2022\/12\/CTC-Jogo_Portugues.pdf\" target=\"_blank\">\n\t\t\t\t\t\t<span class=\"elementor-button-content-wrapper\">\n\t\t\t\t\t\t<span class=\"elementor-button-icon\">\n\t\t\t\t<i aria-hidden=\"true\" class=\"far fa-hand-point-down\"><\/i>\t\t\t<\/span>\n\t\t\t\t\t\t\t\t\t<span class=\"elementor-button-text\">Download<\/span>\n\t\t\t\t\t<\/span>\n\t\t\t\t\t<\/a>\n\t\t\t\t<\/div>\n\t\t\t\t\t\t<\/div>\n\t\t\t\t<\/div>\n\t\t\t\t\t<\/div>\n\t\t<\/div>\n\t\t\t\t<div class=\"elementor-column elementor-col-33 elementor-top-column elementor-element elementor-element-3122203\" data-id=\"3122203\" data-element_type=\"column\">\n\t\t\t<div class=\"elementor-widget-wrap elementor-element-populated\">\n\t\t\t\t\t\t<div class=\"elementor-element elementor-element-138090f elementor-widget elementor-widget-image\" data-id=\"138090f\" data-element_type=\"widget\" data-widget_type=\"image.default\">\n\t\t\t\t<div class=\"elementor-widget-container\">\n\t\t\t\t\t\t\t\t\t\t\t\t\t<img decoding=\"async\" width=\"300\" height=\"169\" src=\"https:\/\/sites.usp.br\/solonaescola\/wp-content\/uploads\/sites\/801\/2022\/12\/2-300x169.png\" class=\"attachment-medium size-medium wp-image-4765\" alt=\"\" srcset=\"https:\/\/sites.usp.br\/solonaescola\/wp-content\/uploads\/sites\/801\/2022\/12\/2-300x169.png 300w, https:\/\/sites.usp.br\/solonaescola\/wp-content\/uploads\/sites\/801\/2022\/12\/2-1024x576.png 1024w, https:\/\/sites.usp.br\/solonaescola\/wp-content\/uploads\/sites\/801\/2022\/12\/2-768x432.png 768w, https:\/\/sites.usp.br\/solonaescola\/wp-content\/uploads\/sites\/801\/2022\/12\/2-1536x864.png 1536w, https:\/\/sites.usp.br\/solonaescola\/wp-content\/uploads\/sites\/801\/2022\/12\/2-310x174.png 310w, https:\/\/sites.usp.br\/solonaescola\/wp-content\/uploads\/sites\/801\/2022\/12\/2-400x225.png 400w, https:\/\/sites.usp.br\/solonaescola\/wp-content\/uploads\/sites\/801\/2022\/12\/2.png 1920w\" sizes=\"(max-width: 300px) 100vw, 300px\" \/>\t\t\t\t\t\t\t\t\t\t\t\t\t<\/div>\n\t\t\t\t<\/div>\n\t\t\t\t<div class=\"elementor-element elementor-element-58a4a60 elementor-widget elementor-widget-text-editor\" data-id=\"58a4a60\" data-element_type=\"widget\" data-widget_type=\"text-editor.default\">\n\t\t\t\t<div class=\"elementor-widget-container\">\n\t\t\t\t\t\t\t<p><em><span style=\"font-size: 10px; font-family: 'trebuchet ms', geneva, sans-serif;\">Versi\u00f3n en espa\u00f1ol imprimible a color<\/span><\/em><\/p>\t\t\t\t\t\t<\/div>\n\t\t\t\t<\/div>\n\t\t\t\t<div class=\"elementor-element elementor-element-a63ee85 elementor-widget elementor-widget-button\" data-id=\"a63ee85\" data-element_type=\"widget\" data-widget_type=\"button.default\">\n\t\t\t\t<div class=\"elementor-widget-container\">\n\t\t\t\t\t\t\t<div class=\"elementor-button-wrapper\">\n\t\t\t\t\t<a class=\"elementor-button elementor-button-link elementor-size-xs\" href=\"https:\/\/sites.usp.br\/solonaescola\/wp-content\/uploads\/sites\/801\/2022\/12\/CTC-Jogo_Espanhol.pdf\" target=\"_blank\">\n\t\t\t\t\t\t<span class=\"elementor-button-content-wrapper\">\n\t\t\t\t\t\t<span class=\"elementor-button-icon\">\n\t\t\t\t<i aria-hidden=\"true\" class=\"far fa-hand-point-down\"><\/i>\t\t\t<\/span>\n\t\t\t\t\t\t\t\t\t<span class=\"elementor-button-text\">Download<\/span>\n\t\t\t\t\t<\/span>\n\t\t\t\t\t<\/a>\n\t\t\t\t<\/div>\n\t\t\t\t\t\t<\/div>\n\t\t\t\t<\/div>\n\t\t\t\t\t<\/div>\n\t\t<\/div>\n\t\t\t\t<div class=\"elementor-column elementor-col-33 elementor-top-column elementor-element elementor-element-8582b86\" data-id=\"8582b86\" data-element_type=\"column\">\n\t\t\t<div class=\"elementor-widget-wrap elementor-element-populated\">\n\t\t\t\t\t\t<div class=\"elementor-element elementor-element-0b8e4b4 elementor-widget elementor-widget-image\" data-id=\"0b8e4b4\" data-element_type=\"widget\" data-widget_type=\"image.default\">\n\t\t\t\t<div class=\"elementor-widget-container\">\n\t\t\t\t\t\t\t\t\t\t\t\t\t<img decoding=\"async\" width=\"300\" height=\"169\" src=\"https:\/\/sites.usp.br\/solonaescola\/wp-content\/uploads\/sites\/801\/2022\/12\/3-300x169.png\" class=\"attachment-medium size-medium wp-image-4766\" alt=\"\" srcset=\"https:\/\/sites.usp.br\/solonaescola\/wp-content\/uploads\/sites\/801\/2022\/12\/3-300x169.png 300w, https:\/\/sites.usp.br\/solonaescola\/wp-content\/uploads\/sites\/801\/2022\/12\/3-1024x576.png 1024w, https:\/\/sites.usp.br\/solonaescola\/wp-content\/uploads\/sites\/801\/2022\/12\/3-768x432.png 768w, https:\/\/sites.usp.br\/solonaescola\/wp-content\/uploads\/sites\/801\/2022\/12\/3-1536x864.png 1536w, https:\/\/sites.usp.br\/solonaescola\/wp-content\/uploads\/sites\/801\/2022\/12\/3-310x174.png 310w, https:\/\/sites.usp.br\/solonaescola\/wp-content\/uploads\/sites\/801\/2022\/12\/3-400x225.png 400w, https:\/\/sites.usp.br\/solonaescola\/wp-content\/uploads\/sites\/801\/2022\/12\/3.png 1920w\" sizes=\"(max-width: 300px) 100vw, 300px\" \/>\t\t\t\t\t\t\t\t\t\t\t\t\t<\/div>\n\t\t\t\t<\/div>\n\t\t\t\t<div class=\"elementor-element elementor-element-4ddd130 elementor-widget elementor-widget-text-editor\" data-id=\"4ddd130\" data-element_type=\"widget\" data-widget_type=\"text-editor.default\">\n\t\t\t\t<div class=\"elementor-widget-container\">\n\t\t\t\t\t\t\t<p><em><span style=\"font-size: 10px; font-family: 'trebuchet ms', geneva, sans-serif;\">Printable color English version<\/span><\/em><\/p>\t\t\t\t\t\t<\/div>\n\t\t\t\t<\/div>\n\t\t\t\t<div class=\"elementor-element elementor-element-fa19a60 elementor-widget elementor-widget-button\" data-id=\"fa19a60\" data-element_type=\"widget\" data-widget_type=\"button.default\">\n\t\t\t\t<div class=\"elementor-widget-container\">\n\t\t\t\t\t\t\t<div class=\"elementor-button-wrapper\">\n\t\t\t\t\t<a class=\"elementor-button elementor-button-link elementor-size-xs\" href=\"https:\/\/sites.usp.br\/solonaescola\/wp-content\/uploads\/sites\/801\/2022\/12\/CTC-Jogo_Ingles.pdf\" target=\"_blank\">\n\t\t\t\t\t\t<span class=\"elementor-button-content-wrapper\">\n\t\t\t\t\t\t<span class=\"elementor-button-icon\">\n\t\t\t\t<i aria-hidden=\"true\" class=\"far fa-hand-point-down\"><\/i>\t\t\t<\/span>\n\t\t\t\t\t\t\t\t\t<span class=\"elementor-button-text\">Download<\/span>\n\t\t\t\t\t<\/span>\n\t\t\t\t\t<\/a>\n\t\t\t\t<\/div>\n\t\t\t\t\t\t<\/div>\n\t\t\t\t<\/div>\n\t\t\t\t\t<\/div>\n\t\t<\/div>\n\t\t\t\t\t<\/div>\n\t\t<\/section>\n\t\t\t\t<section class=\"elementor-section elementor-top-section elementor-element elementor-element-659b029 elementor-section-boxed elementor-section-height-default elementor-section-height-default\" data-id=\"659b029\" data-element_type=\"section\">\n\t\t\t\t\t\t<div class=\"elementor-container elementor-column-gap-default\">\n\t\t\t\t\t<div class=\"elementor-column elementor-col-100 elementor-top-column elementor-element elementor-element-c8646ad\" data-id=\"c8646ad\" data-element_type=\"column\">\n\t\t\t<div class=\"elementor-widget-wrap\">\n\t\t\t\t\t\t\t<\/div>\n\t\t<\/div>\n\t\t\t\t\t<\/div>\n\t\t<\/section>\n\t\t\t\t<section class=\"elementor-section elementor-top-section elementor-element elementor-element-934c455 elementor-section-boxed elementor-section-height-default elementor-section-height-default\" data-id=\"934c455\" data-element_type=\"section\">\n\t\t\t\t\t\t<div class=\"elementor-container elementor-column-gap-default\">\n\t\t\t\t\t<div class=\"elementor-column elementor-col-33 elementor-top-column elementor-element elementor-element-19146b5\" data-id=\"19146b5\" data-element_type=\"column\">\n\t\t\t<div class=\"elementor-widget-wrap elementor-element-populated\">\n\t\t\t\t\t\t<div class=\"elementor-element elementor-element-db56570 elementor-widget elementor-widget-image\" data-id=\"db56570\" data-element_type=\"widget\" data-widget_type=\"image.default\">\n\t\t\t\t<div class=\"elementor-widget-container\">\n\t\t\t\t\t\t\t\t\t\t\t\t\t<img loading=\"lazy\" decoding=\"async\" width=\"193\" height=\"300\" src=\"https:\/\/sites.usp.br\/solonaescola\/wp-content\/uploads\/sites\/801\/2021\/07\/passatempo-193x300.png\" class=\"attachment-medium size-medium wp-image-4543\" alt=\"\" srcset=\"https:\/\/sites.usp.br\/solonaescola\/wp-content\/uploads\/sites\/801\/2021\/07\/passatempo-193x300.png 193w, https:\/\/sites.usp.br\/solonaescola\/wp-content\/uploads\/sites\/801\/2021\/07\/passatempo-387x600.png 387w, https:\/\/sites.usp.br\/solonaescola\/wp-content\/uploads\/sites\/801\/2021\/07\/passatempo.png 522w\" sizes=\"(max-width: 193px) 100vw, 193px\" \/>\t\t\t\t\t\t\t\t\t\t\t\t\t<\/div>\n\t\t\t\t<\/div>\n\t\t\t\t<div class=\"elementor-element elementor-element-8cc5480 elementor-widget elementor-widget-button\" data-id=\"8cc5480\" data-element_type=\"widget\" data-widget_type=\"button.default\">\n\t\t\t\t<div class=\"elementor-widget-container\">\n\t\t\t\t\t\t\t<div class=\"elementor-button-wrapper\">\n\t\t\t\t\t<a class=\"elementor-button elementor-button-link elementor-size-xs\" href=\"https:\/\/sites.usp.br\/solonaescola\/wp-content\/uploads\/sites\/801\/2022\/12\/PassatempoTurma-do-Solinho_Portugues_2021.pdf\" target=\"_blank\">\n\t\t\t\t\t\t<span class=\"elementor-button-content-wrapper\">\n\t\t\t\t\t\t<span class=\"elementor-button-icon\">\n\t\t\t\t<i aria-hidden=\"true\" class=\"far fa-hand-point-down\"><\/i>\t\t\t<\/span>\n\t\t\t\t\t\t\t\t\t<span class=\"elementor-button-text\">Download<\/span>\n\t\t\t\t\t<\/span>\n\t\t\t\t\t<\/a>\n\t\t\t\t<\/div>\n\t\t\t\t\t\t<\/div>\n\t\t\t\t<\/div>\n\t\t\t\t\t<\/div>\n\t\t<\/div>\n\t\t\t\t<div class=\"elementor-column elementor-col-33 elementor-top-column elementor-element elementor-element-81b8e81\" data-id=\"81b8e81\" data-element_type=\"column\">\n\t\t\t<div class=\"elementor-widget-wrap elementor-element-populated\">\n\t\t\t\t\t\t<div class=\"elementor-element elementor-element-0cbaf44 elementor-widget elementor-widget-image\" data-id=\"0cbaf44\" data-element_type=\"widget\" data-widget_type=\"image.default\">\n\t\t\t\t<div class=\"elementor-widget-container\">\n\t\t\t\t\t\t\t\t\t\t\t\t\t<img loading=\"lazy\" decoding=\"async\" width=\"200\" height=\"300\" src=\"https:\/\/sites.usp.br\/solonaescola\/wp-content\/uploads\/sites\/801\/2022\/12\/Pasatiempo-Solinho-y-sus-amigos_espahol_20221-200x300.jpg\" class=\"attachment-medium size-medium wp-image-4794\" alt=\"\" srcset=\"https:\/\/sites.usp.br\/solonaescola\/wp-content\/uploads\/sites\/801\/2022\/12\/Pasatiempo-Solinho-y-sus-amigos_espahol_20221-200x300.jpg 200w, https:\/\/sites.usp.br\/solonaescola\/wp-content\/uploads\/sites\/801\/2022\/12\/Pasatiempo-Solinho-y-sus-amigos_espahol_20221-400x600.jpg 400w, https:\/\/sites.usp.br\/solonaescola\/wp-content\/uploads\/sites\/801\/2022\/12\/Pasatiempo-Solinho-y-sus-amigos_espahol_20221.jpg 529w\" sizes=\"(max-width: 200px) 100vw, 200px\" \/>\t\t\t\t\t\t\t\t\t\t\t\t\t<\/div>\n\t\t\t\t<\/div>\n\t\t\t\t<div class=\"elementor-element elementor-element-87763b7 elementor-widget elementor-widget-button\" data-id=\"87763b7\" data-element_type=\"widget\" data-widget_type=\"button.default\">\n\t\t\t\t<div class=\"elementor-widget-container\">\n\t\t\t\t\t\t\t<div class=\"elementor-button-wrapper\">\n\t\t\t\t\t<a class=\"elementor-button elementor-button-link elementor-size-xs\" href=\"https:\/\/sites.usp.br\/solonaescola\/wp-content\/uploads\/sites\/801\/2022\/12\/Pasatiempo-Solinho-y-sus-amigos_espahol_2022.pdf\" target=\"_blank\">\n\t\t\t\t\t\t<span class=\"elementor-button-content-wrapper\">\n\t\t\t\t\t\t<span class=\"elementor-button-icon\">\n\t\t\t\t<i aria-hidden=\"true\" class=\"far fa-hand-point-down\"><\/i>\t\t\t<\/span>\n\t\t\t\t\t\t\t\t\t<span class=\"elementor-button-text\">Download<\/span>\n\t\t\t\t\t<\/span>\n\t\t\t\t\t<\/a>\n\t\t\t\t<\/div>\n\t\t\t\t\t\t<\/div>\n\t\t\t\t<\/div>\n\t\t\t\t\t<\/div>\n\t\t<\/div>\n\t\t\t\t<div class=\"elementor-column elementor-col-33 elementor-top-column elementor-element elementor-element-c00290b\" data-id=\"c00290b\" data-element_type=\"column\">\n\t\t\t<div class=\"elementor-widget-wrap\">\n\t\t\t\t\t\t\t<\/div>\n\t\t<\/div>\n\t\t\t\t\t<\/div>\n\t\t<\/section>\n\t\t\t\t<section class=\"elementor-section elementor-top-section elementor-element elementor-element-de949fd elementor-section-boxed elementor-section-height-default elementor-section-height-default\" data-id=\"de949fd\" data-element_type=\"section\">\n\t\t\t\t\t\t<div class=\"elementor-container elementor-column-gap-default\">\n\t\t\t\t\t<div class=\"elementor-column elementor-col-100 elementor-top-column elementor-element elementor-element-8ed4258\" data-id=\"8ed4258\" data-element_type=\"column\">\n\t\t\t<div class=\"elementor-widget-wrap\">\n\t\t\t\t\t\t\t<\/div>\n\t\t<\/div>\n\t\t\t\t\t<\/div>\n\t\t<\/section>\n\t\t\t\t<section class=\"elementor-section elementor-top-section elementor-element elementor-element-96a7ae6 elementor-section-boxed elementor-section-height-default elementor-section-height-default\" data-id=\"96a7ae6\" data-element_type=\"section\">\n\t\t\t\t\t\t<div class=\"elementor-container elementor-column-gap-default\">\n\t\t\t\t\t<div class=\"elementor-column elementor-col-33 elementor-top-column elementor-element elementor-element-202f7db\" data-id=\"202f7db\" data-element_type=\"column\">\n\t\t\t<div class=\"elementor-widget-wrap\">\n\t\t\t\t\t\t\t<\/div>\n\t\t<\/div>\n\t\t\t\t<div class=\"elementor-column elementor-col-33 elementor-top-column elementor-element elementor-element-4212dba\" data-id=\"4212dba\" data-element_type=\"column\">\n\t\t\t<div class=\"elementor-widget-wrap\">\n\t\t\t\t\t\t\t<\/div>\n\t\t<\/div>\n\t\t\t\t<div class=\"elementor-column elementor-col-33 elementor-top-column elementor-element elementor-element-98b3587\" data-id=\"98b3587\" data-element_type=\"column\">\n\t\t\t<div class=\"elementor-widget-wrap\">\n\t\t\t\t\t\t\t<\/div>\n\t\t<\/div>\n\t\t\t\t\t<\/div>\n\t\t<\/section>\n\t\t\t\t<\/div>\n\t\t","protected":false},"excerpt":{"rendered":"<p>Vers\u00e3o em Portugu\u00eas colorida para impress\u00e3o Download Versi\u00f3n en espa\u00f1ol imprimible a color Download Printable color English version Download Download Download<\/p>\n","protected":false},"author":22055,"featured_media":0,"parent":0,"menu_order":0,"comment_status":"closed","ping_status":"closed","template":"","meta":{"_monsterinsights_skip_tracking":false,"_monsterinsights_sitenote_active":false,"_monsterinsights_sitenote_note":"","_monsterinsights_sitenote_category":0,"footnotes":"","_links_to":"","_links_to_target":""},"class_list":["post-4639","page","type-page","status-publish","hentry"],"_links":{"self":[{"href":"https:\/\/sites.usp.br\/solonaescola\/wp-json\/wp\/v2\/pages\/4639","targetHints":{"allow":["GET"]}}],"collection":[{"href":"https:\/\/sites.usp.br\/solonaescola\/wp-json\/wp\/v2\/pages"}],"about":[{"href":"https:\/\/sites.usp.br\/solonaescola\/wp-json\/wp\/v2\/types\/page"}],"author":[{"embeddable":true,"href":"https:\/\/sites.usp.br\/solonaescola\/wp-json\/wp\/v2\/users\/22055"}],"replies":[{"embeddable":true,"href":"https:\/\/sites.usp.br\/solonaescola\/wp-json\/wp\/v2\/comments?post=4639"}],"version-history":[{"count":4,"href":"https:\/\/sites.usp.br\/solonaescola\/wp-json\/wp\/v2\/pages\/4639\/revisions"}],"predecessor-version":[{"id":4804,"href":"https:\/\/sites.usp.br\/solonaescola\/wp-json\/wp\/v2\/pages\/4639\/revisions\/4804"}],"wp:attachment":[{"href":"https:\/\/sites.usp.br\/solonaescola\/wp-json\/wp\/v2\/media?parent=4639"}],"curies":[{"name":"wp","href":"https:\/\/api.w.org\/{rel}","templated":true}]}}