{"id":175,"date":"2019-05-24T16:08:17","date_gmt":"2019-05-24T18:08:17","guid":{"rendered":"https:\/\/sites.usp.br\/sp-proso\/?page_id=175"},"modified":"2021-05-06T18:20:47","modified_gmt":"2021-05-06T20:20:47","slug":"na-academia","status":"publish","type":"page","link":"https:\/\/sites.usp.br\/sp-proso\/pagina-2\/na-academia\/","title":{"rendered":"Na academia"},"content":{"rendered":"\t\t<div data-elementor-type=\"wp-post\" data-elementor-id=\"175\" class=\"elementor elementor-175\">\n\t\t\t\t\t\t<section class=\"elementor-section elementor-top-section elementor-element elementor-element-7e4cd148 elementor-section-boxed elementor-section-height-default elementor-section-height-default\" data-id=\"7e4cd148\" data-element_type=\"section\">\n\t\t\t\t\t\t<div class=\"elementor-container elementor-column-gap-default\">\n\t\t\t\t\t<div class=\"elementor-column elementor-col-100 elementor-top-column elementor-element elementor-element-7b924c00\" data-id=\"7b924c00\" data-element_type=\"column\">\n\t\t\t<div class=\"elementor-widget-wrap elementor-element-populated\">\n\t\t\t\t\t\t<div class=\"elementor-element elementor-element-3d5cddf4 elementor-widget elementor-widget-text-editor\" data-id=\"3d5cddf4\" data-element_type=\"widget\" data-widget_type=\"text-editor.default\">\n\t\t\t\t<div class=\"elementor-widget-container\">\n\t\t\t\t\t\t\t<p>O SP-proso \u00e9 um projeto desenvolvido no\u00a0<a href=\"http:\/\/www2.fm.usp.br\/preventiva\/\" target=\"_blank\" rel=\"noopener\">Departamento de Medicina Preventiva da Universidade de S\u00e3o Paulo (USP)<\/a>. Dessa forma, \u00e9 parte do nosso compromisso contribuir para a forma\u00e7\u00e3o qualificada de pesquisadores e isso \u00e9 feito atrav\u00e9s da participa\u00e7\u00e3o de alunos de gradua\u00e7\u00e3o e\u00a0<a href=\"http:\/\/www2.fm.usp.br\/ppgmedprev\/index.php\" target=\"_blank\" rel=\"noopener\">p\u00f3s-gradua\u00e7\u00e3o<\/a>\u00a0no projeto. Entendemos como fundamental o papel da Universidade P\u00fablica para a solu\u00e7\u00e3o de problemas de relev\u00e2ncia social, que afetam diretamente a sociedade. Aqui voc\u00eas podem acompanhar os diferentes projetos que est\u00e3o sendo desenvolvidos com os nossos dados.<\/p>\t\t\t\t\t\t<\/div>\n\t\t\t\t<\/div>\n\t\t\t\t\t<\/div>\n\t\t<\/div>\n\t\t\t\t\t<\/div>\n\t\t<\/section>\n\t\t\t\t<section class=\"elementor-section elementor-top-section elementor-element elementor-element-737560e elementor-section-boxed elementor-section-height-default elementor-section-height-default\" data-id=\"737560e\" data-element_type=\"section\">\n\t\t\t\t\t\t<div class=\"elementor-container elementor-column-gap-default\">\n\t\t\t\t\t<div class=\"elementor-column elementor-col-100 elementor-top-column elementor-element elementor-element-1703fe2\" data-id=\"1703fe2\" data-element_type=\"column\">\n\t\t\t<div class=\"elementor-widget-wrap elementor-element-populated\">\n\t\t\t\t\t\t<div class=\"elementor-element elementor-element-da619f7 elementor-widget elementor-widget-toggle\" data-id=\"da619f7\" data-element_type=\"widget\" data-widget_type=\"toggle.default\">\n\t\t\t\t<div class=\"elementor-widget-container\">\n\t\t\t\t\t<div class=\"elementor-toggle\">\n\t\t\t\t\t\t\t<div class=\"elementor-toggle-item\">\n\t\t\t\t\t<div id=\"elementor-tab-title-2281\" class=\"elementor-tab-title\" data-tab=\"1\" role=\"button\" aria-controls=\"elementor-tab-content-2281\" aria-expanded=\"false\">\n\t\t\t\t\t\t\t\t\t\t\t\t<span class=\"elementor-toggle-icon elementor-toggle-icon-left\" aria-hidden=\"true\">\n\t\t\t\t\t\t\t\t\t\t\t\t\t\t\t<span class=\"elementor-toggle-icon-closed\"><i class=\"fas fa-caret-right\"><\/i><\/span>\n\t\t\t\t\t\t\t\t<span class=\"elementor-toggle-icon-opened\"><i class=\"elementor-toggle-icon-opened fas fa-caret-up\"><\/i><\/span>\n\t\t\t\t\t\t\t\t\t\t\t\t\t<\/span>\n\t\t\t\t\t\t\t\t\t\t\t\t<a class=\"elementor-toggle-title\" tabindex=\"0\">Efeitos contextuais no consumo alimentar e no ganho de peso em adolescentes: um estudo em escolas do munic\u00edpio de S\u00e3o Paulo<\/a>\n\t\t\t\t\t<\/div>\n\n\t\t\t\t\t<div id=\"elementor-tab-content-2281\" class=\"elementor-tab-content elementor-clearfix\" data-tab=\"1\" role=\"region\" aria-labelledby=\"elementor-tab-title-2281\"><ul><li>Maria Alvim Leite<\/li><li>N\u00edvel: Doutorado em Sa\u00fade Coletiva<\/li><li>Financiamento: Bolsa de doutoramento Capes\/Aux\u00edlio CNPq\u00a0<\/li><li>In\u00edcio: 2017<\/li><li>Situa\u00e7\u00e3o: em andamento<\/li><li>Departamento de Medicina Preventiva \/ FM\/USP<\/li><li>Orientadora: Profa. Dra. Renata Bertazzi Levy<\/li><li>Palavras-chave: sa\u00fade ambiental; ambiente alimentar escolar; obesidade; consumo alimentar; adolescente.<\/li><\/ul><\/div>\n\t\t\t\t<\/div>\n\t\t\t\t\t\t\t<div class=\"elementor-toggle-item\">\n\t\t\t\t\t<div id=\"elementor-tab-title-2282\" class=\"elementor-tab-title\" data-tab=\"2\" role=\"button\" aria-controls=\"elementor-tab-content-2282\" aria-expanded=\"false\">\n\t\t\t\t\t\t\t\t\t\t\t\t<span class=\"elementor-toggle-icon elementor-toggle-icon-left\" aria-hidden=\"true\">\n\t\t\t\t\t\t\t\t\t\t\t\t\t\t\t<span class=\"elementor-toggle-icon-closed\"><i class=\"fas fa-caret-right\"><\/i><\/span>\n\t\t\t\t\t\t\t\t<span class=\"elementor-toggle-icon-opened\"><i class=\"elementor-toggle-icon-opened fas fa-caret-up\"><\/i><\/span>\n\t\t\t\t\t\t\t\t\t\t\t\t\t<\/span>\n\t\t\t\t\t\t\t\t\t\t\t\t<a class=\"elementor-toggle-title\" tabindex=\"0\">Os desafios e as potencialidades da escola na identifica\u00e7\u00e3o e preven\u00e7\u00e3o de situa\u00e7\u00f5es de viol\u00eancia contra adolescentes: uma quest\u00e3o de Sa\u00fade P\u00fablica<\/a>\n\t\t\t\t\t<\/div>\n\n\t\t\t\t\t<div id=\"elementor-tab-content-2282\" class=\"elementor-tab-content elementor-clearfix\" data-tab=\"2\" role=\"region\" aria-labelledby=\"elementor-tab-title-2282\"><ul><li>Let\u00edcia Ara\u00fajo Moreira da Silva<\/li><li>N\u00edvel: Doutorado em Sa\u00fade Coletiva<\/li><li>In\u00edcio: 2017<\/li><li>Situa\u00e7\u00e3o: em andamento<\/li><li>Departamento de Medicina Preventiva | FM\/USP<\/li><li>Orientadora: Profa. Dra. Maria Fernanda Tourinho Peres<\/li><li>Palavras-chave: viol\u00eancia, adolesc\u00eancia, sa\u00fade p\u00fablica, escola, preven\u00e7\u00e3o<\/li><\/ul><\/div>\n\t\t\t\t<\/div>\n\t\t\t\t\t\t\t<div class=\"elementor-toggle-item\">\n\t\t\t\t\t<div id=\"elementor-tab-title-2283\" class=\"elementor-tab-title\" data-tab=\"3\" role=\"button\" aria-controls=\"elementor-tab-content-2283\" aria-expanded=\"false\">\n\t\t\t\t\t\t\t\t\t\t\t\t<span class=\"elementor-toggle-icon elementor-toggle-icon-left\" aria-hidden=\"true\">\n\t\t\t\t\t\t\t\t\t\t\t\t\t\t\t<span class=\"elementor-toggle-icon-closed\"><i class=\"fas fa-caret-right\"><\/i><\/span>\n\t\t\t\t\t\t\t\t<span class=\"elementor-toggle-icon-opened\"><i class=\"elementor-toggle-icon-opened fas fa-caret-up\"><\/i><\/span>\n\t\t\t\t\t\t\t\t\t\t\t\t\t<\/span>\n\t\t\t\t\t\t\t\t\t\t\t\t<a class=\"elementor-toggle-title\" tabindex=\"0\">Comportamentos de risco para a sa\u00fade entre adolescentes: padr\u00f5es de agrega\u00e7\u00e3o e associa\u00e7\u00e3o com o autocontrole entre alunos do 9\u00ba ano do ensino fundamental no munic\u00edpio de S\u00e3o Paulo<\/a>\n\t\t\t\t\t<\/div>\n\n\t\t\t\t\t<div id=\"elementor-tab-content-2283\" class=\"elementor-tab-content elementor-clearfix\" data-tab=\"3\" role=\"region\" aria-labelledby=\"elementor-tab-title-2283\"><ul><li>Roberta Corradi Astolfi<\/li><li>\u00a0N\u00edvel: Doutorado em Sa\u00fade Coletiva<\/li><li>In\u00edcio: 2019<\/li><li>Situa\u00e7\u00e3o: em andamento<\/li><li>Departamento de Medicina Preventiva | FM\/USP<\/li><li>Orientadora: Profa. Dra. Maria Fernanda Tourinho Peres<\/li><li>Palavras-chave: comportamento de risco para a sa\u00fade, autocontrole, <em>bullying<\/em>, viol\u00eancia, adolescentes<\/li><\/ul><\/div>\n\t\t\t\t<\/div>\n\t\t\t\t\t\t\t<div class=\"elementor-toggle-item\">\n\t\t\t\t\t<div id=\"elementor-tab-title-2284\" class=\"elementor-tab-title\" data-tab=\"4\" role=\"button\" aria-controls=\"elementor-tab-content-2284\" aria-expanded=\"false\">\n\t\t\t\t\t\t\t\t\t\t\t\t<span class=\"elementor-toggle-icon elementor-toggle-icon-left\" aria-hidden=\"true\">\n\t\t\t\t\t\t\t\t\t\t\t\t\t\t\t<span class=\"elementor-toggle-icon-closed\"><i class=\"fas fa-caret-right\"><\/i><\/span>\n\t\t\t\t\t\t\t\t<span class=\"elementor-toggle-icon-opened\"><i class=\"elementor-toggle-icon-opened fas fa-caret-up\"><\/i><\/span>\n\t\t\t\t\t\t\t\t\t\t\t\t\t<\/span>\n\t\t\t\t\t\t\t\t\t\t\t\t<a class=\"elementor-toggle-title\" tabindex=\"0\">Associa\u00e7\u00e3o entre a qualidade do ambiente escolar percebida pelos alunos e sintomas de internaliza\u00e7\u00e3o<\/a>\n\t\t\t\t\t<\/div>\n\n\t\t\t\t\t<div id=\"elementor-tab-content-2284\" class=\"elementor-tab-content elementor-clearfix\" data-tab=\"4\" role=\"region\" aria-labelledby=\"elementor-tab-title-2284\"><ul><li>Daniel Hidalgo<\/li><li>N\u00edvel: Mestrado em Sa\u00fade Coletiva<\/li><li>In\u00edcio: 2020<\/li><li>Situa\u00e7\u00e3o: em andamento<\/li><li>Departamento de Medicina Preventiva | FM\/USP<\/li><li>Orientadora: Profa. Dra. Maria Fernanda Tourinho Peres<\/li><li>Palavras-chave: adolescentes; <span class=\"texto\">escolas; <br \/><\/span><\/li><\/ul><\/div>\n\t\t\t\t<\/div>\n\t\t\t\t\t\t\t<div class=\"elementor-toggle-item\">\n\t\t\t\t\t<div id=\"elementor-tab-title-2285\" class=\"elementor-tab-title\" data-tab=\"5\" role=\"button\" aria-controls=\"elementor-tab-content-2285\" aria-expanded=\"false\">\n\t\t\t\t\t\t\t\t\t\t\t\t<span class=\"elementor-toggle-icon elementor-toggle-icon-left\" aria-hidden=\"true\">\n\t\t\t\t\t\t\t\t\t\t\t\t\t\t\t<span class=\"elementor-toggle-icon-closed\"><i class=\"fas fa-caret-right\"><\/i><\/span>\n\t\t\t\t\t\t\t\t<span class=\"elementor-toggle-icon-opened\"><i class=\"elementor-toggle-icon-opened fas fa-caret-up\"><\/i><\/span>\n\t\t\t\t\t\t\t\t\t\t\t\t\t<\/span>\n\t\t\t\t\t\t\t\t\t\t\t\t<a class=\"elementor-toggle-title\" tabindex=\"0\">Determinantes contextuais e relacionais de comportamentos de risco \u00e0 sa\u00fade entre adolescentes em escolas no munic\u00edpio de S\u00e3o Paulo<\/a>\n\t\t\t\t\t<\/div>\n\n\t\t\t\t\t<div id=\"elementor-tab-content-2285\" class=\"elementor-tab-content elementor-clearfix\" data-tab=\"5\" role=\"region\" aria-labelledby=\"elementor-tab-title-2285\"><ul><li>C\u00e9zar D. Luquine Jr.<\/li><li>N\u00edvel: Doutorado em Sa\u00fade Coletiva<\/li><li>In\u00edcio: 2021<\/li><li>Situa\u00e7\u00e3o: em andamento<\/li><li>Departamento de Medicina Preventiva | FM\/USP<\/li><li>Orientadora: Profa. Dra. Maria Fernanda Tourinho Peres<\/li><li>Palavras-chave: adolescentes; c<span class=\"texto\">omportamentos de risco \u00e0 sa\u00fade; <\/span><span class=\"texto\">escolas; estudos transversais; an\u00e1lise multin\u00edvel; <\/span><\/li><\/ul><\/div>\n\t\t\t\t<\/div>\n\t\t\t\t\t\t\t<div class=\"elementor-toggle-item\">\n\t\t\t\t\t<div id=\"elementor-tab-title-2286\" class=\"elementor-tab-title\" data-tab=\"6\" role=\"button\" aria-controls=\"elementor-tab-content-2286\" aria-expanded=\"false\">\n\t\t\t\t\t\t\t\t\t\t\t\t<span class=\"elementor-toggle-icon elementor-toggle-icon-left\" aria-hidden=\"true\">\n\t\t\t\t\t\t\t\t\t\t\t\t\t\t\t<span class=\"elementor-toggle-icon-closed\"><i class=\"fas fa-caret-right\"><\/i><\/span>\n\t\t\t\t\t\t\t\t<span class=\"elementor-toggle-icon-opened\"><i class=\"elementor-toggle-icon-opened fas fa-caret-up\"><\/i><\/span>\n\t\t\t\t\t\t\t\t\t\t\t\t\t<\/span>\n\t\t\t\t\t\t\t\t\t\t\t\t<a class=\"elementor-toggle-title\" tabindex=\"0\">Bullying e estilos parentais:  Um recorte tem\u00e1tico do Projeto S\u00e3o Paulo  para o desenvolvimento social de crian\u00e7as e adolescentes<\/a>\n\t\t\t\t\t<\/div>\n\n\t\t\t\t\t<div id=\"elementor-tab-content-2286\" class=\"elementor-tab-content elementor-clearfix\" data-tab=\"6\" role=\"region\" aria-labelledby=\"elementor-tab-title-2286\"><ul><li>Karoline Costal dos Santos<\/li><li>N\u00edvel: Inicia\u00e7\u00e3o cient\u00edfica<\/li><li>Financiamento: Programa Institucional de Bolsas de Inicia\u00e7\u00e3o Cient\u00edfica CNPq\/PIBIC<\/li><li>In\u00edcio: 2018<\/li><li>Situa\u00e7\u00e3o: finalizado<\/li><li>Departamento de Medicina Preventiva | FM\/USP<\/li><li>Orientadora: Profa. Dra. Maria Fernanda Tourinho Peres<\/li><\/ul><\/div>\n\t\t\t\t<\/div>\n\t\t\t\t\t\t\t<div class=\"elementor-toggle-item\">\n\t\t\t\t\t<div id=\"elementor-tab-title-2287\" class=\"elementor-tab-title\" data-tab=\"7\" role=\"button\" aria-controls=\"elementor-tab-content-2287\" aria-expanded=\"false\">\n\t\t\t\t\t\t\t\t\t\t\t\t<span class=\"elementor-toggle-icon elementor-toggle-icon-left\" aria-hidden=\"true\">\n\t\t\t\t\t\t\t\t\t\t\t\t\t\t\t<span class=\"elementor-toggle-icon-closed\"><i class=\"fas fa-caret-right\"><\/i><\/span>\n\t\t\t\t\t\t\t\t<span class=\"elementor-toggle-icon-opened\"><i class=\"elementor-toggle-icon-opened fas fa-caret-up\"><\/i><\/span>\n\t\t\t\t\t\t\t\t\t\t\t\t\t<\/span>\n\t\t\t\t\t\t\t\t\t\t\t\t<a class=\"elementor-toggle-title\" tabindex=\"0\">Neutraliza\u00e7\u00e3o moral e viol\u00eancia entre adolescentes no Munic\u00edpio de S\u00e3o Paulo<\/a>\n\t\t\t\t\t<\/div>\n\n\t\t\t\t\t<div id=\"elementor-tab-content-2287\" class=\"elementor-tab-content elementor-clearfix\" data-tab=\"7\" role=\"region\" aria-labelledby=\"elementor-tab-title-2287\"><ul>\n<li>Cassio Henrique Gomide Papa<\/li>\n<li>N\u00edvel: Mestrado em Sa\u00fade Coletiva<\/li>\n<li>In\u00edcio: 2018<\/li>\n<li>Situa\u00e7\u00e3o: finalizado<\/li>\n<li>Departamento de Medicina Preventiva | FM\/USP<\/li>\n<li>Orientadora: Profa. Dra. Maria Fernanda Tourinho Peres<\/li>\n<li>Palavras-chave: neutraliza\u00e7\u00e3o moral, desengajamento moral, viol\u00eancia juvenil<\/li>\n<\/ul><\/div>\n\t\t\t\t<\/div>\n\t\t\t\t\t\t\t\t<\/div>\n\t\t\t\t<\/div>\n\t\t\t\t<\/div>\n\t\t\t\t\t<\/div>\n\t\t<\/div>\n\t\t\t\t\t<\/div>\n\t\t<\/section>\n\t\t\t\t<\/div>\n\t\t","protected":false},"excerpt":{"rendered":"<p>O SP-proso \u00e9 um projeto desenvolvido no\u00a0Departamento de Medicina Preventiva da Universidade de S\u00e3o Paulo (USP). Dessa forma, \u00e9 parte do nosso compromisso contribuir para a forma\u00e7\u00e3o qualificada de pesquisadores e isso \u00e9 feito atrav\u00e9s da participa\u00e7\u00e3o de alunos de gradua\u00e7\u00e3o e\u00a0p\u00f3s-gradua\u00e7\u00e3o\u00a0no projeto. Entendemos como fundamental o papel da Universidade P\u00fablica para a solu\u00e7\u00e3o de [&hellip;]<\/p>\n","protected":false},"author":977,"featured_media":0,"parent":64,"menu_order":0,"comment_status":"closed","ping_status":"closed","template":"","meta":{"_monsterinsights_skip_tracking":false,"_monsterinsights_sitenote_active":false,"_monsterinsights_sitenote_note":"","_monsterinsights_sitenote_category":0,"footnotes":"","_links_to":"","_links_to_target":""},"class_list":["post-175","page","type-page","status-publish","hentry"],"_links":{"self":[{"href":"https:\/\/sites.usp.br\/sp-proso\/wp-json\/wp\/v2\/pages\/175","targetHints":{"allow":["GET"]}}],"collection":[{"href":"https:\/\/sites.usp.br\/sp-proso\/wp-json\/wp\/v2\/pages"}],"about":[{"href":"https:\/\/sites.usp.br\/sp-proso\/wp-json\/wp\/v2\/types\/page"}],"author":[{"embeddable":true,"href":"https:\/\/sites.usp.br\/sp-proso\/wp-json\/wp\/v2\/users\/977"}],"replies":[{"embeddable":true,"href":"https:\/\/sites.usp.br\/sp-proso\/wp-json\/wp\/v2\/comments?post=175"}],"version-history":[{"count":4,"href":"https:\/\/sites.usp.br\/sp-proso\/wp-json\/wp\/v2\/pages\/175\/revisions"}],"predecessor-version":[{"id":835,"href":"https:\/\/sites.usp.br\/sp-proso\/wp-json\/wp\/v2\/pages\/175\/revisions\/835"}],"up":[{"embeddable":true,"href":"https:\/\/sites.usp.br\/sp-proso\/wp-json\/wp\/v2\/pages\/64"}],"wp:attachment":[{"href":"https:\/\/sites.usp.br\/sp-proso\/wp-json\/wp\/v2\/media?parent=175"}],"curies":[{"name":"wp","href":"https:\/\/api.w.org\/{rel}","templated":true}]}}