{"id":62,"date":"2014-02-12T11:28:30","date_gmt":"2014-02-12T13:28:30","guid":{"rendered":"http:\/\/sites.usp.br\/sp-proso\/?page_id=62"},"modified":"2019-07-17T17:51:20","modified_gmt":"2019-07-17T19:51:20","slug":"pagina-1","status":"publish","type":"page","link":"https:\/\/sites.usp.br\/sp-proso\/pagina-1\/","title":{"rendered":"A pesquisa"},"content":{"rendered":"\t\t<div data-elementor-type=\"wp-post\" data-elementor-id=\"62\" class=\"elementor elementor-62\">\n\t\t\t\t\t\t<section class=\"elementor-section elementor-top-section elementor-element elementor-element-50e3207d elementor-section-boxed elementor-section-height-default elementor-section-height-default\" data-id=\"50e3207d\" data-element_type=\"section\">\n\t\t\t\t\t\t<div class=\"elementor-container elementor-column-gap-default\">\n\t\t\t\t\t<div class=\"elementor-column elementor-col-100 elementor-top-column elementor-element elementor-element-7c2c8377\" data-id=\"7c2c8377\" data-element_type=\"column\">\n\t\t\t<div class=\"elementor-widget-wrap elementor-element-populated\">\n\t\t\t\t\t\t<div class=\"elementor-element elementor-element-25c1478 elementor-widget elementor-widget-text-editor\" data-id=\"25c1478\" data-element_type=\"widget\" data-widget_type=\"text-editor.default\">\n\t\t\t\t<div class=\"elementor-widget-container\">\n\t\t\t\t\t\t\t<p>O SP-PROSO \u00e9 um estudo epidemiol\u00f3gico de corte transversal desenvolvido com uma amostra representativa de alunos\u00a0 matriculados e cursando o 9\u00ba ano do Ensino Fundamental II em escolas p\u00fablicas (estaduais e municipais) e particulares do munic\u00edpio de S\u00e3o Paulo.<\/p>\t\t\t\t\t\t<\/div>\n\t\t\t\t<\/div>\n\t\t\t\t<div class=\"elementor-element elementor-element-86e7297 elementor-widget elementor-widget-text-editor\" data-id=\"86e7297\" data-element_type=\"widget\" data-widget_type=\"text-editor.default\">\n\t\t\t\t<div class=\"elementor-widget-container\">\n\t\t\t\t\t\t\t<p><b>Objetivos<\/b><\/p><p>O componente de pesquisa do SP-PROSO\u00a0teve como objetivo conhecer a frequ\u00eancia (preval\u00eancia) de envolvimento dos alunos com a viol\u00eancia e o <i>bullying<\/i> (como vitimas e perpetradores) e investigar poss\u00edveis fatores de risco e prote\u00e7\u00e3o. Os fatores de risco\/prote\u00e7\u00e3o investigados incluem caracter\u00edsticas sociodemogr\u00e1ficas, individuais, familiares e contextuais. Adicionalmente, buscamos realizar an\u00e1lises comparativas entre S\u00e3o Paulo, Montevid\u00e9u e Zurique, outras cidades onde a pesquisa foi realizada.\u00a0<\/p><p>\u00a0<\/p>\t\t\t\t\t\t<\/div>\n\t\t\t\t<\/div>\n\t\t\t\t<section class=\"elementor-section elementor-inner-section elementor-element elementor-element-d62bf2e elementor-section-boxed elementor-section-height-default elementor-section-height-default\" data-id=\"d62bf2e\" data-element_type=\"section\">\n\t\t\t\t\t\t<div class=\"elementor-container elementor-column-gap-default\">\n\t\t\t\t\t<div class=\"elementor-column elementor-col-50 elementor-inner-column elementor-element elementor-element-070297d\" data-id=\"070297d\" data-element_type=\"column\">\n\t\t\t<div class=\"elementor-widget-wrap elementor-element-populated\">\n\t\t\t\t\t\t<div class=\"elementor-element elementor-element-3e55e85 elementor-widget elementor-widget-image\" data-id=\"3e55e85\" data-element_type=\"widget\" data-widget_type=\"image.default\">\n\t\t\t\t<div class=\"elementor-widget-container\">\n\t\t\t\t\t\t\t\t\t\t\t\t\t<img decoding=\"async\" src=\"https:\/\/sites.usp.br\/sp-proso\/wp-content\/uploads\/sites\/526\/2019\/05\/mapa_escolas.png\" title=\"mapa_escolas\" alt=\"mapa_escolas\" loading=\"lazy\" \/>\t\t\t\t\t\t\t\t\t\t\t\t\t<\/div>\n\t\t\t\t<\/div>\n\t\t\t\t\t<\/div>\n\t\t<\/div>\n\t\t\t\t<div class=\"elementor-column elementor-col-50 elementor-inner-column elementor-element elementor-element-192ce12\" data-id=\"192ce12\" data-element_type=\"column\">\n\t\t\t<div class=\"elementor-widget-wrap elementor-element-populated\">\n\t\t\t\t\t\t<div class=\"elementor-element elementor-element-13f3d7c elementor-widget elementor-widget-text-editor\" data-id=\"13f3d7c\" data-element_type=\"widget\" data-widget_type=\"text-editor.default\">\n\t\t\t\t<div class=\"elementor-widget-container\">\n\t\t\t\t\t\t\t<p><b>\u00a0<\/b><b>A nossa amostra e a coleta de dados<\/b><\/p><p>Participaram da pesquisa alunos de 9\u00ba ano do Ensino Fundamental II,\u00a0 de 119 escolas municipais, estaduais e particulares do munic\u00edpio de S\u00e3o Paulo, escolhidas de forma aleat\u00f3ria. A coleta de dados ocorreu entre 9 de agosto e 23 de novembro de 2017 e consistiu na resposta, por parte dos alunos e dos diretores escolares, de question\u00e1rios estruturados e an\u00f4nimos.<\/p>\t\t\t\t\t\t<\/div>\n\t\t\t\t<\/div>\n\t\t\t\t\t<\/div>\n\t\t<\/div>\n\t\t\t\t\t<\/div>\n\t\t<\/section>\n\t\t\t\t<div class=\"elementor-element elementor-element-5f725b91 elementor-widget elementor-widget-text-editor\" data-id=\"5f725b91\" data-element_type=\"widget\" data-widget_type=\"text-editor.default\">\n\t\t\t\t<div class=\"elementor-widget-container\">\n\t\t\t\t\t\t\t<p>Pesquisadores treinados acompanharam os alunos em sala de aula durante o preenchimento. A resposta ao question\u00e1rio ocorreu na aus\u00eancia dos professores ou outros profissionais da escola. Os pesquisadores aferiram peso e altura dos participantes ap\u00f3s a entrega do question\u00e1rio preenchido. A amostra final foi de 2.702 alunos, sendo que 2.680 responderam a mais de 80% do question\u00e1rio e foram inclu\u00eddos na an\u00e1lise. Informa\u00e7\u00f5es sobre a estrutura escolar foram obtidas tamb\u00e9m atrav\u00e9s da observa\u00e7\u00e3o sistem\u00e1tica do ambiente escolar pelos pesquisadores, usando, para registro, um guia estruturado de observa\u00e7\u00e3o.<\/p><p><b>Aspectos \u00e9ticos<\/b><\/p><p>O projeto foi aprovado pelo Comit\u00ea de \u00c9tica e Pesquisa da Faculdade de Medicina da Universidade de S\u00e3o Paulo (parecer 1.719.856), pela Comiss\u00e3o Nacional de \u00c9tica em Pesquisa (CONEP) (parecer 2.014.816) e pelo Comit\u00ea de \u00c9tica em Pesquisa do Instituto de Criminologia da Universidade de Cambridge. Foi realizado com anu\u00eancia da Secretaria de Educa\u00e7\u00e3o do Estado de S\u00e3o Paulo (SEESP) e da Secretaria Municipal de Educa\u00e7\u00e3o da Prefeitura do Munic\u00edpio de S\u00e3o Paulo (SME\/SP) e a participa\u00e7\u00e3o de todas as escolas foi volunt\u00e1ria.<\/p><p>Nas escolas participantes foi solicitado o agendamento de uma reuni\u00e3o com os pais dos alunos com objetivo de apresentar o projeto e esclarecer d\u00favidas. Adicionalmente, uma carta e um<i> folder<\/i> com informa\u00e7\u00f5es sobre o projeto foram dados aos diretores das escolas para que fossem entregues aos pais. A recusa dos pais poderia ser informada para a dire\u00e7\u00e3o da escola ou para a coordena\u00e7\u00e3o ou equipe da pesquisa durante a reuni\u00e3o. Para os adolescentes cujos pais n\u00e3o recusaram a participa\u00e7\u00e3o, foi entregue em sala de aula o question\u00e1rio para autopreenchimento juntamente com um Termo de Assentimento Livre e Esclarecido (TALE). Participaram da pesquisa apenas os alunos cujos pais n\u00e3o manifestaram recusa e que, adicionalmente, concordaram eles pr\u00f3prios em participar atrav\u00e9s do TALE.<\/p><p>Al\u00e9m disso, nenhuma informa\u00e7\u00e3o que permitisse identifica\u00e7\u00e3o do aluno ou da escola foi solicitada. Escolas e alunos s\u00e3o identificados, no question\u00e1rio, por um n\u00famero, n\u00e3o sendo poss\u00edvel romper com o anonimato. Os dados est\u00e3o sendo usados somente para fins de pesquisa.<\/p>\t\t\t\t\t\t<\/div>\n\t\t\t\t<\/div>\n\t\t\t\t\t<\/div>\n\t\t<\/div>\n\t\t\t\t\t<\/div>\n\t\t<\/section>\n\t\t\t\t<\/div>\n\t\t","protected":false},"excerpt":{"rendered":"<p>O SP-PROSO \u00e9 um estudo epidemiol\u00f3gico de corte transversal desenvolvido com uma amostra representativa de alunos\u00a0 matriculados e cursando o 9\u00ba ano do Ensino Fundamental II em escolas p\u00fablicas (estaduais e municipais) e particulares do munic\u00edpio de S\u00e3o Paulo. Objetivos O componente de pesquisa do SP-PROSO\u00a0teve como objetivo conhecer a frequ\u00eancia (preval\u00eancia) de envolvimento dos [&hellip;]<\/p>\n","protected":false},"author":1,"featured_media":0,"parent":0,"menu_order":0,"comment_status":"closed","ping_status":"closed","template":"","meta":{"_monsterinsights_skip_tracking":false,"_monsterinsights_sitenote_active":false,"_monsterinsights_sitenote_note":"","_monsterinsights_sitenote_category":0,"footnotes":"","_links_to":"","_links_to_target":""},"class_list":["post-62","page","type-page","status-publish","hentry"],"_links":{"self":[{"href":"https:\/\/sites.usp.br\/sp-proso\/wp-json\/wp\/v2\/pages\/62","targetHints":{"allow":["GET"]}}],"collection":[{"href":"https:\/\/sites.usp.br\/sp-proso\/wp-json\/wp\/v2\/pages"}],"about":[{"href":"https:\/\/sites.usp.br\/sp-proso\/wp-json\/wp\/v2\/types\/page"}],"author":[{"embeddable":true,"href":"https:\/\/sites.usp.br\/sp-proso\/wp-json\/wp\/v2\/users\/1"}],"replies":[{"embeddable":true,"href":"https:\/\/sites.usp.br\/sp-proso\/wp-json\/wp\/v2\/comments?post=62"}],"version-history":[{"count":4,"href":"https:\/\/sites.usp.br\/sp-proso\/wp-json\/wp\/v2\/pages\/62\/revisions"}],"predecessor-version":[{"id":674,"href":"https:\/\/sites.usp.br\/sp-proso\/wp-json\/wp\/v2\/pages\/62\/revisions\/674"}],"wp:attachment":[{"href":"https:\/\/sites.usp.br\/sp-proso\/wp-json\/wp\/v2\/media?parent=62"}],"curies":[{"name":"wp","href":"https:\/\/api.w.org\/{rel}","templated":true}]}}