{"id":64,"date":"2014-02-12T11:28:54","date_gmt":"2014-02-12T13:28:54","guid":{"rendered":"http:\/\/sites.usp.br\/sp-proso\/?page_id=64"},"modified":"2019-11-25T13:21:25","modified_gmt":"2019-11-25T15:21:25","slug":"pagina-2","status":"publish","type":"page","link":"https:\/\/sites.usp.br\/sp-proso\/pagina-2\/","title":{"rendered":"Publica\u00e7\u00f5es"},"content":{"rendered":"\t\t<div data-elementor-type=\"wp-post\" data-elementor-id=\"64\" class=\"elementor elementor-64\">\n\t\t\t\t\t\t<section class=\"elementor-section elementor-top-section elementor-element elementor-element-1da8943 elementor-section-boxed elementor-section-height-default elementor-section-height-default\" data-id=\"1da8943\" data-element_type=\"section\">\n\t\t\t\t\t\t<div class=\"elementor-container elementor-column-gap-default\">\n\t\t\t\t\t<div class=\"elementor-column elementor-col-100 elementor-top-column elementor-element elementor-element-a1f8e1c\" data-id=\"a1f8e1c\" data-element_type=\"column\">\n\t\t\t<div class=\"elementor-widget-wrap elementor-element-populated\">\n\t\t\t\t\t\t<div class=\"elementor-element elementor-element-b74dc6e elementor-widget elementor-widget-heading\" data-id=\"b74dc6e\" data-element_type=\"widget\" data-widget_type=\"heading.default\">\n\t\t\t\t<div class=\"elementor-widget-container\">\n\t\t\t<h2 class=\"elementor-heading-title elementor-size-medium\">Viol\u00eancia, <i>bullying <\/i>e repercuss\u00f5es na sa\u00fade: resultados do Projeto S\u00e3o Paulo para o desenvolvimento social de crian\u00e7as e adolescentes<\/h2>\t\t<\/div>\n\t\t\t\t<\/div>\n\t\t\t\t<section class=\"elementor-section elementor-inner-section elementor-element elementor-element-bb99040 elementor-section-boxed elementor-section-height-default elementor-section-height-default\" data-id=\"bb99040\" data-element_type=\"section\">\n\t\t\t\t\t\t<div class=\"elementor-container elementor-column-gap-default\">\n\t\t\t\t\t<div class=\"elementor-column elementor-col-33 elementor-inner-column elementor-element elementor-element-d5d57bd\" data-id=\"d5d57bd\" data-element_type=\"column\">\n\t\t\t<div class=\"elementor-widget-wrap elementor-element-populated\">\n\t\t\t\t\t\t<div class=\"elementor-element elementor-element-b44d459 elementor-widget elementor-widget-image\" data-id=\"b44d459\" data-element_type=\"widget\" data-widget_type=\"image.default\">\n\t\t\t\t<div class=\"elementor-widget-container\">\n\t\t\t\t\t\t\t\t\t\t\t\t\t\t<a href=\"https:\/\/sites.usp.br\/sp-proso\/wp-content\/uploads\/sites\/526\/2019\/06\/relatorio_sp_proso_26_05_2019.pdf\" target=\"_blank\">\n\t\t\t\t\t\t\t<img fetchpriority=\"high\" decoding=\"async\" width=\"604\" height=\"858\" src=\"https:\/\/sites.usp.br\/sp-proso\/wp-content\/uploads\/sites\/526\/2019\/06\/capa_relatorio.png\" class=\"attachment-large size-large wp-image-460\" alt=\"\" srcset=\"https:\/\/sites.usp.br\/sp-proso\/wp-content\/uploads\/sites\/526\/2019\/06\/capa_relatorio.png 625w, https:\/\/sites.usp.br\/sp-proso\/wp-content\/uploads\/sites\/526\/2019\/06\/capa_relatorio-211x300.png 211w, https:\/\/sites.usp.br\/sp-proso\/wp-content\/uploads\/sites\/526\/2019\/06\/capa_relatorio-400x568.png 400w\" sizes=\"(max-width: 604px) 100vw, 604px\" \/>\t\t\t\t\t\t\t\t<\/a>\n\t\t\t\t\t\t\t\t\t\t\t\t\t<\/div>\n\t\t\t\t<\/div>\n\t\t\t\t\t<\/div>\n\t\t<\/div>\n\t\t\t\t<div class=\"elementor-column elementor-col-66 elementor-inner-column elementor-element elementor-element-add383f\" data-id=\"add383f\" data-element_type=\"column\">\n\t\t\t<div class=\"elementor-widget-wrap elementor-element-populated\">\n\t\t\t\t\t\t<div class=\"elementor-element elementor-element-75388ad elementor-widget elementor-widget-text-editor\" data-id=\"75388ad\" data-element_type=\"widget\" data-widget_type=\"text-editor.default\">\n\t\t\t\t<div class=\"elementor-widget-container\">\n\t\t\t\t\t\t\t<p>Este \u00e9 o relat\u00f3rio completo da pesquisa realizada com alunos do 9\u00ba ano do Ensino Fundamental II em escolas p\u00fablicas (estaduais e municipais) e particulares do munic\u00edpio de S\u00e3o Paulo. Traz dados sobre <i>bullying <\/i>e viol\u00eancia e sua rela\u00e7\u00e3o com pr\u00e1ticas parentais, caracter\u00edsticas individuais, e comportamentos de interesse. \u00c9 um estudo epidemiol\u00f3gico de corte transversal e a coleta foi realizada em 2017.<\/p><p>&#8211; L\u00edngua: Portugu\u00eas<br \/>&#8211; Autoria: Peres et. al<br \/><a href=\"https:\/\/sites.usp.br\/sp-proso\/wp-content\/uploads\/sites\/526\/2019\/06\/relatorio_sp_proso_26_05_2019.pdf\" target=\"_blank\" rel=\"noopener\">&#8211; Baixar pdf<\/a><\/p>\t\t\t\t\t\t<\/div>\n\t\t\t\t<\/div>\n\t\t\t\t\t<\/div>\n\t\t<\/div>\n\t\t\t\t\t<\/div>\n\t\t<\/section>\n\t\t\t\t\t<\/div>\n\t\t<\/div>\n\t\t\t\t\t<\/div>\n\t\t<\/section>\n\t\t\t\t<section class=\"elementor-section elementor-top-section elementor-element elementor-element-9352fcc elementor-section-boxed elementor-section-height-default elementor-section-height-default\" data-id=\"9352fcc\" data-element_type=\"section\">\n\t\t\t\t\t\t<div class=\"elementor-container elementor-column-gap-default\">\n\t\t\t\t\t<div class=\"elementor-column elementor-col-100 elementor-top-column elementor-element elementor-element-b8b4b4d\" data-id=\"b8b4b4d\" data-element_type=\"column\">\n\t\t\t<div class=\"elementor-widget-wrap elementor-element-populated\">\n\t\t\t\t\t\t<div class=\"elementor-element elementor-element-5e91ace elementor-widget elementor-widget-heading\" data-id=\"5e91ace\" data-element_type=\"widget\" data-widget_type=\"heading.default\">\n\t\t\t\t<div class=\"elementor-widget-container\">\n\t\t\t<h2 class=\"elementor-heading-title elementor-size-medium\">Projeto S\u00e3o Paulo para o desenvolvimento social de crian\u00e7as e adolescentes SP-PROSO - sum\u00e1rio executivo<\/h2>\t\t<\/div>\n\t\t\t\t<\/div>\n\t\t\t\t\t<\/div>\n\t\t<\/div>\n\t\t\t\t\t<\/div>\n\t\t<\/section>\n\t\t\t\t<section class=\"elementor-section elementor-top-section elementor-element elementor-element-d555fe0 elementor-section-boxed elementor-section-height-default elementor-section-height-default\" data-id=\"d555fe0\" data-element_type=\"section\">\n\t\t\t\t\t\t<div class=\"elementor-container elementor-column-gap-default\">\n\t\t\t\t\t<div class=\"elementor-column elementor-col-33 elementor-top-column elementor-element elementor-element-6350bed\" data-id=\"6350bed\" data-element_type=\"column\">\n\t\t\t<div class=\"elementor-widget-wrap elementor-element-populated\">\n\t\t\t\t\t\t<div class=\"elementor-element elementor-element-f60a108 elementor-widget elementor-widget-image\" data-id=\"f60a108\" data-element_type=\"widget\" data-widget_type=\"image.default\">\n\t\t\t\t<div class=\"elementor-widget-container\">\n\t\t\t\t\t\t\t\t\t\t\t\t\t<img decoding=\"async\" width=\"445\" height=\"625\" src=\"https:\/\/sites.usp.br\/sp-proso\/wp-content\/uploads\/sites\/526\/2019\/10\/capa_sumario.png\" class=\"attachment-large size-large wp-image-732\" alt=\"\" srcset=\"https:\/\/sites.usp.br\/sp-proso\/wp-content\/uploads\/sites\/526\/2019\/10\/capa_sumario.png 445w, https:\/\/sites.usp.br\/sp-proso\/wp-content\/uploads\/sites\/526\/2019\/10\/capa_sumario-214x300.png 214w, https:\/\/sites.usp.br\/sp-proso\/wp-content\/uploads\/sites\/526\/2019\/10\/capa_sumario-400x562.png 400w\" sizes=\"(max-width: 445px) 100vw, 445px\" \/>\t\t\t\t\t\t\t\t\t\t\t\t\t<\/div>\n\t\t\t\t<\/div>\n\t\t\t\t\t<\/div>\n\t\t<\/div>\n\t\t\t\t<div class=\"elementor-column elementor-col-66 elementor-top-column elementor-element elementor-element-b662d46\" data-id=\"b662d46\" data-element_type=\"column\">\n\t\t\t<div class=\"elementor-widget-wrap elementor-element-populated\">\n\t\t\t\t\t\t<div class=\"elementor-element elementor-element-84deb78 elementor-widget elementor-widget-text-editor\" data-id=\"84deb78\" data-element_type=\"widget\" data-widget_type=\"text-editor.default\">\n\t\t\t\t<div class=\"elementor-widget-container\">\n\t\t\t\t\t\t\t<p>Esta \u00e9 uma vers\u00e3o reduzida do relat\u00f3rio da pesquisa SP-PROSO, realizada com alunos do 9\u00ba ano do Ensino Fundamental do munic\u00edpio de S\u00e3o Paulo em 2017. Traz dados sobre\u00a0<i>bullying\u00a0<\/i>e viol\u00eancia em um formato de f\u00e1cil compreens\u00e3o e consulta.<\/p><p>&#8211; L\u00edngua: Portugu\u00eas<br \/>&#8211; Autoria: Peres et. al<br \/><a href=\"https:\/\/sites.usp.br\/sp-proso\/wp-content\/uploads\/sites\/526\/2019\/10\/sp-proso_sumario_executivo_21_10_19.pdf\" target=\"_blank\" rel=\"noopener\">&#8211; Baixar pdf<\/a><\/p>\t\t\t\t\t\t<\/div>\n\t\t\t\t<\/div>\n\t\t\t\t\t<\/div>\n\t\t<\/div>\n\t\t\t\t\t<\/div>\n\t\t<\/section>\n\t\t\t\t<section class=\"elementor-section elementor-top-section elementor-element elementor-element-a765856 elementor-section-boxed elementor-section-height-default elementor-section-height-default\" data-id=\"a765856\" data-element_type=\"section\">\n\t\t\t\t\t\t<div class=\"elementor-container elementor-column-gap-default\">\n\t\t\t\t\t<div class=\"elementor-column elementor-col-100 elementor-top-column elementor-element elementor-element-b24fcc8\" data-id=\"b24fcc8\" data-element_type=\"column\">\n\t\t\t<div class=\"elementor-widget-wrap elementor-element-populated\">\n\t\t\t\t\t\t<div class=\"elementor-element elementor-element-45dc54a elementor-widget elementor-widget-heading\" data-id=\"45dc54a\" data-element_type=\"widget\" data-widget_type=\"heading.default\">\n\t\t\t\t<div class=\"elementor-widget-container\">\n\t\t\t<h2 class=\"elementor-heading-title elementor-size-medium\">S\u00e3o Paulo Project for the social development of children and adolescents SP-PROSO: violence, bullying and repercussions on health<\/h2>\t\t<\/div>\n\t\t\t\t<\/div>\n\t\t\t\t\t<\/div>\n\t\t<\/div>\n\t\t\t\t\t<\/div>\n\t\t<\/section>\n\t\t\t\t<section class=\"elementor-section elementor-top-section elementor-element elementor-element-fa79912 elementor-section-boxed elementor-section-height-default elementor-section-height-default\" data-id=\"fa79912\" data-element_type=\"section\">\n\t\t\t\t\t\t<div class=\"elementor-container elementor-column-gap-default\">\n\t\t\t\t\t<div class=\"elementor-column elementor-col-33 elementor-top-column elementor-element elementor-element-07c74a2\" data-id=\"07c74a2\" data-element_type=\"column\">\n\t\t\t<div class=\"elementor-widget-wrap elementor-element-populated\">\n\t\t\t\t\t\t<div class=\"elementor-element elementor-element-fa587ed elementor-widget elementor-widget-image\" data-id=\"fa587ed\" data-element_type=\"widget\" data-widget_type=\"image.default\">\n\t\t\t\t<div class=\"elementor-widget-container\">\n\t\t\t\t\t\t\t\t\t\t\t\t\t<img decoding=\"async\" width=\"332\" height=\"461\" src=\"https:\/\/sites.usp.br\/sp-proso\/wp-content\/uploads\/sites\/526\/2019\/11\/cover_es_english.png\" class=\"attachment-large size-large wp-image-805\" alt=\"\" srcset=\"https:\/\/sites.usp.br\/sp-proso\/wp-content\/uploads\/sites\/526\/2019\/11\/cover_es_english.png 332w, https:\/\/sites.usp.br\/sp-proso\/wp-content\/uploads\/sites\/526\/2019\/11\/cover_es_english-216x300.png 216w\" sizes=\"(max-width: 332px) 100vw, 332px\" \/>\t\t\t\t\t\t\t\t\t\t\t\t\t<\/div>\n\t\t\t\t<\/div>\n\t\t\t\t\t<\/div>\n\t\t<\/div>\n\t\t\t\t<div class=\"elementor-column elementor-col-66 elementor-top-column elementor-element elementor-element-6b92566\" data-id=\"6b92566\" data-element_type=\"column\">\n\t\t\t<div class=\"elementor-widget-wrap elementor-element-populated\">\n\t\t\t\t\t\t<div class=\"elementor-element elementor-element-8b765ed elementor-widget elementor-widget-text-editor\" data-id=\"8b765ed\" data-element_type=\"widget\" data-widget_type=\"text-editor.default\">\n\t\t\t\t<div class=\"elementor-widget-container\">\n\t\t\t\t\t\t\t<p>This is a short version of the SP-PROSO survey report, which was conducted with 9th grade students in the city of S\u00e3o Paulo in 2017. It provides data on bullying and violence in a format that is easy to understand and consult.<\/p><p>&#8211; Language: English<br \/>&#8211; Authors: Peres et. al<br \/><a href=\"https:\/\/sites.usp.br\/sp-proso\/wp-content\/uploads\/sites\/526\/2019\/11\/executive_sumary_spproso_11.24.19.pdf\" target=\"_blank\" rel=\"noopener\">&#8211; Download pdf<\/a><\/p>\t\t\t\t\t\t<\/div>\n\t\t\t\t<\/div>\n\t\t\t\t\t<\/div>\n\t\t<\/div>\n\t\t\t\t\t<\/div>\n\t\t<\/section>\n\t\t\t\t<\/div>\n\t\t","protected":false},"excerpt":{"rendered":"<p>Viol\u00eancia, bullying e repercuss\u00f5es na sa\u00fade: resultados do Projeto S\u00e3o Paulo para o desenvolvimento social de crian\u00e7as e adolescentes Este \u00e9 o relat\u00f3rio completo da pesquisa realizada com alunos do 9\u00ba ano do Ensino Fundamental II em escolas p\u00fablicas (estaduais e municipais) e particulares do munic\u00edpio de S\u00e3o Paulo. Traz dados sobre bullying e viol\u00eancia [&hellip;]<\/p>\n","protected":false},"author":1,"featured_media":0,"parent":0,"menu_order":0,"comment_status":"closed","ping_status":"closed","template":"","meta":{"_monsterinsights_skip_tracking":false,"_monsterinsights_sitenote_active":false,"_monsterinsights_sitenote_note":"","_monsterinsights_sitenote_category":0,"footnotes":"","_links_to":"","_links_to_target":""},"class_list":["post-64","page","type-page","status-publish","hentry"],"_links":{"self":[{"href":"https:\/\/sites.usp.br\/sp-proso\/wp-json\/wp\/v2\/pages\/64","targetHints":{"allow":["GET"]}}],"collection":[{"href":"https:\/\/sites.usp.br\/sp-proso\/wp-json\/wp\/v2\/pages"}],"about":[{"href":"https:\/\/sites.usp.br\/sp-proso\/wp-json\/wp\/v2\/types\/page"}],"author":[{"embeddable":true,"href":"https:\/\/sites.usp.br\/sp-proso\/wp-json\/wp\/v2\/users\/1"}],"replies":[{"embeddable":true,"href":"https:\/\/sites.usp.br\/sp-proso\/wp-json\/wp\/v2\/comments?post=64"}],"version-history":[{"count":4,"href":"https:\/\/sites.usp.br\/sp-proso\/wp-json\/wp\/v2\/pages\/64\/revisions"}],"predecessor-version":[{"id":807,"href":"https:\/\/sites.usp.br\/sp-proso\/wp-json\/wp\/v2\/pages\/64\/revisions\/807"}],"wp:attachment":[{"href":"https:\/\/sites.usp.br\/sp-proso\/wp-json\/wp\/v2\/media?parent=64"}],"curies":[{"name":"wp","href":"https:\/\/api.w.org\/{rel}","templated":true}]}}