{"id":79,"date":"2014-02-24T16:51:20","date_gmt":"2014-02-24T18:51:20","guid":{"rendered":"http:\/\/sites.usp.br\/sp-proso\/?page_id=79"},"modified":"2019-10-17T19:24:54","modified_gmt":"2019-10-17T21:24:54","slug":"pagina-inicial","status":"publish","type":"page","link":"https:\/\/sites.usp.br\/sp-proso\/","title":{"rendered":"Apresenta\u00e7\u00e3o"},"content":{"rendered":"\t\t<div data-elementor-type=\"wp-post\" data-elementor-id=\"79\" class=\"elementor elementor-79\">\n\t\t\t\t\t\t<section class=\"elementor-section elementor-top-section elementor-element elementor-element-1b1a1db elementor-section-boxed elementor-section-height-default elementor-section-height-default\" data-id=\"1b1a1db\" data-element_type=\"section\">\n\t\t\t\t\t\t<div class=\"elementor-container elementor-column-gap-default\">\n\t\t\t\t\t<div class=\"elementor-column elementor-col-100 elementor-top-column elementor-element elementor-element-d453592\" data-id=\"d453592\" data-element_type=\"column\">\n\t\t\t<div class=\"elementor-widget-wrap elementor-element-populated\">\n\t\t\t\t\t\t<div class=\"elementor-element elementor-element-34d5b9f elementor-widget elementor-widget-image-carousel\" data-id=\"34d5b9f\" data-element_type=\"widget\" data-settings=\"{&quot;slides_to_show&quot;:&quot;1&quot;,&quot;navigation&quot;:&quot;none&quot;,&quot;autoplay&quot;:&quot;yes&quot;,&quot;pause_on_hover&quot;:&quot;yes&quot;,&quot;pause_on_interaction&quot;:&quot;yes&quot;,&quot;autoplay_speed&quot;:5000,&quot;infinite&quot;:&quot;yes&quot;,&quot;effect&quot;:&quot;slide&quot;,&quot;speed&quot;:500}\" data-widget_type=\"image-carousel.default\">\n\t\t\t\t<div class=\"elementor-widget-container\">\n\t\t\t\t\t<div class=\"elementor-image-carousel-wrapper swiper\" dir=\"ltr\">\n\t\t\t<div class=\"elementor-image-carousel swiper-wrapper\" aria-live=\"off\">\n\t\t\t\t\t\t\t\t<div class=\"swiper-slide\" role=\"group\" aria-roledescription=\"slide\" aria-label=\"1 de 4\"><figure class=\"swiper-slide-inner\"><img decoding=\"async\" class=\"swiper-slide-image\" src=\"https:\/\/sites.usp.br\/sp-proso\/wp-content\/uploads\/sites\/526\/2019\/10\/site_1-1024x599.png\" alt=\"site_1\" \/><\/figure><\/div><div class=\"swiper-slide\" role=\"group\" aria-roledescription=\"slide\" aria-label=\"2 de 4\"><figure class=\"swiper-slide-inner\"><img decoding=\"async\" class=\"swiper-slide-image\" src=\"https:\/\/sites.usp.br\/sp-proso\/wp-content\/uploads\/sites\/526\/2019\/10\/site_2-1024x599.png\" alt=\"site_2\" \/><\/figure><\/div><div class=\"swiper-slide\" role=\"group\" aria-roledescription=\"slide\" aria-label=\"3 de 4\"><figure class=\"swiper-slide-inner\"><img decoding=\"async\" class=\"swiper-slide-image\" src=\"https:\/\/sites.usp.br\/sp-proso\/wp-content\/uploads\/sites\/526\/2019\/10\/site_3-1024x600.png\" alt=\"site_3\" \/><\/figure><\/div><div class=\"swiper-slide\" role=\"group\" aria-roledescription=\"slide\" aria-label=\"4 de 4\"><figure class=\"swiper-slide-inner\"><img decoding=\"async\" class=\"swiper-slide-image\" src=\"https:\/\/sites.usp.br\/sp-proso\/wp-content\/uploads\/sites\/526\/2019\/10\/site_4-1024x598.png\" alt=\"site_4\" \/><\/figure><\/div>\t\t\t<\/div>\n\t\t\t\t\t\t\t\n\t\t\t\t\t\t\t\t\t<\/div>\n\t\t\t\t<\/div>\n\t\t\t\t<\/div>\n\t\t\t\t\t<\/div>\n\t\t<\/div>\n\t\t\t\t\t<\/div>\n\t\t<\/section>\n\t\t\t\t<section class=\"elementor-section elementor-top-section elementor-element elementor-element-7c91c255 elementor-section-boxed elementor-section-height-default elementor-section-height-default\" data-id=\"7c91c255\" data-element_type=\"section\">\n\t\t\t\t\t\t<div class=\"elementor-container elementor-column-gap-default\">\n\t\t\t\t\t<div class=\"elementor-column elementor-col-100 elementor-top-column elementor-element elementor-element-78c2dad3\" data-id=\"78c2dad3\" data-element_type=\"column\">\n\t\t\t<div class=\"elementor-widget-wrap elementor-element-populated\">\n\t\t\t\t\t\t<div class=\"elementor-element elementor-element-5029c211 elementor-widget elementor-widget-text-editor\" data-id=\"5029c211\" data-element_type=\"widget\" data-widget_type=\"text-editor.default\">\n\t\t\t\t<div class=\"elementor-widget-container\">\n\t\t\t\t\t\t\t<p>O projeto S\u00e3o Paulo para o desenvolvimento social de crian\u00e7as e adolescentes, SP-PROSO, visa, atrav\u00e9s de pesquisa e interven\u00e7\u00e3o, contribuir para a melhoria das condi\u00e7\u00f5es de vida de crian\u00e7as e adolescentes da cidade de S\u00e3o Paulo, especialmente no que diz respeito a bullying e outras viol\u00eancias. H\u00e1 tamb\u00e9m um componente sobre aspectos de nutri\u00e7\u00e3o e atividade f\u00edsica.<\/p><p>Desenvolvido no <a href=\"http:\/\/www2.fm.usp.br\/preventiva\/\" target=\"_blank\" rel=\"noopener\">Departamento de Medicina Preventiva<\/a> da Faculdade de Medicina da Universidade de S\u00e3o Paulo em parceria com o <a href=\"https:\/\/www.vrc.crim.cam.ac.uk\/\" target=\"_blank\" rel=\"noopener\">Violence Research Centre da Universidade de Cambridge (VRC)<\/a>, o SP-Proso faz parte de uma iniciativa mais ampla que inclui o <a href=\"https:\/\/www.vrc.crim.cam.ac.uk\/vrcresearch\/z-proso\" target=\"_blank\" rel=\"noopener\">Z-Proso <\/a>e M-Proso, desenvolvidos nas cidades de Zurique, na Su\u00ed\u00e7a e Montevid\u00e9u, no Uruguai, respectivamente.<\/p><p>As institui\u00e7\u00f5es financiadoras que tornaram poss\u00edvel o cumprimento da primeira etapa do projeto foram: British Academy\/Newton Foundation e Funda\u00e7\u00e3o de Amparo \u00e0 Pesquisa do Estado de S\u00e3o Paulo \u2013 FAPESP.<\/p>\t\t\t\t\t\t<\/div>\n\t\t\t\t<\/div>\n\t\t\t\t\t<\/div>\n\t\t<\/div>\n\t\t\t\t\t<\/div>\n\t\t<\/section>\n\t\t\t\t<\/div>\n\t\t","protected":false},"excerpt":{"rendered":"<p>O projeto S\u00e3o Paulo para o desenvolvimento social de crian\u00e7as e adolescentes, SP-PROSO, visa, atrav\u00e9s de pesquisa e interven\u00e7\u00e3o, contribuir para a melhoria das condi\u00e7\u00f5es de vida de crian\u00e7as e adolescentes da cidade de S\u00e3o Paulo, especialmente no que diz respeito a bullying e outras viol\u00eancias. H\u00e1 tamb\u00e9m um componente sobre aspectos de nutri\u00e7\u00e3o e [&hellip;]<\/p>\n","protected":false},"author":1,"featured_media":0,"parent":0,"menu_order":0,"comment_status":"closed","ping_status":"closed","template":"","meta":{"_monsterinsights_skip_tracking":false,"_monsterinsights_sitenote_active":false,"_monsterinsights_sitenote_note":"","_monsterinsights_sitenote_category":0,"footnotes":"","_links_to":"","_links_to_target":""},"class_list":["post-79","page","type-page","status-publish","hentry"],"_links":{"self":[{"href":"https:\/\/sites.usp.br\/sp-proso\/wp-json\/wp\/v2\/pages\/79","targetHints":{"allow":["GET"]}}],"collection":[{"href":"https:\/\/sites.usp.br\/sp-proso\/wp-json\/wp\/v2\/pages"}],"about":[{"href":"https:\/\/sites.usp.br\/sp-proso\/wp-json\/wp\/v2\/types\/page"}],"author":[{"embeddable":true,"href":"https:\/\/sites.usp.br\/sp-proso\/wp-json\/wp\/v2\/users\/1"}],"replies":[{"embeddable":true,"href":"https:\/\/sites.usp.br\/sp-proso\/wp-json\/wp\/v2\/comments?post=79"}],"version-history":[{"count":4,"href":"https:\/\/sites.usp.br\/sp-proso\/wp-json\/wp\/v2\/pages\/79\/revisions"}],"predecessor-version":[{"id":786,"href":"https:\/\/sites.usp.br\/sp-proso\/wp-json\/wp\/v2\/pages\/79\/revisions\/786"}],"wp:attachment":[{"href":"https:\/\/sites.usp.br\/sp-proso\/wp-json\/wp\/v2\/media?parent=79"}],"curies":[{"name":"wp","href":"https:\/\/api.w.org\/{rel}","templated":true}]}}