{"id":797,"date":"2019-11-14T13:59:56","date_gmt":"2019-11-14T15:59:56","guid":{"rendered":"https:\/\/sites.usp.br\/sp-proso\/?page_id=797"},"modified":"2019-11-14T14:02:56","modified_gmt":"2019-11-14T16:02:56","slug":"congressos","status":"publish","type":"page","link":"https:\/\/sites.usp.br\/sp-proso\/pagina-2\/congressos\/","title":{"rendered":"Congressos"},"content":{"rendered":"\t\t<div data-elementor-type=\"wp-page\" data-elementor-id=\"797\" class=\"elementor elementor-797\">\n\t\t\t\t\t\t<section class=\"elementor-section elementor-top-section elementor-element elementor-element-14c70507 elementor-section-boxed elementor-section-height-default elementor-section-height-default\" data-id=\"14c70507\" data-element_type=\"section\">\n\t\t\t\t\t\t<div class=\"elementor-container elementor-column-gap-default\">\n\t\t\t\t\t<div class=\"elementor-column elementor-col-100 elementor-top-column elementor-element elementor-element-1b111fde\" data-id=\"1b111fde\" data-element_type=\"column\">\n\t\t\t<div class=\"elementor-widget-wrap elementor-element-populated\">\n\t\t\t\t\t\t<div class=\"elementor-element elementor-element-d45cec3 elementor-widget elementor-widget-text-editor\" data-id=\"d45cec3\" data-element_type=\"widget\" data-widget_type=\"text-editor.default\">\n\t\t\t\t<div class=\"elementor-widget-container\">\n\t\t\t\t\t\t\t<p>Aqui est\u00e3o os trabalhos apresentados em congressos ou outros encontros acad\u00eamicos para apresenta\u00e7\u00e3o de nossos resultados:<\/p><p>\u00a0<\/p>\t\t\t\t\t\t<\/div>\n\t\t\t\t<\/div>\n\t\t\t\t\t<\/div>\n\t\t<\/div>\n\t\t\t\t\t<\/div>\n\t\t<\/section>\n\t\t\t\t<section class=\"elementor-section elementor-top-section elementor-element elementor-element-9c803bd elementor-section-boxed elementor-section-height-default elementor-section-height-default\" data-id=\"9c803bd\" data-element_type=\"section\">\n\t\t\t\t\t\t<div class=\"elementor-container elementor-column-gap-default\">\n\t\t\t\t\t<div class=\"elementor-column elementor-col-100 elementor-top-column elementor-element elementor-element-b13e8d9\" data-id=\"b13e8d9\" data-element_type=\"column\">\n\t\t\t<div class=\"elementor-widget-wrap elementor-element-populated\">\n\t\t\t\t\t\t<div class=\"elementor-element elementor-element-8cc0994 elementor-widget elementor-widget-text-editor\" data-id=\"8cc0994\" data-element_type=\"widget\" data-widget_type=\"text-editor.default\">\n\t\t\t\t<div class=\"elementor-widget-container\">\n\t\t\t\t\t\t\t<p>Leite, MA, Mendes, LL, Escuder, MM, Peres, MFT, Levy, RB.A PRESEN\u00c7A DE CANTINAS NAS ESCOLAS ASSOCIA-SE A MAIOR FREQU\u00caNCIA DE CONSUMO DE ALIMENTOS ULTRAPROCESSADOS ENTRE ADOLESCENTES. 12o Congresso Brasileiro de Sa\u00fade Coletiva. Rio de Janeiro, julho 2018<\/p><p>Peres, MFT. Preven\u00e7\u00e3o da viol\u00eancia nas escolas: reflex\u00f5es a partir dos resultados preliminares do SP-Proso. 12o Encontro anual do F\u00f3rum Brasileiro de Seguran\u00e7a P\u00fablica. Bras\u00edlia, agosto de 2018 (ANEXOS 2 e 2.1)<\/p><p>Peres, MFT. Peres, MFT, Ara\u00fajo, L,\u00a0\u00a0Eisner, MP.\u00a0\u00a0Are the perceptions about violence and disorder at school precincts associated with bullying among school-age adolescents in S\u00e3o Paulo-Brazil? The S\u00e3o Paulo project for the social development of children and adolescents (sp-proso). European safety Community Conference. Rep\u00fablica da Maced\u00f4nia. Outubro de 2018<\/p><p>Nascimento, A, Loch,\u00a0\u00a0AP, Eisner, MP, Peres, MFT. Violence among adolescents and parenting practices in S\u00e3o Paulo, Brazil:The S\u00e3o Paulo project for the social development of children and adolescents (sp-proso), 2017. European safety Community Conference. Rep\u00fablica da Maced\u00f4nia. Outubro de 2018<\/p><p>Nascimento, A, Loch,\u00a0\u00a0AP, Eisner, MP, Peres, MFT. Bullying and parental practices among adolescents in S\u00e3o Paulo, Brazil: The S\u00e3o Paulo project for the social development of children and adolescents (sp-proso), 2017. European safety Community Conference. Rep\u00fablica da Maced\u00f4nia. Outubro de 2018<\/p><p>Loch, AP, Nascimento, AF,\u00a0\u00a0Eisner,M, Peres, MFT. Adolescents exposure to community violence and its association with violence perpetration in S\u00e3o Paulo, Brazil: S\u00e3o Paulo project for the social development of children and adolescentes -2017 (SP-proso) &#8211; European safety Community Conference. Rep\u00fablica da Maced\u00f4nia. Outubro de 2018<\/p><p>Papa, CG, Eisner, MP, Peres, MFT. Understanding violent behavior among school-age adolescents in S\u00e3o Paulo-Brazil: The role of Moral Neutralization. European safety Community Conference. Rep\u00fablica da Maced\u00f4nia. Outubro de 2018<\/p><p>Papa, CG, Eisner, MP, Peres, MFT. Attitudes about violence against women and masculinity values among school-age adolescents in S\u00e3o Paulo-Brazil and its associations with violence victimization\/perpetration. European safety Community Conference. Rep\u00fablica da Maced\u00f4nia, Outubro de 2018<\/p><p>Peres, MFT. VIOL\u00caNCIA NA ADOLESC\u00caNCIA: COMO PREVENIR? REFLEX\u00d5ES A PARTIR DOS RESULTADOS DO SP-PROSO. 1o. Simp\u00f3sio SALV &#8211; Suic\u00eddios, Acidentes, Lei e Viol\u00eancia em Crian\u00e7as e Adolescentes. S\u00e3o Paulo, Novembro de 2018.<\/p><p>Leite, MA, Mendes, LL, Escuder, MM, Peres, MFT, Levy, RB. The presence of schools canteens is associated with higher frequency of ultra-processed foods consumption. XVIII Congreso latinoamericano de Nutrici\u00f3n (SLAN) 2018. Guadalajara, M\u00e9xico. Novembro de 2018<\/p><p>Peres, MFT. Plenary 4. Violence : striking towards a zero-zero-tolerance society.\u00a0\u00a0Violence prevention programs on youth violence and child maltreatment. 13th World conference on Injury Prevention and Safety Promotion. The World Health Organization. Bangkok, Thailand. November 2018.<\/p><p>Araujo, L. Os desafios e as potencialidades do ambiente escolar frente \u00e0 preven\u00e7\u00e3o da viol\u00eancia contra adolescentes. VI SIMPREV &#8211; VI Simp\u00f3sio dos p\u00f3s-graduandos do Departamento de Medicina Preventiva da Faculdade de Medicina da USP. S\u00e3o Paulo, dezembro de 2018.<\/p><p>Papa.CG. Neutraliza\u00e7\u00e3o moral e viol\u00eancia entre adolescentes no Munic\u00edpio de S\u00e3o Paulo &#8211; Projeto S\u00e3o Paulo para o desenvolvimento social de crian\u00e7as e adolescentes. VI SIMPREV &#8211; VI Simp\u00f3sio dos p\u00f3s-graduandos do Departamento de Medicina Preventiva da Faculdade de Medicina da USP. S\u00e3o Paulo, dezembro de 2018.<\/p><p>Santos, LA. Orienta\u00e7\u00e3o sexual e Bullying entre adolescentes no Munic\u00edpio e S\u00e3o Paulo, Brasil: resultados do Projeto S\u00e3o Paulo para o desenvolvimento social de crian\u00e7as e adolescentes &#8211; 2017 (SP-PROSO). VI SIMPREV &#8211; VI Simp\u00f3sio dos p\u00f3s-graduandos do Departamento de Medicina Preventiva da Faculdade de Medicina da USP. S\u00e3o Paulo, dezembro de 2018.<\/p><p>Ana Paula LOCH, Andr\u00e9ia NASCIMENTO, Cassio Henrique PAPA, Let\u00edcia Ara\u00fajo Moreira da SILVA, Lorruan Alves dosSANTOS, Maria Alvim LEITE, Marilia Pontes ESPOSITO, Roberta ASTOLFI, Maria Fernanda Tourinho PERES. VIOL\u00caNCIA, BULLYING E REPERCUSS\u00d5ES NA SA\u00daDE: resultados do Projeto S\u00e3o Paulo para o desenvolvimento social de crian\u00e7as e adolescentes (SP-PROSO). II Workshop Internacional do Projeto S\u00e3o Paulo para o Desenvolvimento Social de Crian\u00e7as e Adolescentes (S\u00e3o Paulo-PROSO). S\u00e3o Paulo, 17 de dezembro de 2018.<\/p><p>Peres, MFT. INSPIRE: sete estrat\u00e9gias para p\u00f4r fim \u00e0 viol\u00eancia contra crian\u00e7as Recomenda\u00e7\u00f5es a partir dos resultados do projeto S\u00e3o Paulo para o desenvolvimento social de crian\u00e7as e adolescentes (SP-PROSO). II Workshop Internacional do Projeto S\u00e3o Paulo para o Desenvolvimento Social de Crian\u00e7as e Adolescentes (S\u00e3o Paulo-PROSO). S\u00e3o Paulo, 17 de dezembro de 2018.<\/p><p>Leite, MA., Escuder, MM, Levy, RB. H\u00e1bitos alimentares, atividade f\u00edsica e estado nutricional: resultados do projeto S\u00e3o Paulo para o desenvolvimento social de crian\u00e7as e adolescentes (SP-PROSO). II Workshop Internacional do Projeto S\u00e3o Paulo para o Desenvolvimento Social de Crian\u00e7as e Adolescentes (S\u00e3o Paulo-PROSO). S\u00e3o Paulo, 17 de dezembro de 2018.<\/p><p>Nascimento, AF. Viol\u00eancia, percep\u00e7\u00e3o do estado de Sa\u00fade e sintomas de Internaliza\u00e7\u00e3o. Resultados do SP-Proso. II Workshop Internacional do Projeto S\u00e3o Paulo para o Desenvolvimento Social de Crian\u00e7as e Adolescentes (S\u00e3o Paulo-PROSO). S\u00e3o Paulo, 17 de dezembro de 2018.<\/p><p>Loch, AP. Drogas, Viol\u00eancia e Bullying: resultados do projeto S\u00e3o Paulo para o desenvolvimento social de crian\u00e7as e adolescentes.\u00a0\u00a0II Workshop Internacional do Projeto S\u00e3o Paulo para o Desenvolvimento Social de Crian\u00e7as e Adolescentes (S\u00e3o Paulo-PROSO). S\u00e3o Paulo, 17 de dezembro de 2018.<\/p>\t\t\t\t\t\t<\/div>\n\t\t\t\t<\/div>\n\t\t\t\t\t<\/div>\n\t\t<\/div>\n\t\t\t\t\t<\/div>\n\t\t<\/section>\n\t\t\t\t<\/div>\n\t\t","protected":false},"excerpt":{"rendered":"<p>Aqui est\u00e3o os trabalhos apresentados em congressos ou outros encontros acad\u00eamicos para apresenta\u00e7\u00e3o de nossos resultados: \u00a0 Leite, MA, Mendes, LL, Escuder, MM, Peres, MFT, Levy, RB.A PRESEN\u00c7A DE CANTINAS NAS ESCOLAS ASSOCIA-SE A MAIOR FREQU\u00caNCIA DE CONSUMO DE ALIMENTOS ULTRAPROCESSADOS ENTRE ADOLESCENTES. 12o Congresso Brasileiro de Sa\u00fade Coletiva. Rio de Janeiro, julho 2018 Peres, [&hellip;]<\/p>\n","protected":false},"author":977,"featured_media":0,"parent":64,"menu_order":0,"comment_status":"closed","ping_status":"closed","template":"","meta":{"_monsterinsights_skip_tracking":false,"_monsterinsights_sitenote_active":false,"_monsterinsights_sitenote_note":"","_monsterinsights_sitenote_category":0,"footnotes":"","_links_to":"","_links_to_target":""},"class_list":["post-797","page","type-page","status-publish","hentry"],"_links":{"self":[{"href":"https:\/\/sites.usp.br\/sp-proso\/wp-json\/wp\/v2\/pages\/797","targetHints":{"allow":["GET"]}}],"collection":[{"href":"https:\/\/sites.usp.br\/sp-proso\/wp-json\/wp\/v2\/pages"}],"about":[{"href":"https:\/\/sites.usp.br\/sp-proso\/wp-json\/wp\/v2\/types\/page"}],"author":[{"embeddable":true,"href":"https:\/\/sites.usp.br\/sp-proso\/wp-json\/wp\/v2\/users\/977"}],"replies":[{"embeddable":true,"href":"https:\/\/sites.usp.br\/sp-proso\/wp-json\/wp\/v2\/comments?post=797"}],"version-history":[{"count":2,"href":"https:\/\/sites.usp.br\/sp-proso\/wp-json\/wp\/v2\/pages\/797\/revisions"}],"predecessor-version":[{"id":800,"href":"https:\/\/sites.usp.br\/sp-proso\/wp-json\/wp\/v2\/pages\/797\/revisions\/800"}],"up":[{"embeddable":true,"href":"https:\/\/sites.usp.br\/sp-proso\/wp-json\/wp\/v2\/pages\/64"}],"wp:attachment":[{"href":"https:\/\/sites.usp.br\/sp-proso\/wp-json\/wp\/v2\/media?parent=797"}],"curies":[{"name":"wp","href":"https:\/\/api.w.org\/{rel}","templated":true}]}}