{"id":328,"date":"2020-10-27T13:01:14","date_gmt":"2020-10-27T16:01:14","guid":{"rendered":"https:\/\/sites.usp.br\/splus\/?page_id=328"},"modified":"2024-03-14T18:22:47","modified_gmt":"2024-03-14T21:22:47","slug":"program-18thmeeting","status":"publish","type":"page","link":"https:\/\/sites.usp.br\/splus\/program-18thmeeting\/","title":{"rendered":"Program"},"content":{"rendered":"<div class=\"wp-block-group\">\n<p><em>All times in Brazilian Standard Time (UTC-3).<\/em><br \/>\n<em>All sessions will be held at Observatorio Nacional &#8211; ON.<br \/>\n<\/em><\/p>\n<figure class=\"wp-block-table is-style-stripes table table-striped\">\n<table style=\"width: 100%;\">\n<thead>\n<tr>\n<th style=\"width: 100px;\"><\/th>\n<th class=\"has-text-align-left\" data-align=\"left\"><strong>AUG 21, 2023 &#8211; MONDAY<\/strong><\/th>\n<\/tr>\n<\/thead>\n<tbody>\n<tr>\n<td>TIME (UTC-3)<\/td>\n<td class=\"has-text-align-left\" data-align=\"left\">Observatorio Nacional &#8211; ON<br \/>\n<em>Chairs: Simone Daflon &amp; Arianna Cortesi<br \/>\n<\/em><\/td>\n<\/tr>\n<tr>\n<td>09:00<\/td>\n<td class=\"has-text-align-left\" data-align=\"left\">Opening and Welcome<br \/>\nJa\u00edlson Alcaniz \u2013 ON<\/td>\n<\/tr>\n<tr>\n<td>09:10<\/td>\n<td class=\"has-text-align-left\" data-align=\"left\">S-PLUS in its final stages<br \/>\nClaudia Lucia Mendes de Oliveira \u2013 IAG-USP<\/td>\n<\/tr>\n<tr>\n<td>09:30<\/td>\n<td class=\"has-text-align-left\" data-align=\"left\">Introducing an Open-Source Reduction Pipeline for S-PLUS Data Processing: Broadening Accessibility and Versatility<br \/>\nGustavo Bernard Oliveira Schwarz \u2013 Universidade Mackenzie &amp; USP<\/td>\n<\/tr>\n<tr>\n<td>09:50<\/td>\n<td class=\"has-text-align-left\" data-align=\"left\">Updates on the S-PLUS calibration pipeline for iDR5<br \/>\nFelipe Almeida-Fernandes \u2013 IAG-USP<\/td>\n<\/tr>\n<tr>\n<td>10:10<\/td>\n<td class=\"has-text-align-left\" data-align=\"left\">SHORT survey DR1<br \/>\nHelio Perottoni \u2013 Nicolaus Copernicus Astronomical Center (CAMK)<\/td>\n<\/tr>\n<tr>\n<td>10:30<\/td>\n<td class=\"has-text-align-left\" data-align=\"left\">Flash Talks &#8211; Posters 1<\/td>\n<\/tr>\n<tr>\n<td>10:40<\/td>\n<td class=\"has-text-align-left\" data-align=\"left\"><em>Morning Break<\/em><\/td>\n<\/tr>\n<tr>\n<td>11:10<\/td>\n<td class=\"has-text-align-left\" data-align=\"left\">Progress in the S-PLUS Fornax Project (S+FP)<br \/>\nAnal\u00eda Smith Castelli \u2013 Instituto de Astrof\u00edsica de La Plata (UNLP &#8211; CONICET)<\/td>\n<\/tr>\n<tr>\n<td>11:25<\/td>\n<td class=\"has-text-align-left\" data-align=\"left\">SExtractor detection and measurement of Fornax galaxies in S-PLUS images<br \/>\nRodrigo Facundo Haack \u2013 IALP, Argentina<\/td>\n<\/tr>\n<tr>\n<td>11:40<\/td>\n<td class=\"has-text-align-left\" data-align=\"left\">Updates from the CHANCES Survey and its links to S-PLUS<br \/>\nYara Jaffe \u2013 Universidad T\u00e9cnica Federico Santa Mar\u00eda<\/td>\n<\/tr>\n<tr>\n<td>12:00<\/td>\n<td class=\"has-text-align-left\" data-align=\"left\">Getting ready for LSST: Quantifying the diffuse continuum emission in active galaxies<br \/>\nSwayamtrupta Panda \u2013 Laborat\u00f3rio Nacional de Astrof\u00edsica (LNA), Itajub\u00e1<\/td>\n<\/tr>\n<tr>\n<td>12:20<\/td>\n<td class=\"has-text-align-left\" data-align=\"left\">SPLUS Transient Extension Project: First results and Too design<br \/>\nClecio Roque De Bom \u2013 Centro Brasileiro de Pesquisas F\u00edsicas<\/td>\n<\/tr>\n<tr>\n<td>12:40<\/td>\n<td class=\"has-text-align-left\" data-align=\"left\">Event Picture<\/td>\n<\/tr>\n<tr>\n<td>12:50<\/td>\n<td class=\"has-text-align-left\" data-align=\"left\"><em>Lunch Break<\/em><\/td>\n<\/tr>\n<tr>\n<td>14:30<\/td>\n<td class=\"has-text-align-left\" data-align=\"left\">\n<table>\n<tbody>\n<tr>\n<td style=\"width: 50%;\">A1.Stellar Parameters \/ Milky Way Science<br \/>\n<em>Organizers: Vinicius Placco<br \/>\n<\/em><\/td>\n<td style=\"width: 50%;\">B1. Galaxy environment and galaxy evolution<br \/>\n<em>Organizers: Ricardo Demarco<br \/>\n<\/em><\/td>\n<\/tr>\n<\/tbody>\n<\/table>\n<\/td>\n<\/tr>\n<tr>\n<td>15:30<\/td>\n<td class=\"has-text-align-left\" data-align=\"left\">\n<table>\n<tbody>\n<tr>\n<td style=\"width: 50%;\">A2. ToO, supernovae, asteroid, variables<br \/>\n<em>Organizers: Clecio De Bom<br \/>\n<\/em><\/td>\n<td style=\"width: 50%;\">B2. Help with technical issues: T80-South, reduction,<br \/>\ncalibration, S-PLUS data access<br \/>\n<em>Organizers: Gustavo Schwarz, Felipe Almeida-Fernandes &amp; Marilia Sartori<br \/>\n<\/em><\/td>\n<\/tr>\n<\/tbody>\n<\/table>\n<\/td>\n<\/tr>\n<\/tbody>\n<\/table>\n<\/figure>\n<\/div>\n<div class=\"wp-block-group\">\n<figure class=\"wp-block-table is-style-stripes table table-striped\"><strong>Posters 1<\/strong><\/figure>\n<figure class=\"wp-block-table is-style-stripes table table-striped\">A1. Strategies for Masking Astronomical Images obtained in the context of Large Photometric Surveys &#8211; Juan Pablo Calderon \u2013 Universidad Nacional de La Plata<br \/>\nA2. Photometric redshifts in SPLUS and a compilation of spectrocopic redshifts in the Southern Hemisphere &#8211; Erik Vinicius Rodrigues de Lima \u2013 IAG &#8211; USP<br \/>\nA3. Assesing CHANCES target selection process: a comparisson between SPLUS and DECam-Legacy photometric redshifts &#8211; Hugo M\u00e9ndez Hern\u00e1ndez \u2013 Universidad de La Serena<br \/>\nA4. Pygalfitm: a tool to perform multi wavelengths galaxy light decomposition, and visualize the recovered parameters and 2D models and residuals &#8211; Arianna Cortesi \u2013 IF (UFRJ)<br \/>\nA5. The QuCatS and the search for anomalous quasars &#8211; Raquel Ruiz Valen\u00e7a \u2013 IAG &#8211; USP<br \/>\nA6. A detailed overview of known gravitational lenses &#8211; Pedro Henrique do Vale Cunha \u2013 IAG &#8211; USP<br \/>\nA7. Identifying galaxy clusters with photometric redshifts in Stripe 82\/SDSS &#8211; Laura Ferreira Silva &amp; Carlos Henrique Soares da Silva \u2013 IAG-USP<\/figure>\n<figure class=\"wp-block-table is-style-stripes table table-striped\">\n<table style=\"width: 100%;\">\n<thead>\n<tr>\n<th style=\"width: 100px;\"><\/th>\n<th><strong>AUG 22, 2023 &#8211; TUESDAY<\/strong><\/th>\n<\/tr>\n<\/thead>\n<tbody>\n<tr>\n<td>TIME (UTC-3)<\/td>\n<td>Observatorio Nacional &#8211; ON<br \/>\n<em>Chairs: Denise Gon\u00e7alves &amp; Ramachrisna Teixeira<br \/>\n<\/em><\/td>\n<\/tr>\n<tr>\n<td>09:00<\/td>\n<td>Revealing accreting white dwarfs systems from S-PLUS<br \/>\nRaimundo Lopes de Oliveira \u2013 UFS &amp; ON<\/td>\n<\/tr>\n<tr>\n<td>09:20<\/td>\n<td>An r-process enhanced extremely metal-poor star identified by S-PLUS<br \/>\nVinicius Placco \u2013 NOIRLab<\/td>\n<\/tr>\n<tr>\n<td>09:40<\/td>\n<td>Metallicity determination in galactic open star clusters by exploring multiwavelength surveys<br \/>\nEduardo Machado Pereira \u2013 Observat\u00f3rio Nacional<\/td>\n<\/tr>\n<tr>\n<td>10:00<\/td>\n<td>Separation of Dwarf and Giant Stars using Narrowband Photometric Filters in the SPLUS Survey<br \/>\nPierre Augusto R\u00e9 Martho \u2013 IF-USP &amp; Lilianne Nakazono \u2013 IAG-USP<\/td>\n<\/tr>\n<tr>\n<td>10:30<\/td>\n<td>Flash Talks &#8211; Posters 2<\/td>\n<\/tr>\n<tr>\n<td>10:40<\/td>\n<td><em>Morning Break<\/em><\/td>\n<\/tr>\n<tr>\n<td>11:10<\/td>\n<td>Searching for extremely metal-poor dwarf galaxies in the S-PLUS survey<br \/>\nMarco Grossi \u2013 Observat\u00f3rio do Valongo, UFRJ<\/td>\n<\/tr>\n<tr>\n<td>11:30<\/td>\n<td>The origins of Ultra Diffuse Galaxies: Characterization of their globular cluster population across different environments.<br \/>\nPablo Astudillo Sotomayor \u2013 Universidad de Concepci\u00f3n<\/td>\n<\/tr>\n<tr>\n<td>11:50<\/td>\n<td>Statistical analysis for membership classification in the Fornax Cluster using S-PLUS data<br \/>\nJuan Pablo Calderon \u2013 Universidad Nacional de La Plata<\/td>\n<\/tr>\n<tr>\n<td>12:10<\/td>\n<td>A study of the Globular Cluster system of the Fornax Cluster as seen through the S-PLUS data: methodology and<br \/>\npreliminary results<br \/>\nLuis Fernando Lomel\u00ed N\u00fa\u00f1ez \u2013 Observat\u00f3rio do Valongo, UFRJ<\/td>\n<\/tr>\n<tr>\n<td>12:25<\/td>\n<td>The importance of S-PLUS&#8217;s data in preparation for the CHANCES survey<br \/>\nCiria Lima Dias \u2013 Universidad de La Serena<\/td>\n<\/tr>\n<tr>\n<td>12:40<\/td>\n<td>Dynamic properties of galaxy clusters from photometry<br \/>\nLucas Gabriel Silva \u2013 IAG\/USP<\/td>\n<\/tr>\n<tr>\n<td>12:44<\/td>\n<td><em>Lunch Break<\/em><\/td>\n<\/tr>\n<tr>\n<td>14:30<\/td>\n<td class=\"has-text-align-left\" data-align=\"left\">\n<table>\n<tbody>\n<tr>\n<td style=\"width: 50%;\">A3. Stellar Clusters and synergies with stellar evolution<br \/>\n<em>Organizers: Andre Figueiredo &amp; Tha\u00eds Silva<br \/>\n<\/em><\/td>\n<td style=\"width: 50%;\">B3. SED fitting<br \/>\n<em>Organizers: Roberto Cid Fernandes &amp; Luna Lacerda<br \/>\n<\/em><\/td>\n<\/tr>\n<\/tbody>\n<\/table>\n<\/td>\n<\/tr>\n<tr>\n<td>15:30<\/td>\n<td class=\"has-text-align-left\" data-align=\"left\">\n<table>\n<tbody>\n<tr>\n<td style=\"width: 50%;\">A4. Synergies with other surveys\/wavelengths<br \/>\n<em>Organizers: Philippe Amram &amp; Swayamtrupta Panda<br \/>\n<\/em><\/td>\n<td style=\"width: 50%;\">B4. Active galaxies and quasars<br \/>\n<em>Organizers: Lilianne Nakazono<br \/>\n<\/em><\/td>\n<\/tr>\n<\/tbody>\n<\/table>\n<\/td>\n<\/tr>\n<\/tbody>\n<\/table>\n<p><strong>Posters 2<\/strong><\/p>\n<p>B1. Structure of stellar clusters in the SMC using S-PLUS integrated photometry &#8211; Marina Izabela \u2013 USP<br \/>\nB2. Magellanic Cloud&#8217;s metallicity determination using the Calcium Triplet from the S-PLUS PSF photometry &#8211; Gabriel Fabiano de Souza \u2013 IAG-USP<br \/>\nB3. Unveiling Stellar Parameters Across the Milky Way Using S-PLUS Data &#8211; Vincenzo Alberice \u2013 Mackenzie<br \/>\nB4. Estimating atmospheric parameters of A-type stars with S-PLUS data &#8211; Franklin Tyerry Silva Sampaio \u2013 Universidade Federal de Goi\u00e1s &#8211; UFG<br \/>\nB5. Revisiting Canis Major Star Forming Region with S-PLUS DR4 &#8211; Jo\u00e3o Victor Corr\u00eaa Rodrigues \u2013 IAG\/USP<br \/>\nB6. Exploring chemical tagging limitations and feasibility with Gaia-ESO Survey &#8211; Helio Perottoni \u2013 Nicolaus Copernicus Astronomical Center (CAMK)<br \/>\nB7. Detection of pulsating white dwarfs through the S-PLUS data &#8211; Liana Li \u2013 IAG-USP<\/figure>\n<\/div>\n<div class=\"wp-block-group\">\n<figure class=\"wp-block-table is-style-stripes table table-striped\">\n<table style=\"width: 100%;\">\n<thead>\n<tr>\n<th style=\"width: 100px;\"><\/th>\n<th><strong>AUG 23, 2023 &#8211; WEDNESDAY<\/strong><\/th>\n<\/tr>\n<\/thead>\n<tbody>\n<tr>\n<td>TIME (UTC-3)<\/td>\n<td>Observatorio Nacional &#8211; ON<br \/>\n<em>Chairs: Ricardo Demarco &amp; Angela Krabbe<br \/>\n<\/em><\/td>\n<\/tr>\n<tr>\n<td>09:00<\/td>\n<td>Stellar population photometric synthesis with AI of S-PLUS galaxies<br \/>\nVitor Cernic \u2013 IAG-USP<\/td>\n<\/tr>\n<tr>\n<td>09:20<\/td>\n<td>Stellar populations and emission lines in S-PLUS galaxies<br \/>\nJ\u00falia Thain\u00e1 Da Silva Cunha Batista \u2013 UFSC<\/td>\n<\/tr>\n<tr>\n<td>09:40<\/td>\n<td>Testing the pre-processing scenario in Abell 1644<br \/>\nDaniela Olave-Rojas \u2013 Universidad de Talca<\/td>\n<\/tr>\n<tr>\n<td>10:00<\/td>\n<td>SN 2022ACKO and SN progenitor Star properties: Detection and Light Curves with STEP<br \/>\nGabriel da Silva Moreira Teixeira \u2013 Centro Brasileiro De Pesquisas F\u00edsicas<\/td>\n<\/tr>\n<tr>\n<td>10:20<\/td>\n<td>Reflectance spectra and partial light curves from asteroid detection using J-PLUS observations<br \/>\nJorge M. Carvano \u2013 Observat\u00f3rio Nacional<\/td>\n<\/tr>\n<tr>\n<td>10:40<\/td>\n<td>Flash Talks &#8211; Posters 3<\/td>\n<\/tr>\n<tr>\n<td>10:50<\/td>\n<td><em>Morning Break<\/em><\/td>\n<\/tr>\n<tr>\n<td>11:20<\/td>\n<td>Galaxy cluster detection and characterization with S-PLUS iDR4<br \/>\nLia Doubrawa \u2013 IAG-USP<\/td>\n<\/tr>\n<tr>\n<td>11:35<\/td>\n<td>A Photometric Investigation of the Hydra Supercluster of Galaxies<br \/>\nElismar L\u00f6sch \u2013 IAG-USP<\/td>\n<\/tr>\n<tr>\n<td>11:50<\/td>\n<td>The Effect Of The Extragalactic Environment On The Evolution Of S0-type Galaxies<br \/>\nLarissa Okiyama \u2013 OV &#8211; UFRJ<\/td>\n<\/tr>\n<tr>\n<td>12:10<\/td>\n<td>The environemnt of galaxies in the DR3 S-PLUS<br \/>\nVitor Hugo Lopes da Silva \u2013 Observat\u00f3rio do Valongo &#8211; UFRJ<\/td>\n<\/tr>\n<tr>\n<td>12:30<\/td>\n<td>An Extended Catalogue of galaxy morphology using Deep Learning in Southern Photometric Local Universe Survey Data Release 3<br \/>\nUlisses Ribeiro da Silva \u2013 CBPF &#8211; Centro Brasileiro de Pesquisas F\u00edsicas<\/td>\n<\/tr>\n<tr>\n<td>12:50<\/td>\n<td><em>Closing<\/em><\/td>\n<\/tr>\n<\/tbody>\n<\/table>\n<p><strong>Posters 3<\/strong><\/p>\n<p>C1. Early type galaxies in the Fornax cluster through the S-plus data &#8211; D\u00e9bora Brand\u00e3o dos Santos \u2013 Observat\u00f3rio do Valongo- UFRJ<br \/>\nC2. Mapping H\u03b1 emission in the Fornax cluster &#8211; Amanda Lopes \u2013 Instituto de Astrof\u00edsica de La Plata<br \/>\nC3. An Integrated Halpha Flux Atlas of Planetary Nebulae in the Magellanic Clouds: Combining S-PLUS Photometry and Spectroscopic Analysis &#8211; Luis Angel Guti\u00e9rrez Soto \u2013 Instituto de Astrof\u00edsica de La Plata<br \/>\nC4. Searching for Merging Galaxy Clusters with SPLUS &#8211; Giulya Souza \u2013 University of S\u00e3o Paulo<br \/>\nC5. Study of the evolution of isolated mergers using MaNGA data &#8211; Paulo Vasquez Bustos \u2013 Pontificia Universidad Cat\u00f3lica de Valpara\u00edso<br \/>\nC6. CALSAGOS: Clustering ALgorithmS Applied to Galaxies in Overdense Systems &#8211; Daniela Olave-Rojas \u2013 Universidad de Talca<br \/>\nC7. Astromorphlib: python scripts to analyze the morphology of isolated and interacting galaxies &#8211; Jose Hernandez-Jimenez \u2013 UNIVAP<\/figure>\n<\/div>\n<p>&nbsp;<\/p>\n<p><em>*all times are UTC\u22123<\/em><\/p>\n","protected":false},"excerpt":{"rendered":"<p>All times in Brazilian Standard Time (UTC-3). All sessions will be held at Observatorio Nacional &#8211; ON. AUG 21, 2023 &#8211; MONDAY TIME (UTC-3) Observatorio Nacional &#8211; ON Chairs: Simone Daflon &amp; Arianna Cortesi 09:00 Opening and Welcome Ja\u00edlson Alcaniz \u2013 ON 09:10 S-PLUS in its final stages Claudia Lucia Mendes de Oliveira \u2013 IAG-USP<a href=\"https:\/\/sites.usp.br\/splus\/program-18thmeeting\/\">[&#8230;]<\/a><\/p>\n","protected":false},"author":22160,"featured_media":0,"parent":0,"menu_order":0,"comment_status":"closed","ping_status":"closed","template":"","meta":{"footnotes":"","_links_to":"","_links_to_target":""},"class_list":["post-328","page","type-page","status-publish","hentry"],"_links":{"self":[{"href":"https:\/\/sites.usp.br\/splus\/wp-json\/wp\/v2\/pages\/328","targetHints":{"allow":["GET"]}}],"collection":[{"href":"https:\/\/sites.usp.br\/splus\/wp-json\/wp\/v2\/pages"}],"about":[{"href":"https:\/\/sites.usp.br\/splus\/wp-json\/wp\/v2\/types\/page"}],"author":[{"embeddable":true,"href":"https:\/\/sites.usp.br\/splus\/wp-json\/wp\/v2\/users\/22160"}],"replies":[{"embeddable":true,"href":"https:\/\/sites.usp.br\/splus\/wp-json\/wp\/v2\/comments?post=328"}],"version-history":[{"count":5,"href":"https:\/\/sites.usp.br\/splus\/wp-json\/wp\/v2\/pages\/328\/revisions"}],"predecessor-version":[{"id":947,"href":"https:\/\/sites.usp.br\/splus\/wp-json\/wp\/v2\/pages\/328\/revisions\/947"}],"wp:attachment":[{"href":"https:\/\/sites.usp.br\/splus\/wp-json\/wp\/v2\/media?parent=328"}],"curies":[{"name":"wp","href":"https:\/\/api.w.org\/{rel}","templated":true}]}}