{"id":127,"date":"2024-12-11T21:33:28","date_gmt":"2024-12-12T00:33:28","guid":{"rendered":"https:\/\/sites.usp.br\/srcbiomedicina\/?page_id=127"},"modified":"2024-12-20T20:55:29","modified_gmt":"2024-12-20T23:55:29","slug":"graduacao","status":"publish","type":"page","link":"https:\/\/sites.usp.br\/srcbiomedicina\/graduacao\/","title":{"rendered":"Gradua\u00e7\u00e3o"},"content":{"rendered":"<h1><span style=\"color: #1ebf1b;\">Gradua\u00e7\u00e3o<\/span><\/h1>\n<hr \/>\n<p>O curso de Ci\u00eancias Biom\u00e9dicas oferecido pela USP possui dura\u00e7\u00e3o de 8 semestres em per\u00edodo integral. \u00c9 um curso contempor\u00e2neo e abre perspectivas para o amplo conhecimento dos aspectos b\u00e1sicos da biologia humana, dos processos patol\u00f3gicos e das abordagens diagn\u00f3sticas e terap\u00eauticas que impactam na Medicina. O curso visa preparar alunos para desenvolverem projetos de pesquisa cient\u00edfica de alto n\u00edvel.<\/p>\n<p>Com grade curricular din\u00e2mica e multidisciplinar, o curso estabelece rela\u00e7\u00e3o entre ci\u00eancia, tecnologia e sociedade, com bases \u00e9ticas e human\u00edsticas. A grade flex\u00edvel permite ao aluno desenvolver trabalhos cient\u00edficos nas diversas \u00e1reas da sa\u00fade e optar pelo seu pr\u00f3prio caminho de forma\u00e7\u00e3o e habilita\u00e7\u00e3o, preferencialmente nas \u00e1reas de Anatomia, Biof\u00edsica, Imunologia, Microbiologia, Parasitologia, Embriologia, Fisiologia, Farmacologia, Biologia Molecular, Histologia e Bioqu\u00edmica.<\/p>\n<div>\n<p>Durante a gradua\u00e7\u00e3o, h\u00e1 tr\u00eas tipos de disciplinas:<\/p>\n<ul>\n<li>Obrigat\u00f3rias: Como o pr\u00f3prio nome diz, s\u00e3o aquelas indispens\u00e1veis para a conclus\u00e3o do curso.<\/li>\n<li>Optativas eletivas: S\u00e3o disciplinas relacionadas ao curso que o aluno pode escolher se deseja e o semestre no qual quer cursar, direcionadas para a personaliza\u00e7\u00e3o e especifica\u00e7\u00e3o da carreira do graduando.<\/li>\n<li>Optativas livres: S\u00e3o oferecidas pelos diversos institutos dos variados cursos da USP, buscando uma forma\u00e7\u00e3o multidisciplinar do aluno.<\/li>\n<\/ul>\n<div id=\"attachment_313\" style=\"width: 963px\" class=\"wp-caption aligncenter\"><img fetchpriority=\"high\" decoding=\"async\" aria-describedby=\"caption-attachment-313\" class=\"wp-image-313 \" src=\"https:\/\/sites.usp.br\/srcbiomedicina\/wp-content\/uploads\/sites\/1570\/2024\/12\/Captura-de-tela-2024-12-20-205020.png\" alt=\"Grade hor\u00e1ria do 1\u00b0 semestre do curso de Ci\u00eancias Biom\u00e9dicas\" width=\"953\" height=\"286\" srcset=\"https:\/\/sites.usp.br\/srcbiomedicina\/wp-content\/uploads\/sites\/1570\/2024\/12\/Captura-de-tela-2024-12-20-205020.png 1583w, https:\/\/sites.usp.br\/srcbiomedicina\/wp-content\/uploads\/sites\/1570\/2024\/12\/Captura-de-tela-2024-12-20-205020-300x90.png 300w, https:\/\/sites.usp.br\/srcbiomedicina\/wp-content\/uploads\/sites\/1570\/2024\/12\/Captura-de-tela-2024-12-20-205020-1024x307.png 1024w, https:\/\/sites.usp.br\/srcbiomedicina\/wp-content\/uploads\/sites\/1570\/2024\/12\/Captura-de-tela-2024-12-20-205020-768x230.png 768w, https:\/\/sites.usp.br\/srcbiomedicina\/wp-content\/uploads\/sites\/1570\/2024\/12\/Captura-de-tela-2024-12-20-205020-1536x461.png 1536w\" sizes=\"(max-width: 953px) 100vw, 953px\" \/><p id=\"caption-attachment-313\" class=\"wp-caption-text\">\u00a0Grade hor\u00e1ria do 1\u00b0 semestre do curso de Ci\u00eancias Biom\u00e9dicas<\/p><\/div>\n<p>Para mais informa\u00e7\u00f5es acesse:<span style=\"color: #1ebf1b;\"> <a style=\"color: #1ebf1b;\" href=\"https:\/\/www.youtube.com\/watch?v=kCvuxvNnZcE\">O que realmente se estuda em Biomedicina? &#8211; ICB-USP<\/a><\/span><\/p>\n<\/div>\n","protected":false},"excerpt":{"rendered":"<p>Gradua\u00e7\u00e3o O curso de Ci\u00eancias Biom\u00e9dicas oferecido pela USP possui dura\u00e7\u00e3o de 8 semestres em per\u00edodo integral. \u00c9 um curso contempor\u00e2neo e abre perspectivas para o amplo conhecimento dos aspectos b\u00e1sicos da biologia humana, dos processos patol\u00f3gicos e das abordagens diagn\u00f3sticas e terap\u00eauticas que impactam na Medicina. O curso visa preparar alunos para desenvolverem projetos<a href=\"https:\/\/sites.usp.br\/srcbiomedicina\/graduacao\/\">[&#8230;]<\/a><\/p>\n","protected":false},"author":22540,"featured_media":0,"parent":0,"menu_order":0,"comment_status":"closed","ping_status":"closed","template":"template-fullwidth-no-title.php","meta":{"footnotes":"","_links_to":"","_links_to_target":""},"class_list":["post-127","page","type-page","status-publish","hentry"],"_links":{"self":[{"href":"https:\/\/sites.usp.br\/srcbiomedicina\/wp-json\/wp\/v2\/pages\/127","targetHints":{"allow":["GET"]}}],"collection":[{"href":"https:\/\/sites.usp.br\/srcbiomedicina\/wp-json\/wp\/v2\/pages"}],"about":[{"href":"https:\/\/sites.usp.br\/srcbiomedicina\/wp-json\/wp\/v2\/types\/page"}],"author":[{"embeddable":true,"href":"https:\/\/sites.usp.br\/srcbiomedicina\/wp-json\/wp\/v2\/users\/22540"}],"replies":[{"embeddable":true,"href":"https:\/\/sites.usp.br\/srcbiomedicina\/wp-json\/wp\/v2\/comments?post=127"}],"version-history":[{"count":4,"href":"https:\/\/sites.usp.br\/srcbiomedicina\/wp-json\/wp\/v2\/pages\/127\/revisions"}],"predecessor-version":[{"id":315,"href":"https:\/\/sites.usp.br\/srcbiomedicina\/wp-json\/wp\/v2\/pages\/127\/revisions\/315"}],"wp:attachment":[{"href":"https:\/\/sites.usp.br\/srcbiomedicina\/wp-json\/wp\/v2\/media?parent=127"}],"curies":[{"name":"wp","href":"https:\/\/api.w.org\/{rel}","templated":true}]}}