{"id":133,"date":"2024-12-16T20:05:24","date_gmt":"2024-12-16T23:05:24","guid":{"rendered":"https:\/\/sites.usp.br\/srcbiomedicina\/?page_id=133"},"modified":"2024-12-19T19:34:01","modified_gmt":"2024-12-19T22:34:01","slug":"atividades-de-extensao-e-complementares","status":"publish","type":"page","link":"https:\/\/sites.usp.br\/srcbiomedicina\/atividades-de-extensao-e-complementares\/","title":{"rendered":"Atividades de extens\u00e3o e complementares"},"content":{"rendered":"<div>\n<h1><span style=\"color: #1ebf1b;\">AEX e AAC<\/span><\/h1>\n<p>Al\u00e9m das disciplinas cursadas em sala de aula, h\u00e1 as Atividades Extensionistas (AEX) e as Atividades Acad\u00eamicas Complementares (AACs). Uma AEX \u00e9 uma atividade de extens\u00e3o, coordenada por um docente, exercida por um estudante e voltada \u00e0 sociedade. Essa atividade poder\u00e1 estar vinculada a um projeto ou programa de extens\u00e3o. J\u00e1 uma AAC \u00e9 uma experi\u00eancia adquirida pelo estudante extraclasse e composta pela participa\u00e7\u00e3o, na qualidade de ouvinte, em semin\u00e1rios, congressos e encontros culturais, al\u00e9m de colabora\u00e7\u00e3o na organiza\u00e7\u00e3o de eventos e atua\u00e7\u00e3o em projetos de a\u00e7\u00e3o comunit\u00e1ria ou em atividades art\u00edsticas e n\u00e3o s\u00e3o orientadas por docentes.<\/p>\n<hr \/>\n<div>\n<h2><span style=\"color: #1ebf1b;\">Horas necess\u00e1rias<\/span><\/h2>\n<div>\n<p>O curso possui uma carga hor\u00e1ria total de 4000 horas, sendo que:<\/p>\n<p>3600 horas = Disciplinas obrigat\u00f3rias (3060h), optativas eletivas (270h), optativas livres (240h) e Atividades Acad\u00eamicas Complementares (30h)<\/p>\n<p>400 horas = Atividades extensionistas.<\/p>\n<p>Essas horas s\u00e3o medidas em cr\u00e9ditos-aula e cr\u00e9ditos-trabalho, de forma que:<\/p>\n<p>1 cr\u00e9dito-aula = 15 aulas de 50 minutos (12,5h).<\/p>\n<p>\u00c9 o cr\u00e9dito baseado em horas de contato que correspondem ao n\u00famero de horas que os estudantes devem cumprir em aulas presenciais.<\/p>\n<p>1 cr\u00e9dito-trabalho = 30 horas.<\/p>\n<p>S\u00e3o horas despendidas em sess\u00f5es de aprendizagem orientadas pelo corpo docente, como pesquisa (planejamento, realiza\u00e7\u00e3o e avalia\u00e7\u00e3o), trabalho de campo, est\u00e1gios supervisionados que fazem parte do curr\u00edculo de um curso, leitura recomendada ou obrigat\u00f3ria, atividades especiais, dependendo da natureza dos cursos, e excurs\u00f5es organizadas pelos departamentos.<\/p>\n<div>\n<p>Por isso, ao longo dos semestres \u00e9 <span style=\"color: #1ebf1b;\"><strong>importante<\/strong><\/span> ter um bom planejamento a fim de cumprir com a quantidade de horas exigidas de maneira gradual.<\/p>\n<p>&nbsp;<\/p>\n<\/div>\n<\/div>\n<\/div>\n<\/div>\n","protected":false},"excerpt":{"rendered":"<p>AEX e AAC Al\u00e9m das disciplinas cursadas em sala de aula, h\u00e1 as Atividades Extensionistas (AEX) e as Atividades Acad\u00eamicas Complementares (AACs). Uma AEX \u00e9 uma atividade de extens\u00e3o, coordenada por um docente, exercida por um estudante e voltada \u00e0 sociedade. Essa atividade poder\u00e1 estar vinculada a um projeto ou programa de extens\u00e3o. J\u00e1 uma<a href=\"https:\/\/sites.usp.br\/srcbiomedicina\/atividades-de-extensao-e-complementares\/\">[&#8230;]<\/a><\/p>\n","protected":false},"author":22540,"featured_media":0,"parent":0,"menu_order":0,"comment_status":"closed","ping_status":"closed","template":"template-fullwidth-no-title.php","meta":{"footnotes":"","_links_to":"","_links_to_target":""},"class_list":["post-133","page","type-page","status-publish","hentry"],"_links":{"self":[{"href":"https:\/\/sites.usp.br\/srcbiomedicina\/wp-json\/wp\/v2\/pages\/133","targetHints":{"allow":["GET"]}}],"collection":[{"href":"https:\/\/sites.usp.br\/srcbiomedicina\/wp-json\/wp\/v2\/pages"}],"about":[{"href":"https:\/\/sites.usp.br\/srcbiomedicina\/wp-json\/wp\/v2\/types\/page"}],"author":[{"embeddable":true,"href":"https:\/\/sites.usp.br\/srcbiomedicina\/wp-json\/wp\/v2\/users\/22540"}],"replies":[{"embeddable":true,"href":"https:\/\/sites.usp.br\/srcbiomedicina\/wp-json\/wp\/v2\/comments?post=133"}],"version-history":[{"count":2,"href":"https:\/\/sites.usp.br\/srcbiomedicina\/wp-json\/wp\/v2\/pages\/133\/revisions"}],"predecessor-version":[{"id":139,"href":"https:\/\/sites.usp.br\/srcbiomedicina\/wp-json\/wp\/v2\/pages\/133\/revisions\/139"}],"wp:attachment":[{"href":"https:\/\/sites.usp.br\/srcbiomedicina\/wp-json\/wp\/v2\/media?parent=133"}],"curies":[{"name":"wp","href":"https:\/\/api.w.org\/{rel}","templated":true}]}}