{"id":145,"date":"2024-12-16T22:22:19","date_gmt":"2024-12-17T01:22:19","guid":{"rendered":"https:\/\/sites.usp.br\/srcbiomedicina\/?page_id=145"},"modified":"2025-01-18T20:27:23","modified_gmt":"2025-01-18T23:27:23","slug":"departamentos","status":"publish","type":"page","link":"https:\/\/sites.usp.br\/srcbiomedicina\/departamentos\/","title":{"rendered":"Departamentos"},"content":{"rendered":"<h1><span style=\"color: #1ebf1b;\">Departamentos<\/span><\/h1>\n<hr \/>\n<p>Al\u00e9m de uma matriz curricular s\u00f3lida e abrangente, o curso de Ci\u00eancias Biom\u00e9dicas oferece in\u00fameras vantagens para os estudantes que buscam uma forma\u00e7\u00e3o de excel\u00eancia e oportunidades para alavancar suas carreiras acad\u00eamicas e cient\u00edficas, apresentando diferenciais \u00fanicos que tornam a experi\u00eancia na USP incompar\u00e1vel!<\/p>\n<p>O Instituto de Ci\u00eancias Biom\u00e9dicas (ICB-USP) abriga mais de 150 laborat\u00f3rios de pesquisa, distribu\u00eddos entre os sete departamentos do instituto. Esses laborat\u00f3rios est\u00e3o envolvidos em estudos de relev\u00e2ncia mundial, cobrindo desde o desenvolvimento de novas terapias at\u00e9 o estudo de doen\u00e7as negligenciadas. Participar dessas atividades proporciona uma experi\u00eancia pr\u00e1tica valiosa e contribui diretamente para a forma\u00e7\u00e3o de um profissional diferenciado.<\/p>\n<p>O ICB-USP \u00e9 composto por sete departamentos, cada um especializado em \u00e1reas espec\u00edficas da biomedicina:<\/p>\n<ul>\n<li><span style=\"color: #1ebf1b;\"><strong>Biologia Celular e do Desenvolvimento<\/strong><\/span><\/li>\n<li><span style=\"color: #1ebf1b;\"><strong>Farmacologia<\/strong><\/span><\/li>\n<li><span style=\"color: #1ebf1b;\"><strong>Fisiologia e Biof\u00edsica<\/strong><\/span><\/li>\n<li><span style=\"color: #1ebf1b;\"><strong>Imunologia<\/strong><\/span><\/li>\n<li><span style=\"color: #1ebf1b;\"><strong>Microbiologia<\/strong><\/span><\/li>\n<li><span style=\"color: #1ebf1b;\"><strong>Parasitologia<\/strong><\/span><\/li>\n<li><span style=\"color: #1ebf1b;\"><strong>Anatomia<\/strong><\/span><\/li>\n<\/ul>\n<p>Com a diversidade de departamentos, o curso permite que os alunos transitem entre em diversas \u00e1reas da sa\u00fade. Essa abordagem interdisciplinar abre caminhos para uma forma\u00e7\u00e3o mais completa e conectada \u00e0s demandas do mercado e da academia. Al\u00e9m disso,\u00a0o ICB conta com professores e pesquisadores altamente qualificados, muitos deles reconhecidos internacionalmente. Essa intera\u00e7\u00e3o di\u00e1ria com especialistas abre portas para colabora\u00e7\u00f5es futuras e para o ingresso em programas de mestrado e doutorado.<\/p>\n<p>Os edif\u00edcios do ICB-USP, localizados na Cidade Universit\u00e1ria Armando de Salles Oliveira, oferecem uma infraestrutura moderna e acess\u00edvel, incluindo laborat\u00f3rios equipados com tecnologia de ponta, bibliotecas e espa\u00e7os de conviv\u00eancia. Al\u00e9m disso, a localiza\u00e7\u00e3o no Butant\u00e3, em S\u00e3o Paulo, favorece o acesso a uma rede ampla de transporte, servi\u00e7os e atividades culturais.<\/p>\n<div id=\"attachment_373\" style=\"width: 1159px\" class=\"wp-caption alignnone\"><img fetchpriority=\"high\" decoding=\"async\" aria-describedby=\"caption-attachment-373\" class=\"wp-image-373 \" src=\"https:\/\/sites.usp.br\/srcbiomedicina\/wp-content\/uploads\/sites\/1570\/2025\/01\/WhatsApp-Image-2025-01-18-at-20.18.18.jpeg\" alt=\"\" width=\"1149\" height=\"565\" srcset=\"https:\/\/sites.usp.br\/srcbiomedicina\/wp-content\/uploads\/sites\/1570\/2025\/01\/WhatsApp-Image-2025-01-18-at-20.18.18.jpeg 2559w, https:\/\/sites.usp.br\/srcbiomedicina\/wp-content\/uploads\/sites\/1570\/2025\/01\/WhatsApp-Image-2025-01-18-at-20.18.18-300x147.jpeg 300w, https:\/\/sites.usp.br\/srcbiomedicina\/wp-content\/uploads\/sites\/1570\/2025\/01\/WhatsApp-Image-2025-01-18-at-20.18.18-1024x503.jpeg 1024w, https:\/\/sites.usp.br\/srcbiomedicina\/wp-content\/uploads\/sites\/1570\/2025\/01\/WhatsApp-Image-2025-01-18-at-20.18.18-768x378.jpeg 768w, https:\/\/sites.usp.br\/srcbiomedicina\/wp-content\/uploads\/sites\/1570\/2025\/01\/WhatsApp-Image-2025-01-18-at-20.18.18-1536x755.jpeg 1536w, https:\/\/sites.usp.br\/srcbiomedicina\/wp-content\/uploads\/sites\/1570\/2025\/01\/WhatsApp-Image-2025-01-18-at-20.18.18-2048x1007.jpeg 2048w\" sizes=\"(max-width: 1149px) 100vw, 1149px\" \/><p id=\"caption-attachment-373\" class=\"wp-caption-text\">Localiza\u00e7\u00e3o dos Institutos de Ci\u00eancias Biom\u00e9dicas na USP<\/p><\/div>\n<h3><span style=\"color: #1ebf1b;\"><strong>Oportunidades de Inicia\u00e7\u00e3o Cient\u00edfica<\/strong><\/span><\/h3>\n<p>Os alunos t\u00eam acesso a uma ampla variedade de projetos de pesquisa por meio da inicia\u00e7\u00e3o cient\u00edfica, sendo incentivados desde os primeiros semestres a se envolverem em atividades que contribuem para o avan\u00e7o do conhecimento. Esse contato precoce com a pesquisa permite desenvolver habilidades anal\u00edticas, pensamento cr\u00edtico e uma compreens\u00e3o aprofundada de temas de ponta na ci\u00eancia.<\/p>\n<p>Os egressos do curso de Ci\u00eancias Biom\u00e9dicas da USP s\u00e3o amplamente valorizados, tanto no Brasil quanto no exterior. A s\u00f3lida forma\u00e7\u00e3o te\u00f3rica e pr\u00e1tica, aliada \u00e0 experi\u00eancia em pesquisa, garante um diferencial competitivo em \u00e1reas como sa\u00fade, biotecnologia, ensino e inova\u00e7\u00e3o cient\u00edfica. Os alunos t\u00eam a oportunidade de contribuir para estudos que impactam diretamente a sociedade, como o desenvolvimento de vacinas, tratamentos inovadores e estrat\u00e9gias de controle de doen\u00e7as. Isso n\u00e3o s\u00f3 amplia o impacto do conhecimento adquirido como tamb\u00e9m refor\u00e7a o compromisso com o bem-estar coletivo.<\/p>\n<p>Essas vantagens tornam o curso de Ci\u00eancias Biom\u00e9dicas da USP uma escolha de destaque para quem busca n\u00e3o apenas uma gradua\u00e7\u00e3o, mas uma experi\u00eancia transformadora, com potencial para moldar o futuro da ci\u00eancia e da sa\u00fade.<\/p>\n<p>Para mais informa\u00e7\u00f5es, voc\u00ea pode visitar o site oficial do<span style=\"color: #1ebf1b;\"> <a style=\"color: #1ebf1b;\" href=\"https:\/\/ww3.icb.usp.br\/\">ICB-USP<\/a><\/span>.<\/p>\n<p>Para uma vis\u00e3o mais aprofundada sobre as \u00e1reas de atua\u00e7\u00e3o no campo da biomedicina, confira o v\u00eddeo a seguir:<\/p>\n<p><span style=\"color: #1ebf1b;\"><a style=\"color: #1ebf1b;\" href=\"https:\/\/www.youtube.com\/watch?v=RVf1HxqZiZk\">Rota Biomed: Encontrando sua \u00c1rea: Epis\u00f3dio 6\u00a0<\/a><\/span><\/p>\n","protected":false},"excerpt":{"rendered":"<p>Departamentos Al\u00e9m de uma matriz curricular s\u00f3lida e abrangente, o curso de Ci\u00eancias Biom\u00e9dicas oferece in\u00fameras vantagens para os estudantes que buscam uma forma\u00e7\u00e3o de excel\u00eancia e oportunidades para alavancar suas carreiras acad\u00eamicas e cient\u00edficas, apresentando diferenciais \u00fanicos que tornam a experi\u00eancia na USP incompar\u00e1vel! O Instituto de Ci\u00eancias Biom\u00e9dicas (ICB-USP) abriga mais de 150<a href=\"https:\/\/sites.usp.br\/srcbiomedicina\/departamentos\/\">[&#8230;]<\/a><\/p>\n","protected":false},"author":22540,"featured_media":0,"parent":0,"menu_order":0,"comment_status":"closed","ping_status":"closed","template":"template-fullwidth-no-title.php","meta":{"footnotes":"","_links_to":"","_links_to_target":""},"class_list":["post-145","page","type-page","status-publish","hentry"],"_links":{"self":[{"href":"https:\/\/sites.usp.br\/srcbiomedicina\/wp-json\/wp\/v2\/pages\/145","targetHints":{"allow":["GET"]}}],"collection":[{"href":"https:\/\/sites.usp.br\/srcbiomedicina\/wp-json\/wp\/v2\/pages"}],"about":[{"href":"https:\/\/sites.usp.br\/srcbiomedicina\/wp-json\/wp\/v2\/types\/page"}],"author":[{"embeddable":true,"href":"https:\/\/sites.usp.br\/srcbiomedicina\/wp-json\/wp\/v2\/users\/22540"}],"replies":[{"embeddable":true,"href":"https:\/\/sites.usp.br\/srcbiomedicina\/wp-json\/wp\/v2\/comments?post=145"}],"version-history":[{"count":4,"href":"https:\/\/sites.usp.br\/srcbiomedicina\/wp-json\/wp\/v2\/pages\/145\/revisions"}],"predecessor-version":[{"id":374,"href":"https:\/\/sites.usp.br\/srcbiomedicina\/wp-json\/wp\/v2\/pages\/145\/revisions\/374"}],"wp:attachment":[{"href":"https:\/\/sites.usp.br\/srcbiomedicina\/wp-json\/wp\/v2\/media?parent=145"}],"curies":[{"name":"wp","href":"https:\/\/api.w.org\/{rel}","templated":true}]}}