{"id":292,"date":"2024-12-19T20:33:40","date_gmt":"2024-12-19T23:33:40","guid":{"rendered":"https:\/\/sites.usp.br\/srcbiomedicina\/?page_id=292"},"modified":"2024-12-19T21:01:15","modified_gmt":"2024-12-20T00:01:15","slug":"contatos","status":"publish","type":"page","link":"https:\/\/sites.usp.br\/srcbiomedicina\/contatos\/","title":{"rendered":"Contatos"},"content":{"rendered":"<h1><span style=\"color: #1ebf1b;\">Contatos<\/span><\/h1>\n<hr \/>\n<h3><span style=\"color: #1ebf1b;\"><strong>Fale com a organiza\u00e7\u00e3o da Semana de Recep\u00e7\u00e3o USP<\/strong><\/span><\/h3>\n<p>Tem d\u00favidas, sugest\u00f5es ou quer saber mais sobre a programa\u00e7\u00e3o da Semana de Recep\u00e7\u00e3o dos Calouros USP? Estamos aqui para ajudar!<\/p>\n<p>Envie uma mensagem para nosso e-mail entre em contato pelo Instagram. Queremos garantir que sua experi\u00eancia como calouro seja inesquec\u00edvel!<\/p>\n<p><b><span style=\"color: #1ebf1b;\">Email:<\/span>\u00a0<\/b><span style=\"color: #000000;\"><a style=\"color: #000000;\" href=\"mailto:srcicb@usp.br\">srcicbusp.br<\/a><\/span><\/p>\n<p><strong><span style=\"color: #1ebf1b;\">Instagram:\u00a0<\/span><\/strong><span style=\"color: #1ebf1b;\"><a style=\"color: #1ebf1b;\" href=\"https:\/\/www.instagram.com\/biomed.usp2025?igsh=Nzhpd242NWQyd3gz\">@biomed.usp2025<\/a><\/span><\/p>\n<p>N\u00e3o perca nenhum detalhe dessa semana especial, estamos prontos para te receber de bra\u00e7os abertos! \ud83c\udf93\u2728<\/p>\n<h3><span style=\"color: #1ebf1b;\"><strong>Entre em contato com o setor de gradua\u00e7\u00e3o<\/strong><\/span><\/h3>\n<p>Caso tenha d\u00favidas espec\u00edficas sobre matr\u00edculas, disciplinas ou informa\u00e7\u00f5es acad\u00eamicas, o setor de gradua\u00e7\u00e3o est\u00e1 \u00e0 disposi\u00e7\u00e3o para ajudar.<\/p>\n<p><span style=\"color: #1ebf1b;\"><strong>E-mail:<\/strong><\/span> <span style=\"color: #000000;\"><a style=\"color: #000000;\" href=\"mailto:graduacao@icb.usp.br\">graduacaoicb.usp.br<\/a><\/span><br \/>\n<span style=\"color: #1ebf1b;\"><strong>Telefone:<\/strong> <\/span>3091-8405 e 3091-7726<br \/>\n<span style=\"color: #1ebf1b;\"><strong>Hor\u00e1rio de atendimento:<\/strong> <\/span>das 9h \u00e0s 11h e das 13h \u00e0s 16h.<\/p>\n<p>N\u00e3o hesite em procurar o setor para esclarecer suas d\u00favidas e aproveitar ao m\u00e1ximo sua jornada na USP!<\/p>\n","protected":false},"excerpt":{"rendered":"<p>Contatos Fale com a organiza\u00e7\u00e3o da Semana de Recep\u00e7\u00e3o USP Tem d\u00favidas, sugest\u00f5es ou quer saber mais sobre a programa\u00e7\u00e3o da Semana de Recep\u00e7\u00e3o dos Calouros USP? Estamos aqui para ajudar! Envie uma mensagem para nosso e-mail entre em contato pelo Instagram. Queremos garantir que sua experi\u00eancia como calouro seja inesquec\u00edvel! Email:\u00a0srcicbusp.br Instagram:\u00a0@biomed.usp2025 N\u00e3o perca<a href=\"https:\/\/sites.usp.br\/srcbiomedicina\/contatos\/\">[&#8230;]<\/a><\/p>\n","protected":false},"author":22540,"featured_media":0,"parent":0,"menu_order":0,"comment_status":"closed","ping_status":"closed","template":"template-fullwidth-no-title.php","meta":{"footnotes":"","_links_to":"","_links_to_target":""},"class_list":["post-292","page","type-page","status-publish","hentry"],"_links":{"self":[{"href":"https:\/\/sites.usp.br\/srcbiomedicina\/wp-json\/wp\/v2\/pages\/292","targetHints":{"allow":["GET"]}}],"collection":[{"href":"https:\/\/sites.usp.br\/srcbiomedicina\/wp-json\/wp\/v2\/pages"}],"about":[{"href":"https:\/\/sites.usp.br\/srcbiomedicina\/wp-json\/wp\/v2\/types\/page"}],"author":[{"embeddable":true,"href":"https:\/\/sites.usp.br\/srcbiomedicina\/wp-json\/wp\/v2\/users\/22540"}],"replies":[{"embeddable":true,"href":"https:\/\/sites.usp.br\/srcbiomedicina\/wp-json\/wp\/v2\/comments?post=292"}],"version-history":[{"count":4,"href":"https:\/\/sites.usp.br\/srcbiomedicina\/wp-json\/wp\/v2\/pages\/292\/revisions"}],"predecessor-version":[{"id":307,"href":"https:\/\/sites.usp.br\/srcbiomedicina\/wp-json\/wp\/v2\/pages\/292\/revisions\/307"}],"wp:attachment":[{"href":"https:\/\/sites.usp.br\/srcbiomedicina\/wp-json\/wp\/v2\/media?parent=292"}],"curies":[{"name":"wp","href":"https:\/\/api.w.org\/{rel}","templated":true}]}}