{"id":340,"date":"2025-01-08T19:24:54","date_gmt":"2025-01-08T22:24:54","guid":{"rendered":"https:\/\/sites.usp.br\/srcbiomedicina\/?page_id=340"},"modified":"2025-01-18T20:08:59","modified_gmt":"2025-01-18T23:08:59","slug":"resgistros-src-2025","status":"publish","type":"page","link":"https:\/\/sites.usp.br\/srcbiomedicina\/resgistros-src-2025\/","title":{"rendered":"Registros SRC 2025"},"content":{"rendered":"<h1><span style=\"color: #1ebf1b;\">Registros SRC 2025<\/span><\/h1>\n<hr \/>\n<div>\n<p>Bem-vindos \u00e0 galeria de momentos especiais da Semana de Recep\u00e7\u00e3o de Calouros! Aqui, reunimos os registros que capturam a energia e a integra\u00e7\u00e3o que marcaram o in\u00edcio dessa nova etapa na vida de nossos estudantes.<\/p>\n<p>Obs.: A p\u00e1gina ser\u00e1 atualizada com o passar da semana!<\/p>\n<\/div>\n","protected":false},"excerpt":{"rendered":"<p>Registros SRC 2025 Bem-vindos \u00e0 galeria de momentos especiais da Semana de Recep\u00e7\u00e3o de Calouros! Aqui, reunimos os registros que capturam a energia e a integra\u00e7\u00e3o que marcaram o in\u00edcio dessa nova etapa na vida de nossos estudantes. Obs.: A p\u00e1gina ser\u00e1 atualizada com o passar da semana!<\/p>\n","protected":false},"author":22540,"featured_media":0,"parent":0,"menu_order":0,"comment_status":"closed","ping_status":"closed","template":"template-fullwidth-no-title.php","meta":{"footnotes":"","_links_to":"","_links_to_target":""},"class_list":["post-340","page","type-page","status-publish","hentry"],"_links":{"self":[{"href":"https:\/\/sites.usp.br\/srcbiomedicina\/wp-json\/wp\/v2\/pages\/340","targetHints":{"allow":["GET"]}}],"collection":[{"href":"https:\/\/sites.usp.br\/srcbiomedicina\/wp-json\/wp\/v2\/pages"}],"about":[{"href":"https:\/\/sites.usp.br\/srcbiomedicina\/wp-json\/wp\/v2\/types\/page"}],"author":[{"embeddable":true,"href":"https:\/\/sites.usp.br\/srcbiomedicina\/wp-json\/wp\/v2\/users\/22540"}],"replies":[{"embeddable":true,"href":"https:\/\/sites.usp.br\/srcbiomedicina\/wp-json\/wp\/v2\/comments?post=340"}],"version-history":[{"count":4,"href":"https:\/\/sites.usp.br\/srcbiomedicina\/wp-json\/wp\/v2\/pages\/340\/revisions"}],"predecessor-version":[{"id":365,"href":"https:\/\/sites.usp.br\/srcbiomedicina\/wp-json\/wp\/v2\/pages\/340\/revisions\/365"}],"wp:attachment":[{"href":"https:\/\/sites.usp.br\/srcbiomedicina\/wp-json\/wp\/v2\/media?parent=340"}],"curies":[{"name":"wp","href":"https:\/\/api.w.org\/{rel}","templated":true}]}}