{"id":375,"date":"2025-01-21T11:54:48","date_gmt":"2025-01-21T14:54:48","guid":{"rendered":"https:\/\/sites.usp.br\/srcbiomedicina\/?page_id=375"},"modified":"2025-01-21T11:57:29","modified_gmt":"2025-01-21T14:57:29","slug":"moradia","status":"publish","type":"page","link":"https:\/\/sites.usp.br\/srcbiomedicina\/moradia\/","title":{"rendered":"Moradia"},"content":{"rendered":"<h1><span style=\"color: #1ebf1b;\">Moradia<\/span><\/h1>\n<hr \/>\n<h3><span style=\"color: #1ebf1b;\">Op\u00e7\u00f5es residenciais por perto da USP:<\/span><\/h3>\n<ul>\n<li>Rep\u00fablicas &#8211; v\u00e1rios universit\u00e1rios de diferentes cursos alugam quartos e compartilham \u00e1reas comuns, como cozinha e sala de estar;<\/li>\n<li>Aluguel de apartamentos;<\/li>\n<li>Conjunto Residencial da USP (CRUSP) &#8211; para um aluno da gradua\u00e7\u00e3o conseguir uma vaga no CRUSP, \u00e9 necess\u00e1rio se inscrever no Programa de Aux\u00edlio \u00e0 Perman\u00eancia e Forma\u00e7\u00e3o Estudantil (PAPFE) de forma que uma comiss\u00e3o ir\u00e1 analisar se o aluno cumpre todos os requisitos para ser contemplado com o benef\u00edcio.\n<p><div id=\"attachment_376\" style=\"width: 688px\" class=\"wp-caption alignnone\"><img fetchpriority=\"high\" decoding=\"async\" aria-describedby=\"caption-attachment-376\" class=\"wp-image-376 size-full\" src=\"https:\/\/sites.usp.br\/srcbiomedicina\/wp-content\/uploads\/sites\/1570\/2025\/01\/crusp.jpeg\" alt=\"\" width=\"678\" height=\"452\" srcset=\"https:\/\/sites.usp.br\/srcbiomedicina\/wp-content\/uploads\/sites\/1570\/2025\/01\/crusp.jpeg 678w, https:\/\/sites.usp.br\/srcbiomedicina\/wp-content\/uploads\/sites\/1570\/2025\/01\/crusp-300x200.jpeg 300w\" sizes=\"(max-width: 678px) 100vw, 678px\" \/><p id=\"caption-attachment-376\" class=\"wp-caption-text\">CRUSP &#8211; conjunto residencial da USP<\/p><\/div><\/li>\n<\/ul>\n<h3><span style=\"color: #1ebf1b;\">Atente-se:<\/span><\/h3>\n<ul>\n<li>Analise com muito cuidado a localiza\u00e7\u00e3o, a vizinhan\u00e7a, se h\u00e1 mercados, farm\u00e1cias e com\u00e9rcio de f\u00e1cil acesso, assim como a adequa\u00e7\u00e3o \u00e0s suas necessidades e ao seu or\u00e7amento.<\/li>\n<li>Existem sites onde \u00e9 poss\u00edvel buscar resid\u00eancias na cidade (ex. QuintoAndar e OLX).<\/li>\n<li>H\u00e1 grupos de Facebook em que corretores de im\u00f3veis ofertam apartamentos para alugar nos arredores da universidade.<\/li>\n<li>N\u00e3o se preocupe em escolher algo perto do seu instituto, dentro da USP existem \u00f4nibus que circulam por toda a cidade universit\u00e1ria e podem te levar de qualquer entrada da universidade, seja portaria de carro ou de pedestre, at\u00e9 o local de sua aula.<\/li>\n<\/ul>\n","protected":false},"excerpt":{"rendered":"<p>Moradia Op\u00e7\u00f5es residenciais por perto da USP: Rep\u00fablicas &#8211; v\u00e1rios universit\u00e1rios de diferentes cursos alugam quartos e compartilham \u00e1reas comuns, como cozinha e sala de estar; Aluguel de apartamentos; Conjunto Residencial da USP (CRUSP) &#8211; para um aluno da gradua\u00e7\u00e3o conseguir uma vaga no CRUSP, \u00e9 necess\u00e1rio se inscrever no Programa de Aux\u00edlio \u00e0 Perman\u00eancia<a href=\"https:\/\/sites.usp.br\/srcbiomedicina\/moradia\/\">[&#8230;]<\/a><\/p>\n","protected":false},"author":22540,"featured_media":0,"parent":0,"menu_order":0,"comment_status":"closed","ping_status":"closed","template":"template-fullwidth-no-title.php","meta":{"footnotes":"","_links_to":"","_links_to_target":""},"class_list":["post-375","page","type-page","status-publish","hentry"],"_links":{"self":[{"href":"https:\/\/sites.usp.br\/srcbiomedicina\/wp-json\/wp\/v2\/pages\/375","targetHints":{"allow":["GET"]}}],"collection":[{"href":"https:\/\/sites.usp.br\/srcbiomedicina\/wp-json\/wp\/v2\/pages"}],"about":[{"href":"https:\/\/sites.usp.br\/srcbiomedicina\/wp-json\/wp\/v2\/types\/page"}],"author":[{"embeddable":true,"href":"https:\/\/sites.usp.br\/srcbiomedicina\/wp-json\/wp\/v2\/users\/22540"}],"replies":[{"embeddable":true,"href":"https:\/\/sites.usp.br\/srcbiomedicina\/wp-json\/wp\/v2\/comments?post=375"}],"version-history":[{"count":2,"href":"https:\/\/sites.usp.br\/srcbiomedicina\/wp-json\/wp\/v2\/pages\/375\/revisions"}],"predecessor-version":[{"id":380,"href":"https:\/\/sites.usp.br\/srcbiomedicina\/wp-json\/wp\/v2\/pages\/375\/revisions\/380"}],"wp:attachment":[{"href":"https:\/\/sites.usp.br\/srcbiomedicina\/wp-json\/wp\/v2\/media?parent=375"}],"curies":[{"name":"wp","href":"https:\/\/api.w.org\/{rel}","templated":true}]}}