{"id":46,"date":"2024-11-27T10:05:53","date_gmt":"2024-11-27T13:05:53","guid":{"rendered":"https:\/\/sites.usp.br\/srcbiomedicina\/?page_id=46"},"modified":"2024-12-19T19:12:06","modified_gmt":"2024-12-19T22:12:06","slug":"jupiterweb","status":"publish","type":"page","link":"https:\/\/sites.usp.br\/srcbiomedicina\/jupiterweb\/","title":{"rendered":"Jupiterweb"},"content":{"rendered":"<h1><span style=\"color: #1ebf1b;\">J\u00fapiterWeb<\/span><\/h1>\n<hr \/>\n<h4><span style=\"color: #000000;\">Site usado pelos alunos da USP para realizar matr\u00edcula, se inscrever em disciplinas (a partir do segundo semestre), solicitar cart\u00e3o USP e BUSP, acompanhar benef\u00edcios como bolsas e aux\u00edlios, e muito mais!<\/span><\/h4>\n<p><span style=\"color: #1ebf1b;\"><a style=\"color: #1ebf1b;\" href=\"https:\/\/uspdigital.usp.br\/jupiterweb\/\">ACESSE AQUI<\/a><\/span><\/p>\n<hr \/>\n<div>\n<h3><span style=\"color: #1ebf1b;\">Solicita\u00e7\u00e3o Cart\u00e3o USP<\/span><\/h3>\n<p><span style=\"color: #000000;\">O Cart\u00e3o USP \u00e9 a sua identifica\u00e7\u00e3o oficial como estudante da Universidade de S\u00e3o Paulo e \u00e9 essencial para o dia a dia no campus. Ele permite acesso a bibliotecas, empr\u00e9stimo de livros, uso dos bandej\u00f5es, participa\u00e7\u00e3o em atividades esportivas e culturais.<\/span><\/p>\n<p><span style=\"color: #000000;\">Sua solicita\u00e7\u00e3o \u00e9 feita atrav\u00e9s do site J\u00fapiterWeb, na aba &#8220;Cart\u00e3o USP&#8221; e &#8220;Nova solicita\u00e7\u00e3o&#8221;.<\/span><\/p>\n<p><span style=\"color: #1ebf1b;\"><a style=\"color: #1ebf1b;\" href=\"https:\/\/www.youtube.com\/watch?v=D0rM7BjxdeE\">COMO SOLICITAR SEU CART\u00c2O USP?<\/a><\/span><\/p>\n<div id=\"attachment_208\" style=\"width: 1365px\" class=\"wp-caption aligncenter\"><img fetchpriority=\"high\" decoding=\"async\" aria-describedby=\"caption-attachment-208\" class=\"wp-image-208 size-full\" src=\"https:\/\/sites.usp.br\/srcbiomedicina\/wp-content\/uploads\/sites\/1570\/2024\/12\/1\u00b0-Passo-Entrar-na-conta-JupiterWeb-1.png\" alt=\"Tutorial &quot;Como solicitar Cart\u00e3o USP&quot;\" width=\"1355\" height=\"666\" srcset=\"https:\/\/sites.usp.br\/srcbiomedicina\/wp-content\/uploads\/sites\/1570\/2024\/12\/1\u00b0-Passo-Entrar-na-conta-JupiterWeb-1.png 1355w, https:\/\/sites.usp.br\/srcbiomedicina\/wp-content\/uploads\/sites\/1570\/2024\/12\/1\u00b0-Passo-Entrar-na-conta-JupiterWeb-1-300x147.png 300w, https:\/\/sites.usp.br\/srcbiomedicina\/wp-content\/uploads\/sites\/1570\/2024\/12\/1\u00b0-Passo-Entrar-na-conta-JupiterWeb-1-1024x503.png 1024w, https:\/\/sites.usp.br\/srcbiomedicina\/wp-content\/uploads\/sites\/1570\/2024\/12\/1\u00b0-Passo-Entrar-na-conta-JupiterWeb-1-768x377.png 768w\" sizes=\"(max-width: 1355px) 100vw, 1355px\" \/><p id=\"caption-attachment-208\" class=\"wp-caption-text\">Tutorial &#8220;Como solicitar Cart\u00e3o USP&#8221;<\/p><\/div>\n<hr \/>\n<h3><span style=\"color: #1ebf1b;\">Solicita\u00e7\u00e3o BUSP\u00a0<\/span><\/h3>\n<p>O BUSP (Bilhete USP) \u00e9 o cart\u00e3o de transporte que permite acesso gratuito \u00e0s linhas de \u00f4nibus circulares da universidade, conhecidas como &#8220;Linhas Circulares USP&#8221;. Esses \u00f4nibus conectam diferentes pontos do campus, como faculdades, restaurantes universit\u00e1rios e bibliotecas.<\/p>\n<p>Sua solicita\u00e7\u00e3o \u00e9 realizada atrav\u00e9s do site <span style=\"color: #1ebf1b;\"><a style=\"color: #1ebf1b;\" href=\"https:\/\/uspdigital.usp.br\/jupiterweb\/\">J\u00fapiterWeb<\/a> <\/span>pela aba &#8220;Cart\u00e3o USP&#8221; e &#8220;Solicita\u00e7\u00e3o Bilhete USP&#8221;.<\/p>\n<p><a href=\"https:\/\/www.youtube.com\/watch?v=SRd8Rqcepq0\"><span style=\"color: #1ebf1b;\">COMO SOLICITAR BILHETE (BUSP)?\u00a0<\/span><\/a><\/p>\n<div id=\"attachment_219\" style=\"width: 1327px\" class=\"wp-caption aligncenter\"><img decoding=\"async\" aria-describedby=\"caption-attachment-219\" class=\"wp-image-219 size-full\" src=\"https:\/\/sites.usp.br\/srcbiomedicina\/wp-content\/uploads\/sites\/1570\/2024\/12\/Captura-de-tela-2024-12-19-162517.png\" alt=\"Tutorial &quot;Como Solicitar BUSP&quot;\" width=\"1317\" height=\"617\" srcset=\"https:\/\/sites.usp.br\/srcbiomedicina\/wp-content\/uploads\/sites\/1570\/2024\/12\/Captura-de-tela-2024-12-19-162517.png 1317w, https:\/\/sites.usp.br\/srcbiomedicina\/wp-content\/uploads\/sites\/1570\/2024\/12\/Captura-de-tela-2024-12-19-162517-300x141.png 300w, https:\/\/sites.usp.br\/srcbiomedicina\/wp-content\/uploads\/sites\/1570\/2024\/12\/Captura-de-tela-2024-12-19-162517-1024x480.png 1024w, https:\/\/sites.usp.br\/srcbiomedicina\/wp-content\/uploads\/sites\/1570\/2024\/12\/Captura-de-tela-2024-12-19-162517-768x360.png 768w\" sizes=\"(max-width: 1317px) 100vw, 1317px\" \/><p id=\"caption-attachment-219\" class=\"wp-caption-text\">Tutorial &#8220;Como Solicitar BUSP&#8221;<\/p><\/div>\n<hr \/>\n<p>&nbsp;<\/p>\n<\/div>\n","protected":false},"excerpt":{"rendered":"<p>J\u00fapiterWeb Site usado pelos alunos da USP para realizar matr\u00edcula, se inscrever em disciplinas (a partir do segundo semestre), solicitar cart\u00e3o USP e BUSP, acompanhar benef\u00edcios como bolsas e aux\u00edlios, e muito mais! ACESSE AQUI Solicita\u00e7\u00e3o Cart\u00e3o USP O Cart\u00e3o USP \u00e9 a sua identifica\u00e7\u00e3o oficial como estudante da Universidade de S\u00e3o Paulo e \u00e9<a href=\"https:\/\/sites.usp.br\/srcbiomedicina\/jupiterweb\/\">[&#8230;]<\/a><\/p>\n","protected":false},"author":22540,"featured_media":0,"parent":0,"menu_order":0,"comment_status":"closed","ping_status":"closed","template":"template-fullwidth-no-title.php","meta":{"footnotes":"","_links_to":"","_links_to_target":""},"class_list":["post-46","page","type-page","status-publish","hentry"],"_links":{"self":[{"href":"https:\/\/sites.usp.br\/srcbiomedicina\/wp-json\/wp\/v2\/pages\/46","targetHints":{"allow":["GET"]}}],"collection":[{"href":"https:\/\/sites.usp.br\/srcbiomedicina\/wp-json\/wp\/v2\/pages"}],"about":[{"href":"https:\/\/sites.usp.br\/srcbiomedicina\/wp-json\/wp\/v2\/types\/page"}],"author":[{"embeddable":true,"href":"https:\/\/sites.usp.br\/srcbiomedicina\/wp-json\/wp\/v2\/users\/22540"}],"replies":[{"embeddable":true,"href":"https:\/\/sites.usp.br\/srcbiomedicina\/wp-json\/wp\/v2\/comments?post=46"}],"version-history":[{"count":4,"href":"https:\/\/sites.usp.br\/srcbiomedicina\/wp-json\/wp\/v2\/pages\/46\/revisions"}],"predecessor-version":[{"id":256,"href":"https:\/\/sites.usp.br\/srcbiomedicina\/wp-json\/wp\/v2\/pages\/46\/revisions\/256"}],"wp:attachment":[{"href":"https:\/\/sites.usp.br\/srcbiomedicina\/wp-json\/wp\/v2\/media?parent=46"}],"curies":[{"name":"wp","href":"https:\/\/api.w.org\/{rel}","templated":true}]}}